{"id":10003,"date":"2023-04-10T18:41:18","date_gmt":"2023-04-10T18:41:18","guid":{"rendered":"https:\/\/www.hometrust.ca\/?page_id=10003"},"modified":"2024-09-05T21:15:43","modified_gmt":"2024-09-05T21:15:43","slug":"nous-voyons-une-histoire","status":"publish","type":"page","link":"https:\/\/www.hometrust.ca\/fr-ca\/nous-voyons-une-histoire\/","title":{"rendered":"Nous voyons une histoire"},"content":{"rendered":"<p>[vc_row full_width=&#8221;stretch_row&#8221; full_height=&#8221;yes&#8221; content_placement=&#8221;middle&#8221; video_bg=&#8221;yes&#8221; video_bg_url=&#8221;https:\/\/www.youtube.com\/watch?v=ahWSnU0-lPA&#8221; css=&#8221;.vc_custom_1681327431032{padding-top: 200px !important;padding-bottom: 230px !important;background-image: url(\/wp-content\/uploads\/2023\/03\/Mobile-header-01.png?id=11357) !important;}&#8221; el_class=&#8221;video-bg&#8221;][vc_column css=&#8221;.vc_custom_1513003956648{padding-top: 0px !important;}&#8221;][vc_row_inner][vc_column_inner width=&#8221;1\/4&#8243; css=&#8221;.vc_custom_1513004658055{padding-top: 50px !important;padding-left: 0px !important;}&#8221;][\/vc_column_inner][vc_column_inner width=&#8221;6\/12&#8243; css=&#8221;.vc_custom_1513008591637{padding-right: 0px !important;padding-left: 0px !important;}&#8221;][\/vc_column_inner][vc_column_inner width=&#8221;1\/4&#8243;][\/vc_column_inner][\/vc_row_inner][\/vc_column][\/vc_row][vc_row full_width=&#8221;stretch_row&#8221; parallax=&#8221;content-moving&#8221; css=&#8221;.vc_custom_1681330223820{padding-top: 150px !important;padding-bottom: 100px !important;background-color: #003767 !important;}&#8221; el_id=&#8221;my-bg&#8221;][vc_column css=&#8221;.vc_custom_1516106070544{padding-right: 0px !important;padding-left: 0px !important;}&#8221;][vc_column_text]<\/p>\n<p id=\"header-text\" style=\"text-align: left; color: white; font-size: 56px; font-weight: bold; line-height: 60px;\">Certains voient une hypoth\u00e8que,<br \/>\nnous voyons une histoire.<\/p>\n<p>[\/vc_column_text][\/vc_column][\/vc_row][vc_row full_width=&#8221;stretch_row&#8221; parallax=&#8221;content-moving&#8221; css=&#8221;.vc_custom_1513700438128{padding-top: 100px !important;padding-bottom: 100px !important;}&#8221;][vc_column css=&#8221;.vc_custom_1516106070544{padding-right: 0px !important;padding-left: 0px !important;}&#8221;][vc_row_inner css=&#8221;.vc_custom_1516104208262{padding-bottom: 40px !important;}&#8221;][vc_column_inner width=&#8221;1\/4&#8243;][\/vc_column_inner][vc_column_inner width=&#8221;1\/2&#8243;]<header class=\"kd-section-title col-lg-12 text-center    \" ><h2 class=\"separator_off\" style=\"color: #004677;\">Une maison repr\u00e9sente plus que quatre murs et un toit.<\/h2><\/header>[vc_empty_space height=&#8221;25px&#8221;][vc_column_text]<\/p>\n<h6 style=\"text-align: center;\">C&#8217;est un endroit qui conserve les souvenirs pr\u00e9cieux et les moments inoubliables de votre client.<\/h6>\n<p>[\/vc_column_text][\/vc_column_inner][vc_column_inner width=&#8221;1\/4&#8243;][\/vc_column_inner][\/vc_row_inner][vc_row_inner][vc_column_inner width=&#8221;1\/2&#8243; css=&#8221;.vc_custom_1516029474154{padding-right: 0px !important;padding-left: 0px !important;}&#8221;]\n                <div class=\"key-reviews single-review-box  \"  ><div class=\"rw_img_wrapper\">\n                          <div class=\"rw-authorimg\"><img width=\"230\" height=\"400\" src=\"\/wp-content\/uploads\/2023\/04\/chasing-dreams.png\" class=\"attachment-full\" alt=\"\" loading=\"lazy\" srcset=\"\/wp-content\/uploads\/2023\/04\/chasing-dreams.png 230w, \/wp-content\/uploads\/2023\/04\/chasing-dreams-173x300.png 173w\" sizes=\"(max-width: 230px) 100vw, 230px\" \/><\/div>\n                      <\/div><div class=\"rw-author-details\">\n                      <h5 style=\"color: #004677;\">POURCHASSER SES R\u00caVES<\/h5>\n                      <p ><\/p>\n                    <\/div><div class=\"rw_message\" >C'est \u00e0 la maison que Manjit se pr\u00e9pare \u00e0 relancer sa carri\u00e8re au Canada. Et parce que nous avons \u00e9cout\u00e9 son histoire, il est pr\u00eat pour la prochaine \u00e9tape de son parcours.<\/div><div class=\"rw-link\"><a href=\"\/fr-ca\/nous-voyons-une-histoire\/nous-voyons-une-histoire-histoires#pourchassersesreves\" target=\"_self\" style=\"color: #004677;\">Lire son histoire<\/a><\/div><\/div>[\/vc_column_inner][vc_column_inner width=&#8221;1\/2&#8243; css=&#8221;.vc_custom_1516029479458{padding-right: 0px !important;padding-left: 0px !important;}&#8221;]\n                <div class=\"key-reviews single-review-box  \"  ><div class=\"rw_img_wrapper\">\n                          <div class=\"rw-authorimg\"><img width=\"230\" height=\"400\" src=\"\/wp-content\/uploads\/2023\/04\/enjoying-life-1.png\" class=\"attachment-full\" alt=\"\" loading=\"lazy\" srcset=\"\/wp-content\/uploads\/2023\/04\/enjoying-life-1.png 230w, \/wp-content\/uploads\/2023\/04\/enjoying-life-1-173x300.png 173w\" sizes=\"(max-width: 230px) 100vw, 230px\" \/><\/div>\n                      <\/div><div class=\"rw-author-details\">\n                      <h5 style=\"color: #004677;\">PROFITER DE LA VIE<\/h5>\n                      <p ><\/p>\n                    <\/div><div class=\"rw_message\" >C'est \u00e0 la maison que Phil et Julie c\u00e9l\u00e8brent les \u00e9tapes importantes avec leur famille. Et parce que nous avons \u00e9cout\u00e9 leur histoire, ils sont pr\u00eats pour le prochain chapitre.<\/div><div class=\"rw-link\"><a href=\"\/fr-ca\/nous-voyons-une-histoire\/nous-voyons-une-histoire-histoires#profiterdelavie\" target=\"_self\" style=\"color: #004677;\">Lire leur histoire<\/a><\/div><\/div>[\/vc_column_inner][\/vc_row_inner][vc_row_inner][vc_column_inner width=&#8221;1\/2&#8243; css=&#8221;.vc_custom_1516029474154{padding-right: 0px !important;padding-left: 0px !important;}&#8221;]\n                <div class=\"key-reviews single-review-box  \"  ><div class=\"rw_img_wrapper\">\n                          <div class=\"rw-authorimg\"><img width=\"230\" height=\"400\" src=\"\/wp-content\/uploads\/2023\/05\/establishing-roots.png\" class=\"attachment-full\" alt=\"\" loading=\"lazy\" srcset=\"\/wp-content\/uploads\/2023\/05\/establishing-roots.png 230w, \/wp-content\/uploads\/2023\/05\/establishing-roots-173x300.png 173w\" sizes=\"(max-width: 230px) 100vw, 230px\" \/><\/div>\n                      <\/div><div class=\"rw-author-details\">\n                      <h5 style=\"color: #004677;\">\u00c9TABLIR LES RACINES<\/h5>\n                      <p ><\/p>\n                    <\/div><div class=\"rw_message\" >La maison est un endroit o\u00f9 Claire peut se d\u00e9tendre apr\u00e8s une longue journ\u00e9e au bureau. Comme nous avons \u00e9cout\u00e9 son histoire, elle a r\u00e9ussi \u00e0 trouver un chez-soi.<\/div><div class=\"rw-link\"><a href=\"\/fr-ca\/nous-voyons-une-histoire\/nous-voyons-une-histoire-histoires#etablirlesracines\" target=\"_self\" style=\"color: #004677;\">Lire son histoire<\/a><\/div><\/div>[\/vc_column_inner][vc_column_inner width=&#8221;1\/2&#8243; css=&#8221;.vc_custom_1701455219248{padding-right: 0px !important;padding-left: 0px !important;}&#8221;]\n                <div class=\"key-reviews single-review-box  \"  ><div class=\"rw_img_wrapper\">\n                          <div class=\"rw-authorimg\"><img width=\"230\" height=\"400\" src=\"\/wp-content\/uploads\/2023\/12\/expanding-options.png\" class=\"attachment-full\" alt=\"\" loading=\"lazy\" srcset=\"\/wp-content\/uploads\/2023\/12\/expanding-options.png 230w, \/wp-content\/uploads\/2023\/12\/expanding-options-173x300.png 173w\" sizes=\"(max-width: 230px) 100vw, 230px\" \/><\/div>\n                      <\/div><div class=\"rw-author-details\">\n                      <h5 style=\"color: #004677;\">\u00c9LARGISSEMENT DES OPTIONS<\/h5>\n                      <p ><\/p>\n                    <\/div><div class=\"rw_message\" >La maison est un endroit que Victor peut utiliser pour rationaliser ses obligations de paiement. Et parce que nous avons \u00e9cout\u00e9 son histoire, il est pr\u00eat \u00e0 grandir.<\/div><div class=\"rw-link\"><a href=\"\/fr-ca\/nous-voyons-une-histoire\/nous-voyons-une-histoire-histoires#elargissementdesoptions\" target=\"_self\" style=\"color: #004677;\">Lire son histoire<\/a><\/div><\/div>[\/vc_column_inner][\/vc_row_inner][\/vc_column][\/vc_row][vc_row full_width=&#8221;stretch_row&#8221; css=&#8221;.vc_custom_1678468546937{background-color: #981d97 !important;}&#8221;][vc_column css=&#8221;.vc_custom_1515687313019{padding-right: 0px !important;padding-left: 0px !important;}&#8221;][vc_row_inner css=&#8221;.vc_custom_1725570929016{padding-top: 100px !important;padding-bottom: 70px !important;}&#8221; el_class=&#8221;padd&#8221;][vc_column_inner width=&#8221;1\/3&#8243;]<div class=\"cb-container\" style=\"background-color: #fff;\" ><a href=\"https:\/\/www.hometrust.ca\/marketing\/documents\/Mortgages\/ClassicMortgageSolutionsPackageJune2021French.pdf\" target=\" _blank\" title=\"\"><div class=\"cb-img-area\"><i class=\"iconsmind-Check fa\" style=\" color: #004677;\"><\/i> <\/div><div class=\"cb-text-area\">\n                    <h4 class=\"cb-heading \" >La solution Classique<\/h4><p >Notre produit hypoth\u00e9caire alternatif est id\u00e9al pour les propri\u00e9taires qui ne satisfont pas aux crit\u00e8res de pr\u00eat hypoth\u00e9caire typiques ou pour qui ses crit\u00e8res ne s\u2019appliquent pas.<\/p><\/div><\/a><\/div>[\/vc_column_inner][vc_column_inner el_class=&#8221;prcnt100&#8243; width=&#8221;1\/3&#8243;]<div class=\"cb-container\" style=\"background-color: #fff;\" ><a href=\"\/fr-ca\/blog\/les-trois-principaux-avantages-a-faire-affaire-avec-un-courtier-hypothecaire\/\" target=\" _blank\" title=\"\"><div class=\"cb-img-area\"><i class=\"iconsmind-Checked-User fa\" style=\" color: #004677;\"><\/i> <\/div><div class=\"cb-text-area\">\n                    <h4 class=\"cb-heading \" >Les principaux avantages \u00e0 faire affaire avec un courtier hypoth\u00e9caire<\/h4><p >Voici comment les courtiers hypoth\u00e9caires peuvent vous aider m\u00eame si vous n\u2019\u00eates pas admissible \u00e0 un pr\u00eat de votre banque.<\/p><\/div><\/a><\/div>[\/vc_column_inner][vc_column_inner el_class=&#8221;prcnt100&#8243; width=&#8221;1\/3&#8243;]<div class=\"cb-container\" style=\"background-color: #fff;\" ><a href=\"\/wp-content\/uploads\/2023\/04\/NewcomersGuide-FR.pdf\" target=\" _blank\" title=\"\"><div class=\"cb-img-area\"><i class=\"iconsmind-Canada fa\" style=\" color: #981d97;\"><\/i> <\/div><div class=\"cb-text-area\">\n                    <h4 class=\"cb-heading \" >Guide d\u2019achat d\u2019habitation pour les nouveaux arrivants au Canada<\/h4><p >Ce guide contient des renseignements \u00e0 l'intention des nouveaux arrivants qui se pr\u00e9parent \u00e0 devenir propri\u00e9taires.<\/p><\/div><\/a><\/div>[\/vc_column_inner][\/vc_row_inner][\/vc_column][\/vc_row][vc_row full_width=&#8221;stretch_row&#8221; css=&#8221;.vc_custom_1679497542402{background: #981d97 url(\/wp-content\/uploads\/2023\/04\/product-bg2.png?id=11272) !important;}&#8221;][vc_column][vc_row_inner css=&#8221;.vc_custom_1511348417220{padding-top: 100px !important;padding-bottom: 100px !important;}&#8221;][vc_column_inner width=&#8221;1\/2&#8243;]<header class=\"kd-section-title col-lg-12 text-center    \" ><h2 class=\"separator_off\" style=\"color: #004677;\">Vous \u00eates pr\u00eat \u00e0 collaborer avec Home Trust?<\/h2><\/header>[vc_empty_space height=&#8221;10px&#8221;]<a  href=\"\/fr-ca\/brokerlogin\/\"  target=\" _blank\"  title=\"\" class=\"tt_button  btn_secondary_color  button-center  \" ><span class=\"prim_text\">Connexion des courtiers<\/span><span class=\" iconita\"><\/span><\/a>[vc_empty_space height=&#8221;10px&#8221;][\/vc_column_inner][\/vc_row_inner][\/vc_column][\/vc_row][vc_row][vc_column][vc_raw_js]JTNDc2NyaXB0JTNFJTIwJTBBZG9jdW1lbnQucXVlcnlTZWxlY3RvckFsbCUyOCUyNy5jYi1jb250YWluZXIlMjBhJTI3JTI5LmZvckVhY2glMjhhJTNEJTNFJTdCJTBBJTA5bGV0JTIwaHJlZiUyMCUzRCUyMGEuZ2V0QXR0cmlidXRlJTI4JTI3aHJlZiUyNyUyOSUzQiUwQSUwOWlmJTI4aHJlZi50b0xvd2VyQ2FzZSUyOCUyOS5pbmNsdWRlcyUyOCUyNy5wZGYlMjclMjklMjklN0IlMEElMDklMDlsZXQlMjBkb2NOYW1lJTIwJTNEJTIwaHJlZi5zdWJzdHJpbmclMjhocmVmLmluZGV4T2YlMjglMjJob21ldHJ1c3QuY2ElMjIlMjklMkIxMiUyOSUzQiUwQSUwOSUwOWEub25jbGljayUyMCUzRCUyMGZ1bmN0aW9uJTI4JTI5JTdCJTBBJTA5JTA5JTA5X2dhcS5wdXNoJTI4JTVCJTI3X3RyYWNrRXZlbnQlMjclMkMlMjAlMjdQREYlMjclMkMlMjAlMjdEb3dubG9hZCUyNyUyQyUyMGRvY05hbWUlNUQlMjklM0IlMDklMDklMDklMEElMDklMDklN0QlM0IlMEElMDklN0QlMEElN0QlMjklM0IlMEElMjAlM0MlMkZzY3JpcHQlM0U=[\/vc_raw_js][\/vc_column][\/vc_row]<\/p>\n","protected":false},"excerpt":{"rendered":"<p>[vc_row full_width=&#8221;stretch_row&#8221; full_height=&#8221;yes&#8221; content_placement=&#8221;middle&#8221; video_bg=&#8221;yes&#8221; video_bg_url=&#8221;https:\/\/www.youtube.com\/watch?v=ahWSnU0-lPA&#8221; css=&#8221;.vc_custom_1681327431032{padding-top: 200px !important;padding-bottom: 230px !important;background-image: url(\/wp-content\/uploads\/2023\/03\/Mobile-header-01.png?id=11357) !important;}&#8221; el_class=&#8221;video-bg&#8221;][vc_column css=&#8221;.vc_custom_1513003956648{padding-top: 0px !important;}&#8221;][vc_row_inner][vc_column_inner width=&#8221;1\/4&#8243; css=&#8221;.vc_custom_1513004658055{padding-top: 50px !important;padding-left: 0px !important;}&#8221;][\/vc_column_inner][vc_column_inner width=&#8221;6\/12&#8243; css=&#8221;.vc_custom_1513008591637{padding-right: 0px !important;padding-left: [&hellip;]<\/p>\n","protected":false},"author":23,"featured_media":0,"parent":0,"menu_order":0,"comment_status":"closed","ping_status":"closed","template":"","meta":[],"yoast_head":"<!-- This site is optimized with the Yoast SEO Premium plugin v16.6 (Yoast SEO v16.6.1) - https:\/\/yoast.com\/wordpress\/plugins\/seo\/ -->\r\n<title>Nous voyons une histoire - Home Trust<\/title>\r\n<meta name=\"robots\" content=\"index, follow, max-snippet:-1, max-image-preview:large, max-video-preview:-1\" \/>\r\n<link rel=\"canonical\" href=\"https:\/\/www.hometrust.ca\/nous-voyons-une-histoire\/\" \/>\r\n<meta property=\"og:locale\" content=\"en_US\" \/>\r\n<meta property=\"og:type\" content=\"article\" \/>\r\n<meta property=\"og:title\" content=\"Nous voyons une histoire\" \/>\r\n<meta property=\"og:description\" content=\"[vc_row full_width=&#8221;stretch_row&#8221; full_height=&#8221;yes&#8221; content_placement=&#8221;middle&#8221; video_bg=&#8221;yes&#8221; video_bg_url=&#8221;https:\/\/www.youtube.com\/watch?v=ahWSnU0-lPA&#8221; css=&#8221;.vc_custom_1681327431032{padding-top: 200px !important;padding-bottom: 230px !important;background-image: url(\/wp-content\/uploads\/2023\/03\/Mobile-header-01.png?id=11357) !important;}&#8221; el_class=&#8221;video-bg&#8221;][vc_column css=&#8221;.vc_custom_1513003956648{padding-top: 0px !important;}&#8221;][vc_row_inner][vc_column_inner width=&#8221;1\/4&#8243; css=&#8221;.vc_custom_1513004658055{padding-top: 50px !important;padding-left: 0px !important;}&#8221;][\/vc_column_inner][vc_column_inner width=&#8221;6\/12&#8243; css=&#8221;.vc_custom_1513008591637{padding-right: 0px !important;padding-left: [&hellip;]\" \/>\r\n<meta property=\"og:url\" content=\"https:\/\/www.hometrust.ca\/fr-ca\/nous-voyons-une-histoire\/\" \/>\r\n<meta property=\"og:site_name\" content=\"Home Trust\" \/>\r\n<meta property=\"article:modified_time\" content=\"2024-09-05T21:15:43+00:00\" \/>\r\n<meta name=\"twitter:card\" content=\"summary_large_image\" \/>\r\n<meta name=\"twitter:label1\" content=\"Est. reading time\" \/>\n\t<meta name=\"twitter:data1\" content=\"3 minutes\" \/>\r\n<script type=\"application\/ld+json\" class=\"yoast-schema-graph\">{\"@context\":\"https:\/\/schema.org\",\"@graph\":[{\"@type\":\"WebSite\",\"@id\":\"https:\/\/hometrust.ca\/#website\",\"url\":\"https:\/\/hometrust.ca\/\",\"name\":\"Home Trust\",\"description\":\"\",\"potentialAction\":[{\"@type\":\"SearchAction\",\"target\":{\"@type\":\"EntryPoint\",\"urlTemplate\":\"https:\/\/hometrust.ca\/?s={search_term_string}\"},\"query-input\":\"required name=search_term_string\"}],\"inLanguage\":\"en-US\"},{\"@type\":\"WebPage\",\"@id\":\"https:\/\/www.hometrust.ca\/fr-ca\/nous-voyons-une-histoire\/#webpage\",\"url\":\"https:\/\/www.hometrust.ca\/fr-ca\/nous-voyons-une-histoire\/\",\"name\":\"Nous voyons une histoire - Home Trust\",\"isPartOf\":{\"@id\":\"https:\/\/hometrust.ca\/#website\"},\"datePublished\":\"2023-04-10T18:41:18+00:00\",\"dateModified\":\"2024-09-05T21:15:43+00:00\",\"breadcrumb\":{\"@id\":\"https:\/\/www.hometrust.ca\/fr-ca\/nous-voyons-une-histoire\/#breadcrumb\"},\"inLanguage\":\"en-US\",\"potentialAction\":[{\"@type\":\"ReadAction\",\"target\":[\"https:\/\/www.hometrust.ca\/fr-ca\/nous-voyons-une-histoire\/\"]}]},{\"@type\":\"BreadcrumbList\",\"@id\":\"https:\/\/www.hometrust.ca\/fr-ca\/nous-voyons-une-histoire\/#breadcrumb\",\"itemListElement\":[{\"@type\":\"ListItem\",\"position\":1,\"name\":\"Home\",\"item\":\"https:\/\/www.hometrust.ca\/\"},{\"@type\":\"ListItem\",\"position\":2,\"name\":\"Nous voyons une histoire\"}]}]}<\/script>\r\n<!-- \/ Yoast SEO Premium plugin. -->","_links":{"self":[{"href":"https:\/\/www.hometrust.ca\/fr-ca\/wp-json\/wp\/v2\/pages\/10003\/"}],"collection":[{"href":"https:\/\/www.hometrust.ca\/fr-ca\/wp-json\/wp\/v2\/pages\/"}],"about":[{"href":"https:\/\/www.hometrust.ca\/fr-ca\/wp-json\/wp\/v2\/types\/page\/"}],"author":[{"embeddable":true,"href":"https:\/\/www.hometrust.ca\/fr-ca\/wp-json\/wp\/v2\/users\/23\/"}],"replies":[{"embeddable":true,"href":"https:\/\/www.hometrust.ca\/fr-ca\/wp-json\/wp\/v2\/comments\/?post=10003"}],"version-history":[{"count":18,"href":"https:\/\/www.hometrust.ca\/fr-ca\/wp-json\/wp\/v2\/pages\/10003\/revisions\/"}],"predecessor-version":[{"id":10985,"href":"https:\/\/www.hometrust.ca\/fr-ca\/wp-json\/wp\/v2\/pages\/10003\/revisions\/10985\/"}],"wp:attachment":[{"href":"https:\/\/www.hometrust.ca\/fr-ca\/wp-json\/wp\/v2\/media\/?parent=10003"}],"curies":[{"name":"wp","href":"https:\/\/api.w.org\/{rel}","templated":true}]}}