{"id":10007,"date":"2023-04-10T18:45:50","date_gmt":"2023-04-10T18:45:50","guid":{"rendered":"https:\/\/www.hometrust.ca\/?page_id=10007"},"modified":"2023-12-01T18:34:01","modified_gmt":"2023-12-01T18:34:01","slug":"nous-voyons-une-histoire-histoires","status":"publish","type":"page","link":"https:\/\/www.hometrust.ca\/fr-ca\/nous-voyons-une-histoire\/nous-voyons-une-histoire-histoires\/","title":{"rendered":"Nous voyons une histoire &#8211; histoires"},"content":{"rendered":"<p>[vc_row full_width=&#8221;stretch_row&#8221; content_placement=&#8221;middle&#8221; css=&#8221;.vc_custom_1681330765278{background-color: #003767 !important;background-position: center !important;background-repeat: no-repeat !important;background-size: contain !important;}&#8221; el_id=&#8221;top-header-bg&#8221;][vc_column css=&#8221;.vc_custom_1513003956648{padding-top: 0px !important;}&#8221;][vc_row_inner][vc_column_inner css=&#8221;.vc_custom_1513008591637{padding-right: 0px !important;padding-left: 0px !important;}&#8221;][vc_column_text]<\/p>\n<p id=\"header-text\" style=\"text-align: left; color: white; font-size: 56px; font-weight: bold; line-height: 60px;\">Certains voient une hypoth\u00e8que,<br \/>\nnous voyons une histoire.<\/p>\n<p>[\/vc_column_text][\/vc_column_inner][\/vc_row_inner][\/vc_column][\/vc_row][vc_row css=&#8221;.vc_custom_1680599584043{margin-top: 40px !important;margin-bottom: 40px !important;}&#8221; el_id=&#8221;pourchassersesreves&#8221; el_class=&#8221;article-post&#8221;][vc_column width=&#8221;1\/4&#8243;][vc_single_image image=&#8221;9998&#8243; img_size=&#8221;medium&#8221; alignment=&#8221;center&#8221; style=&#8221;vc_box_rounded&#8221; css=&#8221;.vc_custom_1701455577185{margin-bottom: 20px !important;}&#8221; el_class=&#8221;mb-20&#8243;]<header class=\"kd-section-title col-lg-12 text-left     vc_custom_1680542377507\" ><h2 class=\"separator_off\" >Pourchasser ses r\u00eaves.<\/h2><\/header>[\/vc_column][vc_column width=&#8221;3\/4&#8243;][vc_column_text]<\/p>\n<h3>Manjit*, un ing\u00e9nieur d\u2019Asie du Sud<\/h3>\n<p>Chaque ann\u00e9e, des milliers de nouveaux arrivants font leurs premiers pas pour s\u2019installer au Canada et beaucoup d\u2019entre eux r\u00eavent d\u2019acheter leur premi\u00e8re maison dans leurs nouvelles communaut\u00e9s.<\/p>\n<p>C\u2019est le cas de Manjit, un r\u00e9sident permanent en Alberta. Ing\u00e9nieur originaire d\u2019Asie du Sud, il avait vendu sa propri\u00e9t\u00e9 dans son pays d\u2019origine avant de d\u00e9m\u00e9nager au Canada avec l\u2019intention d\u2019utiliser les profits de la vente comme acompte sur une maison \u00e0 Calgary.<\/p>\n<p>Cependant, Manjit a d\u00e9couvert que l\u2019obtention d\u2019un pr\u00eat hypoth\u00e9caire aupr\u00e8s d\u2019un pr\u00eateur traditionnel \u00e9tait plus difficile qu\u2019il ne l\u2019avait pr\u00e9vu. Puisqu\u2019il n\u2019a \u00e9t\u00e9 embauch\u00e9 que r\u00e9cemment comme travailleur d\u2019entrep\u00f4t, sans ant\u00e9c\u00e9dents de cr\u00e9dit au Canada et avec un ratio dette\/revenu \u00e9tendu, les pr\u00eateurs traditionnels n\u2019ont pas pu lui offrir une solution hypoth\u00e9caire. Compte tenu de ces circonstances, Manjit a d\u00e9cid\u00e9 d\u2019opter pour un pr\u00eat hypoth\u00e9caire d\u2019un pr\u00eateur priv\u00e9, qui avait des frais d\u2019engagement \u00e9lev\u00e9s et des int\u00e9r\u00eats plus \u00e9lev\u00e9s qu\u2019un pr\u00eateur hypoth\u00e9caire traditionnel.<\/p>\n<p>Au moment o\u00f9 son pr\u00eat hypoth\u00e9caire priv\u00e9 devait \u00eatre renouvel\u00e9 un an plus tard, Manjit avait pris des mesures importantes pour am\u00e9liorer sa situation. Il a \u00e9t\u00e9 en mesure d\u2019augmenter sa cote de cr\u00e9dit et, bien que son ratio d\u2019endettement soit encore \u00e9tendu, il a partag\u00e9 avec son courtier hypoth\u00e9caire qu\u2019il suivait des cours d\u2019ing\u00e9nierie suppl\u00e9mentaires de soir afin de relancer sa carri\u00e8re d\u2019ing\u00e9nieur au Canada et d\u2019am\u00e9liorer son revenu. Son courtier hypoth\u00e9caire \u00e9tait pr\u00eat \u00e0 l\u2019\u00e9couter et a fait part de son histoire financi\u00e8re unique \u00e0 Home Trust.<\/p>\n<p>Home Trust a \u00e9t\u00e9 en mesure d\u2019offrir \u00e0 Manjit une solution de pr\u00eat hypoth\u00e9caire Classique combin\u00e9e qui lui a permis d\u2019am\u00e9liorer sa situation financi\u00e8re. Car si certains ont vu une demande de pr\u00eat hypoth\u00e9caire, nous, nous avons vu son histoire.<\/p>\n<p><em>* Bas\u00e9 sur de vrais r\u00e9cits de clients, mais les d\u00e9tails ont \u00e9t\u00e9 modifi\u00e9s pour prot\u00e9ger l\u2019identit\u00e9 du client.<\/em>[\/vc_column_text][\/vc_column][\/vc_row][vc_row css=&#8221;.vc_custom_1680599593652{margin-top: 40px !important;margin-bottom: 40px !important;}&#8221; el_id=&#8221;profiterdelavie&#8221; el_class=&#8221;article-post&#8221;][vc_column width=&#8221;1\/4&#8243;][vc_single_image image=&#8221;10000&#8243; img_size=&#8221;medium&#8221; alignment=&#8221;center&#8221; style=&#8221;vc_box_rounded&#8221; css=&#8221;.vc_custom_1701455588424{margin-bottom: 20px !important;}&#8221; el_class=&#8221;mb-20&#8243;]<header class=\"kd-section-title col-lg-12 text-left     vc_custom_1680542391466\" ><h2 class=\"separator_off\" >Profiter de la vie.<\/h2><\/header>[\/vc_column][vc_column width=&#8221;3\/4&#8243;][vc_column_text]<\/p>\n<h3><span lang=\"FR-CA\">Phil et Julie*, un couple \u00e0 la retraite \u00e0 Kitchener, en Ontario<\/span><\/h3>\n<p>L\u2019accession \u00e0 la propri\u00e9t\u00e9 peut \u00eatre un parcours sem\u00e9 d\u2019emb\u00fbches. Bien que cela puisse inclure un nouvel achat, cela peut \u00e9galement signifier choisir le bon pr\u00eateur en fonction de votre situation financi\u00e8re.<\/p>\n<p>Phil et Julie sont des retrait\u00e9s qui gagnent une rente et qui poss\u00e8dent leur maison \u00e0 Kitchener, en Ontario, depuis plus de 15\u00a0ans. Il y a cinq ans, ils ont renouvel\u00e9 leur pr\u00eat hypoth\u00e9caire aupr\u00e8s d\u2019un pr\u00eateur priv\u00e9, qui avait un taux d\u2019int\u00e9r\u00eat plus \u00e9lev\u00e9 qu\u2019un pr\u00eateur hypoth\u00e9caire traditionnel. En fin de compte, le co\u00fbt de leurs remboursements mensuels de la dette est devenu insoutenable et ils ont \u00e9t\u00e9 forc\u00e9s de maximiser plusieurs lignes de cr\u00e9dit pour rembourser leur dette. \u00c0 ce stade, ils s\u2019inqui\u00e9taient de leur situation financi\u00e8re et ne comprenaient pas comment le fait d\u2019avoir un revenu fixe pouvait leur permettre de faire affaire avec d\u2019autres pr\u00eateurs.<\/p>\n<p>Heureusement, leur fils a constat\u00e9 leur d\u00e9tresse et leur a recommand\u00e9 un courtier hypoth\u00e9caire qui \u00e9tait pr\u00eat \u00e0 les \u00e9couter. Apr\u00e8s qu\u2019ils aient \u00e9t\u00e9 refus\u00e9s par la plupart des pr\u00eateurs, le courtier a fait part de leur histoire financi\u00e8re unique \u00e0 Home Trust.<\/p>\n<p>Home Trust a \u00e9t\u00e9 en mesure de refinancer le pr\u00eat avec un pr\u00eat hypoth\u00e9caire Classique pour qu\u2019ils puissent payer leur pr\u00eat hypoth\u00e9caire priv\u00e9 et toutes les lignes de cr\u00e9dit, r\u00e9duisant ainsi leur remboursement mensuel de la dette. Car si certains ont vu une hypoth\u00e8que, nous, nous avons vu leur histoire.<\/p>\n<p><em>* Bas\u00e9 sur de vrais r\u00e9cits de clients, mais les d\u00e9tails ont \u00e9t\u00e9 modifi\u00e9s pour prot\u00e9ger l\u2019identit\u00e9 du client.<\/em>[\/vc_column_text][\/vc_column][\/vc_row][vc_row css=&#8221;.vc_custom_1685470607514{margin-top: 40px !important;margin-bottom: 40px !important;}&#8221; el_id=&#8221;etablirlesracines&#8221; el_class=&#8221;article-post&#8221;][vc_column width=&#8221;1\/4&#8243;][vc_single_image image=&#8221;10175&#8243; img_size=&#8221;medium&#8221; alignment=&#8221;center&#8221; style=&#8221;vc_box_rounded&#8221; css=&#8221;.vc_custom_1701455599367{margin-bottom: 20px !important;}&#8221; el_class=&#8221;mb-20&#8243;]<header class=\"kd-section-title col-lg-12 text-left     vc_custom_1685470644623\" ><h2 class=\"separator_off\" >\u00c9tablir les racines<\/h2><\/header>[\/vc_column][vc_column width=&#8221;3\/4&#8243;][vc_column_text]<\/p>\n<h3><span lang=\"FR-CA\"><b>Claire*, analyste logiciel \u00e0 Mississauga<\/b><\/span><\/h3>\n<p>L\u2019entr\u00e9e sur le march\u00e9 du logement en tant qu\u2019acheteur d\u2019une premi\u00e8re maison est une exp\u00e9rience passionnante, mais elle peut aussi s\u2019av\u00e9rer accablante. Apr\u00e8s tout, l\u2019achat d\u2019une maison sera probablement l\u2019une des d\u00e9cisions financi\u00e8res les plus importantes que la plupart des gens auront \u00e0 prendre.<\/p>\n<p>Cela vaut \u00e9galement pour Claire, nouvellement dipl\u00f4m\u00e9e d\u2019une universit\u00e9 de la r\u00e9gion du Grand Toronto, qui a r\u00e9cemment commenc\u00e9 \u00e0 travailler en tant qu\u2019analyste logiciel dans une entreprise technologique internationale. Cherchant \u00e0 acheter une copropri\u00e9t\u00e9 nouvellement construite \u00e0 Mississauga, Claire a pu verser un acompte de 20\u00a0% en combinant les \u00e9conomies r\u00e9alis\u00e9es dans le cadre d\u2019un emploi \u00e0 temps partiel qu\u2019elle occupait en tant qu\u2019\u00e9tudiante et un don financier re\u00e7u de ses parents. Cependant, comme elle devait \u00e9galement commencer \u00e0 rembourser son pr\u00eat \u00e9tudiant, son ratio d\u2019amortissement total de la dette (ATD) \u00e9tait trop \u00e9lev\u00e9 et les pr\u00eateurs traditionnels n\u2019\u00e9taient pas en mesure de lui proposer une solution hypoth\u00e9caire.<\/p>\n<p>Heureusement, son courtier hypoth\u00e9caire a fait part de son histoire financi\u00e8re unique \u00e0 Home Trust. Apr\u00e8s avoir \u00e9cout\u00e9 son histoire, nous avons constat\u00e9 que, compte tenu de son acompte, de son revenu actuel ainsi que de son potentiel de revenus futurs, nous pouvions faire preuve de souplesse en ce qui concerne le ratio ATD de Claire et nous lui avons propos\u00e9 une solution Classique sur un an. Car si certains ont vu une demande de pr\u00eat hypoth\u00e9caire, nous, nous avons vu son histoire.<\/p>\n<p><em>* Bas\u00e9 sur de vrais r\u00e9cits de clients, mais les d\u00e9tails ont \u00e9t\u00e9 modifi\u00e9s pour prot\u00e9ger l\u2019identit\u00e9 du client.<\/em>[\/vc_column_text][\/vc_column][\/vc_row][vc_row css=&#8221;.vc_custom_1701455293933{margin-top: 40px !important;margin-bottom: 40px !important;}&#8221; el_id=&#8221;elargissementdesoptions&#8221; el_class=&#8221;article-post&#8221;][vc_column width=&#8221;1\/4&#8243;][vc_single_image image=&#8221;10629&#8243; img_size=&#8221;medium&#8221; alignment=&#8221;center&#8221; style=&#8221;vc_box_rounded&#8221; css=&#8221;.vc_custom_1701455608425{margin-bottom: 20px !important;}&#8221; el_class=&#8221;mb-20&#8243;]<header class=\"kd-section-title col-lg-12 text-left     vc_custom_1701455326369\" ><h2 class=\"separator_off\" >\u00c9largissement des options<\/h2><\/header>[\/vc_column][vc_column width=&#8221;3\/4&#8243;][vc_column_text]<\/p>\n<h3><span lang=\"FR-CA\"><b>Victor*, dentiste ind\u00e9pendant \u00e0 Richmond Hill, ON<\/b><\/span><\/h3>\n<p>De nombreux Canadiens trouvent que travailler en ind\u00e9pendant est un moyen gratifiant de gagner leur vie.\u00a0 Cependant, la nature variable de leur revenu signifie que la demande de financement peut \u00eatre plus difficile pour un emprunteur travailleur autonome que pour quelqu\u2019un qui gagne un salaire traditionnel.<\/p>\n<p>Cela est \u00e9galement vrai pour Victor, dentiste dans la r\u00e9gion du Grand\u00a0Toronto. Victor poss\u00e8de un cabinet de dentisterie prosp\u00e8re, une excellente cote de cr\u00e9dit, des fonds propres dans sa maison \u00e0 Richmond\u00a0Hill et un immeuble locatif \u00e0 Vaughn. En plus de l\u2019hypoth\u00e8que de premier rang sur sa maison, Victor a un pr\u00eat \u00e0 la construction qu\u2019il a contract\u00e9 pour construire son immeuble locatif, ainsi que des hypoth\u00e8ques de second rang tant sur sa maison que sur l\u2019immeuble locatif.<\/p>\n<p>Souhaitant rationaliser ses obligations de paiement, Victor a pris contact avec son courtier hypoth\u00e9caire pour discuter d\u2019un nouveau et seul pr\u00eat afin de r\u00e9gler le financement du pr\u00eat \u00e0 la construction et les deux hypoth\u00e8ques de second rang. Victor souhaitait \u00e9galement avoir acc\u00e8s aux fonds propres de sa propri\u00e9t\u00e9, d&#8217;un montant d&#8217;environ 350 000 dollars, pour l&#8217;am\u00e9nagement paysager et d&#8217;autres r\u00e9novations, ainsi que pour disposer d&#8217;options flexibles lui permettant d&#8217;investir dans son entreprise en fonction des besoins.<\/p>\n<p>Cependant, malgr\u00e9 les revenus \u00e9lev\u00e9s de Victor, ainsi que son portefeuille immobilier et d\u2019investissement consid\u00e9rable, il ne correspondait pas au profil d\u2019un emprunteur \u00ab\u00a0typique\u00a0\u00bb et, par cons\u00e9quent, il avait de la difficult\u00e9 \u00e0 obtenir un financement suppl\u00e9mentaire pour les am\u00e9liorations r\u00e9sidentielles. De plus, l\u2019octroi d\u2019un cr\u00e9dit suppl\u00e9mentaire porterait son ratio pr\u00eat-valeur (RPV) \u00e0 80\u00a0%, un montant qui n\u2019est g\u00e9n\u00e9ralement pas disponible aupr\u00e8s des banques.<\/p>\n<p>Heureusement, le courtier hypoth\u00e9caire de Victor a partag\u00e9 l\u2019histoire financi\u00e8re int\u00e9grale de ce dernier avec nous \u00e0 Home Trust.\u00a0 Apr\u00e8s avoir \u00e9cout\u00e9 le courtier nous raconter l\u2019histoire de Victor, nous avons \u00e9t\u00e9 en mesure d\u2019offrir quelques options convenables. L\u2019option que Victor a choisie, sur le conseil de son courtier, \u00e9tait une nouvelle hypoth\u00e8que de premier rang \u00e0 65\u00a0% du RPV et une carte Home Trust PropriOr pour porter son emprunt total \u00e0 80\u00a0% de la valeur de ses propri\u00e9t\u00e9s. Ceci, puisque si certains y ont vu une demande de pr\u00eat hypoth\u00e9caire, nous avons \u00e9cout\u00e9 l\u2019histoire de Victor.<\/p>\n<p><em>* Bas\u00e9 sur de vrais r\u00e9cits de clients, mais les d\u00e9tails ont \u00e9t\u00e9 modifi\u00e9s pour prot\u00e9ger l\u2019identit\u00e9 du client.<\/em>[\/vc_column_text][\/vc_column][\/vc_row]<\/p>\n","protected":false},"excerpt":{"rendered":"<p>[vc_row full_width=&#8221;stretch_row&#8221; content_placement=&#8221;middle&#8221; css=&#8221;.vc_custom_1681330765278{background-color: #003767 !important;background-position: center !important;background-repeat: no-repeat !important;background-size: contain !important;}&#8221; el_id=&#8221;top-header-bg&#8221;][vc_column css=&#8221;.vc_custom_1513003956648{padding-top: 0px !important;}&#8221;][vc_row_inner][vc_column_inner css=&#8221;.vc_custom_1513008591637{padding-right: 0px !important;padding-left: 0px !important;}&#8221;][vc_column_text] Certains voient une hypoth\u00e8que, nous voyons [&hellip;]<\/p>\n","protected":false},"author":23,"featured_media":0,"parent":10003,"menu_order":-1,"comment_status":"closed","ping_status":"closed","template":"","meta":[],"yoast_head":"<!-- This site is optimized with the Yoast SEO Premium plugin v16.6 (Yoast SEO v16.6.1) - https:\/\/yoast.com\/wordpress\/plugins\/seo\/ -->\r\n<title>Nous voyons une histoire - histoires - Home Trust<\/title>\r\n<meta name=\"robots\" content=\"index, follow, max-snippet:-1, max-image-preview:large, max-video-preview:-1\" \/>\r\n<link rel=\"canonical\" href=\"https:\/\/www.hometrust.ca\/nous-voyons-une-histoire\/nous-voyons-une-histoire-histoires\/\" \/>\r\n<meta property=\"og:locale\" content=\"en_US\" \/>\r\n<meta property=\"og:type\" content=\"article\" \/>\r\n<meta property=\"og:title\" content=\"Nous voyons une histoire - histoires\" \/>\r\n<meta property=\"og:description\" content=\"[vc_row full_width=&#8221;stretch_row&#8221; content_placement=&#8221;middle&#8221; css=&#8221;.vc_custom_1681330765278{background-color: #003767 !important;background-position: center !important;background-repeat: no-repeat !important;background-size: contain !important;}&#8221; el_id=&#8221;top-header-bg&#8221;][vc_column css=&#8221;.vc_custom_1513003956648{padding-top: 0px !important;}&#8221;][vc_row_inner][vc_column_inner css=&#8221;.vc_custom_1513008591637{padding-right: 0px !important;padding-left: 0px !important;}&#8221;][vc_column_text] Certains voient une hypoth\u00e8que, nous voyons [&hellip;]\" \/>\r\n<meta property=\"og:url\" content=\"https:\/\/www.hometrust.ca\/fr-ca\/nous-voyons-une-histoire\/nous-voyons-une-histoire-histoires\/\" \/>\r\n<meta property=\"og:site_name\" content=\"Home Trust\" \/>\r\n<meta property=\"article:modified_time\" content=\"2023-12-01T18:34:01+00:00\" \/>\r\n<meta name=\"twitter:card\" content=\"summary_large_image\" \/>\r\n<meta name=\"twitter:label1\" content=\"Est. reading time\" \/>\n\t<meta name=\"twitter:data1\" content=\"7 minutes\" \/>\r\n<script type=\"application\/ld+json\" class=\"yoast-schema-graph\">{\"@context\":\"https:\/\/schema.org\",\"@graph\":[{\"@type\":\"WebSite\",\"@id\":\"https:\/\/hometrust.ca\/#website\",\"url\":\"https:\/\/hometrust.ca\/\",\"name\":\"Home Trust\",\"description\":\"\",\"potentialAction\":[{\"@type\":\"SearchAction\",\"target\":{\"@type\":\"EntryPoint\",\"urlTemplate\":\"https:\/\/hometrust.ca\/?s={search_term_string}\"},\"query-input\":\"required name=search_term_string\"}],\"inLanguage\":\"en-US\"},{\"@type\":\"WebPage\",\"@id\":\"https:\/\/www.hometrust.ca\/fr-ca\/nous-voyons-une-histoire\/nous-voyons-une-histoire-histoires\/#webpage\",\"url\":\"https:\/\/www.hometrust.ca\/fr-ca\/nous-voyons-une-histoire\/nous-voyons-une-histoire-histoires\/\",\"name\":\"Nous voyons une histoire - histoires - Home Trust\",\"isPartOf\":{\"@id\":\"https:\/\/hometrust.ca\/#website\"},\"datePublished\":\"2023-04-10T18:45:50+00:00\",\"dateModified\":\"2023-12-01T18:34:01+00:00\",\"breadcrumb\":{\"@id\":\"https:\/\/www.hometrust.ca\/fr-ca\/nous-voyons-une-histoire\/nous-voyons-une-histoire-histoires\/#breadcrumb\"},\"inLanguage\":\"en-US\",\"potentialAction\":[{\"@type\":\"ReadAction\",\"target\":[\"https:\/\/www.hometrust.ca\/fr-ca\/nous-voyons-une-histoire\/nous-voyons-une-histoire-histoires\/\"]}]},{\"@type\":\"BreadcrumbList\",\"@id\":\"https:\/\/www.hometrust.ca\/fr-ca\/nous-voyons-une-histoire\/nous-voyons-une-histoire-histoires\/#breadcrumb\",\"itemListElement\":[{\"@type\":\"ListItem\",\"position\":1,\"name\":\"Home\",\"item\":\"https:\/\/www.hometrust.ca\/\"},{\"@type\":\"ListItem\",\"position\":2,\"name\":\"Nous voyons une histoire\",\"item\":\"https:\/\/www.hometrust.ca\/fr-ca\/nous-voyons-une-histoire\/\"},{\"@type\":\"ListItem\",\"position\":3,\"name\":\"Nous voyons une histoire &#8211; histoires\"}]}]}<\/script>\r\n<!-- \/ Yoast SEO Premium plugin. -->","_links":{"self":[{"href":"https:\/\/www.hometrust.ca\/fr-ca\/wp-json\/wp\/v2\/pages\/10007\/"}],"collection":[{"href":"https:\/\/www.hometrust.ca\/fr-ca\/wp-json\/wp\/v2\/pages\/"}],"about":[{"href":"https:\/\/www.hometrust.ca\/fr-ca\/wp-json\/wp\/v2\/types\/page\/"}],"author":[{"embeddable":true,"href":"https:\/\/www.hometrust.ca\/fr-ca\/wp-json\/wp\/v2\/users\/23\/"}],"replies":[{"embeddable":true,"href":"https:\/\/www.hometrust.ca\/fr-ca\/wp-json\/wp\/v2\/comments\/?post=10007"}],"version-history":[{"count":8,"href":"https:\/\/www.hometrust.ca\/fr-ca\/wp-json\/wp\/v2\/pages\/10007\/revisions\/"}],"predecessor-version":[{"id":10636,"href":"https:\/\/www.hometrust.ca\/fr-ca\/wp-json\/wp\/v2\/pages\/10007\/revisions\/10636\/"}],"up":[{"embeddable":true,"href":"https:\/\/www.hometrust.ca\/fr-ca\/wp-json\/wp\/v2\/pages\/10003\/"}],"wp:attachment":[{"href":"https:\/\/www.hometrust.ca\/fr-ca\/wp-json\/wp\/v2\/media\/?parent=10007"}],"curies":[{"name":"wp","href":"https:\/\/api.w.org\/{rel}","templated":true}]}}