{"id":11264,"date":"2025-01-08T08:58:00","date_gmt":"2025-01-08T08:58:00","guid":{"rendered":"https:\/\/www.hometrust.ca\/?page_id=11264"},"modified":"2025-01-08T09:02:35","modified_gmt":"2025-01-08T09:02:35","slug":"une-nouvelle-ere","status":"publish","type":"page","link":"https:\/\/www.hometrust.ca\/fr-ca\/une-nouvelle-ere\/","title":{"rendered":"Une nouvelle \u00e8re commence pour la Banque Fairstone et Home Trust alors qu\u2019elles unissent leurs forces pour cr\u00e9er le plus important pr\u00eateur alternatif au Canada"},"content":{"rendered":"\r\n<p><strong>La Banque Fairstone et la Compagnie Home Trust confirment<\/strong> <strong>la cl\u00f4ture de la transaction annonc\u00e9e le 26\u00a0mars 2024<\/strong><\/p>\r\n\r\n\r\n\r\n<p><strong>MONTR\u00c9AL, TORONTO, 8 janvier 2025 \u2013 <\/strong>La Banque Fairstone du Canada (\u00ab\u2009Banque Fairstone\u2009\u00bb) et la Compagnie Home Trust (\u00ab\u2009Home Trust\u2009\u00bb) ont confirm\u00e9 aujourd\u2019hui la cl\u00f4ture de la transaction de combinaison annonc\u00e9e le 26\u00a0mars 2024, apr\u00e8s la satisfaction des conditions de cl\u00f4ture, y compris la r\u00e9ception des approbations r\u00e9glementaires requises.<\/p>\r\n\r\n\r\n\r\n<p>Le nouveau groupe combin\u00e9 exercera ses activit\u00e9s sous l\u2019entit\u00e9 juridique m\u00e8re Banque Fairstone, et comprendra une famille de marques bien \u00e9tablies, dont Home Trust, la Financi\u00e8re Oaken, la Banque Home, la Financi\u00e8re Fairstone, Eden<em>Park<\/em> et Fig.\u00a0<\/p>\r\n\r\n\r\n\r\n<p>Scott Wood, pr\u00e9sident et chef de la direction de la Banque Fairstone, sera le pr\u00e9sident et le chef de la direction du groupe combin\u00e9. Stephen Smith, fondateur et chef de la direction de Smith Financial Corporation, sera le pr\u00e9sident du conseil d\u2019administration et Yousry Bissada, qui \u00e9tait le chef de la direction de Home Trust, sera nomm\u00e9 vice-pr\u00e9sident du conseil d\u2019administration.<\/p>\r\n\r\n\r\n\r\n<p>\u00ab\u2009Je suis ravi de joindre nos forces \u00e0 celles de l\u2019excellente \u00e9quipe de Home Trust et de combiner notre expertise pour continuer \u00e0 am\u00e9liorer et \u00e0 d\u00e9velopper nos activit\u00e9s. Le nouveau groupe offrira une gamme compl\u00e8te de produits de pr\u00eat, notamment des pr\u00eats hypoth\u00e9caires r\u00e9sidentiels et commerciaux, des produits d\u2019\u00e9pargne des particuliers et des certificats de placement garantis, des cartes de cr\u00e9dit, des pr\u00eats personnels, du financement de d\u00e9tail, du financement automobile et des pr\u00eats num\u00e9riques\u2009\u00bb, a d\u00e9clar\u00e9 Scott Wood. \u00ab\u2009J\u2019ai h\u00e2te de collaborer avec les \u00e9quipes talentueuses du nouveau groupe de la Banque Fairstone afin d\u2019offrir une valeur et des solutions innovantes exceptionnelles \u00e0 nos clients et partenaires partout au Canada.\u2009\u00bb<\/p>\r\n\r\n\r\n\r\n<p>\u00ab\u2009L\u2019union de ces deux grandes entreprises renforce notre capacit\u00e9 \u00e0 servir les millions de Canadiens et de Canadiennes dont les besoins financiers sont souvent n\u00e9glig\u00e9s par les banques traditionnelles\u2009\u00bb, a comment\u00e9 Stephen Smith. \u00ab\u2009Je suis enthousiaste quant \u00e0 l\u2019impact accru que l\u2019entreprise combin\u00e9e peut offrir aux Canadiens et aux Canadiennes \u00e0 la recherche d\u2019une alternative pour leurs besoins financiers.\u2009\u00bb<\/p>\r\n\r\n\r\n\r\n<p>Cette combinaison fait du groupe de la Banque Fairstone le plus important pr\u00eateur alternatif au Canada, desservant plus de 4\u2009700\u00a0courtiers hypoth\u00e9caires et 2\u00a0millions de clients avec une vaste pr\u00e9sence nationale et plus de 255\u00a0succursales d\u2019un oc\u00e9an \u00e0 l\u2019autre.<\/p>\r\n\r\n\r\n\r\n<p>Smith Financial Corporation d\u00e9tient d\u00e9sormais un droit de vote majoritaire au sein de la Banque Fairstone. Centerbridge Partners, L.P., le Conseil du R\u00e9gime de retraite des enseignantes et des enseignants de l\u2019Ontario et des membres de la direction restent actionnaires minoritaires de la Banque Fairstone.<\/p>\r\n\r\n\r\n\r\n<p>Eric Hoffman, directeur g\u00e9n\u00e9ral principal chez Centerbridge Partners, a ajout\u00e9 : \u00ab Avec cette combinaison, nous cr\u00e9ons une plateforme plus solide pour soutenir la croissance et l&#8217;innovation dans les services financiers. Ensemble, la Banque Fairstone et Home Trust pourront mieux r\u00e9pondre aux divers besoins financiers \u00e0 travers le Canada et offrir une valeur ajout\u00e9e \u00e0 nos clients et partenaires.\u00a0\u00bb<\/p>\r\n\r\n\r\n\r\n<p>Jeff Markusson, directeur g\u00e9n\u00e9ral principal, Services financiers au R\u00e9gime de retraite des enseignantes et des enseignants de l\u2019Ontario, a comment\u00e9\u00a0: \u00ab\u00a0En alliant ces deux entreprises compl\u00e9mentaires, cela contribuera \u00e0 b\u00e2tir un \u00e9cosyst\u00e8me financier encore plus inclusif au Canada en \u00e9largissant l\u2019acc\u00e8s \u00e0 des produits financiers essentiels et en donnant aux Canadiens et aux Canadiennes\u2014surtout les moins bien servis\u2014les moyens d\u2019atteindre leurs objectifs financiers.\u00a0\u00bb<\/p>\r\n\r\n\r\n\r\n<p>RBC March\u00e9s des Capitaux <a>a agi \u00e0 titre de conseiller <\/a>financier de Smith Financial Corporation. Torys LLP a agi \u00e0 titre de conseiller juridique de Smith Financial Corporation. Willkie Farr &amp; Gallagher LLP a agi \u00e0 titre de conseiller juridique de Centerbridge Partners, L.P. aux \u00c9tats-Unis, et Stikeman Elliott LLP a agi \u00e0 titre de conseiller juridique du Conseil du R\u00e9gime de retraite des enseignantes et des enseignants de l\u2019Ontario et \u00e0 titre de conseiller canadien de Centerbridge Partners, L.P. Goldman Sachs a agi \u00e0 titre de conseiller financier de Centerbridge Partners, L.P., et BMO March\u00e9s des Capitaux a agi \u00e0 titre de conseiller financier du Conseil du R\u00e9gime de retraite des enseignantes et des enseignants de l\u2019Ontario.<\/p>\r\n\r\n\r\n\r\n<p>La Banque Fairstone, Home Trust et la Banque Home demeurent des institutions membres distinctes de la Soci\u00e9t\u00e9 d\u2019assurance-d\u00e9p\u00f4ts du Canada (SADC). Pour les clients et les d\u00e9tenteurs de produits d\u2019\u00e9pargne et d\u2019investissement, toutes les protections existantes par la SADC restent inchang\u00e9es.<\/p>\r\n\r\n\r\n\r\n<p><strong>\u00c0 propos de Smith Financial Corporation<\/strong><\/p>\r\n\r\n\r\n\r\n<p>Smith Financial Corporation investit \u00e0 long terme dans des soci\u00e9t\u00e9s de services financiers leaders sur le march\u00e9, dont les marques, les relations avec les clients et les \u00e9quipes de direction ont fait leurs preuves. Seule ou en partenariat avec des institutions aux convictions similaires, elle fournit le capital et l\u2019expertise n\u00e9cessaires pour aider les soci\u00e9t\u00e9s de son portefeuille \u00e0 prosp\u00e9rer en adoptant un esprit entrepreneurial. Elle d\u00e9tient notamment des participations dans la Soci\u00e9t\u00e9 d\u2019assurance hypoth\u00e9caire Canada Guaranty, la Banque Fairstone du Canada, la Financi\u00e8re First National SEC (TSX\u00a0: FN), Glass-Lewis &amp; Co, ainsi que Peloton Capital Management et son fonds d\u2019investissement priv\u00e9. Smith Financial Corporation est une entreprise familiale fond\u00e9e par Stephen Smith, l\u2019un des plus grands entrepreneurs du secteur des services financiers du Canada. Pour en savoir plus, veuillez consulter le site de Smith Financial Corporation\u00a0: <a href=\"https:\/\/www.smithfc.ca\/\">https:\/\/www.smithfc.ca\/<\/a>.<\/p>\r\n\r\n\r\n\r\n<p><strong>\u00c0 propos de la Banque Fairstone du Canada<\/strong><\/p>\r\n\r\n\r\n\r\n<p>La Banque Fairstone du Canada et ses filiales, y compris la Financi\u00e8re Fairstone Inc. et la Compagnie Home Trust, offrent des solutions financi\u00e8res novatrices, accessibles et fiables qui permettent aux Canadiens et aux Canadiennes d\u2019atteindre leurs objectifs. Conjointement, nous offrons des pr\u00eats hypoth\u00e9caires r\u00e9sidentiels et commerciaux, des produits d\u2019\u00e9pargne des particuliers et des certificats de placement garantis, du financement de d\u00e9tail et automobile, des cartes de cr\u00e9dit et des pr\u00eats num\u00e9riques, en plus de pr\u00eats personnels garantis et non garantis, tant en ligne que dans plus de 255\u00a0succursales d\u2019un oc\u00e9an \u00e0 l\u2019autre. \u00c9tablis au Canada depuis longtemps, nous sommes fiers d\u2019\u00eatre la plus importante banque de financement alternatif au Canada. Pour en savoir plus\u00a0: <a href=\"http:\/\/www.banquefairstone.ca\/\" target=\"_blank\" rel=\"noreferrer noopener\">BanqueFairstone.ca<\/a>.<\/p>\r\n\r\n\r\n\r\n<p><strong>\u00c0 propos de Centerbridge Partners, L.P.<\/strong><\/p>\r\n\r\n\r\n\r\n<p>Centerbridge Partners, L.P. est une soci\u00e9t\u00e9 de gestion d\u2019investissement priv\u00e9e ayant une approche flexible dans diff\u00e9rents domaines d\u2019investissement \u2013 capitaux priv\u00e9s, cr\u00e9dit et strat\u00e9gies connexes, ainsi qu\u2019immobiliers \u2013 dans le but de d\u00e9velopper les occasions les plus int\u00e9ressantes pour ses investisseurs. La soci\u00e9t\u00e9 a \u00e9t\u00e9 fond\u00e9e en 2005 et, au 30 septembre 2024, son capital sous gestion s\u2019\u00e9levait \u00e0 40\u00a0G$ US d\u2019actifs avec des bureaux \u00e0 New York et \u00e0 Londres. Centerbridge noue des partenariats avec des \u00e9quipes de direction de classe mondial dans des r\u00e9gions g\u00e9ographiques et des secteurs d\u2019activit\u00e9 cibl\u00e9s. Pour en savoir plus, consultez <a href=\"http:\/\/www.centerbridge.com\">www.centerbridge.com<\/a> | <a href=\"https:\/\/www.linkedin.com\/company\/centerbridge-partners\/\">LinkedIn<\/a>.<\/p>\r\n\r\n\r\n\r\n<p><strong>\u00c0 propos du Conseil du R\u00e9gime de retraite des enseignantes et des enseignants de l\u2019Ontario<\/strong><\/p>\r\n\r\n\r\n\r\n<p>Le Conseil du R\u00e9gime de retraite des enseignantes et des enseignants de l\u2019Ontario (RREO) est un investisseur mondial ayant un actif net de 255,8\u00a0G$ au 30\u00a0juin 2024. Le RREO investit dans plus de 50\u00a0pays dans un vaste \u00e9ventail d\u2019actifs, qui comprend des titres de soci\u00e9t\u00e9s ouvertes et ferm\u00e9es, des titres \u00e0 revenu fixe, des titres de cr\u00e9ance, des marchandises, des ressources naturelles, des infrastructures, des biens immobiliers et des actions de croissance, afin d\u2019offrir un revenu de retraite \u00e0 340\u2009000\u00a0participants actifs et retrait\u00e9s. Avec une \u00e9quipe comptant plus de 450\u00a0professionnels des placements qui travaillent depuis d\u2019importants centres financiers du monde entier, le RREO apporte une expertise approfondie dans un large \u00e9ventail de secteurs et d\u2019industries. En tant que r\u00e9gime de retraite \u00e0 prestations d\u00e9finies pleinement capitalis\u00e9, il a r\u00e9alis\u00e9 un taux de rendement net annuel de 9,3\u00a0% depuis sa cr\u00e9ation en 1990. Le RREO n\u2019investit pas seulement pour obtenir un rendement, il veut aussi fa\u00e7onner un meilleur avenir pour les enseignantes et les enseignants qu\u2019il sert, les entreprises qu\u2019il soutient et le monde dans lequel il vit. Pour en savoir plus, consultez <a href=\"https:\/\/www.otpp.com\/fr-ca\/\" target=\"_blank\" rel=\"noreferrer noopener\">otpp.com<\/a> et suivez-nous sur <a href=\"https:\/\/linkedin.com\/company\/otpp\/\" target=\"_blank\" rel=\"noreferrer noopener\">LinkedIn<\/a>.\u202f<\/p>\r\n\r\n\r\n\r\n<div><strong>Personnes-ressources<\/strong><\/div>\r\n\r\n<div>Caroline Morin<\/div>\r\n<div>Vice-pr\u00e9sidente, Communications d\u2019entreprise<\/div>\r\n<div>media@fairstone.ca<\/div>\r\n<div>+1 833-461-2900<\/div>\r\n<p>&nbsp;<\/p>","protected":false},"excerpt":{"rendered":"<p>La Banque Fairstone et la Compagnie Home Trust confirment la cl\u00f4ture de la transaction annonc\u00e9e le 26\u00a0mars 2024 MONTR\u00c9AL, TORONTO, 8 janvier 2025 \u2013 La Banque Fairstone [&hellip;]<\/p>\n","protected":false},"author":23,"featured_media":0,"parent":0,"menu_order":0,"comment_status":"closed","ping_status":"closed","template":"","meta":[],"yoast_head":"<!-- This site is optimized with the Yoast SEO Premium plugin v16.6 (Yoast SEO v16.6.1) - https:\/\/yoast.com\/wordpress\/plugins\/seo\/ -->\r\n<title>Une nouvelle \u00e8re commence pour la Banque Fairstone et Home Trust alors qu\u2019elles unissent leurs forces pour cr\u00e9er le plus important pr\u00eateur alternatif au Canada - Home Trust<\/title>\r\n<meta name=\"robots\" content=\"index, follow, max-snippet:-1, max-image-preview:large, max-video-preview:-1\" \/>\r\n<link rel=\"canonical\" href=\"https:\/\/www.hometrust.ca\/une-nouvelle-ere\/\" \/>\r\n<meta property=\"og:locale\" content=\"en_US\" \/>\r\n<meta property=\"og:type\" content=\"article\" \/>\r\n<meta property=\"og:title\" content=\"Une nouvelle \u00e8re commence pour la Banque Fairstone et Home Trust alors qu\u2019elles unissent leurs forces pour cr\u00e9er le plus important pr\u00eateur alternatif au Canada\" \/>\r\n<meta property=\"og:description\" content=\"La Banque Fairstone et la Compagnie Home Trust confirment la cl\u00f4ture de la transaction annonc\u00e9e le 26\u00a0mars 2024 MONTR\u00c9AL, TORONTO, 8 janvier 2025 \u2013 La Banque Fairstone [&hellip;]\" \/>\r\n<meta property=\"og:url\" content=\"https:\/\/www.hometrust.ca\/fr-ca\/une-nouvelle-ere\/\" \/>\r\n<meta property=\"og:site_name\" content=\"Home Trust\" \/>\r\n<meta property=\"article:modified_time\" content=\"2025-01-08T09:02:35+00:00\" \/>\r\n<meta name=\"twitter:card\" content=\"summary_large_image\" \/>\r\n<meta name=\"twitter:label1\" content=\"Est. reading time\" \/>\n\t<meta name=\"twitter:data1\" content=\"8 minutes\" \/>\r\n<script type=\"application\/ld+json\" class=\"yoast-schema-graph\">{\"@context\":\"https:\/\/schema.org\",\"@graph\":[{\"@type\":\"WebSite\",\"@id\":\"https:\/\/hometrust.ca\/#website\",\"url\":\"https:\/\/hometrust.ca\/\",\"name\":\"Home Trust\",\"description\":\"\",\"potentialAction\":[{\"@type\":\"SearchAction\",\"target\":{\"@type\":\"EntryPoint\",\"urlTemplate\":\"https:\/\/hometrust.ca\/?s={search_term_string}\"},\"query-input\":\"required name=search_term_string\"}],\"inLanguage\":\"en-US\"},{\"@type\":\"WebPage\",\"@id\":\"https:\/\/www.hometrust.ca\/fr-ca\/une-nouvelle-ere\/#webpage\",\"url\":\"https:\/\/www.hometrust.ca\/fr-ca\/une-nouvelle-ere\/\",\"name\":\"Une nouvelle \\u00e8re commence pour la Banque Fairstone et Home Trust alors qu\\u2019elles unissent leurs forces pour cr\\u00e9er le plus important pr\\u00eateur alternatif au Canada - Home Trust\",\"isPartOf\":{\"@id\":\"https:\/\/hometrust.ca\/#website\"},\"datePublished\":\"2025-01-08T08:58:00+00:00\",\"dateModified\":\"2025-01-08T09:02:35+00:00\",\"breadcrumb\":{\"@id\":\"https:\/\/www.hometrust.ca\/fr-ca\/une-nouvelle-ere\/#breadcrumb\"},\"inLanguage\":\"en-US\",\"potentialAction\":[{\"@type\":\"ReadAction\",\"target\":[\"https:\/\/www.hometrust.ca\/fr-ca\/une-nouvelle-ere\/\"]}]},{\"@type\":\"BreadcrumbList\",\"@id\":\"https:\/\/www.hometrust.ca\/fr-ca\/une-nouvelle-ere\/#breadcrumb\",\"itemListElement\":[{\"@type\":\"ListItem\",\"position\":1,\"name\":\"Home\",\"item\":\"https:\/\/www.hometrust.ca\/\"},{\"@type\":\"ListItem\",\"position\":2,\"name\":\"Une nouvelle \\u00e8re commence pour la Banque Fairstone et Home Trust alors qu\\u2019elles unissent leurs forces pour cr\\u00e9er le plus important pr\\u00eateur alternatif au Canada\"}]}]}<\/script>\r\n<!-- \/ Yoast SEO Premium plugin. -->","_links":{"self":[{"href":"https:\/\/www.hometrust.ca\/fr-ca\/wp-json\/wp\/v2\/pages\/11264\/"}],"collection":[{"href":"https:\/\/www.hometrust.ca\/fr-ca\/wp-json\/wp\/v2\/pages\/"}],"about":[{"href":"https:\/\/www.hometrust.ca\/fr-ca\/wp-json\/wp\/v2\/types\/page\/"}],"author":[{"embeddable":true,"href":"https:\/\/www.hometrust.ca\/fr-ca\/wp-json\/wp\/v2\/users\/23\/"}],"replies":[{"embeddable":true,"href":"https:\/\/www.hometrust.ca\/fr-ca\/wp-json\/wp\/v2\/comments\/?post=11264"}],"version-history":[{"count":2,"href":"https:\/\/www.hometrust.ca\/fr-ca\/wp-json\/wp\/v2\/pages\/11264\/revisions\/"}],"predecessor-version":[{"id":11271,"href":"https:\/\/www.hometrust.ca\/fr-ca\/wp-json\/wp\/v2\/pages\/11264\/revisions\/11271\/"}],"wp:attachment":[{"href":"https:\/\/www.hometrust.ca\/fr-ca\/wp-json\/wp\/v2\/media\/?parent=11264"}],"curies":[{"name":"wp","href":"https:\/\/api.w.org\/{rel}","templated":true}]}}