{"id":11653,"date":"2025-08-09T20:36:05","date_gmt":"2025-08-09T20:36:05","guid":{"rendered":"https:\/\/www.hometrust.ca\/?page_id=11653"},"modified":"2025-08-10T05:13:44","modified_gmt":"2025-08-10T05:13:44","slug":"a-propos-de-home-en-ligne","status":"publish","type":"page","link":"https:\/\/www.hometrust.ca\/fr-ca\/homeenligne\/centre-daide\/a-propos-de-home-en-ligne\/","title":{"rendered":"\u00c0 propos de Home en ligne"},"content":{"rendered":"<p>[vc_row full_width=&#8221;stretch_row&#8221; el_class=&#8221;search-section&#8221;][vc_column][vc_column_text]Home en ligne est votre connexion \u00e0 Home. Apprenez-en davantage sur la fa\u00e7on d\u2019acc\u00e9der \u00e0 Home en ligne et les avantages que cette plateforme peut vous offrir.[\/vc_column_text][\/vc_column][\/vc_row][vc_row css=&#8221;.vc_custom_1670429508074{border-bottom-width: 40px !important;padding-top: 40px !important;}&#8221; el_class=&#8221;faq-section&#8221;][vc_column width=&#8221;3\/4&#8243;][vc_tta_accordion c_position=&#8221;right&#8221; active_section=&#8221;&#8221; collapsible_all=&#8221;true&#8221;][vc_tta_section title=&#8221;Comment m\u2019inscrire \u00e0 Home en ligne?&#8221; tab_id=&#8221;1670427650645-dd2b1203-9bf7&#8243;][vc_column_text]1)\u00a0Visitez <a href=\"\/fr-ca\/homeenligne\"><u>Home en ligne \u2013 Home Trust<\/u><\/a><\/p>\n<p>2) S\u00e9lectionnez \u00ab\u2009Inscrivez-vous maintenant\u2009\u00bb. Vous aurez besoin de votre num\u00e9ro d\u2019hypoth\u00e8que HomeTrust pour commencer le processus d\u2019enregistrement et avoir un acc\u00e8s \u00e0 votre adresse courriel pour configurer votre nom d\u2019utilisateur et votre mot de passe \u00e0 Home en ligne.<\/p>\n<p>3) Cliquez ou appuyez sur \u00ab\u2009Commencez \u00bb, puis saisissez votre num\u00e9ro de pr\u00eat hypoth\u00e9caire Home Trust, votre pr\u00e9nom et votre nom de famille l\u00e9gaux, votre date de naissance et votre adresse courriel. Cliquez ensuite sur \u00ab\u2009Continuer\u2009\u00bb.<\/p>\n<p>4) Saisissez le code de v\u00e9rification qui a \u00e9t\u00e9 envoy\u00e9 \u00e0 votre adresse courriel.<\/p>\n<p>5) Cr\u00e9ez un nom d\u2019utilisateur de 6 \u00e0 16\u00a0caract\u00e8res avec au moins un chiffre. Assurez-vous que votre nom d\u2019utilisateur ne contient aucun espace ou caract\u00e8re sp\u00e9cial.<\/p>\n<p>6) Saisissez votre mot de passe. Les mots de passe doivent contenir tous les \u00e9l\u00e9ments suivants\u00a0:<\/p>\n<p style=\"padding-left: 40px;\">Au moins un\u00a0chiffre<br \/>\nAu moins un caract\u00e8re minuscule<br \/>\nAu moins un caract\u00e8re majuscule<br \/>\nAu moins un caract\u00e8re sp\u00e9cial<br \/>\nEntre 8 et 40\u00a0caract\u00e8res<\/p>\n<p>7) Saisissez \u00e0 nouveau votre mot de passe.<\/p>\n<p>8) Passez en revue les Modalit\u00e9s et conditions, puis cochez la case pour accepter. Cliquez sur \u00ab\u2009Continuer\u2009\u00bb pour terminer l\u2019inscription.[\/vc_column_text][\/vc_tta_section][vc_tta_section title=&#8221;Que puis-je faire sur Home en ligne?&#8221; tab_id=&#8221;1670427741248-c873e269-46c0&#8243;][vc_column_text]Home en ligne pr\u00e9sente de nombreux avantages\u00a0:<\/p>\n<p>&#8211; Acc\u00e9der \u00e0 vos comptes hypoth\u00e9caires 24\u00a0heures sur\u00a024, 7\u00a0jours sur\u00a07 avec les navigateurs de bureau et mobiles, dans le confort de votre propre maison, au bureau ou partout o\u00f9 vous avez acc\u00e8s \u00e0 Internet.<\/p>\n<p>&#8211; Consulter la r\u00e9partition du solde de votre pr\u00eat hypoth\u00e9caire et les d\u00e9tails de vos paiements afin de mieux g\u00e9rer vos finances.<\/p>\n<p>&#8211; Visualiser facilement les mises \u00e0 jour ou les modifications des montants des paiements en raison de l\u2019augmentation ou de la diminution des taux d\u2019int\u00e9r\u00eat, des paiements forfaitaires ou des modifications de la fr\u00e9quence ou de l\u2019amortissement sans avoir \u00e0 attendre les copies papier.<\/p>\n<p>&#8211; Avoir la possibilit\u00e9 de demander des documents hypoth\u00e9caires tels que le calendrier d\u2019amortissement ou le relev\u00e9 d\u2019information de mani\u00e8re pratique et s\u00e9curis\u00e9e.<\/p>\n<p>&#8211; T\u00e9l\u00e9charger ou imprimer votre ou vos relev\u00e9s de pr\u00eat hypoth\u00e9caire annuel.<\/p>\n<p>&#8211; Communiquer avec nous (Compagnie Home Trust) sans effort, 24\u00a0heures sur\u00a024, 7\u00a0jours sur\u00a07, gr\u00e2ce \u00e0 notre environnement de messagerie s\u00e9curis\u00e9e.[\/vc_column_text][\/vc_tta_section][vc_tta_section title=&#8221;Si je suis inscrit \u00e0 Oaken en ligne, puis-je utiliser les m\u00eames identifiants de connexion?&#8221; tab_id=&#8221;1670427740554-367d8f5e-a5a3&#8243;][vc_column_text]Si vous \u00eates un client de Financi\u00e8re Oaken, vous pouvez utiliser vos identifiants Oaken en ligne actuels pour vous connecter \u00e0 Home en ligne.[\/vc_column_text][\/vc_tta_section][vc_tta_section title=&#8221;Qui est admissible \u00e0 l\u2019utilisation de Home en ligne?&#8221; tab_id=&#8221;1670427739669-49a56928-d696&#8243;][vc_column_text]Home en ligne prend actuellement en charge les clients hypoth\u00e9caires r\u00e9sidentiels.[\/vc_column_text][\/vc_tta_section][\/vc_tta_accordion][vc_raw_html]JTNDZGl2JTIwY2xhc3MlM0QlMjJpbmZvLWRpc2NsYWltZXIlMjIlM0UlQzMlODAlMjBsYSUyMENvbXBhZ25pZSUyMEhvbWUlMjBUcnVzdCUyQyUyMG5vdXMlMjB2b3VzJTIwYWNjb3Jkb25zJTIwdG91am91cnMlMjBsYSUyMHByaW9yaXQlQzMlQTkuJTIwU2klMjB2b3VzJTIwYXZleiUyMGJlc29pbiUyMGQlRTIlODAlOTlhaWRlJTJDJTIwdmV1aWxsZXolMjBjb21tdW5pcXVlciUyMGF2ZWMlMjBub3RyZSUyMCVDMyVBOXF1aXBlJTIwZHUlMjBTZXJ2aWNlJTIwJUMzJUEwJTIwbGElMjBjbGllbnQlQzMlQThsZSUyMGF1JUMyJUEwJTNDYSUyMGhyZWYlM0QlMjJ0ZWwlM0ExLTg3Ny05MDMtMjEzMyUyMiUzRTEtODc3LTkwMy0yMTMzJTNDJTJGYSUzRSUyQyUyMGR1JTIwbHVuZGklMjBhdSUyMHZlbmRyZWRpJTJDJTIwZGUlMjA4JUMyJUEwaCUyMCVDMyVBMCUyMDIwJUMyJUEwaCUyMCUyOEhORSUyOS4lMjBWb3VzJTIwcG91dmV6JTIwJUMzJUE5Z2FsZW1lbnQlMjBub3VzJTIwam9pbmRyZSUyMHBhciUyMGNvdXJyaWVsJTIwJUMzJUEwJTIwbCVFMiU4MCU5OWFkcmVzc2UlMjAlM0NhJTIwaHJlZiUzRCUyMm1haWx0byUzQWlucXVpcnkuaHRjJTQwaG9tZXRydXN0LmNhJTIyJTNFaW5xdWlyeS5odGMlNDBob21ldHJ1c3QuY2ElM0MlMkZhJTNFJUMyJUEwb3UlMjBub3VzJTIwZW52b3llciUyMHVuJTIwbWVzc2FnZSUyMHMlQzMlQTljdXJpcyVDMyVBOSUyMGRhbnMlMjBIb21lJTIwZW4lMjBsaWduZS4lM0MlMkZkaXYlM0UlMEE=[\/vc_raw_html][\/vc_column][vc_column width=&#8221;1\/4&#8243;][vc_column_text]<\/p>\n<h4><strong>Liens rapides<\/strong><\/h4>\n<p><a href=\"\/fr-ca\/homeenligne\/centre-daide\/renseignements-sur-le-profil\/\">Renseignements sur le profil<\/a><\/p>\n<p><a href=\"\/fr-ca\/homeenligne\/centre-daide\/renseignements-sur-le-compte\/\">Renseignements sur le compte<\/a><\/p>\n<p><a href=\"\/fr-ca\/homeenligne\/centre-daide\/documents-et-releves\/\">Documents et relev\u00e9s<\/a><\/p>\n<p><a href=\"\/fr-ca\/homeenligne\/centre-daide\/securite\/\">Connexion, mot de passe et s\u00e9curit\u00e9<\/a><\/p>\n<p><a href=\"\/fr-ca\/homeenligne\/centre-daide\/notifications-et-messages\/\">Notifications et messages<\/a>[\/vc_column_text][\/vc_column][\/vc_row]<\/p>\n","protected":false},"excerpt":{"rendered":"<p>[vc_row full_width=&#8221;stretch_row&#8221; el_class=&#8221;search-section&#8221;][vc_column][vc_column_text]Home en ligne est votre connexion \u00e0 Home. Apprenez-en davantage sur la fa\u00e7on d\u2019acc\u00e9der \u00e0 Home en ligne et les avantages que cette plateforme peut [&hellip;]<\/p>\n","protected":false},"author":23,"featured_media":0,"parent":11637,"menu_order":0,"comment_status":"closed","ping_status":"closed","template":"","meta":[],"yoast_head":"<!-- This site is optimized with the Yoast SEO Premium plugin v16.6 (Yoast SEO v16.6.1) - https:\/\/yoast.com\/wordpress\/plugins\/seo\/ -->\r\n<title>\u00c0 propos de Home en ligne - Home Trust<\/title>\r\n<meta name=\"robots\" content=\"index, follow, max-snippet:-1, max-image-preview:large, max-video-preview:-1\" \/>\r\n<link rel=\"canonical\" href=\"https:\/\/www.hometrust.ca\/homeenligne\/centre-daide\/a-propos-de-home-en-ligne\/\" \/>\r\n<meta property=\"og:locale\" content=\"en_US\" \/>\r\n<meta property=\"og:type\" content=\"article\" \/>\r\n<meta property=\"og:title\" content=\"\u00c0 propos de Home en ligne\" \/>\r\n<meta property=\"og:description\" content=\"[vc_row full_width=&#8221;stretch_row&#8221; el_class=&#8221;search-section&#8221;][vc_column][vc_column_text]Home en ligne est votre connexion \u00e0 Home. Apprenez-en davantage sur la fa\u00e7on d\u2019acc\u00e9der \u00e0 Home en ligne et les avantages que cette plateforme peut [&hellip;]\" \/>\r\n<meta property=\"og:url\" content=\"https:\/\/www.hometrust.ca\/fr-ca\/homeenligne\/centre-daide\/a-propos-de-home-en-ligne\/\" \/>\r\n<meta property=\"og:site_name\" content=\"Home Trust\" \/>\r\n<meta property=\"article:modified_time\" content=\"2025-08-10T05:13:44+00:00\" \/>\r\n<meta name=\"twitter:card\" content=\"summary_large_image\" \/>\r\n<meta name=\"twitter:label1\" content=\"Est. reading time\" \/>\n\t<meta name=\"twitter:data1\" content=\"4 minutes\" \/>\r\n<script type=\"application\/ld+json\" class=\"yoast-schema-graph\">{\"@context\":\"https:\/\/schema.org\",\"@graph\":[{\"@type\":\"WebSite\",\"@id\":\"https:\/\/hometrust.ca\/#website\",\"url\":\"https:\/\/hometrust.ca\/\",\"name\":\"Home Trust\",\"description\":\"\",\"potentialAction\":[{\"@type\":\"SearchAction\",\"target\":{\"@type\":\"EntryPoint\",\"urlTemplate\":\"https:\/\/hometrust.ca\/?s={search_term_string}\"},\"query-input\":\"required name=search_term_string\"}],\"inLanguage\":\"en-US\"},{\"@type\":\"WebPage\",\"@id\":\"https:\/\/www.hometrust.ca\/fr-ca\/homeenligne\/centre-daide\/a-propos-de-home-en-ligne\/#webpage\",\"url\":\"https:\/\/www.hometrust.ca\/fr-ca\/homeenligne\/centre-daide\/a-propos-de-home-en-ligne\/\",\"name\":\"\\u00c0 propos de Home en ligne - Home Trust\",\"isPartOf\":{\"@id\":\"https:\/\/hometrust.ca\/#website\"},\"datePublished\":\"2025-08-09T20:36:05+00:00\",\"dateModified\":\"2025-08-10T05:13:44+00:00\",\"breadcrumb\":{\"@id\":\"https:\/\/www.hometrust.ca\/fr-ca\/homeenligne\/centre-daide\/a-propos-de-home-en-ligne\/#breadcrumb\"},\"inLanguage\":\"en-US\",\"potentialAction\":[{\"@type\":\"ReadAction\",\"target\":[\"https:\/\/www.hometrust.ca\/fr-ca\/homeenligne\/centre-daide\/a-propos-de-home-en-ligne\/\"]}]},{\"@type\":\"BreadcrumbList\",\"@id\":\"https:\/\/www.hometrust.ca\/fr-ca\/homeenligne\/centre-daide\/a-propos-de-home-en-ligne\/#breadcrumb\",\"itemListElement\":[{\"@type\":\"ListItem\",\"position\":1,\"name\":\"Home\",\"item\":\"https:\/\/www.hometrust.ca\/\"},{\"@type\":\"ListItem\",\"position\":2,\"name\":\"Home en ligne\",\"item\":\"https:\/\/www.hometrust.ca\/fr-ca\/homeenligne\/\"},{\"@type\":\"ListItem\",\"position\":3,\"name\":\"Centre d\\u2019aide\",\"item\":\"https:\/\/www.hometrust.ca\/fr-ca\/homeenligne\/centre-daide\/\"},{\"@type\":\"ListItem\",\"position\":4,\"name\":\"\\u00c0 propos de Home en ligne\"}]}]}<\/script>\r\n<!-- \/ Yoast SEO Premium plugin. -->","_links":{"self":[{"href":"https:\/\/www.hometrust.ca\/fr-ca\/wp-json\/wp\/v2\/pages\/11653\/"}],"collection":[{"href":"https:\/\/www.hometrust.ca\/fr-ca\/wp-json\/wp\/v2\/pages\/"}],"about":[{"href":"https:\/\/www.hometrust.ca\/fr-ca\/wp-json\/wp\/v2\/types\/page\/"}],"author":[{"embeddable":true,"href":"https:\/\/www.hometrust.ca\/fr-ca\/wp-json\/wp\/v2\/users\/23\/"}],"replies":[{"embeddable":true,"href":"https:\/\/www.hometrust.ca\/fr-ca\/wp-json\/wp\/v2\/comments\/?post=11653"}],"version-history":[{"count":2,"href":"https:\/\/www.hometrust.ca\/fr-ca\/wp-json\/wp\/v2\/pages\/11653\/revisions\/"}],"predecessor-version":[{"id":11655,"href":"https:\/\/www.hometrust.ca\/fr-ca\/wp-json\/wp\/v2\/pages\/11653\/revisions\/11655\/"}],"up":[{"embeddable":true,"href":"https:\/\/www.hometrust.ca\/fr-ca\/wp-json\/wp\/v2\/pages\/11637\/"}],"wp:attachment":[{"href":"https:\/\/www.hometrust.ca\/fr-ca\/wp-json\/wp\/v2\/media\/?parent=11653"}],"curies":[{"name":"wp","href":"https:\/\/api.w.org\/{rel}","templated":true}]}}