{"id":11656,"date":"2025-08-09T20:38:25","date_gmt":"2025-08-09T20:38:25","guid":{"rendered":"https:\/\/www.hometrust.ca\/?page_id=11656"},"modified":"2025-08-10T05:14:04","modified_gmt":"2025-08-10T05:14:04","slug":"renseignements-sur-le-profil","status":"publish","type":"page","link":"https:\/\/www.hometrust.ca\/fr-ca\/homeenligne\/centre-daide\/renseignements-sur-le-profil\/","title":{"rendered":"Renseignements sur le profil"},"content":{"rendered":"<p>[vc_row full_width=&#8221;stretch_row&#8221; el_class=&#8221;search-section&#8221;][vc_column][vc_column_text]D\u00e9couvrez \u00e0 quel point il est facile de tenir vos renseignements personnels et vos coordonn\u00e9es \u00e0 jour, ainsi que de donner un surnom \u00e0 vos comptes sur Home en ligne.[\/vc_column_text][\/vc_column][\/vc_row][vc_row css=&#8221;.vc_custom_1670429508074{border-bottom-width: 40px !important;padding-top: 40px !important;}&#8221; el_class=&#8221;faq-section&#8221;][vc_column width=&#8221;3\/4&#8243;][vc_tta_accordion c_position=&#8221;right&#8221; active_section=&#8221;&#8221; collapsible_all=&#8221;true&#8221;][vc_tta_section title=&#8221;Comment puis-je mettre \u00e0 jour mon profil et mes coordonn\u00e9es?&#8221; tab_id=&#8221;1670427650645-dd2b1203-9bf7&#8243;][vc_column_text]1) S\u00e9lectionnez \u00ab\u2009Profil et param\u00e8tres\u2009\u00bb dans le menu principal. Sous \u00ab\u2009Renseignements sur le profil\u2009\u00bb, s\u00e9lectionnez \u00ab\u2009Mettre mon profil \u00e0 jour\u2009\u00bb.<\/p>\n<p>2) Vous pouvez modifier votre adresse, vos coordonn\u00e9es et vos renseignements d\u2019emploi.<\/p>\n<p>3) Cliquez ou appuyez sur le bouton \u00ab\u2009Continuer\u2009\u00bb au bas de l\u2019\u00e9cran pour passer en revue vos mises \u00e0 jour.<\/p>\n<p>4) Si vos modifications sont correctes, cliquez sur le bouton \u00ab\u2009Continuer\u2009\u00bb pour soumettre vos renseignements.[\/vc_column_text][\/vc_tta_section][vc_tta_section title=&#8221;Comment puis-je changer mon nom?&#8221; tab_id=&#8221;1670427741248-c873e269-46c0&#8243;][vc_column_text]Afin de changer votre nom, nous avons besoin d\u2019une preuve de changement de nom l\u00e9gal ainsi que d\u2019une lettre d\u2019instructions adress\u00e9e au Service \u00e0 la client\u00e8le. Les exemples de preuve de changement de nom comprennent un certificat de mariage, un jugement de divorce, une preuve de changement de nom l\u00e9gal et une pi\u00e8ce d\u2019identit\u00e9 mise \u00e0 jour, et une preuve de changement de nom sur le titre. Si vous souhaitez obtenir de plus amples renseignements, veuillez communiquer avec notre \u00e9quipe du Service \u00e0 la client\u00e8le au 1\u00a0877\u00a0903-2133.[\/vc_column_text][\/vc_tta_section][vc_tta_section title=&#8221;Comment puis-je modifier mon nom d\u2019utilisateur Home en ligne?&#8221; tab_id=&#8221;1670427740554-367d8f5e-a5a3&#8243;][vc_column_text]Votre nom d\u2019utilisateur est unique \u00e0 votre profil Home en ligne. Malheureusement, une fois votre nom d\u2019utilisateur cr\u00e9\u00e9, il ne peut pas \u00eatre modifi\u00e9 ult\u00e9rieurement.[\/vc_column_text][\/vc_tta_section][vc_tta_section title=&#8221;Comment puis-je cr\u00e9er des surnoms pour mes comptes?&#8221; tab_id=&#8221;1670427739669-49a56928-d696&#8243;][vc_column_text]1) S\u00e9lectionnez \u00ab\u2009Profil et param\u00e8tres\u2009\u00bb dans le menu principal. Sous \u00ab\u2009Renseignements sur le profil\u2009\u00bb, s\u00e9lectionnez \u00ab\u2009Personnaliser les comptes\u2009\u00bb.<\/p>\n<p>2) S\u00e9lectionnez l\u2019ic\u00f4ne \u00ab\u2009Modifier le nom\u2009\u00bb du nom du compte que vous souhaitez modifier.<\/p>\n<p>3) Saisissez un surnom de compte, puis cliquez sur \u00ab\u2009Enregistrer le nouveau nom du compte\u2009\u00bb.<\/p>\n<p>4) Cliquez ou appuyez sur le bouton \u00ab\u2009Enregistrer\u2009\u00bb au bas de l\u2019\u00e9cran pour enregistrer les mises \u00e0 jour.[\/vc_column_text][\/vc_tta_section][\/vc_tta_accordion][vc_raw_html]JTNDZGl2JTIwY2xhc3MlM0QlMjJpbmZvLWRpc2NsYWltZXIlMjIlM0UlQzMlODAlMjBsYSUyMENvbXBhZ25pZSUyMEhvbWUlMjBUcnVzdCUyQyUyMG5vdXMlMjB2b3VzJTIwYWNjb3Jkb25zJTIwdG91am91cnMlMjBsYSUyMHByaW9yaXQlQzMlQTkuJTIwU2klMjB2b3VzJTIwYXZleiUyMGJlc29pbiUyMGQlRTIlODAlOTlhaWRlJTJDJTIwdmV1aWxsZXolMjBjb21tdW5pcXVlciUyMGF2ZWMlMjBub3RyZSUyMCVDMyVBOXF1aXBlJTIwZHUlMjBTZXJ2aWNlJTIwJUMzJUEwJTIwbGElMjBjbGllbnQlQzMlQThsZSUyMGF1JUMyJUEwJTNDYSUyMGhyZWYlM0QlMjJ0ZWwlM0ExLTg3Ny05MDMtMjEzMyUyMiUzRTEtODc3LTkwMy0yMTMzJTNDJTJGYSUzRSUyQyUyMGR1JTIwbHVuZGklMjBhdSUyMHZlbmRyZWRpJTJDJTIwZGUlMjA4JUMyJUEwaCUyMCVDMyVBMCUyMDIwJUMyJUEwaCUyMCUyOEhORSUyOS4lMjBWb3VzJTIwcG91dmV6JTIwJUMzJUE5Z2FsZW1lbnQlMjBub3VzJTIwam9pbmRyZSUyMHBhciUyMGNvdXJyaWVsJTIwJUMzJUEwJTIwbCVFMiU4MCU5OWFkcmVzc2UlMjAlM0NhJTIwaHJlZiUzRCUyMm1haWx0byUzQWlucXVpcnkuaHRjJTQwaG9tZXRydXN0LmNhJTIyJTNFaW5xdWlyeS5odGMlNDBob21ldHJ1c3QuY2ElM0MlMkZhJTNFJUMyJUEwb3UlMjBub3VzJTIwZW52b3llciUyMHVuJTIwbWVzc2FnZSUyMHMlQzMlQTljdXJpcyVDMyVBOSUyMGRhbnMlMjBIb21lJTIwZW4lMjBsaWduZS4lM0MlMkZkaXYlM0UlMEE=[\/vc_raw_html][\/vc_column][vc_column width=&#8221;1\/4&#8243;][vc_column_text]<\/p>\n<h4><strong>Liens rapides<\/strong><\/h4>\n<p><a href=\"\/fr-ca\/homeenligne\/centre-daide\/a-propos-de-home-en-ligne\/\">\u00c0 propos de Home en ligne<\/a><\/p>\n<p><a href=\"\/fr-ca\/homeenligne\/centre-daide\/renseignements-sur-le-compte\/\">Renseignements sur le compte<\/a><\/p>\n<p><a href=\"\/fr-ca\/homeenligne\/centre-daide\/documents-et-releves\/\">Documents et relev\u00e9s<\/a><\/p>\n<p><a href=\"\/fr-ca\/homeenligne\/centre-daide\/securite\/\">Connexion, mot de passe et s\u00e9curit\u00e9<\/a><\/p>\n<p><a href=\"\/fr-ca\/homeenligne\/centre-daide\/notifications-et-messages\/\">Notifications et messages<\/a>[\/vc_column_text][\/vc_column][\/vc_row]<\/p>\n","protected":false},"excerpt":{"rendered":"<p>[vc_row full_width=&#8221;stretch_row&#8221; el_class=&#8221;search-section&#8221;][vc_column][vc_column_text]D\u00e9couvrez \u00e0 quel point il est facile de tenir vos renseignements personnels et vos coordonn\u00e9es \u00e0 jour, ainsi que de donner un surnom \u00e0 vos [&hellip;]<\/p>\n","protected":false},"author":23,"featured_media":0,"parent":11637,"menu_order":0,"comment_status":"closed","ping_status":"closed","template":"","meta":[],"yoast_head":"<!-- This site is optimized with the Yoast SEO Premium plugin v16.6 (Yoast SEO v16.6.1) - https:\/\/yoast.com\/wordpress\/plugins\/seo\/ -->\r\n<title>Renseignements sur le profil - Home Trust<\/title>\r\n<meta name=\"robots\" content=\"index, follow, max-snippet:-1, max-image-preview:large, max-video-preview:-1\" \/>\r\n<link rel=\"canonical\" href=\"https:\/\/www.hometrust.ca\/homeenligne\/centre-daide\/renseignements-sur-le-profil\/\" \/>\r\n<meta property=\"og:locale\" content=\"en_US\" \/>\r\n<meta property=\"og:type\" content=\"article\" \/>\r\n<meta property=\"og:title\" content=\"Renseignements sur le profil\" \/>\r\n<meta property=\"og:description\" content=\"[vc_row full_width=&#8221;stretch_row&#8221; el_class=&#8221;search-section&#8221;][vc_column][vc_column_text]D\u00e9couvrez \u00e0 quel point il est facile de tenir vos renseignements personnels et vos coordonn\u00e9es \u00e0 jour, ainsi que de donner un surnom \u00e0 vos [&hellip;]\" \/>\r\n<meta property=\"og:url\" content=\"https:\/\/www.hometrust.ca\/fr-ca\/homeenligne\/centre-daide\/renseignements-sur-le-profil\/\" \/>\r\n<meta property=\"og:site_name\" content=\"Home Trust\" \/>\r\n<meta property=\"article:modified_time\" content=\"2025-08-10T05:14:04+00:00\" \/>\r\n<meta name=\"twitter:card\" content=\"summary_large_image\" \/>\r\n<meta name=\"twitter:label1\" content=\"Est. reading time\" \/>\n\t<meta name=\"twitter:data1\" content=\"3 minutes\" \/>\r\n<script type=\"application\/ld+json\" class=\"yoast-schema-graph\">{\"@context\":\"https:\/\/schema.org\",\"@graph\":[{\"@type\":\"WebSite\",\"@id\":\"https:\/\/hometrust.ca\/#website\",\"url\":\"https:\/\/hometrust.ca\/\",\"name\":\"Home Trust\",\"description\":\"\",\"potentialAction\":[{\"@type\":\"SearchAction\",\"target\":{\"@type\":\"EntryPoint\",\"urlTemplate\":\"https:\/\/hometrust.ca\/?s={search_term_string}\"},\"query-input\":\"required name=search_term_string\"}],\"inLanguage\":\"en-US\"},{\"@type\":\"WebPage\",\"@id\":\"https:\/\/www.hometrust.ca\/fr-ca\/homeenligne\/centre-daide\/renseignements-sur-le-profil\/#webpage\",\"url\":\"https:\/\/www.hometrust.ca\/fr-ca\/homeenligne\/centre-daide\/renseignements-sur-le-profil\/\",\"name\":\"Renseignements sur le profil - Home Trust\",\"isPartOf\":{\"@id\":\"https:\/\/hometrust.ca\/#website\"},\"datePublished\":\"2025-08-09T20:38:25+00:00\",\"dateModified\":\"2025-08-10T05:14:04+00:00\",\"breadcrumb\":{\"@id\":\"https:\/\/www.hometrust.ca\/fr-ca\/homeenligne\/centre-daide\/renseignements-sur-le-profil\/#breadcrumb\"},\"inLanguage\":\"en-US\",\"potentialAction\":[{\"@type\":\"ReadAction\",\"target\":[\"https:\/\/www.hometrust.ca\/fr-ca\/homeenligne\/centre-daide\/renseignements-sur-le-profil\/\"]}]},{\"@type\":\"BreadcrumbList\",\"@id\":\"https:\/\/www.hometrust.ca\/fr-ca\/homeenligne\/centre-daide\/renseignements-sur-le-profil\/#breadcrumb\",\"itemListElement\":[{\"@type\":\"ListItem\",\"position\":1,\"name\":\"Home\",\"item\":\"https:\/\/www.hometrust.ca\/\"},{\"@type\":\"ListItem\",\"position\":2,\"name\":\"Home en ligne\",\"item\":\"https:\/\/www.hometrust.ca\/fr-ca\/homeenligne\/\"},{\"@type\":\"ListItem\",\"position\":3,\"name\":\"Centre d\\u2019aide\",\"item\":\"https:\/\/www.hometrust.ca\/fr-ca\/homeenligne\/centre-daide\/\"},{\"@type\":\"ListItem\",\"position\":4,\"name\":\"Renseignements sur le profil\"}]}]}<\/script>\r\n<!-- \/ Yoast SEO Premium plugin. -->","_links":{"self":[{"href":"https:\/\/www.hometrust.ca\/fr-ca\/wp-json\/wp\/v2\/pages\/11656\/"}],"collection":[{"href":"https:\/\/www.hometrust.ca\/fr-ca\/wp-json\/wp\/v2\/pages\/"}],"about":[{"href":"https:\/\/www.hometrust.ca\/fr-ca\/wp-json\/wp\/v2\/types\/page\/"}],"author":[{"embeddable":true,"href":"https:\/\/www.hometrust.ca\/fr-ca\/wp-json\/wp\/v2\/users\/23\/"}],"replies":[{"embeddable":true,"href":"https:\/\/www.hometrust.ca\/fr-ca\/wp-json\/wp\/v2\/comments\/?post=11656"}],"version-history":[{"count":2,"href":"https:\/\/www.hometrust.ca\/fr-ca\/wp-json\/wp\/v2\/pages\/11656\/revisions\/"}],"predecessor-version":[{"id":11658,"href":"https:\/\/www.hometrust.ca\/fr-ca\/wp-json\/wp\/v2\/pages\/11656\/revisions\/11658\/"}],"up":[{"embeddable":true,"href":"https:\/\/www.hometrust.ca\/fr-ca\/wp-json\/wp\/v2\/pages\/11637\/"}],"wp:attachment":[{"href":"https:\/\/www.hometrust.ca\/fr-ca\/wp-json\/wp\/v2\/media\/?parent=11656"}],"curies":[{"name":"wp","href":"https:\/\/api.w.org\/{rel}","templated":true}]}}