{"id":11659,"date":"2025-08-09T20:39:49","date_gmt":"2025-08-09T20:39:49","guid":{"rendered":"https:\/\/www.hometrust.ca\/?page_id=11659"},"modified":"2025-08-10T05:14:14","modified_gmt":"2025-08-10T05:14:14","slug":"renseignements-sur-le-compte","status":"publish","type":"page","link":"https:\/\/www.hometrust.ca\/fr-ca\/homeenligne\/centre-daide\/renseignements-sur-le-compte\/","title":{"rendered":"Renseignements sur le compte"},"content":{"rendered":"<p>[vc_row full_width=&#8221;stretch_row&#8221; el_class=&#8221;search-section&#8221;][vc_column][vc_column_text]Trouvez les r\u00e9ponses \u00e0 vos questions sur la fa\u00e7on de rester \u00e0 jour et de g\u00e9rer les d\u00e9tails de votre compte hypoth\u00e9caire.[\/vc_column_text][\/vc_column][\/vc_row][vc_row css=&#8221;.vc_custom_1670429508074{border-bottom-width: 40px !important;padding-top: 40px !important;}&#8221; el_class=&#8221;faq-section&#8221;][vc_column width=&#8221;3\/4&#8243;][vc_tta_accordion c_position=&#8221;right&#8221; active_section=&#8221;&#8221; collapsible_all=&#8221;true&#8221;][vc_tta_section title=&#8221;Comment consulter les d\u00e9tails de mon pr\u00eat hypoth\u00e9caire?&#8221; tab_id=&#8221;1670427650645-dd2b1203-9bf7&#8243;][vc_column_text]1) Naviguez jusqu\u2019\u00e0 \u00ab\u2009Comptes\u2009\u00bb dans le menu principal, puis cliquez sur \u00ab\u2009D\u00e9tails du compte\u2009\u00bb.<\/p>\n<p>2) S\u00e9lectionnez votre compte dans le carrousel pour consulter plus de d\u00e9tails sur votre pr\u00eat hypoth\u00e9caire.[\/vc_column_text][\/vc_tta_section][vc_tta_section title=&#8221;Comment imprimer ou t\u00e9l\u00e9charger le sommaire de mon compte hypoth\u00e9caire?&#8221; tab_id=&#8221;1670427741248-c873e269-46c0&#8243;][vc_column_text]1) Naviguez jusqu\u2019\u00e0 \u00ab\u2009Comptes\u2009\u00bb dans le menu principal, puis cliquez sur \u00ab\u2009D\u00e9tails du compte\u2009\u00bb.<\/p>\n<p>2) S\u00e9lectionnez votre compte dans le carrousel pour consulter plus de d\u00e9tails sur votre pr\u00eat hypoth\u00e9caire.<\/p>\n<p>3) Naviguez jusqu\u2019au bas de la page et s\u00e9lectionnez l\u2019ic\u00f4ne \u00ab\u2009Imprimer\u2009\u00bb ou l\u2019ic\u00f4ne \u00ab\u2009Exporter un PDF\u2009\u00bb pour t\u00e9l\u00e9charger le sommaire du compte.[\/vc_column_text][\/vc_tta_section][vc_tta_section title=&#8221;Puis-je modifier ma fr\u00e9quence des paiements \u00e0 l\u2019aide de Home en ligne?&#8221; tab_id=&#8221;1670427740554-367d8f5e-a5a3&#8243;][vc_column_text]Home en ligne pr\u00e9voit offrir cette fonction \u00e0 l\u2019avenir. Pour modifier votre fr\u00e9quence des paiements, appelez notre \u00e9quipe du Service \u00e0 la client\u00e8le au 1\u00a0877\u00a0903-2133.[\/vc_column_text][\/vc_tta_section][vc_tta_section title=&#8221;Puis-je consulter mon solde Visa Equityline sur Home en ligne?&#8221; tab_id=&#8221;1670427739669-49a56928-d696&#8243;][vc_column_text]Pour obtenir des renseignements sur votre compte Home Trust Equityline, veuillez visiter le <a href=\"https:\/\/www.ezcardinfo.com\/login.aspx?b=hometrust#\/\" target=\"_blank\" rel=\"noopener\">portail en ligne de Visa<\/a> pour vous inscrire ou vous connecter. Si vous avez des questions, veuillez composer le 1-877-727-6883 pour obtenir de l\u2019aide sur l\u2019acc\u00e8s en ligne.[\/vc_column_text][\/vc_tta_section][vc_tta_section title=&#8221;Si mon pr\u00eat hypoth\u00e9caire a \u00e9t\u00e9 pay\u00e9, puis-je toujours le consulter sur Home en ligne?&#8221; tab_id=&#8221;1670952172530-8313c144-7895&#8243;][vc_column_text]Une fois votre pr\u00eat hypoth\u00e9caire pay\u00e9, vous aurez acc\u00e8s \u00e0 votre \u00ab\u2009relev\u00e9s hypoth\u00e9caires annuels\u2009\u00bb et vous pourrez le t\u00e9l\u00e9charger pendant 12 mois par la suite.[\/vc_column_text][\/vc_tta_section][vc_tta_section title=&#8221;Puis-je effectuer des paiements suppl\u00e9mentaires sur mon pr\u00eat hypoth\u00e9caire par l\u2019interm\u00e9diaire de Home en ligne?&#8221; tab_id=&#8221;1670952171300-2175c0de-4776&#8243;][vc_column_text]Home en ligne pr\u00e9voit offrir cette fonction \u00e0 l\u2019avenir. Pour discuter d\u2019un paiement suppl\u00e9mentaire sur votre pr\u00eat hypoth\u00e9caire, veuillez communiquer avec notre \u00e9quipe du Service \u00e0 la client\u00e8le au 1\u00a0877\u00a0903-2133.[\/vc_column_text][\/vc_tta_section][\/vc_tta_accordion][vc_raw_html]JTNDZGl2JTIwY2xhc3MlM0QlMjJpbmZvLWRpc2NsYWltZXIlMjIlM0UlQzMlODAlMjBsYSUyMENvbXBhZ25pZSUyMEhvbWUlMjBUcnVzdCUyQyUyMG5vdXMlMjB2b3VzJTIwYWNjb3Jkb25zJTIwdG91am91cnMlMjBsYSUyMHByaW9yaXQlQzMlQTkuJTIwU2klMjB2b3VzJTIwYXZleiUyMGJlc29pbiUyMGQlRTIlODAlOTlhaWRlJTJDJTIwdmV1aWxsZXolMjBjb21tdW5pcXVlciUyMGF2ZWMlMjBub3RyZSUyMCVDMyVBOXF1aXBlJTIwZHUlMjBTZXJ2aWNlJTIwJUMzJUEwJTIwbGElMjBjbGllbnQlQzMlQThsZSUyMGF1JUMyJUEwJTNDYSUyMGhyZWYlM0QlMjJ0ZWwlM0ExLTg3Ny05MDMtMjEzMyUyMiUzRTEtODc3LTkwMy0yMTMzJTNDJTJGYSUzRSUyQyUyMGR1JTIwbHVuZGklMjBhdSUyMHZlbmRyZWRpJTJDJTIwZGUlMjA4JUMyJUEwaCUyMCVDMyVBMCUyMDIwJUMyJUEwaCUyMCUyOEhORSUyOS4lMjBWb3VzJTIwcG91dmV6JTIwJUMzJUE5Z2FsZW1lbnQlMjBub3VzJTIwam9pbmRyZSUyMHBhciUyMGNvdXJyaWVsJTIwJUMzJUEwJTIwbCVFMiU4MCU5OWFkcmVzc2UlMjAlM0NhJTIwaHJlZiUzRCUyMm1haWx0byUzQWlucXVpcnkuaHRjJTQwaG9tZXRydXN0LmNhJTIyJTNFaW5xdWlyeS5odGMlNDBob21ldHJ1c3QuY2ElM0MlMkZhJTNFJUMyJUEwb3UlMjBub3VzJTIwZW52b3llciUyMHVuJTIwbWVzc2FnZSUyMHMlQzMlQTljdXJpcyVDMyVBOSUyMGRhbnMlMjBIb21lJTIwZW4lMjBsaWduZS4lM0MlMkZkaXYlM0UlMEE=[\/vc_raw_html][\/vc_column][vc_column width=&#8221;1\/4&#8243;][vc_column_text]<\/p>\n<h4><strong>Liens rapides<\/strong><\/h4>\n<p><a href=\"\/fr-ca\/homeenligne\/centre-daide\/a-propos-de-home-en-ligne\/\">\u00c0 propos de Home en ligne<\/a><\/p>\n<p><a href=\"\/fr-ca\/homeenligne\/centre-daide\/renseignements-sur-le-profil\/\">Renseignements sur le profil<\/a><\/p>\n<p><a href=\"\/fr-ca\/homeenligne\/centre-daide\/documents-et-releves\/\">Documents et relev\u00e9s<\/a><\/p>\n<p><a href=\"\/fr-ca\/homeenligne\/centre-daide\/securite\/\">Connexion, mot de passe et s\u00e9curit\u00e9<\/a><\/p>\n<p><a href=\"\/fr-ca\/homeenligne\/centre-daide\/notifications-et-messages\/\">Notifications et messages<\/a>[\/vc_column_text][\/vc_column][\/vc_row]<\/p>\n","protected":false},"excerpt":{"rendered":"<p>[vc_row full_width=&#8221;stretch_row&#8221; el_class=&#8221;search-section&#8221;][vc_column][vc_column_text]Trouvez les r\u00e9ponses \u00e0 vos questions sur la fa\u00e7on de rester \u00e0 jour et de g\u00e9rer les d\u00e9tails de votre compte hypoth\u00e9caire.[\/vc_column_text][\/vc_column][\/vc_row][vc_row css=&#8221;.vc_custom_1670429508074{border-bottom-width: 40px !important;padding-top: [&hellip;]<\/p>\n","protected":false},"author":23,"featured_media":0,"parent":11637,"menu_order":0,"comment_status":"closed","ping_status":"closed","template":"","meta":[],"yoast_head":"<!-- This site is optimized with the Yoast SEO Premium plugin v16.6 (Yoast SEO v16.6.1) - https:\/\/yoast.com\/wordpress\/plugins\/seo\/ -->\r\n<title>Renseignements sur le compte - Home Trust<\/title>\r\n<meta name=\"robots\" content=\"index, follow, max-snippet:-1, max-image-preview:large, max-video-preview:-1\" \/>\r\n<link rel=\"canonical\" href=\"https:\/\/www.hometrust.ca\/homeenligne\/centre-daide\/renseignements-sur-le-compte\/\" \/>\r\n<meta property=\"og:locale\" content=\"en_US\" \/>\r\n<meta property=\"og:type\" content=\"article\" \/>\r\n<meta property=\"og:title\" content=\"Renseignements sur le compte\" \/>\r\n<meta property=\"og:description\" content=\"[vc_row full_width=&#8221;stretch_row&#8221; el_class=&#8221;search-section&#8221;][vc_column][vc_column_text]Trouvez les r\u00e9ponses \u00e0 vos questions sur la fa\u00e7on de rester \u00e0 jour et de g\u00e9rer les d\u00e9tails de votre compte hypoth\u00e9caire.[\/vc_column_text][\/vc_column][\/vc_row][vc_row css=&#8221;.vc_custom_1670429508074{border-bottom-width: 40px !important;padding-top: [&hellip;]\" \/>\r\n<meta property=\"og:url\" content=\"https:\/\/www.hometrust.ca\/fr-ca\/homeenligne\/centre-daide\/renseignements-sur-le-compte\/\" \/>\r\n<meta property=\"og:site_name\" content=\"Home Trust\" \/>\r\n<meta property=\"article:modified_time\" content=\"2025-08-10T05:14:14+00:00\" \/>\r\n<meta name=\"twitter:card\" content=\"summary_large_image\" \/>\r\n<meta name=\"twitter:label1\" content=\"Est. reading time\" \/>\n\t<meta name=\"twitter:data1\" content=\"3 minutes\" \/>\r\n<script type=\"application\/ld+json\" class=\"yoast-schema-graph\">{\"@context\":\"https:\/\/schema.org\",\"@graph\":[{\"@type\":\"WebSite\",\"@id\":\"https:\/\/hometrust.ca\/#website\",\"url\":\"https:\/\/hometrust.ca\/\",\"name\":\"Home Trust\",\"description\":\"\",\"potentialAction\":[{\"@type\":\"SearchAction\",\"target\":{\"@type\":\"EntryPoint\",\"urlTemplate\":\"https:\/\/hometrust.ca\/?s={search_term_string}\"},\"query-input\":\"required name=search_term_string\"}],\"inLanguage\":\"en-US\"},{\"@type\":\"WebPage\",\"@id\":\"https:\/\/www.hometrust.ca\/fr-ca\/homeenligne\/centre-daide\/renseignements-sur-le-compte\/#webpage\",\"url\":\"https:\/\/www.hometrust.ca\/fr-ca\/homeenligne\/centre-daide\/renseignements-sur-le-compte\/\",\"name\":\"Renseignements sur le compte - Home Trust\",\"isPartOf\":{\"@id\":\"https:\/\/hometrust.ca\/#website\"},\"datePublished\":\"2025-08-09T20:39:49+00:00\",\"dateModified\":\"2025-08-10T05:14:14+00:00\",\"breadcrumb\":{\"@id\":\"https:\/\/www.hometrust.ca\/fr-ca\/homeenligne\/centre-daide\/renseignements-sur-le-compte\/#breadcrumb\"},\"inLanguage\":\"en-US\",\"potentialAction\":[{\"@type\":\"ReadAction\",\"target\":[\"https:\/\/www.hometrust.ca\/fr-ca\/homeenligne\/centre-daide\/renseignements-sur-le-compte\/\"]}]},{\"@type\":\"BreadcrumbList\",\"@id\":\"https:\/\/www.hometrust.ca\/fr-ca\/homeenligne\/centre-daide\/renseignements-sur-le-compte\/#breadcrumb\",\"itemListElement\":[{\"@type\":\"ListItem\",\"position\":1,\"name\":\"Home\",\"item\":\"https:\/\/www.hometrust.ca\/\"},{\"@type\":\"ListItem\",\"position\":2,\"name\":\"Home en ligne\",\"item\":\"https:\/\/www.hometrust.ca\/fr-ca\/homeenligne\/\"},{\"@type\":\"ListItem\",\"position\":3,\"name\":\"Centre d\\u2019aide\",\"item\":\"https:\/\/www.hometrust.ca\/fr-ca\/homeenligne\/centre-daide\/\"},{\"@type\":\"ListItem\",\"position\":4,\"name\":\"Renseignements sur le compte\"}]}]}<\/script>\r\n<!-- \/ Yoast SEO Premium plugin. -->","_links":{"self":[{"href":"https:\/\/www.hometrust.ca\/fr-ca\/wp-json\/wp\/v2\/pages\/11659\/"}],"collection":[{"href":"https:\/\/www.hometrust.ca\/fr-ca\/wp-json\/wp\/v2\/pages\/"}],"about":[{"href":"https:\/\/www.hometrust.ca\/fr-ca\/wp-json\/wp\/v2\/types\/page\/"}],"author":[{"embeddable":true,"href":"https:\/\/www.hometrust.ca\/fr-ca\/wp-json\/wp\/v2\/users\/23\/"}],"replies":[{"embeddable":true,"href":"https:\/\/www.hometrust.ca\/fr-ca\/wp-json\/wp\/v2\/comments\/?post=11659"}],"version-history":[{"count":2,"href":"https:\/\/www.hometrust.ca\/fr-ca\/wp-json\/wp\/v2\/pages\/11659\/revisions\/"}],"predecessor-version":[{"id":11661,"href":"https:\/\/www.hometrust.ca\/fr-ca\/wp-json\/wp\/v2\/pages\/11659\/revisions\/11661\/"}],"up":[{"embeddable":true,"href":"https:\/\/www.hometrust.ca\/fr-ca\/wp-json\/wp\/v2\/pages\/11637\/"}],"wp:attachment":[{"href":"https:\/\/www.hometrust.ca\/fr-ca\/wp-json\/wp\/v2\/media\/?parent=11659"}],"curies":[{"name":"wp","href":"https:\/\/api.w.org\/{rel}","templated":true}]}}