{"id":11662,"date":"2025-08-09T20:42:11","date_gmt":"2025-08-09T20:42:11","guid":{"rendered":"https:\/\/www.hometrust.ca\/?page_id=11662"},"modified":"2025-08-10T05:14:24","modified_gmt":"2025-08-10T05:14:24","slug":"securite","status":"publish","type":"page","link":"https:\/\/www.hometrust.ca\/fr-ca\/homeenligne\/centre-daide\/securite\/","title":{"rendered":"Connexion, mot de passe et s\u00e9curit\u00e9"},"content":{"rendered":"<p>[vc_row full_width=&#8221;stretch_row&#8221; el_class=&#8221;search-section&#8221;][vc_column][vc_column_text]Votre s\u00e9curit\u00e9 compte pour nous. Trouvez de l\u2019information sur la fa\u00e7on de vous connecter \u00e0 Home en ligne et de g\u00e9rer votre mot de passe.[\/vc_column_text][\/vc_column][\/vc_row][vc_row css=&#8221;.vc_custom_1670429508074{border-bottom-width: 40px !important;padding-top: 40px !important;}&#8221; el_class=&#8221;faq-section&#8221;][vc_column width=&#8221;3\/4&#8243;][vc_tta_accordion c_position=&#8221;right&#8221; active_section=&#8221;&#8221; collapsible_all=&#8221;true&#8221;][vc_tta_section title=&#8221;Comment puis-je me connecter \u00e0 Home en ligne?&#8221; tab_id=&#8221;1670427650645-dd2b1203-9bf7&#8243;][vc_column_text]1) Acc\u00e9dez \u00e0 Home en ligne <a style=\"text-decoration: underline;\" href=\"https:\/\/qa2-homedigital-ib.hometrust.ca\/HTC\/SignIn.aspx\">ici<\/a>.<\/p>\n<p>2) S\u00e9lectionnez \u00ab\u2009Ouvrir une session\u2009\u00bb.<\/p>\n<p>3) Saisissez votre nom d\u2019utilisateur et s\u00e9lectionnez \u00ab\u2009Continuer\u2009\u00bb.<\/p>\n<p>4) Saisissez votre mot de passe et s\u00e9lectionnez \u00ab\u2009Ouvrir une session\u2009\u00bb.<\/p>\n<p>5) Si vous y \u00eates invit\u00e9, entrez le code de v\u00e9rification \u00e0 7 chiffres envoy\u00e9 \u00e0 votre appareil et s\u00e9lectionnez \u00ab\u2009Soumettre\u2009\u00bb.[\/vc_column_text][\/vc_tta_section][vc_tta_section title=&#8221;Comment puis-je modifier mon mot de passe?&#8221; tab_id=&#8221;1670427741248-c873e269-46c0&#8243;][vc_column_text]1) Naviguez jusqu\u2019\u00e0 \u00ab\u2009Profil et param\u00e8tres\u2009\u00bb dans le menu principal, sous \u00ab\u2009Mot de passe et s\u00e9curit\u00e9\u2009\u00bb, s\u00e9lectionnez \u00ab\u2009Modifier le mot de passe\u2009\u00bb dans le menu.<\/p>\n<p>2) Veuillez saisir votre mot de passe actuel.<\/p>\n<p>3) Vous serez invit\u00e9 \u00e0 saisir votre nouveau mot de passe deux\u00a0fois. Assurez-vous qu\u2019il est conforme \u00e0 la politique de mot de passe \u00e0 l\u2019\u00e9cran.<\/p>\n<p>4) Cliquez sur \u00ab\u2009Continuer\u2009\u00bb pour confirmer votre nouveau mot de passe.<\/p>\n<p>5) Cliquez de nouveau sur \u00ab\u2009Continuer\u2009\u00bb pour mettre \u00e0 jour votre mot de passe.[\/vc_column_text][\/vc_tta_section][vc_tta_section title=&#8221;Comment puis-je r\u00e9cup\u00e9rer mon mot de passe Home en ligne?&#8221; tab_id=&#8221;1670427740554-367d8f5e-a5a3&#8243;][vc_column_text]<strong>Option 1:<\/strong><\/p>\n<p>1) Cliquez sur le bouton \u00ab\u2009Ouvrir une session \u00bb.<\/p>\n<p>2) Saisissez votre nom d\u2019utilisateur et cliquez sur le bouton \u00ab\u2009Continuer\u2009\u00bb.<\/p>\n<p>3) S\u00e9lectionnez le lien \u00ab\u2009Mot de passe oubli\u00e9?\u2009\u00bb.<\/p>\n<p>4) Vous serez invit\u00e9 \u00e0 saisir votre nom d\u2019utilisateur Home en ligne et l\u2019adresse courriel qui figure dans les dossiers de Home Trust.<\/p>\n<p>5) Cliquez sur le lien de r\u00e9cup\u00e9ration du mot de passe dans le courriel que vous aurez re\u00e7u; notez que ce lien expire dans les 60\u00a0minutes.<\/p>\n<p>6) Vous serez redirig\u00e9 vers l\u2019\u00e9cran de r\u00e9cup\u00e9ration du mot de passe Home en ligne.<\/p>\n<p>7) Entrez le code de v\u00e9rification \u00e0 sept\u00a0chiffres que vous aurez re\u00e7u par SMS.<\/p>\n<p>8) Vous serez invit\u00e9 \u00e0 saisir votre nouveau mot de passe deux\u00a0fois. Assurez-vous qu\u2019il est conforme \u00e0 la politique de mot de passe \u00e0 l\u2019\u00e9cran.<\/p>\n<p>9) Cliquez sur le bouton \u00ab\u2009Modifier le mot de passe\u2009\u00bb.<\/p>\n<p><strong>Option 2:<\/strong><\/p>\n<p>Vous pouvez communiquer avec le Service \u00e0 la client\u00e8le au 1-877-903-2133 pour obtenir de l\u2019aide.[\/vc_column_text][\/vc_tta_section][vc_tta_section title=&#8221;Mon profil Home en ligne est actuellement verrouill\u00e9 en raison de plusieurs tentatives infructueuses. Que dois-je faire?&#8221; tab_id=&#8221;1670427739669-49a56928-d696&#8243;][vc_column_text]Si votre profil Home en ligne est verrouill\u00e9, vous pouvez r\u00e9cup\u00e9rer votre mot de passe en s\u00e9lectionnant \u00ab\u2009Mot de passe oubli\u00e9?\u2009\u00bb \u00e0 partir de l\u2019\u00e9cran de connexion.<\/p>\n<p>Vous pouvez \u00e9galement appeler notre \u00e9quipe du Service \u00e0 la client\u00e8le au 1\u00a0877\u00a0903-2133.[\/vc_column_text][\/vc_tta_section][vc_tta_section title=&#8221;Comment puis-je modifier mes pr\u00e9f\u00e9rences de livraison pour la v\u00e9rification en deux \u00e9tapes?&#8221; tab_id=&#8221;1723045143704-b9e0cd87-00d2&#8243;][vc_column_text]<strong>Sur le bureau :<\/strong><\/p>\n<p>1) Naviguez jusqu\u2019\u00e0 \u00ab\u2009Profil et param\u00e8tres\u2009\u00bb dans le menu principal, sous \u00ab\u2009Mot de passe et s\u00e9curit\u00e9\u2009\u00bb, s\u00e9lectionnez \u00ab\u2009V\u00e9rification en deux \u00e9tapes\u2009\u00bb dans le menu.<\/p>\n<p>2) Veuillez s\u00e9lectionner la m\u00e9thode par laquelle vous souhaitez recevoir votre code de v\u00e9rification.<\/p>\n<p>3) Passez en revue et mettez \u00e0 jour vos coordonn\u00e9es<\/p>\n<p>4) S\u00e9lectionnez \u00ab\u2009Enregistrer les pr\u00e9f\u00e9rences\u2009\u00bb.[\/vc_column_text][\/vc_tta_section][vc_tta_section title=&#8221;Que faire si je ne re\u00e7ois pas mon code de v\u00e9rification en deux \u00e9tapes?&#8221; tab_id=&#8221;1725045305416-e53c6593-6b35&#8243;][vc_column_text]<\/p>\n<ul>\n<li>Si votre pr\u00e9f\u00e9rence \u00e9tait de recevoir le code par courriel:<\/li>\n<\/ul>\n<p>1) Si vous ne trouvez pas le code dans votre bo\u00eete de r\u00e9ception, v\u00e9rifiez votre dossier de courrier ind\u00e9sirable.<\/p>\n<p>2) Confirmez que le courriel <a style=\"text-decoration: underline;\" href=\"mailto:inquiry.htc@hometrust.ca\">inquiry.htc@hometrust.ca<\/a> figure sur votre liste d\u2019exp\u00e9diteurs s\u00e9curitaires.<\/p>\n<p>3) S\u00e9lectionnez le lien \u00ab\u2009Renvoyer un code\u2009\u00bb sur la page de v\u00e9rification de l\u2019identit\u00e9.<\/p>\n<p>4) Vous pouvez \u00e9galement s\u00e9lectionner l\u2019une des options de rechange sur la page de v\u00e9rification de l\u2019identit\u00e9 pour recevoir un nouveau code.<\/p>\n<p>&nbsp;<\/p>\n<ul>\n<li>Si vous pr\u00e9f\u00e9rez recevoir votre code par message texte:<\/li>\n<\/ul>\n<p>1) Si vous ne trouvez pas le code dans vos messages t\u00e9l\u00e9phoniques, v\u00e9rifiez votre dossier de messages ind\u00e9sirables.<\/p>\n<p>2) S\u00e9lectionnez le lien \u00ab\u2009Renvoyer un code\u2009\u00bb sur la page de v\u00e9rification de l\u2019identit\u00e9.<\/p>\n<p>3) Vous pouvez \u00e9galement s\u00e9lectionner l\u2019une des options de rechange sur la page de v\u00e9rification de l\u2019identit\u00e9 pour recevoir un nouveau code.<\/p>\n<p>&nbsp;<\/p>\n<ul>\n<li>Si votre pr\u00e9f\u00e9rence \u00e9tait de recevoir votre code par appel t\u00e9l\u00e9phonique:<\/li>\n<\/ul>\n<p>1) Si vous n\u2019avez pas re\u00e7u votre code par appel t\u00e9l\u00e9phonique, v\u00e9rifiez la connexion au r\u00e9seau de votre t\u00e9l\u00e9phone.<\/p>\n<p>2) S\u00e9lectionnez le lien \u00ab\u2009Renvoyer un code\u2009\u00bb sur la page de v\u00e9rification de l\u2019identit\u00e9.<\/p>\n<p>3) Vous pouvez \u00e9galement s\u00e9lectionner l\u2019une des options de rechange sur la page de v\u00e9rification de l\u2019identit\u00e9 pour recevoir un nouveau code.<\/p>\n<p>&nbsp;<\/p>\n<p>Si vous n\u2019avez toujours pas re\u00e7u votre code de v\u00e9rification en deux \u00e9tapes, veuillez communiquer avec nous pour obtenir de l\u2019aide.[\/vc_column_text][\/vc_tta_section][\/vc_tta_accordion][vc_raw_html]JTNDZGl2JTIwY2xhc3MlM0QlMjJpbmZvLWRpc2NsYWltZXIlMjIlM0UlQzMlODAlMjBsYSUyMENvbXBhZ25pZSUyMEhvbWUlMjBUcnVzdCUyQyUyMG5vdXMlMjB2b3VzJTIwYWNjb3Jkb25zJTIwdG91am91cnMlMjBsYSUyMHByaW9yaXQlQzMlQTkuJTIwU2klMjB2b3VzJTIwYXZleiUyMGJlc29pbiUyMGQlRTIlODAlOTlhaWRlJTJDJTIwdmV1aWxsZXolMjBjb21tdW5pcXVlciUyMGF2ZWMlMjBub3RyZSUyMCVDMyVBOXF1aXBlJTIwZHUlMjBTZXJ2aWNlJTIwJUMzJUEwJTIwbGElMjBjbGllbnQlQzMlQThsZSUyMGF1JUMyJUEwJTNDYSUyMGhyZWYlM0QlMjJ0ZWwlM0ExLTg3Ny05MDMtMjEzMyUyMiUzRTEtODc3LTkwMy0yMTMzJTNDJTJGYSUzRSUyQyUyMGR1JTIwbHVuZGklMjBhdSUyMHZlbmRyZWRpJTJDJTIwZGUlMjA4JUMyJUEwaCUyMCVDMyVBMCUyMDIwJUMyJUEwaCUyMCUyOEhORSUyOS4lMjBWb3VzJTIwcG91dmV6JTIwJUMzJUE5Z2FsZW1lbnQlMjBub3VzJTIwam9pbmRyZSUyMHBhciUyMGNvdXJyaWVsJTIwJUMzJUEwJTIwbCVFMiU4MCU5OWFkcmVzc2UlMjAlM0NhJTIwaHJlZiUzRCUyMm1haWx0byUzQWlucXVpcnkuaHRjJTQwaG9tZXRydXN0LmNhJTIyJTNFaW5xdWlyeS5odGMlNDBob21ldHJ1c3QuY2ElM0MlMkZhJTNFJUMyJUEwb3UlMjBub3VzJTIwZW52b3llciUyMHVuJTIwbWVzc2FnZSUyMHMlQzMlQTljdXJpcyVDMyVBOSUyMGRhbnMlMjBIb21lJTIwZW4lMjBsaWduZS4lM0MlMkZkaXYlM0UlMEE=[\/vc_raw_html][\/vc_column][vc_column width=&#8221;1\/4&#8243;][vc_column_text]<\/p>\n<h4><strong>Liens rapides<\/strong><\/h4>\n<p><a href=\"\/fr-ca\/homeenligne\/centre-daide\/a-propos-de-home-en-ligne\/\">\u00c0 propos de Home en ligne<\/a><\/p>\n<p><a href=\"\/fr-ca\/homeenligne\/centre-daide\/renseignements-sur-le-profil\/\">Renseignements sur le profil<\/a><\/p>\n<p><a href=\"\/fr-ca\/homeenligne\/centre-daide\/renseignements-sur-le-compte\/\">Renseignements sur le compte<\/a><\/p>\n<p><a href=\"\/fr-ca\/homeenligne\/centre-daide\/documents-et-releves\/\">Documents et relev\u00e9s<\/a><\/p>\n<p><a href=\"\/fr-ca\/homeenligne\/centre-daide\/notifications-et-messages\/\">Notifications et messages<\/a>[\/vc_column_text][\/vc_column][\/vc_row]<\/p>\n","protected":false},"excerpt":{"rendered":"<p>[vc_row full_width=&#8221;stretch_row&#8221; el_class=&#8221;search-section&#8221;][vc_column][vc_column_text]Votre s\u00e9curit\u00e9 compte pour nous. Trouvez de l\u2019information sur la fa\u00e7on de vous connecter \u00e0 Home en ligne et de g\u00e9rer votre mot de passe.[\/vc_column_text][\/vc_column][\/vc_row][vc_row [&hellip;]<\/p>\n","protected":false},"author":23,"featured_media":0,"parent":11637,"menu_order":0,"comment_status":"closed","ping_status":"closed","template":"","meta":[],"yoast_head":"<!-- This site is optimized with the Yoast SEO Premium plugin v16.6 (Yoast SEO v16.6.1) - https:\/\/yoast.com\/wordpress\/plugins\/seo\/ -->\r\n<title>Connexion, mot de passe et s\u00e9curit\u00e9 - Home Trust<\/title>\r\n<meta name=\"robots\" content=\"index, follow, max-snippet:-1, max-image-preview:large, max-video-preview:-1\" \/>\r\n<link rel=\"canonical\" href=\"https:\/\/www.hometrust.ca\/homeenligne\/centre-daide\/securite\/\" \/>\r\n<meta property=\"og:locale\" content=\"en_US\" \/>\r\n<meta property=\"og:type\" content=\"article\" \/>\r\n<meta property=\"og:title\" content=\"Connexion, mot de passe et s\u00e9curit\u00e9\" \/>\r\n<meta property=\"og:description\" content=\"[vc_row full_width=&#8221;stretch_row&#8221; el_class=&#8221;search-section&#8221;][vc_column][vc_column_text]Votre s\u00e9curit\u00e9 compte pour nous. Trouvez de l\u2019information sur la fa\u00e7on de vous connecter \u00e0 Home en ligne et de g\u00e9rer votre mot de passe.[\/vc_column_text][\/vc_column][\/vc_row][vc_row [&hellip;]\" \/>\r\n<meta property=\"og:url\" content=\"https:\/\/www.hometrust.ca\/fr-ca\/homeenligne\/centre-daide\/securite\/\" \/>\r\n<meta property=\"og:site_name\" content=\"Home Trust\" \/>\r\n<meta property=\"article:modified_time\" content=\"2025-08-10T05:14:24+00:00\" \/>\r\n<meta name=\"twitter:card\" content=\"summary_large_image\" \/>\r\n<meta name=\"twitter:label1\" content=\"Est. reading time\" \/>\n\t<meta name=\"twitter:data1\" content=\"6 minutes\" \/>\r\n<script type=\"application\/ld+json\" class=\"yoast-schema-graph\">{\"@context\":\"https:\/\/schema.org\",\"@graph\":[{\"@type\":\"WebSite\",\"@id\":\"https:\/\/hometrust.ca\/#website\",\"url\":\"https:\/\/hometrust.ca\/\",\"name\":\"Home Trust\",\"description\":\"\",\"potentialAction\":[{\"@type\":\"SearchAction\",\"target\":{\"@type\":\"EntryPoint\",\"urlTemplate\":\"https:\/\/hometrust.ca\/?s={search_term_string}\"},\"query-input\":\"required name=search_term_string\"}],\"inLanguage\":\"en-US\"},{\"@type\":\"WebPage\",\"@id\":\"https:\/\/www.hometrust.ca\/fr-ca\/homeenligne\/centre-daide\/securite\/#webpage\",\"url\":\"https:\/\/www.hometrust.ca\/fr-ca\/homeenligne\/centre-daide\/securite\/\",\"name\":\"Connexion, mot de passe et s\\u00e9curit\\u00e9 - Home Trust\",\"isPartOf\":{\"@id\":\"https:\/\/hometrust.ca\/#website\"},\"datePublished\":\"2025-08-09T20:42:11+00:00\",\"dateModified\":\"2025-08-10T05:14:24+00:00\",\"breadcrumb\":{\"@id\":\"https:\/\/www.hometrust.ca\/fr-ca\/homeenligne\/centre-daide\/securite\/#breadcrumb\"},\"inLanguage\":\"en-US\",\"potentialAction\":[{\"@type\":\"ReadAction\",\"target\":[\"https:\/\/www.hometrust.ca\/fr-ca\/homeenligne\/centre-daide\/securite\/\"]}]},{\"@type\":\"BreadcrumbList\",\"@id\":\"https:\/\/www.hometrust.ca\/fr-ca\/homeenligne\/centre-daide\/securite\/#breadcrumb\",\"itemListElement\":[{\"@type\":\"ListItem\",\"position\":1,\"name\":\"Home\",\"item\":\"https:\/\/www.hometrust.ca\/\"},{\"@type\":\"ListItem\",\"position\":2,\"name\":\"Home en ligne\",\"item\":\"https:\/\/www.hometrust.ca\/fr-ca\/homeenligne\/\"},{\"@type\":\"ListItem\",\"position\":3,\"name\":\"Centre d\\u2019aide\",\"item\":\"https:\/\/www.hometrust.ca\/fr-ca\/homeenligne\/centre-daide\/\"},{\"@type\":\"ListItem\",\"position\":4,\"name\":\"Connexion, mot de passe et s\\u00e9curit\\u00e9\"}]}]}<\/script>\r\n<!-- \/ Yoast SEO Premium plugin. -->","_links":{"self":[{"href":"https:\/\/www.hometrust.ca\/fr-ca\/wp-json\/wp\/v2\/pages\/11662\/"}],"collection":[{"href":"https:\/\/www.hometrust.ca\/fr-ca\/wp-json\/wp\/v2\/pages\/"}],"about":[{"href":"https:\/\/www.hometrust.ca\/fr-ca\/wp-json\/wp\/v2\/types\/page\/"}],"author":[{"embeddable":true,"href":"https:\/\/www.hometrust.ca\/fr-ca\/wp-json\/wp\/v2\/users\/23\/"}],"replies":[{"embeddable":true,"href":"https:\/\/www.hometrust.ca\/fr-ca\/wp-json\/wp\/v2\/comments\/?post=11662"}],"version-history":[{"count":2,"href":"https:\/\/www.hometrust.ca\/fr-ca\/wp-json\/wp\/v2\/pages\/11662\/revisions\/"}],"predecessor-version":[{"id":11664,"href":"https:\/\/www.hometrust.ca\/fr-ca\/wp-json\/wp\/v2\/pages\/11662\/revisions\/11664\/"}],"up":[{"embeddable":true,"href":"https:\/\/www.hometrust.ca\/fr-ca\/wp-json\/wp\/v2\/pages\/11637\/"}],"wp:attachment":[{"href":"https:\/\/www.hometrust.ca\/fr-ca\/wp-json\/wp\/v2\/media\/?parent=11662"}],"curies":[{"name":"wp","href":"https:\/\/api.w.org\/{rel}","templated":true}]}}