{"id":11665,"date":"2025-08-09T20:43:41","date_gmt":"2025-08-09T20:43:41","guid":{"rendered":"https:\/\/www.hometrust.ca\/?page_id=11665"},"modified":"2025-08-10T05:14:35","modified_gmt":"2025-08-10T05:14:35","slug":"documents-et-releves","status":"publish","type":"page","link":"https:\/\/www.hometrust.ca\/fr-ca\/homeenligne\/centre-daide\/documents-et-releves\/","title":{"rendered":"Documents et relev\u00e9s"},"content":{"rendered":"<p>[vc_row full_width=&#8221;stretch_row&#8221; el_class=&#8221;search-section&#8221;][vc_column][vc_column_text]Apprenez-en davantage sur la fa\u00e7on d\u2019acc\u00e9der \u00e0 vos documents et \u00e0 vos relev\u00e9s par l\u2019interm\u00e9diaire de Home en ligne.[\/vc_column_text][\/vc_column][\/vc_row][vc_row css=&#8221;.vc_custom_1670429508074{border-bottom-width: 40px !important;padding-top: 40px !important;}&#8221; el_class=&#8221;faq-section&#8221;][vc_column width=&#8221;3\/4&#8243;][vc_tta_accordion c_position=&#8221;right&#8221; active_section=&#8221;&#8221; collapsible_all=&#8221;true&#8221;][vc_tta_section title=&#8221;Quels documents puis-je demander dans Home en ligne?&#8221; tab_id=&#8221;1670427650645-dd2b1203-9bf7&#8243;][vc_column_text]Les documents suivants peuvent \u00eatre demand\u00e9s dans Home en ligne\u00a0:<\/p>\n<p>&#8211; Calendrier d\u2019amortissement<\/p>\n<p>&#8211; Relev\u00e9 hypoth\u00e9caire annuel<\/p>\n<p>&#8211; Relev\u00e9 d\u2019information<\/p>\n<p>&#8211; Lettre de bienvenue[\/vc_column_text][\/vc_tta_section][vc_tta_section title=&#8221;Comment demander mes documents hypoth\u00e9caires?&#8221; tab_id=&#8221;1670427741248-c873e269-46c0&#8243;][vc_column_text]1) Naviguez jusqu\u2019\u00e0 \u00ab\u2009Documents num\u00e9riques\u2009\u00bb dans le menu principal et s\u00e9lectionnez \u00ab\u2009Demander un document\u2009\u00bb.<\/p>\n<p>2) \u00c0 partir de la liste d\u00e9roulante, s\u00e9lectionnez le compte hypoth\u00e9caire pour lequel vous voulez le document.<\/p>\n<p>3) Choisissez votre type de document \u00e0 partir de la liste d\u00e9roulante et fournissez les renseignements requis.<\/p>\n<p>4) S\u00e9lectionnez votre m\u00e9thode pr\u00e9f\u00e9r\u00e9e pour recevoir le document et cliquez ou appuyez sur \u00ab\u2009Continuer\u2009\u00bb.[\/vc_column_text][\/vc_tta_section][vc_tta_section title=&#8221;Y a-t-il des frais pour demander un document?&#8221; tab_id=&#8221;1670427740554-367d8f5e-a5a3&#8243;][vc_column_text]Des frais peuvent \u00eatre associ\u00e9s en fonction du type de document que vous demandez.[\/vc_column_text][\/vc_tta_section][vc_tta_section title=&#8221;Comment consulter mon relev\u00e9 hypoth\u00e9caire annuel?&#8221; tab_id=&#8221;1670427739669-49a56928-d696&#8243;][vc_column_text]Pour consulter vos relev\u00e9s hypoth\u00e9caires annuels \u00e0 partir de 2022, naviguez jusqu\u2019\u00e0 \u00ab\u2009Documents num\u00e9riques\u2009\u00bb dans le menu principal et s\u00e9lectionnez \u00ab\u2009Voir\u00a0les documents\u2009\u00bb. Vous pouvez ensuite t\u00e9l\u00e9charger votre relev\u00e9 pour en enregistrer une copie.<\/p>\n<p>Pour les relev\u00e9s hypoth\u00e9caires annuels ant\u00e9rieurs \u00e0 2022, il suffit de soumettre une demande par l\u2019entremise de Home en ligne en visitant la page \u00ab\u2009Demander un document\u2009\u00bb.[\/vc_column_text][\/vc_tta_section][vc_tta_section title=&#8221;Comment saurai-je quand mon relev\u00e9 hypoth\u00e9caire annuel sera disponible?&#8221; tab_id=&#8221;1702483284001-10b203bd-3790&#8243;][vc_column_text]Vous recevrez un courriel vous informant que votre relev\u00e9 hypoth\u00e9caire annuel est pr\u00eat \u00e0 \u00eatre t\u00e9l\u00e9charg\u00e9 sur Home en ligne.[\/vc_column_text][\/vc_tta_section][\/vc_tta_accordion][vc_raw_html]JTNDZGl2JTIwY2xhc3MlM0QlMjJpbmZvLWRpc2NsYWltZXIlMjIlM0UlQzMlODAlMjBsYSUyMENvbXBhZ25pZSUyMEhvbWUlMjBUcnVzdCUyQyUyMG5vdXMlMjB2b3VzJTIwYWNjb3Jkb25zJTIwdG91am91cnMlMjBsYSUyMHByaW9yaXQlQzMlQTkuJTIwU2klMjB2b3VzJTIwYXZleiUyMGJlc29pbiUyMGQlRTIlODAlOTlhaWRlJTJDJTIwdmV1aWxsZXolMjBjb21tdW5pcXVlciUyMGF2ZWMlMjBub3RyZSUyMCVDMyVBOXF1aXBlJTIwZHUlMjBTZXJ2aWNlJTIwJUMzJUEwJTIwbGElMjBjbGllbnQlQzMlQThsZSUyMGF1JUMyJUEwJTNDYSUyMGhyZWYlM0QlMjJ0ZWwlM0ExLTg3Ny05MDMtMjEzMyUyMiUzRTEtODc3LTkwMy0yMTMzJTNDJTJGYSUzRSUyQyUyMGR1JTIwbHVuZGklMjBhdSUyMHZlbmRyZWRpJTJDJTIwZGUlMjA4JUMyJUEwaCUyMCVDMyVBMCUyMDIwJUMyJUEwaCUyMCUyOEhORSUyOS4lMjBWb3VzJTIwcG91dmV6JTIwJUMzJUE5Z2FsZW1lbnQlMjBub3VzJTIwam9pbmRyZSUyMHBhciUyMGNvdXJyaWVsJTIwJUMzJUEwJTIwbCVFMiU4MCU5OWFkcmVzc2UlMjAlM0NhJTIwaHJlZiUzRCUyMm1haWx0byUzQWlucXVpcnkuaHRjJTQwaG9tZXRydXN0LmNhJTIyJTNFaW5xdWlyeS5odGMlNDBob21ldHJ1c3QuY2ElM0MlMkZhJTNFJUMyJUEwb3UlMjBub3VzJTIwZW52b3llciUyMHVuJTIwbWVzc2FnZSUyMHMlQzMlQTljdXJpcyVDMyVBOSUyMGRhbnMlMjBIb21lJTIwZW4lMjBsaWduZS4lM0MlMkZkaXYlM0U=[\/vc_raw_html][\/vc_column][vc_column width=&#8221;1\/4&#8243;][vc_column_text]<\/p>\n<h4><strong>Liens rapides<\/strong><\/h4>\n<p><a href=\"\/fr-ca\/homeenligne\/centre-daide\/a-propos-de-home-en-ligne\/\">\u00c0 propos de Home en ligne<\/a><\/p>\n<p><a href=\"\/fr-ca\/homeenligne\/centre-daide\/renseignements-sur-le-profil\/\">Renseignements sur le profil<\/a><\/p>\n<p><a href=\"\/fr-ca\/homeenligne\/centre-daide\/renseignements-sur-le-compte\/\">Renseignements sur le compte<\/a><\/p>\n<p><a href=\"\/fr-ca\/homeenligne\/centre-daide\/securite\/\">Connexion, mot de passe et s\u00e9curit\u00e9<\/a><\/p>\n<p><a href=\"\/fr-ca\/homeenligne\/centre-daide\/notifications-et-messages\/\">Notifications et messages<\/a>[\/vc_column_text][\/vc_column][\/vc_row]<\/p>\n","protected":false},"excerpt":{"rendered":"<p>[vc_row full_width=&#8221;stretch_row&#8221; el_class=&#8221;search-section&#8221;][vc_column][vc_column_text]Apprenez-en davantage sur la fa\u00e7on d\u2019acc\u00e9der \u00e0 vos documents et \u00e0 vos relev\u00e9s par l\u2019interm\u00e9diaire de Home en ligne.[\/vc_column_text][\/vc_column][\/vc_row][vc_row css=&#8221;.vc_custom_1670429508074{border-bottom-width: 40px !important;padding-top: 40px !important;}&#8221; el_class=&#8221;faq-section&#8221;][vc_column [&hellip;]<\/p>\n","protected":false},"author":23,"featured_media":0,"parent":11637,"menu_order":0,"comment_status":"closed","ping_status":"closed","template":"","meta":[],"yoast_head":"<!-- This site is optimized with the Yoast SEO Premium plugin v16.6 (Yoast SEO v16.6.1) - https:\/\/yoast.com\/wordpress\/plugins\/seo\/ -->\r\n<title>Documents et relev\u00e9s - Home Trust<\/title>\r\n<meta name=\"robots\" content=\"index, follow, max-snippet:-1, max-image-preview:large, max-video-preview:-1\" \/>\r\n<link rel=\"canonical\" href=\"https:\/\/www.hometrust.ca\/homeenligne\/centre-daide\/documents-et-releves\/\" \/>\r\n<meta property=\"og:locale\" content=\"en_US\" \/>\r\n<meta property=\"og:type\" content=\"article\" \/>\r\n<meta property=\"og:title\" content=\"Documents et relev\u00e9s\" \/>\r\n<meta property=\"og:description\" content=\"[vc_row full_width=&#8221;stretch_row&#8221; el_class=&#8221;search-section&#8221;][vc_column][vc_column_text]Apprenez-en davantage sur la fa\u00e7on d\u2019acc\u00e9der \u00e0 vos documents et \u00e0 vos relev\u00e9s par l\u2019interm\u00e9diaire de Home en ligne.[\/vc_column_text][\/vc_column][\/vc_row][vc_row css=&#8221;.vc_custom_1670429508074{border-bottom-width: 40px !important;padding-top: 40px !important;}&#8221; el_class=&#8221;faq-section&#8221;][vc_column [&hellip;]\" \/>\r\n<meta property=\"og:url\" content=\"https:\/\/www.hometrust.ca\/fr-ca\/homeenligne\/centre-daide\/documents-et-releves\/\" \/>\r\n<meta property=\"og:site_name\" content=\"Home Trust\" \/>\r\n<meta property=\"article:modified_time\" content=\"2025-08-10T05:14:35+00:00\" \/>\r\n<meta name=\"twitter:card\" content=\"summary_large_image\" \/>\r\n<meta name=\"twitter:label1\" content=\"Est. reading time\" \/>\n\t<meta name=\"twitter:data1\" content=\"3 minutes\" \/>\r\n<script type=\"application\/ld+json\" class=\"yoast-schema-graph\">{\"@context\":\"https:\/\/schema.org\",\"@graph\":[{\"@type\":\"WebSite\",\"@id\":\"https:\/\/hometrust.ca\/#website\",\"url\":\"https:\/\/hometrust.ca\/\",\"name\":\"Home Trust\",\"description\":\"\",\"potentialAction\":[{\"@type\":\"SearchAction\",\"target\":{\"@type\":\"EntryPoint\",\"urlTemplate\":\"https:\/\/hometrust.ca\/?s={search_term_string}\"},\"query-input\":\"required name=search_term_string\"}],\"inLanguage\":\"en-US\"},{\"@type\":\"WebPage\",\"@id\":\"https:\/\/www.hometrust.ca\/fr-ca\/homeenligne\/centre-daide\/documents-et-releves\/#webpage\",\"url\":\"https:\/\/www.hometrust.ca\/fr-ca\/homeenligne\/centre-daide\/documents-et-releves\/\",\"name\":\"Documents et relev\\u00e9s - Home Trust\",\"isPartOf\":{\"@id\":\"https:\/\/hometrust.ca\/#website\"},\"datePublished\":\"2025-08-09T20:43:41+00:00\",\"dateModified\":\"2025-08-10T05:14:35+00:00\",\"breadcrumb\":{\"@id\":\"https:\/\/www.hometrust.ca\/fr-ca\/homeenligne\/centre-daide\/documents-et-releves\/#breadcrumb\"},\"inLanguage\":\"en-US\",\"potentialAction\":[{\"@type\":\"ReadAction\",\"target\":[\"https:\/\/www.hometrust.ca\/fr-ca\/homeenligne\/centre-daide\/documents-et-releves\/\"]}]},{\"@type\":\"BreadcrumbList\",\"@id\":\"https:\/\/www.hometrust.ca\/fr-ca\/homeenligne\/centre-daide\/documents-et-releves\/#breadcrumb\",\"itemListElement\":[{\"@type\":\"ListItem\",\"position\":1,\"name\":\"Home\",\"item\":\"https:\/\/www.hometrust.ca\/\"},{\"@type\":\"ListItem\",\"position\":2,\"name\":\"Home en ligne\",\"item\":\"https:\/\/www.hometrust.ca\/fr-ca\/homeenligne\/\"},{\"@type\":\"ListItem\",\"position\":3,\"name\":\"Centre d\\u2019aide\",\"item\":\"https:\/\/www.hometrust.ca\/fr-ca\/homeenligne\/centre-daide\/\"},{\"@type\":\"ListItem\",\"position\":4,\"name\":\"Documents et relev\\u00e9s\"}]}]}<\/script>\r\n<!-- \/ Yoast SEO Premium plugin. -->","_links":{"self":[{"href":"https:\/\/www.hometrust.ca\/fr-ca\/wp-json\/wp\/v2\/pages\/11665\/"}],"collection":[{"href":"https:\/\/www.hometrust.ca\/fr-ca\/wp-json\/wp\/v2\/pages\/"}],"about":[{"href":"https:\/\/www.hometrust.ca\/fr-ca\/wp-json\/wp\/v2\/types\/page\/"}],"author":[{"embeddable":true,"href":"https:\/\/www.hometrust.ca\/fr-ca\/wp-json\/wp\/v2\/users\/23\/"}],"replies":[{"embeddable":true,"href":"https:\/\/www.hometrust.ca\/fr-ca\/wp-json\/wp\/v2\/comments\/?post=11665"}],"version-history":[{"count":2,"href":"https:\/\/www.hometrust.ca\/fr-ca\/wp-json\/wp\/v2\/pages\/11665\/revisions\/"}],"predecessor-version":[{"id":11667,"href":"https:\/\/www.hometrust.ca\/fr-ca\/wp-json\/wp\/v2\/pages\/11665\/revisions\/11667\/"}],"up":[{"embeddable":true,"href":"https:\/\/www.hometrust.ca\/fr-ca\/wp-json\/wp\/v2\/pages\/11637\/"}],"wp:attachment":[{"href":"https:\/\/www.hometrust.ca\/fr-ca\/wp-json\/wp\/v2\/media\/?parent=11665"}],"curies":[{"name":"wp","href":"https:\/\/api.w.org\/{rel}","templated":true}]}}