{"id":11668,"date":"2025-08-09T20:45:17","date_gmt":"2025-08-09T20:45:17","guid":{"rendered":"https:\/\/www.hometrust.ca\/?page_id=11668"},"modified":"2025-08-10T05:14:44","modified_gmt":"2025-08-10T05:14:44","slug":"notifications-et-messages","status":"publish","type":"page","link":"https:\/\/www.hometrust.ca\/fr-ca\/homeenligne\/centre-daide\/notifications-et-messages\/","title":{"rendered":"Notifications et messages"},"content":{"rendered":"<p>[vc_row full_width=&#8221;stretch_row&#8221; el_class=&#8221;search-section&#8221;][vc_column][vc_column_text]Trouvez les r\u00e9ponses \u00e0 vos questions sur la gestion de vos notifications et l\u2019utilisation de la fonction de messagerie de Home en ligne pour rester en contact avec nous en toute s\u00e9curit\u00e9.[\/vc_column_text][\/vc_column][\/vc_row][vc_row css=&#8221;.vc_custom_1670429508074{border-bottom-width: 40px !important;padding-top: 40px !important;}&#8221; el_class=&#8221;faq-section&#8221;][vc_column width=&#8221;3\/4&#8243;][vc_tta_accordion c_position=&#8221;right&#8221; active_section=&#8221;&#8221; collapsible_all=&#8221;true&#8221;][vc_tta_section title=&#8221;Comment puis-je m\u2019abonner ou me d\u00e9sabonner des notifications?&#8221; tab_id=&#8221;1670427650645-dd2b1203-9bf7&#8243;][vc_column_text]1) Naviguez jusqu\u2019\u00e0 \u00ab\u2009Profil et param\u00e8tres\u2009\u00bb dans le menu principal. Sous \u00ab\u2009Notifications\u2009\u00bb, cliquez sur \u00ab\u2009Notifications de s\u00e9curit\u00e9\u2009\u00bb.<\/p>\n<p>2) Sous la section \u00ab\u2009Facultatif\u2009\u00bb, abonnez-vous aux notifications en cochant la case correspondant \u00e0 la fa\u00e7on dont vous souhaitez recevoir des notifications :<br \/>\n&#8211; Les notifications SMS sont des messages envoy\u00e9s \u00e0 votre t\u00e9l\u00e9phone par message texte;<br \/>\n&#8211; Les notifications par courriel sont des messages envoy\u00e9s \u00e0 votre bo\u00eete de r\u00e9ception de courriels.<\/p>\n<p>3) Cliquez sur le bouton \u00ab\u2009Enregistrer les pr\u00e9f\u00e9rences\u2009\u00bb.<\/p>\n<p>Veuillez noter que vous ne pouvez pas vous d\u00e9sabonner des notifications \u00ab\u2009obligatoire \u00bb et qu\u2019elles seront envoy\u00e9es \u00e0 l\u2019adresse courriel que nous avons dans nos dossiers pour vous.[\/vc_column_text][\/vc_tta_section][vc_tta_section title=&#8221;Comment puis-je afficher et trier les messages dans ma bo\u00eete de r\u00e9ception s\u00e9curis\u00e9e?&#8221; tab_id=&#8221;1670427741248-c873e269-46c0&#8243;][vc_column_text]1) Cliquez sur l\u2019ic\u00f4ne d\u2019enveloppe en haut de l\u2019\u00e9cran.<\/p>\n<p>2) Cliquez sur l\u2019ic\u00f4ne de filtre et s\u00e9lectionnez un intervalle de dates \u00e0 l\u2019aide des calendriers.<\/p>\n<p>3) S\u00e9lectionnez la cat\u00e9gorie de messages que vous souhaitez filtrer. Cliquez ensuite sur le bouton \u00ab\u2009Rechercher\u2009\u00bb.<\/p>\n<p>4) Cliquez sur le titre du message pour afficher le message au complet.[\/vc_column_text][\/vc_tta_section][vc_tta_section title=&#8221;Comment puis-je envoyer un message s\u00e9curis\u00e9 \u00e0 Home Trust?&#8221; tab_id=&#8221;1670427740554-367d8f5e-a5a3&#8243;][vc_column_text]1) S\u00e9lectionnez l\u2019ic\u00f4ne d\u2019enveloppe en haut de l\u2019\u00e9cran.<\/p>\n<p>2) S\u00e9lectionnez l\u2019ic\u00f4ne \u00ab\u2009Nouveau message\u2009\u00bb.<\/p>\n<p>3) Choisissez une cat\u00e9gorie dans la liste d\u00e9roulante. Saisissez la ligne d\u2019objet et le message.<\/p>\n<p>4) R\u00e9visez votre message, puis cliquez sur le bouton \u00ab\u2009Envoyer un message\u2009\u00bb.[\/vc_column_text][\/vc_tta_section][vc_tta_section title=&#8221;Comment puis-je r\u00e9pondre \u00e0 mes messages?&#8221; tab_id=&#8221;1670427739669-49a56928-d696&#8243;][vc_column_text]1) S\u00e9lectionnez l\u2019ic\u00f4ne d\u2019enveloppe en haut de l\u2019\u00e9cran.<\/p>\n<p>2) Utilisez l\u2019ic\u00f4ne de filtre et s\u00e9lectionnez un intervalle de dates dans le calendrier.<\/p>\n<p>3) S\u00e9lectionnez la cat\u00e9gorie de messages que vous souhaitez filtrer. Cliquez ensuite sur \u00ab\u2009Rechercher\u2009\u00bb.<\/p>\n<p>4) Cliquez ou appuyez sur le titre du message pour afficher le message complet, puis cliquez sur \u00ab\u2009R\u00e9pondre\u2009\u00bb.<\/p>\n<p>5) Tapez votre nouveau message, puis cliquez sur le bouton \u00ab\u2009Envoyer un message\u2009\u00bb.[\/vc_column_text][\/vc_tta_section][vc_tta_section title=&#8221;Comment puis-je supprimer des messages?&#8221; tab_id=&#8221;1670953372752-61e012f9-a4cb&#8221;][vc_column_text]1) S\u00e9lectionnez l\u2019ic\u00f4ne d\u2019enveloppe en haut de l\u2019\u00e9cran.<\/p>\n<p>2) Cliquez sur l\u2019ic\u00f4ne de poubelle rouge pour supprimer un message de la liste.[\/vc_column_text][\/vc_tta_section][\/vc_tta_accordion][vc_raw_html]JTNDZGl2JTIwY2xhc3MlM0QlMjJpbmZvLWRpc2NsYWltZXIlMjIlM0UlQzMlODAlMjBsYSUyMENvbXBhZ25pZSUyMEhvbWUlMjBUcnVzdCUyQyUyMG5vdXMlMjB2b3VzJTIwYWNjb3Jkb25zJTIwdG91am91cnMlMjBsYSUyMHByaW9yaXQlQzMlQTkuJTIwU2klMjB2b3VzJTIwYXZleiUyMGJlc29pbiUyMGQlRTIlODAlOTlhaWRlJTJDJTIwdmV1aWxsZXolMjBjb21tdW5pcXVlciUyMGF2ZWMlMjBub3RyZSUyMCVDMyVBOXF1aXBlJTIwZHUlMjBTZXJ2aWNlJTIwJUMzJUEwJTIwbGElMjBjbGllbnQlQzMlQThsZSUyMGF1JUMyJUEwJTNDYSUyMGhyZWYlM0QlMjJ0ZWwlM0ExLTg3Ny05MDMtMjEzMyUyMiUzRTEtODc3LTkwMy0yMTMzJTNDJTJGYSUzRSUyQyUyMGR1JTIwbHVuZGklMjBhdSUyMHZlbmRyZWRpJTJDJTIwZGUlMjA4JUMyJUEwaCUyMCVDMyVBMCUyMDIwJUMyJUEwaCUyMCUyOEhORSUyOS4lMjBWb3VzJTIwcG91dmV6JTIwJUMzJUE5Z2FsZW1lbnQlMjBub3VzJTIwam9pbmRyZSUyMHBhciUyMGNvdXJyaWVsJTIwJUMzJUEwJTIwbCVFMiU4MCU5OWFkcmVzc2UlMjAlM0NhJTIwaHJlZiUzRCUyMm1haWx0byUzQWlucXVpcnkuaHRjJTQwaG9tZXRydXN0LmNhJTIyJTNFaW5xdWlyeS5odGMlNDBob21ldHJ1c3QuY2ElM0MlMkZhJTNFJUMyJUEwb3UlMjBub3VzJTIwZW52b3llciUyMHVuJTIwbWVzc2FnZSUyMHMlQzMlQTljdXJpcyVDMyVBOSUyMGRhbnMlMjBIb21lJTIwZW4lMjBsaWduZS4lM0MlMkZkaXYlM0UlMEE=[\/vc_raw_html][\/vc_column][vc_column width=&#8221;1\/4&#8243;][vc_column_text]<\/p>\n<h4><strong>Liens rapides<\/strong><\/h4>\n<p><a href=\"\/fr-ca\/homeenligne\/centre-daide\/a-propos-de-home-en-ligne\/\">\u00c0 propos de Home en ligne<\/a><\/p>\n<p><a href=\"\/fr-ca\/homeenligne\/centre-daide\/renseignements-sur-le-profil\/\">Renseignements sur le profil<\/a><\/p>\n<p><a href=\"\/fr-ca\/homeenligne\/centre-daide\/renseignements-sur-le-compte\/\">Renseignements sur le compte<\/a><\/p>\n<p><a href=\"\/fr-ca\/homeenligne\/centre-daide\/documents-et-releves\/\">Documents et relev\u00e9s<\/a><\/p>\n<p><a href=\"\/fr-ca\/homeenligne\/centre-daide\/securite\/\">Connexion, mot de passe et s\u00e9curit\u00e9<\/a>[\/vc_column_text][\/vc_column][\/vc_row]<\/p>\n","protected":false},"excerpt":{"rendered":"<p>[vc_row full_width=&#8221;stretch_row&#8221; el_class=&#8221;search-section&#8221;][vc_column][vc_column_text]Trouvez les r\u00e9ponses \u00e0 vos questions sur la gestion de vos notifications et l\u2019utilisation de la fonction de messagerie de Home en ligne pour rester [&hellip;]<\/p>\n","protected":false},"author":23,"featured_media":0,"parent":11637,"menu_order":0,"comment_status":"closed","ping_status":"closed","template":"","meta":[],"yoast_head":"<!-- This site is optimized with the Yoast SEO Premium plugin v16.6 (Yoast SEO v16.6.1) - https:\/\/yoast.com\/wordpress\/plugins\/seo\/ -->\r\n<title>Notifications et messages - Home Trust<\/title>\r\n<meta name=\"robots\" content=\"index, follow, max-snippet:-1, max-image-preview:large, max-video-preview:-1\" \/>\r\n<link rel=\"canonical\" href=\"https:\/\/www.hometrust.ca\/homeenligne\/centre-daide\/notifications-et-messages\/\" \/>\r\n<meta property=\"og:locale\" content=\"en_US\" \/>\r\n<meta property=\"og:type\" content=\"article\" \/>\r\n<meta property=\"og:title\" content=\"Notifications et messages\" \/>\r\n<meta property=\"og:description\" content=\"[vc_row full_width=&#8221;stretch_row&#8221; el_class=&#8221;search-section&#8221;][vc_column][vc_column_text]Trouvez les r\u00e9ponses \u00e0 vos questions sur la gestion de vos notifications et l\u2019utilisation de la fonction de messagerie de Home en ligne pour rester [&hellip;]\" \/>\r\n<meta property=\"og:url\" content=\"https:\/\/www.hometrust.ca\/fr-ca\/homeenligne\/centre-daide\/notifications-et-messages\/\" \/>\r\n<meta property=\"og:site_name\" content=\"Home Trust\" \/>\r\n<meta property=\"article:modified_time\" content=\"2025-08-10T05:14:44+00:00\" \/>\r\n<meta name=\"twitter:card\" content=\"summary_large_image\" \/>\r\n<meta name=\"twitter:label1\" content=\"Est. reading time\" \/>\n\t<meta name=\"twitter:data1\" content=\"4 minutes\" \/>\r\n<script type=\"application\/ld+json\" class=\"yoast-schema-graph\">{\"@context\":\"https:\/\/schema.org\",\"@graph\":[{\"@type\":\"WebSite\",\"@id\":\"https:\/\/hometrust.ca\/#website\",\"url\":\"https:\/\/hometrust.ca\/\",\"name\":\"Home Trust\",\"description\":\"\",\"potentialAction\":[{\"@type\":\"SearchAction\",\"target\":{\"@type\":\"EntryPoint\",\"urlTemplate\":\"https:\/\/hometrust.ca\/?s={search_term_string}\"},\"query-input\":\"required name=search_term_string\"}],\"inLanguage\":\"en-US\"},{\"@type\":\"WebPage\",\"@id\":\"https:\/\/www.hometrust.ca\/fr-ca\/homeenligne\/centre-daide\/notifications-et-messages\/#webpage\",\"url\":\"https:\/\/www.hometrust.ca\/fr-ca\/homeenligne\/centre-daide\/notifications-et-messages\/\",\"name\":\"Notifications et messages - Home Trust\",\"isPartOf\":{\"@id\":\"https:\/\/hometrust.ca\/#website\"},\"datePublished\":\"2025-08-09T20:45:17+00:00\",\"dateModified\":\"2025-08-10T05:14:44+00:00\",\"breadcrumb\":{\"@id\":\"https:\/\/www.hometrust.ca\/fr-ca\/homeenligne\/centre-daide\/notifications-et-messages\/#breadcrumb\"},\"inLanguage\":\"en-US\",\"potentialAction\":[{\"@type\":\"ReadAction\",\"target\":[\"https:\/\/www.hometrust.ca\/fr-ca\/homeenligne\/centre-daide\/notifications-et-messages\/\"]}]},{\"@type\":\"BreadcrumbList\",\"@id\":\"https:\/\/www.hometrust.ca\/fr-ca\/homeenligne\/centre-daide\/notifications-et-messages\/#breadcrumb\",\"itemListElement\":[{\"@type\":\"ListItem\",\"position\":1,\"name\":\"Home\",\"item\":\"https:\/\/www.hometrust.ca\/\"},{\"@type\":\"ListItem\",\"position\":2,\"name\":\"Home en ligne\",\"item\":\"https:\/\/www.hometrust.ca\/fr-ca\/homeenligne\/\"},{\"@type\":\"ListItem\",\"position\":3,\"name\":\"Centre d\\u2019aide\",\"item\":\"https:\/\/www.hometrust.ca\/fr-ca\/homeenligne\/centre-daide\/\"},{\"@type\":\"ListItem\",\"position\":4,\"name\":\"Notifications et messages\"}]}]}<\/script>\r\n<!-- \/ Yoast SEO Premium plugin. -->","_links":{"self":[{"href":"https:\/\/www.hometrust.ca\/fr-ca\/wp-json\/wp\/v2\/pages\/11668\/"}],"collection":[{"href":"https:\/\/www.hometrust.ca\/fr-ca\/wp-json\/wp\/v2\/pages\/"}],"about":[{"href":"https:\/\/www.hometrust.ca\/fr-ca\/wp-json\/wp\/v2\/types\/page\/"}],"author":[{"embeddable":true,"href":"https:\/\/www.hometrust.ca\/fr-ca\/wp-json\/wp\/v2\/users\/23\/"}],"replies":[{"embeddable":true,"href":"https:\/\/www.hometrust.ca\/fr-ca\/wp-json\/wp\/v2\/comments\/?post=11668"}],"version-history":[{"count":2,"href":"https:\/\/www.hometrust.ca\/fr-ca\/wp-json\/wp\/v2\/pages\/11668\/revisions\/"}],"predecessor-version":[{"id":11670,"href":"https:\/\/www.hometrust.ca\/fr-ca\/wp-json\/wp\/v2\/pages\/11668\/revisions\/11670\/"}],"up":[{"embeddable":true,"href":"https:\/\/www.hometrust.ca\/fr-ca\/wp-json\/wp\/v2\/pages\/11637\/"}],"wp:attachment":[{"href":"https:\/\/www.hometrust.ca\/fr-ca\/wp-json\/wp\/v2\/media\/?parent=11668"}],"curies":[{"name":"wp","href":"https:\/\/api.w.org\/{rel}","templated":true}]}}