{"id":1290,"date":"2018-07-27T14:26:23","date_gmt":"2018-07-27T14:26:23","guid":{"rendered":"https:\/\/www.hometrust.ca\/nos-produits\/"},"modified":"2023-04-07T22:02:28","modified_gmt":"2023-04-07T22:02:28","slug":"gic","status":"publish","type":"page","link":"https:\/\/www.hometrust.ca\/fr-ca\/deposits\/gic\/","title":{"rendered":"Nos certificats de placement garanti (CPG)"},"content":{"rendered":"<p>[vc_row][vc_column][vc_column_text]<\/p>\n<h2>Une fa\u00e7on s\u00fbre de faire fructifier vos \u00e9conomies<\/h2>\n<p>Notre gamme de certificats de placement garanti (CPG) et notre compte d\u2019\u00e9pargne \u00e0 int\u00e9r\u00eat \u00e9lev\u00e9 (CEIE) servent autant \u00e0 combler les besoins personnels que commerciaux et offrent des rendements garantis et des taux concurrentiels. De plus, chaque d\u00e9p\u00f4t est fait aupr\u00e8s de la Compagnie Home Trust ou la Banque Home, qui sont des membres distincts de la SADC.<\/p>\n<div class=\"table-responsive\">\n<table class=\"table\" border=\"0\" cellspacing=\"0\" cellpadding=\"0\">\n<tbody>\n<tr>\n<td valign=\"top\" bgcolor=\"#7aad36\" width=\"160\"><span style=\"font-weight: bold; padding-left: 5px; color: #ffffff;\">Produit<\/span><\/td>\n<td valign=\"top\" bgcolor=\"#7aad36\" width=\"202\"><span style=\"font-weight: bold; color: #ffffff;\">Terme<\/span><\/td>\n<td valign=\"top\" bgcolor=\"#7aad36\"><span style=\"font-weight: bold; color: #ffffff;\">Disponibilit\u00e9 du plan<\/span><\/td>\n<td valign=\"top\" bgcolor=\"#7aad36\"><span style=\"font-weight: bold; color: #ffffff;\">D\u00e9p\u00f4ts minimums<\/span><\/td>\n<\/tr>\n<tr>\n<td style=\"padding-left: 5px; color: #23527c;\" valign=\"top\" width=\"160\"><strong>CPG \u00e0 court terme<\/strong><br \/>\n(non remboursable)<\/td>\n<td valign=\"top\" width=\"202\">Non enregistr\u00e9 : 30-365 jours<br \/>\nRER : 90-365 jours<\/td>\n<td valign=\"top\" width=\"162\">Non enregistr\u00e9<br \/>\nRER<\/td>\n<td valign=\"top\" width=\"115\">1 000 $<br \/>\n1 000 $<\/td>\n<\/tr>\n<tr>\n<td style=\"padding-left: 5px; color: #23527c;\" valign=\"top\" width=\"160\"><strong>CPG encaissable de un an<\/strong><br \/>\n(remboursable)<\/td>\n<td valign=\"top\" width=\"202\">CPG d\u2019un an encaissable<br \/>\napr\u00e8s 30 ou 90 jours<\/td>\n<td valign=\"top\" width=\"162\">Non enregistr\u00e9<\/td>\n<td valign=\"top\" width=\"115\">1 000 $<\/td>\n<\/tr>\n<tr>\n<td style=\"padding-left: 5px; color: #23527c;\" valign=\"top\" width=\"160\"><strong>CPG \u00e0 long terme<\/strong><br \/>\n(non remboursable)<\/td>\n<td valign=\"top\" width=\"202\">1-5 ans<\/td>\n<td valign=\"top\" width=\"162\">Non enregistr\u00e9<br \/>\nRER et CELI<br \/>\nFERR:<\/td>\n<td valign=\"top\" width=\"115\">1 000 $<br \/>\n1 000 $<br \/>\n10 000 $<\/td>\n<\/tr>\n<\/tbody>\n<\/table>\n<\/div>\n<p style=\"font-weight: bold; color: #7aad36; margin-top: 10px;\">Renseignements sur le produit<\/p>\n<ul style=\"margin-top: -15px;\">\n<li><a href=\"\/wp-content\/uploads\/2018\/09\/Deposits-Brochure-FR.pdf\" target=\"_blank\" rel=\"noopener\">Brochure sur les d\u00e9p\u00f4ts<\/a><\/li>\n<li><a href=\"\/wp-content\/uploads\/2018\/09\/One-Page-Overview-FR.pdf\" target=\"_blank\" rel=\"noopener\">Vue d\u2019ensemble d\u2019une page<\/a><\/li>\n<\/ul>\n<p style=\"font-size: 11px; padding-top: 20px;\">Les CPG de la Compagnie Home Trust et de la Banque Home sont admissibles \u00e0 la protection de la Soci\u00e9t\u00e9 d\u2019assurance-d\u00e9p\u00f4ts du Canada (SADC), jusqu\u2019\u00e0 concurrence des limites applicables.<\/p>\n<p><!--\n\n\n<div style=\"display: inline-block; float: left; font-size: 10px; padding-top: 10px;\"><\/div>\n\n\n\n\n<div style=\"display: inline-block; float: right; margin-bottom: 20px; margin-right: 16px;\"><img loading=\"lazy\" class=\"vc_single_image-img\" title=\"Canada_Deposit_Insurance_Corporation_Logo\" src=\"\/wp-content\/uploads\/2018\/09\/Canada_Deposit_Insurance_Corporation_Logo_Fr-v2.png\" alt=\"Canada_Deposit_Insurance_Corporation_Logo\" width=\"140\" height=\"63\" \/><\/div>\n\n\n-->[\/vc_column_text][\/vc_column][\/vc_row]<\/p>\n","protected":false},"excerpt":{"rendered":"<p>[vc_row][vc_column][vc_column_text] Une fa\u00e7on s\u00fbre de faire fructifier vos \u00e9conomies Notre gamme de certificats de placement garanti (CPG) et notre compte d\u2019\u00e9pargne \u00e0 int\u00e9r\u00eat \u00e9lev\u00e9 (CEIE) servent autant [&hellip;]<\/p>\n","protected":false},"author":2,"featured_media":0,"parent":3523,"menu_order":0,"comment_status":"closed","ping_status":"closed","template":"","meta":[],"yoast_head":"<!-- This site is optimized with the Yoast SEO Premium plugin v16.6 (Yoast SEO v16.6.1) - https:\/\/yoast.com\/wordpress\/plugins\/seo\/ -->\r\n<title>Nos certificats de placement garanti (CPG) - Home Trust<\/title>\r\n<meta name=\"robots\" content=\"index, follow, max-snippet:-1, max-image-preview:large, max-video-preview:-1\" \/>\r\n<link rel=\"canonical\" href=\"https:\/\/www.hometrust.ca\/deposits\/gic\/\" \/>\r\n<meta property=\"og:locale\" content=\"en_US\" \/>\r\n<meta property=\"og:type\" content=\"article\" \/>\r\n<meta property=\"og:title\" content=\"Nos certificats de placement garanti (CPG)\" \/>\r\n<meta property=\"og:description\" content=\"[vc_row][vc_column][vc_column_text] Une fa\u00e7on s\u00fbre de faire fructifier vos \u00e9conomies Notre gamme de certificats de placement garanti (CPG) et notre compte d\u2019\u00e9pargne \u00e0 int\u00e9r\u00eat \u00e9lev\u00e9 (CEIE) servent autant [&hellip;]\" \/>\r\n<meta property=\"og:url\" content=\"https:\/\/www.hometrust.ca\/fr-ca\/deposits\/gic\/\" \/>\r\n<meta property=\"og:site_name\" content=\"Home Trust\" \/>\r\n<meta property=\"article:modified_time\" content=\"2023-04-07T22:02:28+00:00\" \/>\r\n<meta property=\"og:image\" content=\"https:\/\/www.hometrust.ca\/wp-content\/uploads\/2018\/09\/Canada_Deposit_Insurance_Corporation_Logo_Fr-v2.png\" \/>\r\n<meta name=\"twitter:card\" content=\"summary_large_image\" \/>\r\n<meta name=\"twitter:label1\" content=\"Est. reading time\" \/>\n\t<meta name=\"twitter:data1\" content=\"1 minute\" \/>\r\n<script type=\"application\/ld+json\" class=\"yoast-schema-graph\">{\"@context\":\"https:\/\/schema.org\",\"@graph\":[{\"@type\":\"WebSite\",\"@id\":\"https:\/\/hometrust.ca\/#website\",\"url\":\"https:\/\/hometrust.ca\/\",\"name\":\"Home Trust\",\"description\":\"\",\"potentialAction\":[{\"@type\":\"SearchAction\",\"target\":{\"@type\":\"EntryPoint\",\"urlTemplate\":\"https:\/\/hometrust.ca\/?s={search_term_string}\"},\"query-input\":\"required name=search_term_string\"}],\"inLanguage\":\"en-US\"},{\"@type\":\"ImageObject\",\"@id\":\"https:\/\/www.hometrust.ca\/fr-ca\/deposits\/gic\/#primaryimage\",\"inLanguage\":\"en-US\",\"url\":\"\/wp-content\/uploads\/2018\/09\/Canada_Deposit_Insurance_Corporation_Logo_Fr-v2.png\",\"contentUrl\":\"\/wp-content\/uploads\/2018\/09\/Canada_Deposit_Insurance_Corporation_Logo_Fr-v2.png\"},{\"@type\":\"WebPage\",\"@id\":\"https:\/\/www.hometrust.ca\/fr-ca\/deposits\/gic\/#webpage\",\"url\":\"https:\/\/www.hometrust.ca\/fr-ca\/deposits\/gic\/\",\"name\":\"Nos certificats de placement garanti (CPG) - Home Trust\",\"isPartOf\":{\"@id\":\"https:\/\/hometrust.ca\/#website\"},\"primaryImageOfPage\":{\"@id\":\"https:\/\/www.hometrust.ca\/fr-ca\/deposits\/gic\/#primaryimage\"},\"datePublished\":\"2018-07-27T14:26:23+00:00\",\"dateModified\":\"2023-04-07T22:02:28+00:00\",\"breadcrumb\":{\"@id\":\"https:\/\/www.hometrust.ca\/fr-ca\/deposits\/gic\/#breadcrumb\"},\"inLanguage\":\"en-US\",\"potentialAction\":[{\"@type\":\"ReadAction\",\"target\":[\"https:\/\/www.hometrust.ca\/fr-ca\/deposits\/gic\/\"]}]},{\"@type\":\"BreadcrumbList\",\"@id\":\"https:\/\/www.hometrust.ca\/fr-ca\/deposits\/gic\/#breadcrumb\",\"itemListElement\":[{\"@type\":\"ListItem\",\"position\":1,\"name\":\"Home\",\"item\":\"https:\/\/www.hometrust.ca\/\"},{\"@type\":\"ListItem\",\"position\":2,\"name\":\"D\\u00e9p\\u00f4ts\",\"item\":\"https:\/\/www.hometrust.ca\/fr-ca\/deposits\/\"},{\"@type\":\"ListItem\",\"position\":3,\"name\":\"Nos certificats de placement garanti (CPG)\"}]}]}<\/script>\r\n<!-- \/ Yoast SEO Premium plugin. -->","_links":{"self":[{"href":"https:\/\/www.hometrust.ca\/fr-ca\/wp-json\/wp\/v2\/pages\/1290\/"}],"collection":[{"href":"https:\/\/www.hometrust.ca\/fr-ca\/wp-json\/wp\/v2\/pages\/"}],"about":[{"href":"https:\/\/www.hometrust.ca\/fr-ca\/wp-json\/wp\/v2\/types\/page\/"}],"author":[{"embeddable":true,"href":"https:\/\/www.hometrust.ca\/fr-ca\/wp-json\/wp\/v2\/users\/2\/"}],"replies":[{"embeddable":true,"href":"https:\/\/www.hometrust.ca\/fr-ca\/wp-json\/wp\/v2\/comments\/?post=1290"}],"version-history":[{"count":20,"href":"https:\/\/www.hometrust.ca\/fr-ca\/wp-json\/wp\/v2\/pages\/1290\/revisions\/"}],"predecessor-version":[{"id":9980,"href":"https:\/\/www.hometrust.ca\/fr-ca\/wp-json\/wp\/v2\/pages\/1290\/revisions\/9980\/"}],"up":[{"embeddable":true,"href":"https:\/\/www.hometrust.ca\/fr-ca\/wp-json\/wp\/v2\/pages\/3523\/"}],"wp:attachment":[{"href":"https:\/\/www.hometrust.ca\/fr-ca\/wp-json\/wp\/v2\/media\/?parent=1290"}],"curies":[{"name":"wp","href":"https:\/\/api.w.org\/{rel}","templated":true}]}}