{"id":1311,"date":"2018-07-31T15:20:21","date_gmt":"2018-07-31T15:20:21","guid":{"rendered":"https:\/\/www.hometrust.ca\/become-a-broker\/"},"modified":"2021-05-18T18:08:58","modified_gmt":"2021-05-18T18:08:58","slug":"become-a-broker","status":"publish","type":"page","link":"https:\/\/www.hometrust.ca\/fr-ca\/deposits\/become-a-broker\/","title":{"rendered":"Devenir courtier"},"content":{"rendered":"<p>[vc_row][vc_column][vc_column_text]<\/p>\n<h4>Si vous souhaitez devenir un courtier en d\u00e9p\u00f4t avec Home Trust, s&#8217;il vous pla\u00eet contactez-nous.<\/h4>\n<p>t\u00e9l\u00e9phone: 416-933-6204<\/p>\n<p>sans frais: 1-888-711-7713<\/p>\n<p>courriel: <a href=\"mailto:depots@hometrust.ca\">depots@hometrust.ca<\/a><br \/>\n<!--\n\n\n<div style=\"display: inline-block; float: left; font-size: 10px; padding-top: 10px;\"><\/div>\n\n\n\n\n<div style=\"display: inline-block; float: right; margin-bottom: 20px; margin-right: 16px;\"><img loading=\"lazy\" class=\"vc_single_image-img\" title=\"Canada_Deposit_Insurance_Corporation_Logo\" src=\"\/wp-content\/uploads\/2018\/09\/Canada_Deposit_Insurance_Corporation_Logo_Fr-v2.png\" alt=\"Canada_Deposit_Insurance_Corporation_Logo\" width=\"140\" height=\"63\" \/><\/div>\n\n\n-->[\/vc_column_text][\/vc_column][\/vc_row]<\/p>\n","protected":false},"excerpt":{"rendered":"<p>[vc_row][vc_column][vc_column_text] Si vous souhaitez devenir un courtier en d\u00e9p\u00f4t avec Home Trust, s&#8217;il vous pla\u00eet contactez-nous. t\u00e9l\u00e9phone: 416-933-6204 sans frais: 1-888-711-7713 courriel: depots@hometrust.ca [\/vc_column_text][\/vc_column][\/vc_row]<\/p>\n","protected":false},"author":2,"featured_media":0,"parent":3523,"menu_order":0,"comment_status":"closed","ping_status":"closed","template":"","meta":[],"yoast_head":"<!-- This site is optimized with the Yoast SEO Premium plugin v16.6 (Yoast SEO v16.6.1) - https:\/\/yoast.com\/wordpress\/plugins\/seo\/ -->\r\n<title>Devenir courtier - Home Trust<\/title>\r\n<meta name=\"robots\" content=\"index, follow, max-snippet:-1, max-image-preview:large, max-video-preview:-1\" \/>\r\n<link rel=\"canonical\" href=\"https:\/\/www.hometrust.ca\/deposits\/become-a-broker\/\" \/>\r\n<meta property=\"og:locale\" content=\"en_US\" \/>\r\n<meta property=\"og:type\" content=\"article\" \/>\r\n<meta property=\"og:title\" content=\"Devenir courtier\" \/>\r\n<meta property=\"og:description\" content=\"[vc_row][vc_column][vc_column_text] Si vous souhaitez devenir un courtier en d\u00e9p\u00f4t avec Home Trust, s&#8217;il vous pla\u00eet contactez-nous. t\u00e9l\u00e9phone: 416-933-6204 sans frais: 1-888-711-7713 courriel: depots@hometrust.ca [\/vc_column_text][\/vc_column][\/vc_row]\" \/>\r\n<meta property=\"og:url\" content=\"https:\/\/www.hometrust.ca\/fr-ca\/deposits\/become-a-broker\/\" \/>\r\n<meta property=\"og:site_name\" content=\"Home Trust\" \/>\r\n<meta property=\"article:modified_time\" content=\"2021-05-18T18:08:58+00:00\" \/>\r\n<meta property=\"og:image\" content=\"https:\/\/www.hometrust.ca\/wp-content\/uploads\/2018\/09\/Canada_Deposit_Insurance_Corporation_Logo_Fr-v2.png\" \/>\r\n<meta name=\"twitter:card\" content=\"summary_large_image\" \/>\r\n<script type=\"application\/ld+json\" class=\"yoast-schema-graph\">{\"@context\":\"https:\/\/schema.org\",\"@graph\":[{\"@type\":\"WebSite\",\"@id\":\"https:\/\/hometrust.ca\/#website\",\"url\":\"https:\/\/hometrust.ca\/\",\"name\":\"Home Trust\",\"description\":\"\",\"potentialAction\":[{\"@type\":\"SearchAction\",\"target\":{\"@type\":\"EntryPoint\",\"urlTemplate\":\"https:\/\/hometrust.ca\/?s={search_term_string}\"},\"query-input\":\"required name=search_term_string\"}],\"inLanguage\":\"en-US\"},{\"@type\":\"ImageObject\",\"@id\":\"https:\/\/www.hometrust.ca\/fr-ca\/deposits\/become-a-broker\/#primaryimage\",\"inLanguage\":\"en-US\",\"url\":\"\/wp-content\/uploads\/2018\/09\/Canada_Deposit_Insurance_Corporation_Logo_Fr-v2.png\",\"contentUrl\":\"\/wp-content\/uploads\/2018\/09\/Canada_Deposit_Insurance_Corporation_Logo_Fr-v2.png\"},{\"@type\":\"WebPage\",\"@id\":\"https:\/\/www.hometrust.ca\/fr-ca\/deposits\/become-a-broker\/#webpage\",\"url\":\"https:\/\/www.hometrust.ca\/fr-ca\/deposits\/become-a-broker\/\",\"name\":\"Devenir courtier - Home Trust\",\"isPartOf\":{\"@id\":\"https:\/\/hometrust.ca\/#website\"},\"primaryImageOfPage\":{\"@id\":\"https:\/\/www.hometrust.ca\/fr-ca\/deposits\/become-a-broker\/#primaryimage\"},\"datePublished\":\"2018-07-31T15:20:21+00:00\",\"dateModified\":\"2021-05-18T18:08:58+00:00\",\"breadcrumb\":{\"@id\":\"https:\/\/www.hometrust.ca\/fr-ca\/deposits\/become-a-broker\/#breadcrumb\"},\"inLanguage\":\"en-US\",\"potentialAction\":[{\"@type\":\"ReadAction\",\"target\":[\"https:\/\/www.hometrust.ca\/fr-ca\/deposits\/become-a-broker\/\"]}]},{\"@type\":\"BreadcrumbList\",\"@id\":\"https:\/\/www.hometrust.ca\/fr-ca\/deposits\/become-a-broker\/#breadcrumb\",\"itemListElement\":[{\"@type\":\"ListItem\",\"position\":1,\"name\":\"Home\",\"item\":\"https:\/\/www.hometrust.ca\/\"},{\"@type\":\"ListItem\",\"position\":2,\"name\":\"D\\u00e9p\\u00f4ts\",\"item\":\"https:\/\/www.hometrust.ca\/fr-ca\/deposits\/\"},{\"@type\":\"ListItem\",\"position\":3,\"name\":\"Devenir courtier\"}]}]}<\/script>\r\n<!-- \/ Yoast SEO Premium plugin. -->","_links":{"self":[{"href":"https:\/\/www.hometrust.ca\/fr-ca\/wp-json\/wp\/v2\/pages\/1311\/"}],"collection":[{"href":"https:\/\/www.hometrust.ca\/fr-ca\/wp-json\/wp\/v2\/pages\/"}],"about":[{"href":"https:\/\/www.hometrust.ca\/fr-ca\/wp-json\/wp\/v2\/types\/page\/"}],"author":[{"embeddable":true,"href":"https:\/\/www.hometrust.ca\/fr-ca\/wp-json\/wp\/v2\/users\/2\/"}],"replies":[{"embeddable":true,"href":"https:\/\/www.hometrust.ca\/fr-ca\/wp-json\/wp\/v2\/comments\/?post=1311"}],"version-history":[{"count":4,"href":"https:\/\/www.hometrust.ca\/fr-ca\/wp-json\/wp\/v2\/pages\/1311\/revisions\/"}],"predecessor-version":[{"id":7167,"href":"https:\/\/www.hometrust.ca\/fr-ca\/wp-json\/wp\/v2\/pages\/1311\/revisions\/7167\/"}],"up":[{"embeddable":true,"href":"https:\/\/www.hometrust.ca\/fr-ca\/wp-json\/wp\/v2\/pages\/3523\/"}],"wp:attachment":[{"href":"https:\/\/www.hometrust.ca\/fr-ca\/wp-json\/wp\/v2\/media\/?parent=1311"}],"curies":[{"name":"wp","href":"https:\/\/api.w.org\/{rel}","templated":true}]}}