{"id":1315,"date":"2018-07-31T15:32:14","date_gmt":"2018-07-31T15:32:14","guid":{"rendered":"https:\/\/www.hometrust.ca\/deposits\/information-for-clients\/"},"modified":"2025-01-08T09:24:00","modified_gmt":"2025-01-08T09:24:00","slug":"information-for-clients","status":"publish","type":"page","link":"https:\/\/www.hometrust.ca\/fr-ca\/deposits\/information-for-clients\/","title":{"rendered":"Renseignements pour les clients"},"content":{"rendered":"<p>[vc_row][vc_column][vc_column_text]<\/p>\n<h2>Croissance pr\u00e9visible pour vos placements<\/h2>\n<p>La Compagnie Home Trust, une filiale de la Banque Fairstone du Canada, offre des services de pr\u00eats hypoth\u00e9caires r\u00e9sidentiels et non r\u00e9sidentiels, et de cartes de cr\u00e9dit. Home Trust et sa filiale, la Banque Home, offrent \u00e9galement des produits d\u2019\u00e9pargne et d\u2019investissement par l\u2019interm\u00e9diaire de courtiers et d\u2019une marque de vente directe aux consommateurs, la Financi\u00e8re Oaken<sup>MD<\/sup>.<\/p>\n<p>Nos certificats de placement garanti (CPG) offrent une garantie pour vos placements, ainsi qu\u2019un taux de rendement fixe. Nous offrons une gamme de CPG pour les besoins personnels et commerciaux assortis de taux d\u2019int\u00e9r\u00eat constamment \u00e9lev\u00e9s et d\u2019une vari\u00e9t\u00e9 de modalit\u00e9s de placement, vous offrant un moyen s\u00fbr d\u2019\u00e9pargner votre argent.<\/p>\n<p>Les CPG de Home Trust, de la Banque Home et de la Banque Fairstone sont admissibles \u00e0 la couverture de la Soci\u00e9t\u00e9 d\u2019assurance-d\u00e9p\u00f4ts du Canada (SADC), jusqu\u2019\u00e0 concurrence des plafonds applicables.<\/p>\n<p><strong>Pour obtenir de plus amples renseignements ou pour faire un placement, communiquez avec votre courtier en \u00e9pargne et investissement d\u00e8s aujourd\u2019hui ou visitez le site Web la Financi\u00e8re Oaken<sup>MD<\/sup>,\u00a0 \u00e0 l\u2019adresse<\/strong> <a href=\"https:\/\/oaken.com\/\" target=\"_blank\" rel=\"noopener\"><strong>https:\/\/oaken.com<\/strong><\/a><strong>.<\/strong>[\/vc_column_text][\/vc_column][\/vc_row]<\/p>\n","protected":false},"excerpt":{"rendered":"<p>[vc_row][vc_column][vc_column_text] Croissance pr\u00e9visible pour vos placements La Compagnie Home Trust, une filiale de la Banque Fairstone du Canada, offre des services de pr\u00eats hypoth\u00e9caires r\u00e9sidentiels et non [&hellip;]<\/p>\n","protected":false},"author":2,"featured_media":0,"parent":3523,"menu_order":0,"comment_status":"closed","ping_status":"closed","template":"","meta":[],"yoast_head":"<!-- This site is optimized with the Yoast SEO Premium plugin v16.6 (Yoast SEO v16.6.1) - https:\/\/yoast.com\/wordpress\/plugins\/seo\/ -->\r\n<title>Renseignements pour les clients - Home Trust<\/title>\r\n<meta name=\"robots\" content=\"index, follow, max-snippet:-1, max-image-preview:large, max-video-preview:-1\" \/>\r\n<link rel=\"canonical\" href=\"https:\/\/www.hometrust.ca\/deposits\/information-for-clients\/\" \/>\r\n<meta property=\"og:locale\" content=\"en_US\" \/>\r\n<meta property=\"og:type\" content=\"article\" \/>\r\n<meta property=\"og:title\" content=\"Renseignements pour les clients\" \/>\r\n<meta property=\"og:description\" content=\"[vc_row][vc_column][vc_column_text] Croissance pr\u00e9visible pour vos placements La Compagnie Home Trust, une filiale de la Banque Fairstone du Canada, offre des services de pr\u00eats hypoth\u00e9caires r\u00e9sidentiels et non [&hellip;]\" \/>\r\n<meta property=\"og:url\" content=\"https:\/\/www.hometrust.ca\/fr-ca\/deposits\/information-for-clients\/\" \/>\r\n<meta property=\"og:site_name\" content=\"Home Trust\" \/>\r\n<meta property=\"article:modified_time\" content=\"2025-01-08T09:24:00+00:00\" \/>\r\n<meta name=\"twitter:card\" content=\"summary_large_image\" \/>\r\n<meta name=\"twitter:label1\" content=\"Est. reading time\" \/>\n\t<meta name=\"twitter:data1\" content=\"1 minute\" \/>\r\n<script type=\"application\/ld+json\" class=\"yoast-schema-graph\">{\"@context\":\"https:\/\/schema.org\",\"@graph\":[{\"@type\":\"WebSite\",\"@id\":\"https:\/\/hometrust.ca\/#website\",\"url\":\"https:\/\/hometrust.ca\/\",\"name\":\"Home Trust\",\"description\":\"\",\"potentialAction\":[{\"@type\":\"SearchAction\",\"target\":{\"@type\":\"EntryPoint\",\"urlTemplate\":\"https:\/\/hometrust.ca\/?s={search_term_string}\"},\"query-input\":\"required name=search_term_string\"}],\"inLanguage\":\"en-US\"},{\"@type\":\"WebPage\",\"@id\":\"https:\/\/www.hometrust.ca\/fr-ca\/deposits\/information-for-clients\/#webpage\",\"url\":\"https:\/\/www.hometrust.ca\/fr-ca\/deposits\/information-for-clients\/\",\"name\":\"Renseignements pour les clients - Home Trust\",\"isPartOf\":{\"@id\":\"https:\/\/hometrust.ca\/#website\"},\"datePublished\":\"2018-07-31T15:32:14+00:00\",\"dateModified\":\"2025-01-08T09:24:00+00:00\",\"breadcrumb\":{\"@id\":\"https:\/\/www.hometrust.ca\/fr-ca\/deposits\/information-for-clients\/#breadcrumb\"},\"inLanguage\":\"en-US\",\"potentialAction\":[{\"@type\":\"ReadAction\",\"target\":[\"https:\/\/www.hometrust.ca\/fr-ca\/deposits\/information-for-clients\/\"]}]},{\"@type\":\"BreadcrumbList\",\"@id\":\"https:\/\/www.hometrust.ca\/fr-ca\/deposits\/information-for-clients\/#breadcrumb\",\"itemListElement\":[{\"@type\":\"ListItem\",\"position\":1,\"name\":\"Home\",\"item\":\"https:\/\/www.hometrust.ca\/\"},{\"@type\":\"ListItem\",\"position\":2,\"name\":\"D\\u00e9p\\u00f4ts\",\"item\":\"https:\/\/www.hometrust.ca\/fr-ca\/deposits\/\"},{\"@type\":\"ListItem\",\"position\":3,\"name\":\"Renseignements pour les clients\"}]}]}<\/script>\r\n<!-- \/ Yoast SEO Premium plugin. -->","_links":{"self":[{"href":"https:\/\/www.hometrust.ca\/fr-ca\/wp-json\/wp\/v2\/pages\/1315\/"}],"collection":[{"href":"https:\/\/www.hometrust.ca\/fr-ca\/wp-json\/wp\/v2\/pages\/"}],"about":[{"href":"https:\/\/www.hometrust.ca\/fr-ca\/wp-json\/wp\/v2\/types\/page\/"}],"author":[{"embeddable":true,"href":"https:\/\/www.hometrust.ca\/fr-ca\/wp-json\/wp\/v2\/users\/2\/"}],"replies":[{"embeddable":true,"href":"https:\/\/www.hometrust.ca\/fr-ca\/wp-json\/wp\/v2\/comments\/?post=1315"}],"version-history":[{"count":7,"href":"https:\/\/www.hometrust.ca\/fr-ca\/wp-json\/wp\/v2\/pages\/1315\/revisions\/"}],"predecessor-version":[{"id":11284,"href":"https:\/\/www.hometrust.ca\/fr-ca\/wp-json\/wp\/v2\/pages\/1315\/revisions\/11284\/"}],"up":[{"embeddable":true,"href":"https:\/\/www.hometrust.ca\/fr-ca\/wp-json\/wp\/v2\/pages\/3523\/"}],"wp:attachment":[{"href":"https:\/\/www.hometrust.ca\/fr-ca\/wp-json\/wp\/v2\/media\/?parent=1315"}],"curies":[{"name":"wp","href":"https:\/\/api.w.org\/{rel}","templated":true}]}}