{"id":1316,"date":"2018-07-31T15:35:15","date_gmt":"2018-07-31T15:35:15","guid":{"rendered":"https:\/\/www.hometrust.ca\/deposits\/deposit-rates\/"},"modified":"2021-05-18T18:13:29","modified_gmt":"2021-05-18T18:13:29","slug":"deposit-rates","status":"publish","type":"page","link":"https:\/\/www.hometrust.ca\/fr-ca\/deposits\/deposit-rates\/","title":{"rendered":"Taux d\u2019int\u00e9r\u00eat de placement"},"content":{"rendered":"<p>[vc_row css=&#8221;.vc_custom_1530281649900{padding-bottom: 50px !important;}&#8221;][vc_column][vc_column_text]<\/p>\n<h2>Taux d\u2019int\u00e9r\u00eat de placement<\/h2>\n<p>[\/vc_column_text][\/vc_column][\/vc_row][vc_row css=&#8221;.vc_custom_1530281635059{padding-bottom: 50px !important;}&#8221;][vc_column width=&#8221;1\/3&#8243;]<a  href=\"https:\/\/www.hometrust.ca\/fr-ca\/deposits\/deposit-rates\/deposit-rates-home-bank\/\"  target=\"_self\"  title=\"\" class=\"tt_button    button-center  \" ><span class=\"prim_text\">CPG de la Banque Home<\/span><span class=\" iconita\"><\/span><\/a>[\/vc_column][vc_column width=&#8221;1\/3&#8243;]<a  href=\"https:\/\/www.hometrust.ca\/fr-ca\/deposits\/deposit-rates\/deposit-rates-home-trust\/\"  target=\"_self\"  title=\"\" class=\"tt_button    button-center  \" ><span class=\"prim_text\">CPG de la Compagnie Home Trust<\/span><span class=\" iconita\"><\/span><\/a>[\/vc_column][vc_column width=&#8221;1\/3&#8243;]<a  href=\"https:\/\/www.hometrust.ca\/fr-ca\/deposits\/hisa\/\"  target=\"_self\"  title=\"\" class=\"tt_button    button-center  \" ><span class=\"prim_text\">Compte d\u2019\u00e9pargne \u00e0 int\u00e9r\u00eat \u00e9lev\u00e9 (les deux \u00e9metteurs)<\/span><span class=\" iconita\"><\/span><\/a>[\/vc_column][\/vc_row]<\/p>\n","protected":false},"excerpt":{"rendered":"<p>[vc_row css=&#8221;.vc_custom_1530281649900{padding-bottom: 50px !important;}&#8221;][vc_column][vc_column_text] Taux d\u2019int\u00e9r\u00eat de placement [\/vc_column_text][\/vc_column][\/vc_row][vc_row css=&#8221;.vc_custom_1530281635059{padding-bottom: 50px !important;}&#8221;][vc_column width=&#8221;1\/3&#8243;][\/vc_column][vc_column width=&#8221;1\/3&#8243;][\/vc_column][vc_column width=&#8221;1\/3&#8243;][\/vc_column][\/vc_row]<\/p>\n","protected":false},"author":2,"featured_media":0,"parent":3523,"menu_order":0,"comment_status":"closed","ping_status":"closed","template":"","meta":[],"yoast_head":"<!-- This site is optimized with the Yoast SEO Premium plugin v16.6 (Yoast SEO v16.6.1) - https:\/\/yoast.com\/wordpress\/plugins\/seo\/ -->\r\n<title>Taux d\u2019int\u00e9r\u00eat de placement - Home Trust<\/title>\r\n<meta name=\"robots\" content=\"index, follow, max-snippet:-1, max-image-preview:large, max-video-preview:-1\" \/>\r\n<link rel=\"canonical\" href=\"https:\/\/www.hometrust.ca\/deposits\/deposit-rates\/\" \/>\r\n<meta property=\"og:locale\" content=\"en_US\" \/>\r\n<meta property=\"og:type\" content=\"article\" \/>\r\n<meta property=\"og:title\" content=\"Taux d\u2019int\u00e9r\u00eat de placement\" \/>\r\n<meta property=\"og:description\" content=\"[vc_row css=&#8221;.vc_custom_1530281649900{padding-bottom: 50px !important;}&#8221;][vc_column][vc_column_text] Taux d\u2019int\u00e9r\u00eat de placement [\/vc_column_text][\/vc_column][\/vc_row][vc_row css=&#8221;.vc_custom_1530281635059{padding-bottom: 50px !important;}&#8221;][vc_column width=&#8221;1\/3&#8243;][\/vc_column][vc_column width=&#8221;1\/3&#8243;][\/vc_column][vc_column width=&#8221;1\/3&#8243;][\/vc_column][\/vc_row]\" \/>\r\n<meta property=\"og:url\" content=\"https:\/\/www.hometrust.ca\/fr-ca\/deposits\/deposit-rates\/\" \/>\r\n<meta property=\"og:site_name\" content=\"Home Trust\" \/>\r\n<meta property=\"article:modified_time\" content=\"2021-05-18T18:13:29+00:00\" \/>\r\n<meta name=\"twitter:card\" content=\"summary_large_image\" \/>\r\n<meta name=\"twitter:label1\" content=\"Est. reading time\" \/>\n\t<meta name=\"twitter:data1\" content=\"1 minute\" \/>\r\n<script type=\"application\/ld+json\" class=\"yoast-schema-graph\">{\"@context\":\"https:\/\/schema.org\",\"@graph\":[{\"@type\":\"WebSite\",\"@id\":\"https:\/\/hometrust.ca\/#website\",\"url\":\"https:\/\/hometrust.ca\/\",\"name\":\"Home Trust\",\"description\":\"\",\"potentialAction\":[{\"@type\":\"SearchAction\",\"target\":{\"@type\":\"EntryPoint\",\"urlTemplate\":\"https:\/\/hometrust.ca\/?s={search_term_string}\"},\"query-input\":\"required name=search_term_string\"}],\"inLanguage\":\"en-US\"},{\"@type\":\"WebPage\",\"@id\":\"https:\/\/www.hometrust.ca\/fr-ca\/deposits\/deposit-rates\/#webpage\",\"url\":\"https:\/\/www.hometrust.ca\/fr-ca\/deposits\/deposit-rates\/\",\"name\":\"Taux d\\u2019int\\u00e9r\\u00eat de placement - Home Trust\",\"isPartOf\":{\"@id\":\"https:\/\/hometrust.ca\/#website\"},\"datePublished\":\"2018-07-31T15:35:15+00:00\",\"dateModified\":\"2021-05-18T18:13:29+00:00\",\"breadcrumb\":{\"@id\":\"https:\/\/www.hometrust.ca\/fr-ca\/deposits\/deposit-rates\/#breadcrumb\"},\"inLanguage\":\"en-US\",\"potentialAction\":[{\"@type\":\"ReadAction\",\"target\":[\"https:\/\/www.hometrust.ca\/fr-ca\/deposits\/deposit-rates\/\"]}]},{\"@type\":\"BreadcrumbList\",\"@id\":\"https:\/\/www.hometrust.ca\/fr-ca\/deposits\/deposit-rates\/#breadcrumb\",\"itemListElement\":[{\"@type\":\"ListItem\",\"position\":1,\"name\":\"Home\",\"item\":\"https:\/\/www.hometrust.ca\/\"},{\"@type\":\"ListItem\",\"position\":2,\"name\":\"D\\u00e9p\\u00f4ts\",\"item\":\"https:\/\/www.hometrust.ca\/fr-ca\/deposits\/\"},{\"@type\":\"ListItem\",\"position\":3,\"name\":\"Taux d\\u2019int\\u00e9r\\u00eat de placement\"}]}]}<\/script>\r\n<!-- \/ Yoast SEO Premium plugin. -->","_links":{"self":[{"href":"https:\/\/www.hometrust.ca\/fr-ca\/wp-json\/wp\/v2\/pages\/1316\/"}],"collection":[{"href":"https:\/\/www.hometrust.ca\/fr-ca\/wp-json\/wp\/v2\/pages\/"}],"about":[{"href":"https:\/\/www.hometrust.ca\/fr-ca\/wp-json\/wp\/v2\/types\/page\/"}],"author":[{"embeddable":true,"href":"https:\/\/www.hometrust.ca\/fr-ca\/wp-json\/wp\/v2\/users\/2\/"}],"replies":[{"embeddable":true,"href":"https:\/\/www.hometrust.ca\/fr-ca\/wp-json\/wp\/v2\/comments\/?post=1316"}],"version-history":[{"count":9,"href":"https:\/\/www.hometrust.ca\/fr-ca\/wp-json\/wp\/v2\/pages\/1316\/revisions\/"}],"predecessor-version":[{"id":7171,"href":"https:\/\/www.hometrust.ca\/fr-ca\/wp-json\/wp\/v2\/pages\/1316\/revisions\/7171\/"}],"up":[{"embeddable":true,"href":"https:\/\/www.hometrust.ca\/fr-ca\/wp-json\/wp\/v2\/pages\/3523\/"}],"wp:attachment":[{"href":"https:\/\/www.hometrust.ca\/fr-ca\/wp-json\/wp\/v2\/media\/?parent=1316"}],"curies":[{"name":"wp","href":"https:\/\/api.w.org\/{rel}","templated":true}]}}