{"id":1326,"date":"2018-07-31T16:36:23","date_gmt":"2018-07-31T16:36:23","guid":{"rendered":"https:\/\/www.hometrust.ca\/deposits\/broker-forms\/"},"modified":"2026-03-03T14:23:42","modified_gmt":"2026-03-03T14:23:42","slug":"broker-forms","status":"publish","type":"page","link":"https:\/\/www.hometrust.ca\/fr-ca\/deposits\/broker-forms\/","title":{"rendered":"Formulaires et Conditions g\u00e9n\u00e9rales"},"content":{"rendered":"<p>[vc_row][vc_column][vc_column_text]<\/p>\n<h1>Formulaires pour courtier en d\u00e9p\u00f4t<\/h1>\n<h4><strong>Demande<\/strong><\/h4>\n<p><strong>Non enregistr\u00e9<\/strong><\/p>\n<ul>\n<li><a href=\"\/wp-content\/uploads\/2025\/10\/8398_HTC-non-reg-Application-FR-BROKER-052625-coded-1.pdf\" target=\"_blank\" rel=\"noopener\">Certificats de placement garanti<\/a><\/li>\n<\/ul>\n<p><strong>Enregistr\u00e9<\/strong><\/p>\n<ul>\n<li style=\"list-style-type: none;\">\n<ul>\n<li>Compte d\u2019\u00e9pargne libre d\u2019imp\u00f4t (CELI)\n<ul>\n<li><a href=\"\/wp-content\/uploads\/2025\/10\/39689-FR-Home-Bank-Broker-TFSA-GIC-051525-.pdf\" target=\"_blank\" rel=\"noopener noreferrer\">Banque Home<\/a><\/li>\n<li><a href=\"\/wp-content\/uploads\/2025\/10\/10257-FR-HTC-Broker-TFSA-GIC-051525-.pdf\" target=\"_blank\" rel=\"noopener noreferrer\">Compagnie Home Trust<\/a><\/li>\n<\/ul>\n<\/li>\n<li>R\u00e9gime enregistr\u00e9 d\u2019\u00e9pargne-retraite (RER)\n<ul>\n<li><a href=\"\/wp-content\/uploads\/2025\/10\/44726-FR-Home-Bank-Broker-RSP-GIC-060225-.pdf\" target=\"_blank\" rel=\"noopener noreferrer\">Banque Home<\/a><\/li>\n<li><a href=\"\/wp-content\/uploads\/2025\/10\/10255-FR-HTC-Broker-RSP-GIC-051525-.pdf\" target=\"_blank\" rel=\"noopener noreferrer\">Compagnie Home Trust<\/a><\/li>\n<\/ul>\n<\/li>\n<li>Fonds enregistr\u00e9 de revenu de retraite (FERR)\n<ul>\n<li><a href=\"\/wp-content\/uploads\/2025\/10\/42926-FR-Home-Bank-Broker-RIF-GIC-051525-.pdf\" target=\"_blank\" rel=\"noopener noreferrer\">Banque Home<\/a><\/li>\n<li><a href=\"\/wp-content\/uploads\/2025\/10\/10259-FR-HTC-Broker-RIF-GIC-051525-.pdf\" target=\"_blank\" rel=\"noopener noreferrer\">Compagnie Home Trust<\/a><\/li>\n<\/ul>\n<\/li>\n<\/ul>\n<\/li>\n<\/ul>\n<p><strong>Brochure condens\u00e9e de la SADC<\/strong><\/p>\n<ul>\n<li><a href=\"http:\/\/www.cdic.ca\/en\/financial-community\/cdic-display-requirements\/Documents\/cdic-abbreviated-brochure-fr.pdf\" target=\"_blank\" rel=\"noopener\">\u00c0 remettre \u00e0 l\u2019ouverture d\u2019un compte<\/a><\/li>\n<\/ul>\n<p><strong>Commercial<\/strong><\/p>\n<ul>\n<li><a href=\"\/wp-content\/uploads\/2025\/10\/12001_HT-Commercial-Application-FR-BROKER-09032025.pdf\" target=\"_blank\" rel=\"noopener\">Certificats de placement garanti (Banque Home \/Compagnie Home Trust)<\/a><\/li>\n<li><a href=\"\/wp-content\/uploads\/2025\/10\/239179_HT-Commercial-Estate-FR-BROKER-09032025.pdf\" target=\"_blank\" rel=\"noopener\">Certificats de placement garanti (Banque Home \/Compagnie Home Trust) &#8211; Succession\/Fiducie Officielle<\/a><\/li>\n<\/ul>\n<p><strong>Formulaires de transfert direct<\/strong><\/p>\n<ul>\n<li><a href=\"\/wp-content\/uploads\/2025\/08\/BRO_FR_HB-T2033_8122025.pdf\" target=\"_blank\" rel=\"noopener\">Banque Home T-2033<\/a><\/li>\n<li><a href=\"\/wp-content\/uploads\/2025\/08\/BRO_FR_HTC-T2033_8122025.pdf\" target=\"_blank\" rel=\"noopener\">Compagnie Home Trust T-2033<\/a><\/li>\n<li><a href=\"\/wp-content\/uploads\/2025\/08\/BRO_FR_HB-TFSA-Direct-Transfer-Form_8122025.pdf\" target=\"_blank\" rel=\"noopener\">Banque Home Formulaire de transfert direct CELI<\/a><\/li>\n<li><a href=\"\/wp-content\/uploads\/2025\/08\/BRO_FR_HTC-TFSA-Direct-Transfer-Form_8122025.pdf\" target=\"_blank\" rel=\"noopener\">Compagnie Home Trust Formulaire de transfert direct CELI<\/a><\/li>\n<\/ul>\n<ul style=\"list-style: none;\">\n<li style=\"list-style-type: none;\">\n<ul style=\"list-style: none;\">Num\u00e9ro du mod\u00e8le de r\u00e9gime ou de fonds Banque Home:<\/ul>\n<\/li>\n<\/ul>\n<ul style=\"list-style: none;\">\n<li style=\"list-style-type: none;\">\n<ul>\n<li>CELI: 06410013<\/li>\n<li>RER: 641-002<\/li>\n<li>FERR: 1575<\/li>\n<\/ul>\n<\/li>\n<\/ul>\n<ul style=\"list-style: none;\">\n<li style=\"list-style-type: none;\">\n<ul style=\"list-style: none;\">Num\u00e9ro du mod\u00e8le de r\u00e9gime ou de fonds Compagnie Home Trust:<\/ul>\n<\/li>\n<\/ul>\n<ul style=\"list-style: none;\">\n<li style=\"list-style-type: none;\">\n<ul>\n<li>CELI: 05710017<\/li>\n<li>RER: 571-001<\/li>\n<li>FERR: 1235<\/li>\n<\/ul>\n<\/li>\n<\/ul>\n<p><strong>Autre<\/strong><\/p>\n<ul>\n<li><a href=\"\/wp-content\/uploads\/2025\/08\/BRO_FR-Authorized-Signatory-Form.pdf\" target=\"_blank\" rel=\"noopener noreferrer\">Formulaire de signature autoris\u00e9<\/a><\/li>\n<li><a href=\"\/documents_fr\/deposits\/autre\/63326 HT FR broker 3rd party 053121.pdf\" target=\"_blank\" rel=\"noopener noreferrer\">Formulaire de d\u00e9claration de tierce partie<\/a><\/li>\n<li><a href=\"\/documents_fr\/deposits\/autre\/French%20Broker%20LOD.pdf\" target=\"_blank\" rel=\"noopener noreferrer\">Courtier de d\u00e9p\u00f4t<\/a><\/li>\n<li><a href=\"\/documents_fr\/deposits\/autre\/French%20Home%20Trust%20Deposit%20Slip%20Bilingual.pdf\" target=\"_blank\" rel=\"noopener noreferrer\">Transfert de fonds Centralis\u00e9s &#8211; Transfert de d\u00e9p\u00f4t<\/a><\/li>\n<li><a href=\"\/documents_fr\/deposits\/autre\/French%20Deposit%20Slip%20Instructions%20Bilingual.pdf\" target=\"_blank\" rel=\"noopener noreferrer\">Instructions de d\u00e9p\u00f4t<\/a><\/li>\n<li><a href=\"\/wp-content\/uploads\/2023\/08\/41429-HTC-Politically-Exposed-Persons-French-063023.pdf\" target=\"_blank\" rel=\"noopener noreferrer\">Formulaire de d\u00e9claration des personnes politiquement expos\u00e9es<\/a><\/li>\n<li><a href=\"\/wp-content\/uploads\/2026\/03\/2602_HTC_TrustAccountBeneficiaryForm_FR.pdf\" target=\"_blank\" rel=\"noopener\">Formulaire du b\u00e9n\u00e9ficiaire pour un compte en fiducie<\/a><\/li>\n<li><a href=\"\/wp-content\/uploads\/2023\/06\/386929-HTCompany-Acceptable-ID-FR-053123.pdf\" target=\"_blank\" rel=\"noopener noreferrer\">Liste des pi\u00e8ces d&#8217;identit\u00e9 accept\u00e9es<\/a><\/li>\n<li><a href=\"\/wp-content\/uploads\/2023\/06\/386929-HTCompany-Broker-Dual-Process-FR-053123.pdf\" target=\"_blank\" rel=\"noopener noreferrer\">M\u00e9thode du double processus<\/a><\/li>\n<li><a href=\"\/wp-content\/uploads\/2021\/09\/253926-Dep-0012-Commercial-REQ-HB-HTC-FR-090721.pdf\" target=\"_blank\" rel=\"noopener noreferrer\">Exigences en mati\u00e8re de documentation commerciale<\/a><\/li>\n<li><a href=\"\/wp-content\/uploads\/2022\/02\/280076-HTC-PAD-form-FR-020322.pdf\" target=\"_blank\" rel=\"noopener noreferrer\">Entente de pr\u00e9l\u00e8vement automatique<\/a><\/li>\n<\/ul>\n<h2 class=\"mg-top-20\">Conditions g\u00e9n\u00e9rales du courtier en d\u00e9p\u00f4ts<\/h2>\n<p><strong class=\"lp-20\">Banque Home<\/strong><\/p>\n<ul class=\"lp-20\">\n<li><a href=\"\/wp-content\/uploads\/2024\/11\/Banque-Home-et-de-Compagnie-Home-Trust-Placements-non\u202fenregistres-CPG-et-compte-depargne.pdf\" target=\"_blank\" rel=\"noopener noreferrer\">Modalit\u00e9s et conditions relatives aux placements non enregistr\u00e9s<\/a><\/li>\n<li><a href=\"\/wp-content\/uploads\/2024\/11\/42926-Banque-Home-RIF\u0393C-CPG-BROKER.pdf\" target=\"_blank\" rel=\"noopener noreferrer\">Modalit\u00e9s et conditions relatives au fonds de revenu de retraite<\/a><\/li>\n<li><a href=\"\/wp-content\/uploads\/2024\/11\/44726-Banque-Home-Relatives-au-regime-depargne-retraite-CPG-et-Compte-depargne-BROKER.pdf\" target=\"_blank\" rel=\"noopener noreferrer\">Modalit\u00e9s et conditions relatives au r\u00e9gime d\u2019\u00e9pargne-retraite<\/a><\/li>\n<li><a href=\"\/wp-content\/uploads\/2024\/11\/39689-Banque-Home-Relatives-au-compte-depargne-libre-dimpot-CPG-et-compte-depargne-BROKER.pdf\" target=\"_blank\" rel=\"noopener noreferrer\">Modalit\u00e9s et conditions relatives au compte d\u2019\u00e9pargne libre d\u2019imp\u00f4t<\/a><\/li>\n<\/ul>\n<p><strong class=\"lp-20\">Compagnie Home Trust<\/strong><\/p>\n<ul class=\"lp-20\">\n<li><a href=\"\/wp-content\/uploads\/2024\/11\/Banque-Home-et-de-Compagnie-Home-Trust-Placements-non\u202fenregistres-CPG-et-compte-depargne.pdf\" target=\"_blank\" rel=\"noopener noreferrer\">Modalit\u00e9s et conditions relatives aux placements non enregistr\u00e9s<\/a><\/li>\n<li><a href=\"\/wp-content\/uploads\/2024\/11\/10259-Compagnie-Home-Trust-RIF\u0393C-CPG-BROKER.pdf\" target=\"_blank\" rel=\"noopener noreferrer\">D\u00e9claration de fiducie relative au fonds de revenu de retraite<\/a><\/li>\n<li><a href=\"\/wp-content\/uploads\/2024\/11\/10255-Compagnie-Home-Trust-Relative-au-regime-depargne-retraite-CPG-et-Compte-depargne-BROKER.pdf\" target=\"_blank\" rel=\"noopener noreferrer\">D\u00e9claration de fiducie relative au r\u00e9gime d\u2019\u00e9pargne-retraite<\/a><\/li>\n<li><a href=\"\/wp-content\/uploads\/2024\/11\/10257-Compagnie-Home-Trust-Relative-au-compte-depargne-libre-dimpot-CPG-et-compte-depargne-BROKER.pdf\" target=\"_blank\" rel=\"noopener noreferrer\">D\u00e9claration de fiducie relative au compte d\u2019\u00e9pargne libre d\u2019imp\u00f4t<\/a><\/li>\n<\/ul>\n<div style=\"display: inline-block; float: left; font-size: 10px; padding-top: 10px;\"><\/div>\n<div style=\"display: inline-block; float: right; margin-bottom: 20px; margin-right: 16px;\"><img loading=\"lazy\" class=\"vc_single_image-img\" title=\"Canada_Deposit_Insurance_Corporation_Logo\" src=\"\/wp-content\/uploads\/2018\/09\/Canada_Deposit_Insurance_Corporation_Logo_Fr-v2.png\" alt=\"Canada_Deposit_Insurance_Corporation_Logo\" width=\"140\" height=\"63\" \/><\/div>\n<p>[\/vc_column_text][\/vc_column][\/vc_row]<\/p>\n","protected":false},"excerpt":{"rendered":"<p>[vc_row][vc_column][vc_column_text] Formulaires pour courtier en d\u00e9p\u00f4t Demande Non enregistr\u00e9 Certificats de placement garanti Enregistr\u00e9 Compte d\u2019\u00e9pargne libre d\u2019imp\u00f4t (CELI) Banque Home Compagnie Home Trust R\u00e9gime enregistr\u00e9 d\u2019\u00e9pargne-retraite [&hellip;]<\/p>\n","protected":false},"author":2,"featured_media":0,"parent":3523,"menu_order":0,"comment_status":"closed","ping_status":"closed","template":"","meta":[],"yoast_head":"<!-- This site is optimized with the Yoast SEO Premium plugin v16.6 (Yoast SEO v16.6.1) - https:\/\/yoast.com\/wordpress\/plugins\/seo\/ -->\r\n<title>Formulaires et Conditions g\u00e9n\u00e9rales - Home Trust<\/title>\r\n<meta name=\"robots\" content=\"index, follow, max-snippet:-1, max-image-preview:large, max-video-preview:-1\" \/>\r\n<link rel=\"canonical\" href=\"https:\/\/www.hometrust.ca\/deposits\/broker-forms\/\" \/>\r\n<meta property=\"og:locale\" content=\"en_US\" \/>\r\n<meta property=\"og:type\" content=\"article\" \/>\r\n<meta property=\"og:title\" content=\"Formulaires et Conditions g\u00e9n\u00e9rales\" \/>\r\n<meta property=\"og:description\" content=\"[vc_row][vc_column][vc_column_text] Formulaires pour courtier en d\u00e9p\u00f4t Demande Non enregistr\u00e9 Certificats de placement garanti Enregistr\u00e9 Compte d\u2019\u00e9pargne libre d\u2019imp\u00f4t (CELI) Banque Home Compagnie Home Trust R\u00e9gime enregistr\u00e9 d\u2019\u00e9pargne-retraite [&hellip;]\" \/>\r\n<meta property=\"og:url\" content=\"https:\/\/www.hometrust.ca\/fr-ca\/deposits\/broker-forms\/\" \/>\r\n<meta property=\"og:site_name\" content=\"Home Trust\" \/>\r\n<meta property=\"article:modified_time\" content=\"2026-03-03T14:23:42+00:00\" \/>\r\n<meta property=\"og:image\" content=\"https:\/\/www.hometrust.ca\/wp-content\/uploads\/2018\/09\/Canada_Deposit_Insurance_Corporation_Logo_Fr-v2.png\" \/>\r\n<meta name=\"twitter:card\" content=\"summary_large_image\" \/>\r\n<meta name=\"twitter:label1\" content=\"Est. reading time\" \/>\n\t<meta name=\"twitter:data1\" content=\"2 minutes\" \/>\r\n<script type=\"application\/ld+json\" class=\"yoast-schema-graph\">{\"@context\":\"https:\/\/schema.org\",\"@graph\":[{\"@type\":\"WebSite\",\"@id\":\"https:\/\/hometrust.ca\/#website\",\"url\":\"https:\/\/hometrust.ca\/\",\"name\":\"Home Trust\",\"description\":\"\",\"potentialAction\":[{\"@type\":\"SearchAction\",\"target\":{\"@type\":\"EntryPoint\",\"urlTemplate\":\"https:\/\/hometrust.ca\/?s={search_term_string}\"},\"query-input\":\"required name=search_term_string\"}],\"inLanguage\":\"en-US\"},{\"@type\":\"ImageObject\",\"@id\":\"https:\/\/www.hometrust.ca\/fr-ca\/deposits\/broker-forms\/#primaryimage\",\"inLanguage\":\"en-US\",\"url\":\"\/wp-content\/uploads\/2018\/09\/Canada_Deposit_Insurance_Corporation_Logo_Fr-v2.png\",\"contentUrl\":\"\/wp-content\/uploads\/2018\/09\/Canada_Deposit_Insurance_Corporation_Logo_Fr-v2.png\"},{\"@type\":\"WebPage\",\"@id\":\"https:\/\/www.hometrust.ca\/fr-ca\/deposits\/broker-forms\/#webpage\",\"url\":\"https:\/\/www.hometrust.ca\/fr-ca\/deposits\/broker-forms\/\",\"name\":\"Formulaires et Conditions g\\u00e9n\\u00e9rales - Home Trust\",\"isPartOf\":{\"@id\":\"https:\/\/hometrust.ca\/#website\"},\"primaryImageOfPage\":{\"@id\":\"https:\/\/www.hometrust.ca\/fr-ca\/deposits\/broker-forms\/#primaryimage\"},\"datePublished\":\"2018-07-31T16:36:23+00:00\",\"dateModified\":\"2026-03-03T14:23:42+00:00\",\"breadcrumb\":{\"@id\":\"https:\/\/www.hometrust.ca\/fr-ca\/deposits\/broker-forms\/#breadcrumb\"},\"inLanguage\":\"en-US\",\"potentialAction\":[{\"@type\":\"ReadAction\",\"target\":[\"https:\/\/www.hometrust.ca\/fr-ca\/deposits\/broker-forms\/\"]}]},{\"@type\":\"BreadcrumbList\",\"@id\":\"https:\/\/www.hometrust.ca\/fr-ca\/deposits\/broker-forms\/#breadcrumb\",\"itemListElement\":[{\"@type\":\"ListItem\",\"position\":1,\"name\":\"Home\",\"item\":\"https:\/\/www.hometrust.ca\/\"},{\"@type\":\"ListItem\",\"position\":2,\"name\":\"D\\u00e9p\\u00f4ts\",\"item\":\"https:\/\/www.hometrust.ca\/fr-ca\/deposits\/\"},{\"@type\":\"ListItem\",\"position\":3,\"name\":\"Formulaires et Conditions g\\u00e9n\\u00e9rales\"}]}]}<\/script>\r\n<!-- \/ Yoast SEO Premium plugin. -->","_links":{"self":[{"href":"https:\/\/www.hometrust.ca\/fr-ca\/wp-json\/wp\/v2\/pages\/1326\/"}],"collection":[{"href":"https:\/\/www.hometrust.ca\/fr-ca\/wp-json\/wp\/v2\/pages\/"}],"about":[{"href":"https:\/\/www.hometrust.ca\/fr-ca\/wp-json\/wp\/v2\/types\/page\/"}],"author":[{"embeddable":true,"href":"https:\/\/www.hometrust.ca\/fr-ca\/wp-json\/wp\/v2\/users\/2\/"}],"replies":[{"embeddable":true,"href":"https:\/\/www.hometrust.ca\/fr-ca\/wp-json\/wp\/v2\/comments\/?post=1326"}],"version-history":[{"count":40,"href":"https:\/\/www.hometrust.ca\/fr-ca\/wp-json\/wp\/v2\/pages\/1326\/revisions\/"}],"predecessor-version":[{"id":12000,"href":"https:\/\/www.hometrust.ca\/fr-ca\/wp-json\/wp\/v2\/pages\/1326\/revisions\/12000\/"}],"up":[{"embeddable":true,"href":"https:\/\/www.hometrust.ca\/fr-ca\/wp-json\/wp\/v2\/pages\/3523\/"}],"wp:attachment":[{"href":"https:\/\/www.hometrust.ca\/fr-ca\/wp-json\/wp\/v2\/media\/?parent=1326"}],"curies":[{"name":"wp","href":"https:\/\/api.w.org\/{rel}","templated":true}]}}