{"id":1337,"date":"2018-07-31T16:55:23","date_gmt":"2018-07-31T16:55:23","guid":{"rendered":"https:\/\/www.hometrust.ca\/deposits\/canada-deposit-insurance-corp\/"},"modified":"2025-01-08T09:27:51","modified_gmt":"2025-01-08T09:27:51","slug":"canada-deposit-insurance-corp","status":"publish","type":"page","link":"https:\/\/www.hometrust.ca\/fr-ca\/deposits\/canada-deposit-insurance-corp\/","title":{"rendered":"Soci\u00e9t\u00e9 d&#8217;assurance-d\u00e9p\u00f4ts du Canada"},"content":{"rendered":"<p>[vc_row][vc_column][vc_column_text]<\/p>\n<h1>Soci\u00e9t\u00e9 d&#8217;assurance-d\u00e9p\u00f4ts du Canada<\/h1>\n<p><a href=\"http:\/\/www.sadc.ca\/fr\/Pages\/default.aspx\"><img loading=\"lazy\" src=\"\/wp-content\/themes\/leadengine-child\/images_fr\/Canada_Deposit_Insurance_Corporation_Logo_Fr2.png\" alt=\"Canada_Deposit_Insurance_Corporation_Logo_Fr2\" width=\"250px\" height=\"120px\" \/><\/a><\/p>\n<p>La Compagnie Home\u00a0Trust, la Banque Home et la Banque Fairstone du Canada sont des membres distincts de la <a href=\"http:\/\/www.cdic.ca\/en\/about-di\/what-we-cover\/Pages\/list-members.aspx\" target=\"_blank\" rel=\"noopener\">Soci\u00e9t\u00e9 d\u2019assurance-d\u00e9p\u00f4ts du Canada(SADC)<\/a>.\u00a0 Pour en savoir plus sur ce qui est couvert et sur le fonctionnement, visitez le <a href=\"http:\/\/www.cdic.ca\/en\/Pages\/default.aspx\" target=\"_blank\" rel=\"noopener\">site Web de la SADC.<\/a><\/p>\n<p>La Financi\u00e8re Oaken<sup>MD<\/sup>, est une marque de commerce de la Banque Home, une filiale en propri\u00e9t\u00e9 exclusive de la Compagnie Home Trust.<\/p>\n<h2>Registre des d\u00e9p\u00f4ts<\/h2>\n<p>Les instruments ou produits ci-dessous sont admissibles \u00e0 l\u2019assurance-d\u00e9p\u00f4ts de la Soci\u00e9t\u00e9 d\u2019assurance-d\u00e9p\u00f4ts du Canada, sous r\u00e9serve des plafonds pr\u00e9cis\u00e9s dans la brochure &#8220;<a href=\"http:\/\/www.cdic.ca\/en\/financial-community\/cdic-display-requirements\/Documents\/cdic-protecting-your-deposits-brochure-fr.pdf\">Protection de vos d\u00e9p\u00f4ts<\/a>&#8220;. de d\u00e9p\u00f4ts payables au Canada\u00a0:<\/p>\n<div class=\"row\" style=\"margin-bottom: 20px;\">\n<div class=\"col-md-12\" style=\"padding: 0;\">\n<h4 style=\"margin-bottom: 10px;\">D\u00c9P\u00d4TS \u00c0 TERME\/Certificat de placement garanti<\/h4>\n<p>Disponible dans: non enregistr\u00e9\/RER\/CRI\/REER immobilis\u00e9\/FER\/CELI<\/p>\n<ul>\n<li>D\u00e9p\u00f4t \u00e0 court terme ( non enregistr\u00e9\/RER\/CRI \/REER immobilis\u00e9)<\/li>\n<li>Certificat de placement garanti (tous les r\u00e9gimes)<\/li>\n<li>CPG encaissable (non enregistr\u00e9)<\/li>\n<\/ul>\n<\/div>\n<\/div>\n<div class=\"row\">\n<div class=\"col-md-6\" style=\"padding: 0;\">\n<h4 style=\"margin-bottom: 10px;\">AUTRES PRODUITS<\/h4>\n<ul>\n<li>Compte d\u2019\u00e9pargne \u00e0 int\u00e9r\u00eat \u00e9lev\u00e9<\/li>\n<li>Compte d\u2019\u00e9pargne Oaken<\/li>\n<li>Carte Visa* avec d\u00e9p\u00f4t de garantie<\/li>\n<\/ul>\n<\/div>\n<div class=\"col-md-6\" style=\"padding: 0;\">\n<h4 style=\"margin-bottom: 10px;\">Non offerts directement aux d\u00e9posants<\/h4>\n<ul>\n<li>Comptes d\u2019attente<\/li>\n<li>Effets en circulation<\/li>\n<li>Ch\u00e8ques non r\u00e9clam\u00e9s<\/li>\n<\/ul>\n<\/div>\n<\/div>\n<p><span style=\"font-size: normal;\">*Visa Int.\/Compagnie Home Trust, usager licenci\u00e9 de la marque.<\/span><\/p>\n<p><strong>Pour de plus amples renseignements<\/strong><br \/>\nSADC\u00a0: (800)\u00a0461-2342 \u2013 Site Web\u00a0: <a href=\"http:\/\/www.sadc.ca\/fr\/Pages\/default.aspx\">www.sadc.ca<\/a><br \/>\n<a href=\"\/wp-content\/uploads\/2022\/05\/WEB-FR_CDIC_Revised_BRO_May_1_2022.pdf\">Voir la liste des produits admissibles<\/a><\/p>\n<p>Les documents de renseignements sur la SADC, Protection de vos d\u00e9p\u00f4ts, et sur l\u2019adh\u00e9sion \u00e0 la SADC sont disponibles.<br \/>\n<!--\n\n\n<div style=\"display: inline-block; float: left; font-size: 10px; padding-top: 10px;\"><\/div>\n\n\n\n\n<div style=\"display: inline-block; float: right; margin-bottom: 20px; margin-right: 16px;\"><img loading=\"lazy\" class=\"vc_single_image-img\" title=\"Canada_Deposit_Insurance_Corporation_Logo\" src=\"\/wp-content\/uploads\/2018\/09\/Canada_Deposit_Insurance_Corporation_Logo_Fr-v2.png\" alt=\"Canada_Deposit_Insurance_Corporation_Logo\" width=\"140\" height=\"63\" \/><\/div>\n\n\n-->[\/vc_column_text][\/vc_column][\/vc_row]<\/p>\n","protected":false},"excerpt":{"rendered":"<p>[vc_row][vc_column][vc_column_text] Soci\u00e9t\u00e9 d&#8217;assurance-d\u00e9p\u00f4ts du Canada La Compagnie Home\u00a0Trust, la Banque Home et la Banque Fairstone du Canada sont des membres distincts de la Soci\u00e9t\u00e9 d\u2019assurance-d\u00e9p\u00f4ts du Canada(SADC).\u00a0 [&hellip;]<\/p>\n","protected":false},"author":2,"featured_media":0,"parent":3523,"menu_order":0,"comment_status":"closed","ping_status":"closed","template":"","meta":[],"yoast_head":"<!-- This site is optimized with the Yoast SEO Premium plugin v16.6 (Yoast SEO v16.6.1) - https:\/\/yoast.com\/wordpress\/plugins\/seo\/ -->\r\n<title>Soci\u00e9t\u00e9 d&#039;assurance-d\u00e9p\u00f4ts du Canada - Home Trust<\/title>\r\n<meta name=\"robots\" content=\"index, follow, max-snippet:-1, max-image-preview:large, max-video-preview:-1\" \/>\r\n<link rel=\"canonical\" href=\"https:\/\/www.hometrust.ca\/deposits\/canada-deposit-insurance-corp\/\" \/>\r\n<meta property=\"og:locale\" content=\"en_US\" \/>\r\n<meta property=\"og:type\" content=\"article\" \/>\r\n<meta property=\"og:title\" content=\"Soci\u00e9t\u00e9 d&#039;assurance-d\u00e9p\u00f4ts du Canada\" \/>\r\n<meta property=\"og:description\" content=\"[vc_row][vc_column][vc_column_text] Soci\u00e9t\u00e9 d&#8217;assurance-d\u00e9p\u00f4ts du Canada La Compagnie Home\u00a0Trust, la Banque Home et la Banque Fairstone du Canada sont des membres distincts de la Soci\u00e9t\u00e9 d\u2019assurance-d\u00e9p\u00f4ts du Canada(SADC).\u00a0 [&hellip;]\" \/>\r\n<meta property=\"og:url\" content=\"https:\/\/www.hometrust.ca\/fr-ca\/deposits\/canada-deposit-insurance-corp\/\" \/>\r\n<meta property=\"og:site_name\" content=\"Home Trust\" \/>\r\n<meta property=\"article:modified_time\" content=\"2025-01-08T09:27:51+00:00\" \/>\r\n<meta property=\"og:image\" content=\"https:\/\/www.hometrust.ca\/wp-content\/themes\/leadengine-child\/images_fr\/Canada_Deposit_Insurance_Corporation_Logo_Fr2.png\" \/>\r\n<meta name=\"twitter:card\" content=\"summary_large_image\" \/>\r\n<meta name=\"twitter:label1\" content=\"Est. reading time\" \/>\n\t<meta name=\"twitter:data1\" content=\"2 minutes\" \/>\r\n<script type=\"application\/ld+json\" class=\"yoast-schema-graph\">{\"@context\":\"https:\/\/schema.org\",\"@graph\":[{\"@type\":\"WebSite\",\"@id\":\"https:\/\/hometrust.ca\/#website\",\"url\":\"https:\/\/hometrust.ca\/\",\"name\":\"Home Trust\",\"description\":\"\",\"potentialAction\":[{\"@type\":\"SearchAction\",\"target\":{\"@type\":\"EntryPoint\",\"urlTemplate\":\"https:\/\/hometrust.ca\/?s={search_term_string}\"},\"query-input\":\"required name=search_term_string\"}],\"inLanguage\":\"en-US\"},{\"@type\":\"ImageObject\",\"@id\":\"https:\/\/www.hometrust.ca\/fr-ca\/deposits\/canada-deposit-insurance-corp\/#primaryimage\",\"inLanguage\":\"en-US\",\"url\":\"\/wp-content\/themes\/leadengine-child\/images_fr\/Canada_Deposit_Insurance_Corporation_Logo_Fr2.png\",\"contentUrl\":\"\/wp-content\/themes\/leadengine-child\/images_fr\/Canada_Deposit_Insurance_Corporation_Logo_Fr2.png\"},{\"@type\":\"WebPage\",\"@id\":\"https:\/\/www.hometrust.ca\/fr-ca\/deposits\/canada-deposit-insurance-corp\/#webpage\",\"url\":\"https:\/\/www.hometrust.ca\/fr-ca\/deposits\/canada-deposit-insurance-corp\/\",\"name\":\"Soci\\u00e9t\\u00e9 d'assurance-d\\u00e9p\\u00f4ts du Canada - Home Trust\",\"isPartOf\":{\"@id\":\"https:\/\/hometrust.ca\/#website\"},\"primaryImageOfPage\":{\"@id\":\"https:\/\/www.hometrust.ca\/fr-ca\/deposits\/canada-deposit-insurance-corp\/#primaryimage\"},\"datePublished\":\"2018-07-31T16:55:23+00:00\",\"dateModified\":\"2025-01-08T09:27:51+00:00\",\"breadcrumb\":{\"@id\":\"https:\/\/www.hometrust.ca\/fr-ca\/deposits\/canada-deposit-insurance-corp\/#breadcrumb\"},\"inLanguage\":\"en-US\",\"potentialAction\":[{\"@type\":\"ReadAction\",\"target\":[\"https:\/\/www.hometrust.ca\/fr-ca\/deposits\/canada-deposit-insurance-corp\/\"]}]},{\"@type\":\"BreadcrumbList\",\"@id\":\"https:\/\/www.hometrust.ca\/fr-ca\/deposits\/canada-deposit-insurance-corp\/#breadcrumb\",\"itemListElement\":[{\"@type\":\"ListItem\",\"position\":1,\"name\":\"Home\",\"item\":\"https:\/\/www.hometrust.ca\/\"},{\"@type\":\"ListItem\",\"position\":2,\"name\":\"D\\u00e9p\\u00f4ts\",\"item\":\"https:\/\/www.hometrust.ca\/fr-ca\/deposits\/\"},{\"@type\":\"ListItem\",\"position\":3,\"name\":\"Soci\\u00e9t\\u00e9 d&#8217;assurance-d\\u00e9p\\u00f4ts du Canada\"}]}]}<\/script>\r\n<!-- \/ Yoast SEO Premium plugin. -->","_links":{"self":[{"href":"https:\/\/www.hometrust.ca\/fr-ca\/wp-json\/wp\/v2\/pages\/1337\/"}],"collection":[{"href":"https:\/\/www.hometrust.ca\/fr-ca\/wp-json\/wp\/v2\/pages\/"}],"about":[{"href":"https:\/\/www.hometrust.ca\/fr-ca\/wp-json\/wp\/v2\/types\/page\/"}],"author":[{"embeddable":true,"href":"https:\/\/www.hometrust.ca\/fr-ca\/wp-json\/wp\/v2\/users\/2\/"}],"replies":[{"embeddable":true,"href":"https:\/\/www.hometrust.ca\/fr-ca\/wp-json\/wp\/v2\/comments\/?post=1337"}],"version-history":[{"count":12,"href":"https:\/\/www.hometrust.ca\/fr-ca\/wp-json\/wp\/v2\/pages\/1337\/revisions\/"}],"predecessor-version":[{"id":11287,"href":"https:\/\/www.hometrust.ca\/fr-ca\/wp-json\/wp\/v2\/pages\/1337\/revisions\/11287\/"}],"up":[{"embeddable":true,"href":"https:\/\/www.hometrust.ca\/fr-ca\/wp-json\/wp\/v2\/pages\/3523\/"}],"wp:attachment":[{"href":"https:\/\/www.hometrust.ca\/fr-ca\/wp-json\/wp\/v2\/media\/?parent=1337"}],"curies":[{"name":"wp","href":"https:\/\/api.w.org\/{rel}","templated":true}]}}