{"id":1467,"date":"2018-08-01T19:05:05","date_gmt":"2018-08-01T19:05:05","guid":{"rendered":"https:\/\/www.hometrust.ca\/?page_id=1467"},"modified":"2021-05-18T18:19:50","modified_gmt":"2021-05-18T18:19:50","slug":"contact-us","status":"publish","type":"page","link":"https:\/\/www.hometrust.ca\/fr-ca\/deposits\/contact-us\/","title":{"rendered":"Contactez-nous"},"content":{"rendered":"<p>[vc_row][vc_column][vc_column_text]<\/p>\n<h4>Courtiers en d\u00e9p\u00f4t (Home Trust)<\/h4>\n<p>t\u00e9l\u00e9phone: (416) 933-6204<\/p>\n<p>sans frais: 1-888-711-7713<\/p>\n<p>courriel:\u00a0<a href=\"mailto:depots@hometrust.ca\">depots@hometrust.ca<\/a><\/p>\n<h4>Clients Oaken<\/h4>\n<p>t\u00e9l\u00e9phone: 1-855-625-3622<\/p>\n<p>courriel:\u00a0<a href=\"mailto:service@oaken.com\">service@oaken.com<\/a><br \/>\n<!--\n\n\n<div style=\"display: inline-block; float: left; font-size: 10px; padding-top: 10px;\"><\/div>\n\n\n\n\n<div style=\"display: inline-block; float: right; margin-bottom: 20px; margin-right: 16px;\"><img loading=\"lazy\" class=\"vc_single_image-img\" title=\"Canada_Deposit_Insurance_Corporation_Logo\" src=\"\/wp-content\/uploads\/2018\/09\/Canada_Deposit_Insurance_Corporation_Logo_Fr-v2.png\" alt=\"Canada_Deposit_Insurance_Corporation_Logo\" width=\"140\" height=\"63\" \/><\/div>\n\n\n-->[\/vc_column_text][\/vc_column][\/vc_row]<\/p>\n","protected":false},"excerpt":{"rendered":"<p>[vc_row][vc_column][vc_column_text] Courtiers en d\u00e9p\u00f4t (Home Trust) t\u00e9l\u00e9phone: (416) 933-6204 sans frais: 1-888-711-7713 courriel:\u00a0depots@hometrust.ca Clients Oaken t\u00e9l\u00e9phone: 1-855-625-3622 courriel:\u00a0service@oaken.com [\/vc_column_text][\/vc_column][\/vc_row]<\/p>\n","protected":false},"author":2,"featured_media":0,"parent":3523,"menu_order":0,"comment_status":"closed","ping_status":"closed","template":"","meta":[],"yoast_head":"<!-- This site is optimized with the Yoast SEO Premium plugin v16.6 (Yoast SEO v16.6.1) - https:\/\/yoast.com\/wordpress\/plugins\/seo\/ -->\r\n<title>Contactez-nous - Home Trust<\/title>\r\n<meta name=\"robots\" content=\"index, follow, max-snippet:-1, max-image-preview:large, max-video-preview:-1\" \/>\r\n<link rel=\"canonical\" href=\"https:\/\/www.hometrust.ca\/deposits\/contact-us\/\" \/>\r\n<meta property=\"og:locale\" content=\"en_US\" \/>\r\n<meta property=\"og:type\" content=\"article\" \/>\r\n<meta property=\"og:title\" content=\"Contactez-nous\" \/>\r\n<meta property=\"og:description\" content=\"[vc_row][vc_column][vc_column_text] Courtiers en d\u00e9p\u00f4t (Home Trust) t\u00e9l\u00e9phone: (416) 933-6204 sans frais: 1-888-711-7713 courriel:\u00a0depots@hometrust.ca Clients Oaken t\u00e9l\u00e9phone: 1-855-625-3622 courriel:\u00a0service@oaken.com [\/vc_column_text][\/vc_column][\/vc_row]\" \/>\r\n<meta property=\"og:url\" content=\"https:\/\/www.hometrust.ca\/fr-ca\/deposits\/contact-us\/\" \/>\r\n<meta property=\"og:site_name\" content=\"Home Trust\" \/>\r\n<meta property=\"article:modified_time\" content=\"2021-05-18T18:19:50+00:00\" \/>\r\n<meta property=\"og:image\" content=\"https:\/\/www.hometrust.ca\/wp-content\/uploads\/2018\/09\/Canada_Deposit_Insurance_Corporation_Logo_Fr-v2.png\" \/>\r\n<meta name=\"twitter:card\" content=\"summary_large_image\" \/>\r\n<script type=\"application\/ld+json\" class=\"yoast-schema-graph\">{\"@context\":\"https:\/\/schema.org\",\"@graph\":[{\"@type\":\"WebSite\",\"@id\":\"https:\/\/hometrust.ca\/#website\",\"url\":\"https:\/\/hometrust.ca\/\",\"name\":\"Home Trust\",\"description\":\"\",\"potentialAction\":[{\"@type\":\"SearchAction\",\"target\":{\"@type\":\"EntryPoint\",\"urlTemplate\":\"https:\/\/hometrust.ca\/?s={search_term_string}\"},\"query-input\":\"required name=search_term_string\"}],\"inLanguage\":\"en-US\"},{\"@type\":\"ImageObject\",\"@id\":\"https:\/\/www.hometrust.ca\/fr-ca\/deposits\/contact-us\/#primaryimage\",\"inLanguage\":\"en-US\",\"url\":\"\/wp-content\/uploads\/2018\/09\/Canada_Deposit_Insurance_Corporation_Logo_Fr-v2.png\",\"contentUrl\":\"\/wp-content\/uploads\/2018\/09\/Canada_Deposit_Insurance_Corporation_Logo_Fr-v2.png\"},{\"@type\":\"WebPage\",\"@id\":\"https:\/\/www.hometrust.ca\/fr-ca\/deposits\/contact-us\/#webpage\",\"url\":\"https:\/\/www.hometrust.ca\/fr-ca\/deposits\/contact-us\/\",\"name\":\"Contactez-nous - Home Trust\",\"isPartOf\":{\"@id\":\"https:\/\/hometrust.ca\/#website\"},\"primaryImageOfPage\":{\"@id\":\"https:\/\/www.hometrust.ca\/fr-ca\/deposits\/contact-us\/#primaryimage\"},\"datePublished\":\"2018-08-01T19:05:05+00:00\",\"dateModified\":\"2021-05-18T18:19:50+00:00\",\"breadcrumb\":{\"@id\":\"https:\/\/www.hometrust.ca\/fr-ca\/deposits\/contact-us\/#breadcrumb\"},\"inLanguage\":\"en-US\",\"potentialAction\":[{\"@type\":\"ReadAction\",\"target\":[\"https:\/\/www.hometrust.ca\/fr-ca\/deposits\/contact-us\/\"]}]},{\"@type\":\"BreadcrumbList\",\"@id\":\"https:\/\/www.hometrust.ca\/fr-ca\/deposits\/contact-us\/#breadcrumb\",\"itemListElement\":[{\"@type\":\"ListItem\",\"position\":1,\"name\":\"Home\",\"item\":\"https:\/\/www.hometrust.ca\/\"},{\"@type\":\"ListItem\",\"position\":2,\"name\":\"D\\u00e9p\\u00f4ts\",\"item\":\"https:\/\/www.hometrust.ca\/fr-ca\/deposits\/\"},{\"@type\":\"ListItem\",\"position\":3,\"name\":\"Contactez-nous\"}]}]}<\/script>\r\n<!-- \/ Yoast SEO Premium plugin. -->","_links":{"self":[{"href":"https:\/\/www.hometrust.ca\/fr-ca\/wp-json\/wp\/v2\/pages\/1467\/"}],"collection":[{"href":"https:\/\/www.hometrust.ca\/fr-ca\/wp-json\/wp\/v2\/pages\/"}],"about":[{"href":"https:\/\/www.hometrust.ca\/fr-ca\/wp-json\/wp\/v2\/types\/page\/"}],"author":[{"embeddable":true,"href":"https:\/\/www.hometrust.ca\/fr-ca\/wp-json\/wp\/v2\/users\/2\/"}],"replies":[{"embeddable":true,"href":"https:\/\/www.hometrust.ca\/fr-ca\/wp-json\/wp\/v2\/comments\/?post=1467"}],"version-history":[{"count":3,"href":"https:\/\/www.hometrust.ca\/fr-ca\/wp-json\/wp\/v2\/pages\/1467\/revisions\/"}],"predecessor-version":[{"id":7177,"href":"https:\/\/www.hometrust.ca\/fr-ca\/wp-json\/wp\/v2\/pages\/1467\/revisions\/7177\/"}],"up":[{"embeddable":true,"href":"https:\/\/www.hometrust.ca\/fr-ca\/wp-json\/wp\/v2\/pages\/3523\/"}],"wp:attachment":[{"href":"https:\/\/www.hometrust.ca\/fr-ca\/wp-json\/wp\/v2\/media\/?parent=1467"}],"curies":[{"name":"wp","href":"https:\/\/api.w.org\/{rel}","templated":true}]}}