{"id":1532,"date":"2018-08-08T19:31:30","date_gmt":"2018-08-08T19:31:30","guid":{"rendered":"https:\/\/www.hometrust.ca\/?page_id=1532"},"modified":"2025-01-08T09:17:32","modified_gmt":"2025-01-08T09:17:32","slug":"our-story","status":"publish","type":"page","link":"https:\/\/www.hometrust.ca\/fr-ca\/about\/our-story\/","title":{"rendered":"Notre histoire"},"content":{"rendered":"<p>[vc_row css=&#8221;.vc_custom_1583509823492{margin-left: 20px !important;}&#8221;][vc_column width=&#8221;2\/3&#8243; css=&#8221;.vc_custom_1583512272515{padding-right: 40px !important;}&#8221;][vc_column_text]<\/p>\n<h3 style=\"margin-bottom: 0px; margin-top: 0px;\"><span style=\"color: #004677;\">\u00c0 propos de Home Trust<\/span><\/h3>\n<p>Home Trust a vu le jour en 1977 avec pour but d\u2019aider les Canadiens \u00e0 atteindre leurs objectifs financiers. Nous sommes maintenant une institution de services financiers de premier ordre au Canada, mais ce n\u2019est pas ce qui compte le plus pour nous.<\/p>\n<p>Ce qui compte c\u2019est le courtier hypoth\u00e9caire qui a \u00e9t\u00e9 en mesure d\u2019aider une personne qui, autrement, n\u2019aurait pas pu se qualifier pour une hypoth\u00e8que, \u00e0 acheter sa premi\u00e8re maison. Ou l\u2019entrepreneur qui a pu d\u00e9velopper les activit\u00e9s de son entreprise. Ou encore, les nouveaux arrivants au Canada r\u00eavant de b\u00e2tir une nouvelle vie.<\/p>\n<p>Les histoires de nos clients \u2013 ceux qui se tournent vers nous, qui nous font confiance, qui chaque jour se fient \u00e0 nous afin de trouver une solution \u2013 ce sont eux qui motivent notre succ\u00e8s.<\/p>\n<p>Au d\u00e9but de 2025, Home Trust s\u2019est jointe \u00e0 la famille de marques de la Banque Fairstone, aux c\u00f4t\u00e9s de la Financi\u00e8re Oaken<sup>MD<\/sup>, de la Banque Home, de la Financi\u00e8re Fairstone, d\u2019Eden<em>Park<\/em> et de Fig. Ensemble, nous avons l\u2019exp\u00e9rience et l\u2019expertise collectives pour mieux servir nos clients et favoriser la croissance de nos partenaires. Reconnue depuis longtemps, Home Trust est fi\u00e8re d\u2019\u00eatre la plus importante banque de financement alternatif au Canada.<\/p>\n<p style=\"font-size: 11px;\">* La disponibilit\u00e9 peut varier selon la province.<\/p>\n<p>[\/vc_column_text][vc_empty_space][\/vc_column][vc_column width=&#8221;1\/3&#8243; css=&#8221;.vc_custom_1583509913483{padding-left: 20px !important;}&#8221;][vc_column_text]<\/p>\n<h4 style=\"color: #004677 !important; margin-bottom: 0px;\"><span style=\"color: #004677;\"><strong>Solutions financi\u00e8res de Home Trust<\/strong><\/span><\/h4>\n<p>Home Trust donne acc\u00e8s \u00e0 un large \u00e9ventail de produits financiers*, y compris des hypoth\u00e8ques, des cartes de cr\u00e9dit, des d\u00e9p\u00f4ts et du cr\u00e9dit au d\u00e9tail. Notre approche de pr\u00eat fait de Home Trust une institution diff\u00e9rente. Nous prenons le temps de vous \u00e9couter, d\u2019analyser tous les faits, et offrons par la suite des solutions de pr\u00eat avis\u00e9es et adapt\u00e9es aux situations financi\u00e8res individuelles. Chez Home Trust, les histoires comptent.<\/p>\n<h4 style=\"color: #004677 !important; margin-bottom: 0px;\"><span style=\"color: #004677;\"><strong>Engag\u00e9e envers les canadiens<\/strong><\/span><\/h4>\n<p>Nous sommes une fi\u00e8re entreprise canadienne. De notre si\u00e8ge social au centre-ville de Toronto et de nos bureaux \u00e0 Vancouver, Calgary, Montr\u00e9al et Halifax, le personnel de Home Trust aide les habitants du Canada provenant de tous les horizons et de partout dans le monde \u00e0 trouver leur chemin vers un avenir meilleur.[\/vc_column_text]<a  href=\"https:\/\/homecapital.com\/directors_officers.asp\"  target=\" _blank\"  title=\"\" class=\"tt_button  btn_secondary_color  pull-left  d-none\" ><span class=\"prim_text\">La Direction<\/span><span class=\" iconita\"><\/span><\/a>[vc_empty_space][\/vc_column][\/vc_row]<\/p>\n","protected":false},"excerpt":{"rendered":"<p>[vc_row css=&#8221;.vc_custom_1583509823492{margin-left: 20px !important;}&#8221;][vc_column width=&#8221;2\/3&#8243; css=&#8221;.vc_custom_1583512272515{padding-right: 40px !important;}&#8221;][vc_column_text] \u00c0 propos de Home Trust Home Trust a vu le jour en 1977 avec pour but d\u2019aider les Canadiens [&hellip;]<\/p>\n","protected":false},"author":2,"featured_media":0,"parent":1535,"menu_order":0,"comment_status":"closed","ping_status":"closed","template":"","meta":[],"yoast_head":"<!-- This site is optimized with the Yoast SEO Premium plugin v16.6 (Yoast SEO v16.6.1) - https:\/\/yoast.com\/wordpress\/plugins\/seo\/ -->\r\n<title>Notre histoire - Home Trust<\/title>\r\n<meta name=\"robots\" content=\"index, follow, max-snippet:-1, max-image-preview:large, max-video-preview:-1\" \/>\r\n<link rel=\"canonical\" href=\"https:\/\/www.hometrust.ca\/about\/our-story\/\" \/>\r\n<meta property=\"og:locale\" content=\"en_US\" \/>\r\n<meta property=\"og:type\" content=\"article\" \/>\r\n<meta property=\"og:title\" content=\"Notre histoire\" \/>\r\n<meta property=\"og:description\" content=\"[vc_row css=&#8221;.vc_custom_1583509823492{margin-left: 20px !important;}&#8221;][vc_column width=&#8221;2\/3&#8243; css=&#8221;.vc_custom_1583512272515{padding-right: 40px !important;}&#8221;][vc_column_text] \u00c0 propos de Home Trust Home Trust a vu le jour en 1977 avec pour but d\u2019aider les Canadiens [&hellip;]\" \/>\r\n<meta property=\"og:url\" content=\"https:\/\/www.hometrust.ca\/fr-ca\/about\/our-story\/\" \/>\r\n<meta property=\"og:site_name\" content=\"Home Trust\" \/>\r\n<meta property=\"article:modified_time\" content=\"2025-01-08T09:17:32+00:00\" \/>\r\n<meta name=\"twitter:card\" content=\"summary_large_image\" \/>\r\n<meta name=\"twitter:label1\" content=\"Est. reading time\" \/>\n\t<meta name=\"twitter:data1\" content=\"2 minutes\" \/>\r\n<script type=\"application\/ld+json\" class=\"yoast-schema-graph\">{\"@context\":\"https:\/\/schema.org\",\"@graph\":[{\"@type\":\"WebSite\",\"@id\":\"https:\/\/hometrust.ca\/#website\",\"url\":\"https:\/\/hometrust.ca\/\",\"name\":\"Home Trust\",\"description\":\"\",\"potentialAction\":[{\"@type\":\"SearchAction\",\"target\":{\"@type\":\"EntryPoint\",\"urlTemplate\":\"https:\/\/hometrust.ca\/?s={search_term_string}\"},\"query-input\":\"required name=search_term_string\"}],\"inLanguage\":\"en-US\"},{\"@type\":\"WebPage\",\"@id\":\"https:\/\/www.hometrust.ca\/fr-ca\/about\/our-story\/#webpage\",\"url\":\"https:\/\/www.hometrust.ca\/fr-ca\/about\/our-story\/\",\"name\":\"Notre histoire - Home Trust\",\"isPartOf\":{\"@id\":\"https:\/\/hometrust.ca\/#website\"},\"datePublished\":\"2018-08-08T19:31:30+00:00\",\"dateModified\":\"2025-01-08T09:17:32+00:00\",\"breadcrumb\":{\"@id\":\"https:\/\/www.hometrust.ca\/fr-ca\/about\/our-story\/#breadcrumb\"},\"inLanguage\":\"en-US\",\"potentialAction\":[{\"@type\":\"ReadAction\",\"target\":[\"https:\/\/www.hometrust.ca\/fr-ca\/about\/our-story\/\"]}]},{\"@type\":\"BreadcrumbList\",\"@id\":\"https:\/\/www.hometrust.ca\/fr-ca\/about\/our-story\/#breadcrumb\",\"itemListElement\":[{\"@type\":\"ListItem\",\"position\":1,\"name\":\"Home\",\"item\":\"https:\/\/www.hometrust.ca\/\"},{\"@type\":\"ListItem\",\"position\":2,\"name\":\"\\u00c0 propos\",\"item\":\"https:\/\/www.hometrust.ca\/fr-ca\/about\/\"},{\"@type\":\"ListItem\",\"position\":3,\"name\":\"Notre histoire\"}]}]}<\/script>\r\n<!-- \/ Yoast SEO Premium plugin. -->","_links":{"self":[{"href":"https:\/\/www.hometrust.ca\/fr-ca\/wp-json\/wp\/v2\/pages\/1532\/"}],"collection":[{"href":"https:\/\/www.hometrust.ca\/fr-ca\/wp-json\/wp\/v2\/pages\/"}],"about":[{"href":"https:\/\/www.hometrust.ca\/fr-ca\/wp-json\/wp\/v2\/types\/page\/"}],"author":[{"embeddable":true,"href":"https:\/\/www.hometrust.ca\/fr-ca\/wp-json\/wp\/v2\/users\/2\/"}],"replies":[{"embeddable":true,"href":"https:\/\/www.hometrust.ca\/fr-ca\/wp-json\/wp\/v2\/comments\/?post=1532"}],"version-history":[{"count":29,"href":"https:\/\/www.hometrust.ca\/fr-ca\/wp-json\/wp\/v2\/pages\/1532\/revisions\/"}],"predecessor-version":[{"id":11280,"href":"https:\/\/www.hometrust.ca\/fr-ca\/wp-json\/wp\/v2\/pages\/1532\/revisions\/11280\/"}],"up":[{"embeddable":true,"href":"https:\/\/www.hometrust.ca\/fr-ca\/wp-json\/wp\/v2\/pages\/1535\/"}],"wp:attachment":[{"href":"https:\/\/www.hometrust.ca\/fr-ca\/wp-json\/wp\/v2\/media\/?parent=1532"}],"curies":[{"name":"wp","href":"https:\/\/api.w.org\/{rel}","templated":true}]}}