{"id":1658,"date":"2018-08-14T18:45:19","date_gmt":"2018-08-14T18:45:19","guid":{"rendered":"https:\/\/www.hometrust.ca\/?page_id=1658"},"modified":"2018-08-20T20:14:46","modified_gmt":"2018-08-20T20:14:46","slug":"purchases","status":"publish","type":"page","link":"https:\/\/www.hometrust.ca\/fr-ca\/mortgages\/purchases\/","title":{"rendered":"Achats"},"content":{"rendered":"<p>[vc_row][vc_column width=&#8221;2\/3&#8243;][vc_raw_html]JTNDaDElM0VBY2hldGV6JTIwdm90cmUlMjBwcm9wcmklQzMlQTl0JUMzJUE5JTNDJTJGaDElM0UlMEElMDklMDklMDklMDklMEElM0NwJTNFTGElMjBDb21wYWduaWUlMjBIb21lJTIwVHJ1c3QlMjBwcm9wb3NlJTIwdW5lJTIwZ2FtbWUlMjBjb21wbCVDMyVBOHRlJTIwZGUlMjBwciVDMyVBQXRzJTIwaHlwb3RoJUMzJUE5Y2FpcmVzJTIwcG91ciUyMGwlRTIlODAlOTlhY2hhdCUyMGQlRTIlODAlOTl1bmUlMjBtYWlzb24lMkMlMjBxdSVFMiU4MCU5OWlsJTIwcyVFMiU4MCU5OWFnaXNzZSUyMGQlRTIlODAlOTl1bmUlMjBtYWlzb24lMjB1bmlmYW1pbGlhbGUlMkMlMjBkJUUyJTgwJTk5dW5lJTIwY29wcm9wcmklQzMlQTl0JUMzJUE5JTJDJTIwZCVFMiU4MCU5OXVuJTIwZHVwbGV4JTJDJTIwZCVFMiU4MCU5OXVuJTIwdHJpcGxleCUyQyUyMGQlRTIlODAlOTl1biUyMGltbWV1YmxlJTIwY29tbWVyY2lhbCUyMGV0JTIwciVDMyVBOXNpZGVudGllbCUyMG91JTIwZCVFMiU4MCU5OXVuJTIwaW1tZXVibGUlMjBsb2NhdGlmLiUzQyUyRnAlM0UlMEElMEElM0NwJTNFU2Vsb24lMjBsZSUyMHByJUMzJUFBdCUyMGh5cG90aCVDMyVBOWNhaXJlJTJDJTIwbGUlMjB0eXBlJTIwZGUlMjBwcm9wcmklQzMlQTl0JUMzJUE5JTIwZXQlMjBzb24lMjBlbXBsYWNlbWVudCUyQyUyMG5vdXMlMjB2b3VzJTIwcHIlQzMlQUF0ZXJvbnMlMjBqdXNxdSVFMiU4MCU5OSVDMyVBMCUyMDgwJTIwJTI1JTIwZGUlMjBsYSUyMHZhbGV1ciUyMGRlJTIwbGElMjBwcm9wcmklQzMlQTl0JUMzJUE5LiUyMEFpbnNpJTJDJTIwc2klMjB2b3RyZSUyMG1haXNvbiUyMGVzdCUyMCVDMyVBOXZhbHUlQzMlQTllJTIwJUMzJUEwJTIwMzAwJTIwMDAwJTIwJTI0JTJDJTIwbGUlMjBwciVDMyVBQXQlMjBoeXBvdGglQzMlQTljYWlyZSUyMG1heGltYWwlMjBwZXV0JTIwJUMzJUFBdHJlJTIwZGUlMjAyNDAlMjAwMDAlMjAlMjQlMjAlMjgzMDAlMjAwMDAlMjAlMjQlMjB4JTIwODAlMjAlMjUlMjklMjBtb2lucyUyMHRvdXRlJTIwZGV0dGUlMjBnYXJhbnRpZSUyMGV4aXN0YW50ZS4lM0MlMkZwJTNFJTBBJTBBJTNDcCUzRVZvdHJlJTIwcHIlQzMlQUF0JTIwaHlwb3RoJUMzJUE5Y2FpcmUlMjBwZXV0JTIwZHVyZXIlMjBkZSUyMDElMjAlQzMlQTAlMjA1JTIwYW5zJTIwZXQlMjBzYSUyMHAlQzMlQTlyaW9kZSUyMGQlRTIlODAlOTlhbW9ydGlzc2VtZW50JTIwcGV1dCUyMHMlRTIlODAlOTklQzMlQTljaGVsb25uZXIlMjBqdXNxdSVFMiU4MCU5OSVDMyVBMCUyMDMwJTIwYW5zLiUyMFBvdXIlMjB2b3VzJTIwYWlkZXIlMjAlQzMlQTAlMjByZW1ib3Vyc2VyJTIwdm90cmUlMjBwciVDMyVBQXQlMjBoeXBvdGglQzMlQTljYWlyZSUyMHBsdXMlMjByYXBpZGVtZW50JTJDJTIwbm91cyUyMHZvdXMlMjBvZmZyb25zJTIwYXVzc2klMjBkZXMlMjBvcHRpb25zJTIwZGUlMjByZW1ib3Vyc2VtZW50JTIwc291cGxlcyUyQyUyMG5vdGFtbWVudCUyMGxhJTIwcG9zc2liaWxpdCVDMyVBOSUyMGRlJTIwcmVtYm91cnNlciUyMGNoYXF1ZSUyMGFubiVDMyVBOWUlMkMlMjAlQzMlQTAlMjBsYSUyMGRhdGUlMjBkJUUyJTgwJTk5YW5uaXZlcnNhaXJlJTIwZHUlMjBwciVDMyVBQXQlMkMlMjBqdXNxdSVFMiU4MCU5OSVDMyVBMCUyMDIwJTIwJTI1JTIwZHUlMjBjYXBpdGFsJTIwZW1wcnVudCVDMyVBOS4lM0MlMkZwJTNFJTBBJTBBJTNDcCUzRU5vdXMlMjBub3VzJTIwZW5nYWdlb25zJTIwJUMzJUEwJTIwbWV0dHJlJTIwdG91dCUyMGVuJTIwJUM1JTkzdXZyZSUyMHBvdXIlMjBxdWUlMjB2b3RyZSUyMGV4cCVDMyVBOXJpZW5jZSUyMGQlRTIlODAlOTllbXBydW50JTIwc29pdCUyMGF1c3NpJTIwbGlicmUlMjBkZSUyMHRyYWNhcyUyMHF1ZSUyMHBvc3NpYmxlLiUyMENoYXF1ZSUyMGRlbWFuZGUlMjBkZSUyMHByJUMzJUFBdCUyMGh5cG90aCVDMyVBOWNhaXJlJTIwZmFpdCUyMGwlRTIlODAlOTlvYmpldCUyMGQlRTIlODAlOTl1biUyMGV4YW1lbiUyMHBvdXIlMjBkJUMzJUE5dGVybWluZXIlMjBsYSUyMG1laWxsZXVyZSUyMHRhcmlmaWNhdGlvbiUyQyUyMGV0JTIwbm91cyUyMHZvdXMlMjBhY2NvcmRlcm9ucyUyMHRvdWpvdXJzJTIwbGUlMjBtZWlsbGV1ciUyMHRhdXglMjBkJUUyJTgwJTk5aW50JUMzJUE5ciVDMyVBQXQuJTNDJTJGcCUzRQ==[\/vc_raw_html][\/vc_column][vc_column width=&#8221;1\/3&#8243;][vc_empty_space height=&#8221;100px&#8221;]<a  href=\"https:\/\/www.hometrust.ca\/fr-ca\/mortgages\/mortgage-application\/\"  target=\"_self\"  title=\"\" class=\"tt_button    button-center  \" ><span class=\"prim_text\">Commencez votre demande de pr\u00eat hypoth\u00e9caire d\u00e8s maintenant!<\/span><span class=\" iconita\"><\/span><\/a>[\/vc_column][\/vc_row]<\/p>\n","protected":false},"excerpt":{"rendered":"<p>[vc_row][vc_column width=&#8221;2\/3&#8243;][vc_raw_html]JTNDaDElM0VBY2hldGV6JTIwdm90cmUlMjBwcm9wcmklQzMlQTl0JUMzJUE5JTNDJTJGaDElM0UlMEElMDklMDklMDklMDklMEElM0NwJTNFTGElMjBDb21wYWduaWUlMjBIb21lJTIwVHJ1c3QlMjBwcm9wb3NlJTIwdW5lJTIwZ2FtbWUlMjBjb21wbCVDMyVBOHRlJTIwZGUlMjBwciVDMyVBQXRzJTIwaHlwb3RoJUMzJUE5Y2FpcmVzJTIwcG91ciUyMGwlRTIlODAlOTlhY2hhdCUyMGQlRTIlODAlOTl1bmUlMjBtYWlzb24lMkMlMjBxdSVFMiU4MCU5OWlsJTIwcyVFMiU4MCU5OWFnaXNzZSUyMGQlRTIlODAlOTl1bmUlMjBtYWlzb24lMjB1bmlmYW1pbGlhbGUlMkMlMjBkJUUyJTgwJTk5dW5lJTIwY29wcm9wcmklQzMlQTl0JUMzJUE5JTJDJTIwZCVFMiU4MCU5OXVuJTIwZHVwbGV4JTJDJTIwZCVFMiU4MCU5OXVuJTIwdHJpcGxleCUyQyUyMGQlRTIlODAlOTl1biUyMGltbWV1YmxlJTIwY29tbWVyY2lhbCUyMGV0JTIwciVDMyVBOXNpZGVudGllbCUyMG91JTIwZCVFMiU4MCU5OXVuJTIwaW1tZXVibGUlMjBsb2NhdGlmLiUzQyUyRnAlM0UlMEElMEElM0NwJTNFU2Vsb24lMjBsZSUyMHByJUMzJUFBdCUyMGh5cG90aCVDMyVBOWNhaXJlJTJDJTIwbGUlMjB0eXBlJTIwZGUlMjBwcm9wcmklQzMlQTl0JUMzJUE5JTIwZXQlMjBzb24lMjBlbXBsYWNlbWVudCUyQyUyMG5vdXMlMjB2b3VzJTIwcHIlQzMlQUF0ZXJvbnMlMjBqdXNxdSVFMiU4MCU5OSVDMyVBMCUyMDgwJTIwJTI1JTIwZGUlMjBsYSUyMHZhbGV1ciUyMGRlJTIwbGElMjBwcm9wcmklQzMlQTl0JUMzJUE5LiUyMEFpbnNpJTJDJTIwc2klMjB2b3RyZSUyMG1haXNvbiUyMGVzdCUyMCVDMyVBOXZhbHUlQzMlQTllJTIwJUMzJUEwJTIwMzAwJTIwMDAwJTIwJTI0JTJDJTIwbGUlMjBwciVDMyVBQXQlMjBoeXBvdGglQzMlQTljYWlyZSUyMG1heGltYWwlMjBwZXV0JTIwJUMzJUFBdHJlJTIwZGUlMjAyNDAlMjAwMDAlMjAlMjQlMjAlMjgzMDAlMjAwMDAlMjAlMjQlMjB4JTIwODAlMjAlMjUlMjklMjBtb2lucyUyMHRvdXRlJTIwZGV0dGUlMjBnYXJhbnRpZSUyMGV4aXN0YW50ZS4lM0MlMkZwJTNFJTBBJTBBJTNDcCUzRVZvdHJlJTIwcHIlQzMlQUF0JTIwaHlwb3RoJUMzJUE5Y2FpcmUlMjBwZXV0JTIwZHVyZXIlMjBkZSUyMDElMjAlQzMlQTAlMjA1JTIwYW5zJTIwZXQlMjBzYSUyMHAlQzMlQTlyaW9kZSUyMGQlRTIlODAlOTlhbW9ydGlzc2VtZW50JTIwcGV1dCUyMHMlRTIlODAlOTklQzMlQTljaGVsb25uZXIlMjBqdXNxdSVFMiU4MCU5OSVDMyVBMCUyMDMwJTIwYW5zLiUyMFBvdXIlMjB2b3VzJTIwYWlkZXIlMjAlQzMlQTAlMjByZW1ib3Vyc2VyJTIwdm90cmUlMjBwciVDMyVBQXQlMjBoeXBvdGglQzMlQTljYWlyZSUyMHBsdXMlMjByYXBpZGVtZW50JTJDJTIwbm91cyUyMHZvdXMlMjBvZmZyb25zJTIwYXVzc2klMjBkZXMlMjBvcHRpb25zJTIwZGUlMjByZW1ib3Vyc2VtZW50JTIwc291cGxlcyUyQyUyMG5vdGFtbWVudCUyMGxhJTIwcG9zc2liaWxpdCVDMyVBOSUyMGRlJTIwcmVtYm91cnNlciUyMGNoYXF1ZSUyMGFubiVDMyVBOWUlMkMlMjAlQzMlQTAlMjBsYSUyMGRhdGUlMjBkJUUyJTgwJTk5YW5uaXZlcnNhaXJlJTIwZHUlMjBwciVDMyVBQXQlMkMlMjBqdXNxdSVFMiU4MCU5OSVDMyVBMCUyMDIwJTIwJTI1JTIwZHUlMjBjYXBpdGFsJTIwZW1wcnVudCVDMyVBOS4lM0MlMkZwJTNFJTBBJTBBJTNDcCUzRU5vdXMlMjBub3VzJTIwZW5nYWdlb25zJTIwJUMzJUEwJTIwbWV0dHJlJTIwdG91dCUyMGVuJTIwJUM1JTkzdXZyZSUyMHBvdXIlMjBxdWUlMjB2b3RyZSUyMGV4cCVDMyVBOXJpZW5jZSUyMGQlRTIlODAlOTllbXBydW50JTIwc29pdCUyMGF1c3NpJTIwbGlicmUlMjBkZSUyMHRyYWNhcyUyMHF1ZSUyMHBvc3NpYmxlLiUyMENoYXF1ZSUyMGRlbWFuZGUlMjBkZSUyMHByJUMzJUFBdCUyMGh5cG90aCVDMyVBOWNhaXJlJTIwZmFpdCUyMGwlRTIlODAlOTlvYmpldCUyMGQlRTIlODAlOTl1biUyMGV4YW1lbiUyMHBvdXIlMjBkJUMzJUE5dGVybWluZXIlMjBsYSUyMG1laWxsZXVyZSUyMHRhcmlmaWNhdGlvbiUyQyUyMGV0JTIwbm91cyUyMHZvdXMlMjBhY2NvcmRlcm9ucyUyMHRvdWpvdXJzJTIwbGUlMjBtZWlsbGV1ciUyMHRhdXglMjBkJUUyJTgwJTk5aW50JUMzJUE5ciVDMyVBQXQuJTNDJTJGcCUzRQ==[\/vc_raw_html][\/vc_column][vc_column width=&#8221;1\/3&#8243;][vc_empty_space height=&#8221;100px&#8221;][\/vc_column][\/vc_row]<\/p>\n","protected":false},"author":2,"featured_media":0,"parent":3502,"menu_order":0,"comment_status":"closed","ping_status":"closed","template":"","meta":[],"yoast_head":"<!-- This site is optimized with the Yoast SEO Premium plugin v16.6 (Yoast SEO v16.6.1) - https:\/\/yoast.com\/wordpress\/plugins\/seo\/ -->\r\n<title>Achats - Home Trust<\/title>\r\n<meta name=\"robots\" content=\"index, follow, max-snippet:-1, max-image-preview:large, max-video-preview:-1\" \/>\r\n<link rel=\"canonical\" href=\"https:\/\/www.hometrust.ca\/mortgages\/purchases\/\" \/>\r\n<meta property=\"og:locale\" content=\"en_US\" \/>\r\n<meta property=\"og:type\" content=\"article\" \/>\r\n<meta property=\"og:title\" content=\"Achats\" \/>\r\n<meta property=\"og:description\" content=\"[vc_row][vc_column width=&#8221;2\/3&#8243;][vc_raw_html]JTNDaDElM0VBY2hldGV6JTIwdm90cmUlMjBwcm9wcmklQzMlQTl0JUMzJUE5JTNDJTJGaDElM0UlMEElMDklMDklMDklMDklMEElM0NwJTNFTGElMjBDb21wYWduaWUlMjBIb21lJTIwVHJ1c3QlMjBwcm9wb3NlJTIwdW5lJTIwZ2FtbWUlMjBjb21wbCVDMyVBOHRlJTIwZGUlMjBwciVDMyVBQXRzJTIwaHlwb3RoJUMzJUE5Y2FpcmVzJTIwcG91ciUyMGwlRTIlODAlOTlhY2hhdCUyMGQlRTIlODAlOTl1bmUlMjBtYWlzb24lMkMlMjBxdSVFMiU4MCU5OWlsJTIwcyVFMiU4MCU5OWFnaXNzZSUyMGQlRTIlODAlOTl1bmUlMjBtYWlzb24lMjB1bmlmYW1pbGlhbGUlMkMlMjBkJUUyJTgwJTk5dW5lJTIwY29wcm9wcmklQzMlQTl0JUMzJUE5JTJDJTIwZCVFMiU4MCU5OXVuJTIwZHVwbGV4JTJDJTIwZCVFMiU4MCU5OXVuJTIwdHJpcGxleCUyQyUyMGQlRTIlODAlOTl1biUyMGltbWV1YmxlJTIwY29tbWVyY2lhbCUyMGV0JTIwciVDMyVBOXNpZGVudGllbCUyMG91JTIwZCVFMiU4MCU5OXVuJTIwaW1tZXVibGUlMjBsb2NhdGlmLiUzQyUyRnAlM0UlMEElMEElM0NwJTNFU2Vsb24lMjBsZSUyMHByJUMzJUFBdCUyMGh5cG90aCVDMyVBOWNhaXJlJTJDJTIwbGUlMjB0eXBlJTIwZGUlMjBwcm9wcmklQzMlQTl0JUMzJUE5JTIwZXQlMjBzb24lMjBlbXBsYWNlbWVudCUyQyUyMG5vdXMlMjB2b3VzJTIwcHIlQzMlQUF0ZXJvbnMlMjBqdXNxdSVFMiU4MCU5OSVDMyVBMCUyMDgwJTIwJTI1JTIwZGUlMjBsYSUyMHZhbGV1ciUyMGRlJTIwbGElMjBwcm9wcmklQzMlQTl0JUMzJUE5LiUyMEFpbnNpJTJDJTIwc2klMjB2b3RyZSUyMG1haXNvbiUyMGVzdCUyMCVDMyVBOXZhbHUlQzMlQTllJTIwJUMzJUEwJTIwMzAwJTIwMDAwJTIwJTI0JTJDJTIwbGUlMjBwciVDMyVBQXQlMjBoeXBvdGglQzMlQTljYWlyZSUyMG1heGltYWwlMjBwZXV0JTIwJUMzJUFBdHJlJTIwZGUlMjAyNDAlMjAwMDAlMjAlMjQlMjAlMjgzMDAlMjAwMDAlMjAlMjQlMjB4JTIwODAlMjAlMjUlMjklMjBtb2lucyUyMHRvdXRlJTIwZGV0dGUlMjBnYXJhbnRpZSUyMGV4aXN0YW50ZS4lM0MlMkZwJTNFJTBBJTBBJTNDcCUzRVZvdHJlJTIwcHIlQzMlQUF0JTIwaHlwb3RoJUMzJUE5Y2FpcmUlMjBwZXV0JTIwZHVyZXIlMjBkZSUyMDElMjAlQzMlQTAlMjA1JTIwYW5zJTIwZXQlMjBzYSUyMHAlQzMlQTlyaW9kZSUyMGQlRTIlODAlOTlhbW9ydGlzc2VtZW50JTIwcGV1dCUyMHMlRTIlODAlOTklQzMlQTljaGVsb25uZXIlMjBqdXNxdSVFMiU4MCU5OSVDMyVBMCUyMDMwJTIwYW5zLiUyMFBvdXIlMjB2b3VzJTIwYWlkZXIlMjAlQzMlQTAlMjByZW1ib3Vyc2VyJTIwdm90cmUlMjBwciVDMyVBQXQlMjBoeXBvdGglQzMlQTljYWlyZSUyMHBsdXMlMjByYXBpZGVtZW50JTJDJTIwbm91cyUyMHZvdXMlMjBvZmZyb25zJTIwYXVzc2klMjBkZXMlMjBvcHRpb25zJTIwZGUlMjByZW1ib3Vyc2VtZW50JTIwc291cGxlcyUyQyUyMG5vdGFtbWVudCUyMGxhJTIwcG9zc2liaWxpdCVDMyVBOSUyMGRlJTIwcmVtYm91cnNlciUyMGNoYXF1ZSUyMGFubiVDMyVBOWUlMkMlMjAlQzMlQTAlMjBsYSUyMGRhdGUlMjBkJUUyJTgwJTk5YW5uaXZlcnNhaXJlJTIwZHUlMjBwciVDMyVBQXQlMkMlMjBqdXNxdSVFMiU4MCU5OSVDMyVBMCUyMDIwJTIwJTI1JTIwZHUlMjBjYXBpdGFsJTIwZW1wcnVudCVDMyVBOS4lM0MlMkZwJTNFJTBBJTBBJTNDcCUzRU5vdXMlMjBub3VzJTIwZW5nYWdlb25zJTIwJUMzJUEwJTIwbWV0dHJlJTIwdG91dCUyMGVuJTIwJUM1JTkzdXZyZSUyMHBvdXIlMjBxdWUlMjB2b3RyZSUyMGV4cCVDMyVBOXJpZW5jZSUyMGQlRTIlODAlOTllbXBydW50JTIwc29pdCUyMGF1c3NpJTIwbGlicmUlMjBkZSUyMHRyYWNhcyUyMHF1ZSUyMHBvc3NpYmxlLiUyMENoYXF1ZSUyMGRlbWFuZGUlMjBkZSUyMHByJUMzJUFBdCUyMGh5cG90aCVDMyVBOWNhaXJlJTIwZmFpdCUyMGwlRTIlODAlOTlvYmpldCUyMGQlRTIlODAlOTl1biUyMGV4YW1lbiUyMHBvdXIlMjBkJUMzJUE5dGVybWluZXIlMjBsYSUyMG1laWxsZXVyZSUyMHRhcmlmaWNhdGlvbiUyQyUyMGV0JTIwbm91cyUyMHZvdXMlMjBhY2NvcmRlcm9ucyUyMHRvdWpvdXJzJTIwbGUlMjBtZWlsbGV1ciUyMHRhdXglMjBkJUUyJTgwJTk5aW50JUMzJUE5ciVDMyVBQXQuJTNDJTJGcCUzRQ==[\/vc_raw_html][\/vc_column][vc_column width=&#8221;1\/3&#8243;][vc_empty_space height=&#8221;100px&#8221;][\/vc_column][\/vc_row]\" \/>\r\n<meta property=\"og:url\" content=\"https:\/\/www.hometrust.ca\/fr-ca\/mortgages\/purchases\/\" \/>\r\n<meta property=\"og:site_name\" content=\"Home Trust\" \/>\r\n<meta property=\"article:modified_time\" content=\"2018-08-20T20:14:46+00:00\" \/>\r\n<meta name=\"twitter:card\" content=\"summary_large_image\" \/>\r\n<meta name=\"twitter:label1\" content=\"Est. reading time\" \/>\n\t<meta name=\"twitter:data1\" content=\"1 minute\" \/>\r\n<script type=\"application\/ld+json\" class=\"yoast-schema-graph\">{\"@context\":\"https:\/\/schema.org\",\"@graph\":[{\"@type\":\"WebSite\",\"@id\":\"https:\/\/hometrust.ca\/#website\",\"url\":\"https:\/\/hometrust.ca\/\",\"name\":\"Home Trust\",\"description\":\"\",\"potentialAction\":[{\"@type\":\"SearchAction\",\"target\":{\"@type\":\"EntryPoint\",\"urlTemplate\":\"https:\/\/hometrust.ca\/?s={search_term_string}\"},\"query-input\":\"required name=search_term_string\"}],\"inLanguage\":\"en-US\"},{\"@type\":\"WebPage\",\"@id\":\"https:\/\/www.hometrust.ca\/fr-ca\/mortgages\/purchases\/#webpage\",\"url\":\"https:\/\/www.hometrust.ca\/fr-ca\/mortgages\/purchases\/\",\"name\":\"Achats - Home Trust\",\"isPartOf\":{\"@id\":\"https:\/\/hometrust.ca\/#website\"},\"datePublished\":\"2018-08-14T18:45:19+00:00\",\"dateModified\":\"2018-08-20T20:14:46+00:00\",\"breadcrumb\":{\"@id\":\"https:\/\/www.hometrust.ca\/fr-ca\/mortgages\/purchases\/#breadcrumb\"},\"inLanguage\":\"en-US\",\"potentialAction\":[{\"@type\":\"ReadAction\",\"target\":[\"https:\/\/www.hometrust.ca\/fr-ca\/mortgages\/purchases\/\"]}]},{\"@type\":\"BreadcrumbList\",\"@id\":\"https:\/\/www.hometrust.ca\/fr-ca\/mortgages\/purchases\/#breadcrumb\",\"itemListElement\":[{\"@type\":\"ListItem\",\"position\":1,\"name\":\"Home\",\"item\":\"https:\/\/www.hometrust.ca\/\"},{\"@type\":\"ListItem\",\"position\":2,\"name\":\"Pr\\u00eats hypoth\\u00e9caires\",\"item\":\"https:\/\/www.hometrust.ca\/fr-ca\/mortgages\/\"},{\"@type\":\"ListItem\",\"position\":3,\"name\":\"Achats\"}]}]}<\/script>\r\n<!-- \/ Yoast SEO Premium plugin. -->","_links":{"self":[{"href":"https:\/\/www.hometrust.ca\/fr-ca\/wp-json\/wp\/v2\/pages\/1658\/"}],"collection":[{"href":"https:\/\/www.hometrust.ca\/fr-ca\/wp-json\/wp\/v2\/pages\/"}],"about":[{"href":"https:\/\/www.hometrust.ca\/fr-ca\/wp-json\/wp\/v2\/types\/page\/"}],"author":[{"embeddable":true,"href":"https:\/\/www.hometrust.ca\/fr-ca\/wp-json\/wp\/v2\/users\/2\/"}],"replies":[{"embeddable":true,"href":"https:\/\/www.hometrust.ca\/fr-ca\/wp-json\/wp\/v2\/comments\/?post=1658"}],"version-history":[{"count":5,"href":"https:\/\/www.hometrust.ca\/fr-ca\/wp-json\/wp\/v2\/pages\/1658\/revisions\/"}],"predecessor-version":[{"id":1897,"href":"https:\/\/www.hometrust.ca\/fr-ca\/wp-json\/wp\/v2\/pages\/1658\/revisions\/1897\/"}],"up":[{"embeddable":true,"href":"https:\/\/www.hometrust.ca\/fr-ca\/wp-json\/wp\/v2\/pages\/3502\/"}],"wp:attachment":[{"href":"https:\/\/www.hometrust.ca\/fr-ca\/wp-json\/wp\/v2\/media\/?parent=1658"}],"curies":[{"name":"wp","href":"https:\/\/api.w.org\/{rel}","templated":true}]}}