{"id":1751,"date":"2018-08-15T01:13:17","date_gmt":"2018-08-15T01:13:17","guid":{"rendered":"https:\/\/www.hometrust.ca\/?page_id=1751"},"modified":"2022-08-05T15:45:43","modified_gmt":"2022-08-05T15:45:43","slug":"mortgage-application","status":"publish","type":"page","link":"https:\/\/www.hometrust.ca\/fr-ca\/mortgages\/mortgage-application\/","title":{"rendered":"En route pour devenir propri\u00e9taire"},"content":{"rendered":"<p>[vc_row][vc_column][vc_column_text]<\/p>\n<h2><strong>Demande de pr\u00eat hypoth\u00e9caire en ligne Home Trust<\/strong><\/h2>\n<p>Que ce soit pour l\u2019achat d\u2019une premi\u00e8re maison ou un refinancement, vous pouvez soumettre une demande de pr\u00eat hypoth\u00e9caire en quelques clics. Il vous suffit de remplir cette demande de pr\u00eat hypoth\u00e9caire en ligne et un membre de notre \u00e9quipe du service \u00e0 la client\u00e8le direct communiquera avec vous dans les deux \u00e0 trois jours ouvrables pour vous aider.<\/p>\n<p>Nous vous remercions d\u2019avoir confiance en l\u2019aide nous pouvons vous donner pour r\u00e9aliser votre r\u00eave de devenir propri\u00e9taire.<\/p>\n<p>Allons-y![\/vc_column_text][vc_raw_html]JTNDJTIxLS0lMEElM0NzY3JpcHQlMjB0eXBlJTNEJTIydGV4dCUyRmphdmFzY3JpcHQlMjIlMjBzcmMlM0QlMjJodHRwcyUzQSUyRiUyRmhvbWV0cnVzdC5mb3Jtc3RhY2suY29tJTJGZm9ybXMlMkZqcy5waHAlMkZtb3J0Z2FnZV9hcHBsaWNhdGlvbl9mciUzRm5vanF1ZXJ5JTNEMSUyNm5vanF1ZXJ5dWklM0QxJTIyJTNFJTNDJTJGc2NyaXB0JTNFJTNDbm9zY3JpcHQlM0UlM0NhJTIwaHJlZiUzRCUyMmh0dHBzJTNBJTJGJTJGaG9tZXRydXN0LmZvcm1zdGFjay5jb20lMkZmb3JtcyUyRm1vcnRnYWdlX2FwcGxpY2F0aW9uX2ZyJTIyJTIwdGl0bGUlM0QlMjJPbmxpbmUlMjBGb3JtJTIyJTNFT25saW5lJTIwRm9ybSUyMC0lMjBNb3J0Z2FnZSUyMEFwcGxpY2F0aW9uJTIwLSUyMEhvbWV0cnVzdCUyMHdlYnNpdGUlMjAtJTIwRnJlbmNoJTNDJTJGYSUzRSUzQyUyRm5vc2NyaXB0JTNFJTNDZGl2JTIwc3R5bGUlM0QlMjJ0ZXh0LWFsaWduJTNBcmlnaHQlM0IlMjBmb250LXNpemUlM0F4LXNtYWxsJTNCJTIyJTNFJTNDYSUyMGhyZWYlM0QlMjJodHRwJTNBJTJGJTJGd3d3LmZvcm1zdGFjay5jb20lM0Z1dG1fc291cmNlJTNEanNlbWJlZCUyNnV0bV9tZWRpdW0lM0Rwcm9kdWN0JTI2dXRtX2NhbXBhaWduJTNEcHJvZHVjdCUyQmJyYW5kaW5nJTI2ZmElM0RoJTJDMzA3MDI1NyUyMiUyMHRpdGxlJTNEJTIyUG93ZXJlZCUyMGJ5JTIwRm9ybXN0YWNrJTIyJTNFUG93ZXJlZCUyMGJ5JTIwRm9ybXN0YWNrJTNDJTJGYSUzRSUzQyUyRmRpdiUzRSUzQ3NjcmlwdCUyMHR5cGUlM0QlMjd0ZXh0JTJGamF2YXNjcmlwdCUyNyUzRWlmJTIwJTI4dHlwZW9mJTIwJTI0JTIwJTNEJTNEJTIwJTI3dW5kZWZpbmVkJTI3JTIwJTI2JTI2JTIwalF1ZXJ5JTI5JTdCJTIwJTI0JTIwJTNEJTIwalF1ZXJ5JTdEJTNDJTJGc2NyaXB0JTNFJTBBLS0lM0U=[\/vc_raw_html][vc_raw_html]JTNDaWZyYW1lJTIwc3R5bGUlM0QlMjJ3aWR0aCUzQSUyMDEwMCUyNSUzQm1pbi1oZWlnaHQlM0ElMjA2MDBweCUzQmJvcmRlciUzQSUyMG5vbmUlM0IlMjIlMjBzcmMlM0QlMjJodHRwcyUzQSUyRiUyRmdldG15Lm1vcnRnYWdlJTJGODN6ZGNtdzI4JTIzJTJGcXVpY2stYXBwbGljYXRpb24lM0Zsb2NhbGUlM0Rmci1DQSUyNnIlM0Q3NDE0MCUyMiUyMCUyMHRpdGxlJTNEJTIyTW9ydGdhZ2UlMjBBcHBsaWNhdGlvbiUyMiUzRSUzQyUyRmlmcmFtZSUzRQ==[\/vc_raw_html][\/vc_column][\/vc_row]<\/p>\n","protected":false},"excerpt":{"rendered":"<p>[vc_row][vc_column][vc_column_text] Demande de pr\u00eat hypoth\u00e9caire en ligne Home Trust Que ce soit pour l\u2019achat d\u2019une premi\u00e8re maison ou un refinancement, vous pouvez soumettre une demande de pr\u00eat [&hellip;]<\/p>\n","protected":false},"author":2,"featured_media":0,"parent":3502,"menu_order":0,"comment_status":"closed","ping_status":"closed","template":"","meta":[],"yoast_head":"<!-- This site is optimized with the Yoast SEO Premium plugin v16.6 (Yoast SEO v16.6.1) - https:\/\/yoast.com\/wordpress\/plugins\/seo\/ -->\r\n<title>En route pour devenir propri\u00e9taire - Home Trust<\/title>\r\n<meta name=\"robots\" content=\"index, follow, max-snippet:-1, max-image-preview:large, max-video-preview:-1\" \/>\r\n<link rel=\"canonical\" href=\"https:\/\/www.hometrust.ca\/mortgages\/mortgage-application\/\" \/>\r\n<meta property=\"og:locale\" content=\"en_US\" \/>\r\n<meta property=\"og:type\" content=\"article\" \/>\r\n<meta property=\"og:title\" content=\"En route pour devenir propri\u00e9taire\" \/>\r\n<meta property=\"og:description\" content=\"[vc_row][vc_column][vc_column_text] Demande de pr\u00eat hypoth\u00e9caire en ligne Home Trust Que ce soit pour l\u2019achat d\u2019une premi\u00e8re maison ou un refinancement, vous pouvez soumettre une demande de pr\u00eat [&hellip;]\" \/>\r\n<meta property=\"og:url\" content=\"https:\/\/www.hometrust.ca\/fr-ca\/mortgages\/mortgage-application\/\" \/>\r\n<meta property=\"og:site_name\" content=\"Home Trust\" \/>\r\n<meta property=\"article:modified_time\" content=\"2022-08-05T15:45:43+00:00\" \/>\r\n<meta name=\"twitter:card\" content=\"summary_large_image\" \/>\r\n<meta name=\"twitter:label1\" content=\"Est. reading time\" \/>\n\t<meta name=\"twitter:data1\" content=\"1 minute\" \/>\r\n<script type=\"application\/ld+json\" class=\"yoast-schema-graph\">{\"@context\":\"https:\/\/schema.org\",\"@graph\":[{\"@type\":\"WebSite\",\"@id\":\"https:\/\/hometrust.ca\/#website\",\"url\":\"https:\/\/hometrust.ca\/\",\"name\":\"Home Trust\",\"description\":\"\",\"potentialAction\":[{\"@type\":\"SearchAction\",\"target\":{\"@type\":\"EntryPoint\",\"urlTemplate\":\"https:\/\/hometrust.ca\/?s={search_term_string}\"},\"query-input\":\"required name=search_term_string\"}],\"inLanguage\":\"en-US\"},{\"@type\":\"WebPage\",\"@id\":\"https:\/\/www.hometrust.ca\/fr-ca\/mortgages\/mortgage-application\/#webpage\",\"url\":\"https:\/\/www.hometrust.ca\/fr-ca\/mortgages\/mortgage-application\/\",\"name\":\"En route pour devenir propri\\u00e9taire - Home Trust\",\"isPartOf\":{\"@id\":\"https:\/\/hometrust.ca\/#website\"},\"datePublished\":\"2018-08-15T01:13:17+00:00\",\"dateModified\":\"2022-08-05T15:45:43+00:00\",\"breadcrumb\":{\"@id\":\"https:\/\/www.hometrust.ca\/fr-ca\/mortgages\/mortgage-application\/#breadcrumb\"},\"inLanguage\":\"en-US\",\"potentialAction\":[{\"@type\":\"ReadAction\",\"target\":[\"https:\/\/www.hometrust.ca\/fr-ca\/mortgages\/mortgage-application\/\"]}]},{\"@type\":\"BreadcrumbList\",\"@id\":\"https:\/\/www.hometrust.ca\/fr-ca\/mortgages\/mortgage-application\/#breadcrumb\",\"itemListElement\":[{\"@type\":\"ListItem\",\"position\":1,\"name\":\"Home\",\"item\":\"https:\/\/www.hometrust.ca\/\"},{\"@type\":\"ListItem\",\"position\":2,\"name\":\"Pr\\u00eats hypoth\\u00e9caires\",\"item\":\"https:\/\/www.hometrust.ca\/fr-ca\/mortgages\/\"},{\"@type\":\"ListItem\",\"position\":3,\"name\":\"En route pour devenir propri\\u00e9taire\"}]}]}<\/script>\r\n<!-- \/ Yoast SEO Premium plugin. -->","_links":{"self":[{"href":"https:\/\/www.hometrust.ca\/fr-ca\/wp-json\/wp\/v2\/pages\/1751\/"}],"collection":[{"href":"https:\/\/www.hometrust.ca\/fr-ca\/wp-json\/wp\/v2\/pages\/"}],"about":[{"href":"https:\/\/www.hometrust.ca\/fr-ca\/wp-json\/wp\/v2\/types\/page\/"}],"author":[{"embeddable":true,"href":"https:\/\/www.hometrust.ca\/fr-ca\/wp-json\/wp\/v2\/users\/2\/"}],"replies":[{"embeddable":true,"href":"https:\/\/www.hometrust.ca\/fr-ca\/wp-json\/wp\/v2\/comments\/?post=1751"}],"version-history":[{"count":11,"href":"https:\/\/www.hometrust.ca\/fr-ca\/wp-json\/wp\/v2\/pages\/1751\/revisions\/"}],"predecessor-version":[{"id":9177,"href":"https:\/\/www.hometrust.ca\/fr-ca\/wp-json\/wp\/v2\/pages\/1751\/revisions\/9177\/"}],"up":[{"embeddable":true,"href":"https:\/\/www.hometrust.ca\/fr-ca\/wp-json\/wp\/v2\/pages\/3502\/"}],"wp:attachment":[{"href":"https:\/\/www.hometrust.ca\/fr-ca\/wp-json\/wp\/v2\/media\/?parent=1751"}],"curies":[{"name":"wp","href":"https:\/\/api.w.org\/{rel}","templated":true}]}}