{"id":1769,"date":"2018-08-15T05:25:05","date_gmt":"2018-08-15T05:25:05","guid":{"rendered":"https:\/\/www.hometrust.ca\/?page_id=1769"},"modified":"2025-07-24T16:16:07","modified_gmt":"2025-07-24T16:16:07","slug":"appraisers-list","status":"publish","type":"page","link":"https:\/\/www.hometrust.ca\/fr-ca\/brokerlogin\/l-qb\/appraisers-list\/","title":{"rendered":"Liste d&#8217;\u00e9valuateurs"},"content":{"rendered":"<p>[vc_row][vc_column][vc_column_text]<\/p>\n<div class=\"row\">\n<div class=\"span12\">\n<h1>Liste d\u2019\u00e9valuateurs du Qu\u00e9bec<\/h1>\n<\/div>\n<\/div>\n<div class=\"row\">\n<div class=\"col-md-12\">\n<table id=\"app_table\" class=\"table table-bordered\" cellspacing=\"0\" cellpadding=\"0\">\n<tbody>\n<tr>\n<td>\n<div class=\"companyname\">Aubert Sylvain &amp; ass inc.<\/div>\n<div class=\"details\">\n<div class=\"busphone\">418-877-7777<\/div>\n<div class=\"streetaddress\">4640 boul. Hamel, bureau 210, Qu\u00e9bec G1P 2J9<\/div>\n<div class=\"Territoryaddress\">Qu\u00e9bec rive-rord, L\u00e9vis au complet de Pintendre \u00e0 St-etienne, tous les secteurs dans Bellechasse, tous les secteurs dans Lotbini\u00e8re, Cote de Beaupr\u00e9, Boisch\u00e2tel, L&#8217;ange-Gardien, Beaupr\u00e9et St-Ferr\u00e9ol, Secteur Ste-Catherine, St-augustin, Ste-catherine , Shannon, Valcartier, Stoneham, Ste-Brigitte, Secteur de Portneuf, Neuville, Donaconna, Cap-Sant\u00e9, Pont-rouge, St-Raymond<\/div>\n<div class=\"webaddress\"><a href=\"http:\/\/www.aubertsylvain.com\" target=\"_blank\" rel=\"noopener\">www.aubertsylvain.com<\/a><\/div>\n<\/div>\n<\/td>\n<\/tr>\n<tr>\n<td>\n<div class=\"companyname\">Jean-Jacques Verreault et Associ\u00e9s<\/div>\n<div class=\"details\">\n<div class=\"busphone\">418 832-4686<\/div>\n<div class=\"streetaddress\">710, rue Bouvier, bureau 210, Qu\u00e9bec, Qu\u00e9bec G2J 1C2<\/div>\n<div class=\"Territoryaddress\">Ville de Qu\u00e9bec, Levis, Portneuf, Bellechasse, Beauce, Cote de Beaupre, Lotbiniere<\/div>\n<div class=\"webaddress\"><a href=\"http:\/\/www.jjverreault.com\" target=\"_blank\" rel=\"noopener\">www.jjverreault.com<\/a><\/div>\n<\/div>\n<\/td>\n<\/tr>\n<tr>\n<td>\n<div class=\"companyname\">Raymond and Joyal<\/div>\n<div class=\"details\">\n<div class=\"busphone\">514-493-4422 poste 220<\/div>\n<div class=\"streetaddress\">1100, boul. Cr\u00e9mazie Est, bureau 110, Montr\u00e9al, H2P 2X2<\/div>\n<div class=\"Territoryaddress\">Montr\u00e9al en passant par Trois-Rivi\u00e8res, Drummondville, Sherbrooke, Mont-Tremblant.<\/div>\n<div class=\"webaddress\"><\/div>\n<\/div>\n<\/td>\n<\/tr>\n<tr>\n<td>\n<div class=\"companyname\">YB\u00c9 inc.<\/div>\n<div class=\"details\">\n<div class=\"busphone\">819-776-6020<\/div>\n<div class=\"streetaddress\">26, rue Brady, Gatineau, Qu\u00e9bec J8Y 5L2<\/div>\n<div class=\"Territoryaddress\">Ville de Gatineau, MRC Des Collines- de-L&#8217;Outaouais, MRC Pontiac, MRC Papineau<\/div>\n<div class=\"webaddress\"><a href=\"http:\/\/www.ybevaluation.com\" target=\"_blank\" rel=\"noopener\">www.ybevaluation.com<\/a><\/div>\n<\/div>\n<\/td>\n<\/tr>\n<\/tbody>\n<\/table>\n<\/div>\n<\/div>\n<p><!-- \/.row --><\/p>\n<hr \/>\n<p style=\"margin-bottom: 20px;\">Veuillez prendre note : les villes qui figurent dans le menu d\u00e9roulant indiquent l\u2019endroit o\u00f9 est situ\u00e9e l\u2019adresse physique de l\u2019\u00e9valuateur, et non sa zone de couverture.<br \/>\nVeuillez communiquer avec Home Trust ou avec l\u2019\u00e9valuateur directement pour d\u00e9terminer sa zone de couverture.<\/p>\n<p>[\/vc_column_text][\/vc_column][\/vc_row]<\/p>\n","protected":false},"excerpt":{"rendered":"<p>[vc_row][vc_column][vc_column_text] Liste d\u2019\u00e9valuateurs du Qu\u00e9bec Aubert Sylvain &amp; ass inc. 418-877-7777 4640 boul. Hamel, bureau 210, Qu\u00e9bec G1P 2J9 Qu\u00e9bec rive-rord, L\u00e9vis au complet de Pintendre \u00e0 [&hellip;]<\/p>\n","protected":false},"author":2,"featured_media":0,"parent":1711,"menu_order":0,"comment_status":"closed","ping_status":"closed","template":"broker-page.php","meta":[],"yoast_head":"<!-- This site is optimized with the Yoast SEO Premium plugin v16.6 (Yoast SEO v16.6.1) - https:\/\/yoast.com\/wordpress\/plugins\/seo\/ -->\r\n<title>Liste d&#039;\u00e9valuateurs - Home Trust<\/title>\r\n<meta name=\"robots\" content=\"index, follow, max-snippet:-1, max-image-preview:large, max-video-preview:-1\" \/>\r\n<link rel=\"canonical\" href=\"https:\/\/www.hometrust.ca\/brokerlogin\/l-qb\/appraisers-list\/\" \/>\r\n<meta property=\"og:locale\" content=\"en_US\" \/>\r\n<meta property=\"og:type\" content=\"article\" \/>\r\n<meta property=\"og:title\" content=\"Liste d&#039;\u00e9valuateurs\" \/>\r\n<meta property=\"og:description\" content=\"[vc_row][vc_column][vc_column_text] Liste d\u2019\u00e9valuateurs du Qu\u00e9bec Aubert Sylvain &amp; ass inc. 418-877-7777 4640 boul. Hamel, bureau 210, Qu\u00e9bec G1P 2J9 Qu\u00e9bec rive-rord, L\u00e9vis au complet de Pintendre \u00e0 [&hellip;]\" \/>\r\n<meta property=\"og:url\" content=\"https:\/\/www.hometrust.ca\/fr-ca\/brokerlogin\/l-qb\/appraisers-list\/\" \/>\r\n<meta property=\"og:site_name\" content=\"Home Trust\" \/>\r\n<meta property=\"article:modified_time\" content=\"2025-07-24T16:16:07+00:00\" \/>\r\n<meta name=\"twitter:card\" content=\"summary_large_image\" \/>\r\n<meta name=\"twitter:label1\" content=\"Est. reading time\" \/>\n\t<meta name=\"twitter:data1\" content=\"1 minute\" \/>\r\n<script type=\"application\/ld+json\" class=\"yoast-schema-graph\">{\"@context\":\"https:\/\/schema.org\",\"@graph\":[{\"@type\":\"WebSite\",\"@id\":\"https:\/\/hometrust.ca\/#website\",\"url\":\"https:\/\/hometrust.ca\/\",\"name\":\"Home Trust\",\"description\":\"\",\"potentialAction\":[{\"@type\":\"SearchAction\",\"target\":{\"@type\":\"EntryPoint\",\"urlTemplate\":\"https:\/\/hometrust.ca\/?s={search_term_string}\"},\"query-input\":\"required name=search_term_string\"}],\"inLanguage\":\"en-US\"},{\"@type\":\"WebPage\",\"@id\":\"https:\/\/www.hometrust.ca\/fr-ca\/brokerlogin\/l-qb\/appraisers-list\/#webpage\",\"url\":\"https:\/\/www.hometrust.ca\/fr-ca\/brokerlogin\/l-qb\/appraisers-list\/\",\"name\":\"Liste d'\\u00e9valuateurs - Home Trust\",\"isPartOf\":{\"@id\":\"https:\/\/hometrust.ca\/#website\"},\"datePublished\":\"2018-08-15T05:25:05+00:00\",\"dateModified\":\"2025-07-24T16:16:07+00:00\",\"breadcrumb\":{\"@id\":\"https:\/\/www.hometrust.ca\/fr-ca\/brokerlogin\/l-qb\/appraisers-list\/#breadcrumb\"},\"inLanguage\":\"en-US\",\"potentialAction\":[{\"@type\":\"ReadAction\",\"target\":[\"https:\/\/www.hometrust.ca\/fr-ca\/brokerlogin\/l-qb\/appraisers-list\/\"]}]},{\"@type\":\"BreadcrumbList\",\"@id\":\"https:\/\/www.hometrust.ca\/fr-ca\/brokerlogin\/l-qb\/appraisers-list\/#breadcrumb\",\"itemListElement\":[{\"@type\":\"ListItem\",\"position\":1,\"name\":\"Home\",\"item\":\"https:\/\/www.hometrust.ca\/\"},{\"@type\":\"ListItem\",\"position\":2,\"name\":\"Connexion des courtiers en hypoth\\u00e8ques\",\"item\":\"https:\/\/www.hometrust.ca\/fr-ca\/brokerlogin\/\"},{\"@type\":\"ListItem\",\"position\":3,\"name\":\"l-qb\",\"item\":\"https:\/\/www.hometrust.ca\/fr-ca\/brokerlogin\/l-qb\/\"},{\"@type\":\"ListItem\",\"position\":4,\"name\":\"Liste d&#8217;\\u00e9valuateurs\"}]}]}<\/script>\r\n<!-- \/ Yoast SEO Premium plugin. -->","_links":{"self":[{"href":"https:\/\/www.hometrust.ca\/fr-ca\/wp-json\/wp\/v2\/pages\/1769\/"}],"collection":[{"href":"https:\/\/www.hometrust.ca\/fr-ca\/wp-json\/wp\/v2\/pages\/"}],"about":[{"href":"https:\/\/www.hometrust.ca\/fr-ca\/wp-json\/wp\/v2\/types\/page\/"}],"author":[{"embeddable":true,"href":"https:\/\/www.hometrust.ca\/fr-ca\/wp-json\/wp\/v2\/users\/2\/"}],"replies":[{"embeddable":true,"href":"https:\/\/www.hometrust.ca\/fr-ca\/wp-json\/wp\/v2\/comments\/?post=1769"}],"version-history":[{"count":9,"href":"https:\/\/www.hometrust.ca\/fr-ca\/wp-json\/wp\/v2\/pages\/1769\/revisions\/"}],"predecessor-version":[{"id":11579,"href":"https:\/\/www.hometrust.ca\/fr-ca\/wp-json\/wp\/v2\/pages\/1769\/revisions\/11579\/"}],"up":[{"embeddable":true,"href":"https:\/\/www.hometrust.ca\/fr-ca\/wp-json\/wp\/v2\/pages\/1711\/"}],"wp:attachment":[{"href":"https:\/\/www.hometrust.ca\/fr-ca\/wp-json\/wp\/v2\/media\/?parent=1769"}],"curies":[{"name":"wp","href":"https:\/\/api.w.org\/{rel}","templated":true}]}}