{"id":1772,"date":"2018-08-15T05:27:53","date_gmt":"2018-08-15T05:27:53","guid":{"rendered":"https:\/\/www.hometrust.ca\/?page_id=1772"},"modified":"2019-11-08T17:42:36","modified_gmt":"2019-11-08T17:42:36","slug":"rates","status":"publish","type":"page","link":"https:\/\/www.hometrust.ca\/fr-ca\/brokerlogin\/rates\/","title":{"rendered":"Taux"},"content":{"rendered":"<div class=\"row\">\n     <!-- Home Trust Posted Mortgage Rates --><\/p>\n<div style=\"margin-bottom: 30px;\">\n<h2 style=\"font-size:17px; font-weight:bold; margin-bottom: 5px;\">Taux Hypoth&eacute;caires<\/h2>\n<p><b>En vigueur: 28 octobre 2018<\/b><\/p>\n<table cellspacing=\"0\" cellpadding=\"0\" id=\"\" class=\"table table-bordered\">\n<thead>\n<tr>\n<td width=\"50%\"><b>Terme<\/b><\/td>\n<td width=\"50%\"><b>Taux<sup>1<\/sup><\/b><\/td>\n<\/tr>\n<\/thead>\n<tbody>\n<tr>\n<td width=\"50%\">1 AN<\/td>\n<td width=\"50%\">3,64 %<\/td>\n<\/tr>\n<tr>\n<td  width=\"50%\">2 ANS<\/td>\n<td  width=\"50%\">3,89 %<\/td>\n<\/tr>\n<tr>\n<td  width=\"50%\">3 ANS<\/td>\n<td  width=\"50%\">4,45 %<\/td>\n<\/tr>\n<tr>\n<td  width=\"50%\">4 ANS<\/td>\n<td  width=\"50%\">4,99 %<\/td>\n<\/tr>\n<tr>\n<td  width=\"50%\">5 ANS<\/td>\n<td  width=\"50%\">5,19 %<\/td>\n<\/tr>\n<\/tbody>\n<\/table>\n<p>\n       <small><sup>1<\/sup>Ces taux affich\u00e9s ne sont fournis qu\u2019\u00e0 titre de r\u00e9f\u00e9rence et ne sont pas garantis pour une transaction particuli\u00e8re, y compris les renouvellements. Les taux d\u2019int\u00e9r\u00eat sont calcul\u00e9s semi-annuellement, non \u00e0 l\u2019avance. Les taux d\u2019int\u00e9r\u00eat, les modalit\u00e9s et les produits sont assujettis aux crit\u00e8res d\u2019octroi de cr\u00e9dit de Home Trust et peuvent changer en tout temps sans pr\u00e9avis.<\/small><br \/>\n        <small>Certaines conditions s\u2019appliquent. Pour en savoir plus sur la fa\u00e7on dont vous pouvez obtenir le meilleur taux, veuillez communiquer avec votre courtier.<\/small>\n    <\/div>\n<p>    <!-- Accelerator Fixed Mortgage Rates --><\/p>\n<div style=\"margin-bottom: 30px;\">\n<h2  style=\"font-size:17px; font-weight:bold; margin-bottom: 5px;\">\n                Taux affich&eacute;s d&#8217;Acc&eacute;l&eacute;rateur<br \/>\n        <\/h2>\n<p><strong>En vigueur: 22 juillet 2019<\/strong><br \/><strong>640+ Beacon<\/strong><\/p>\n<table cellspacing=\"0\" cellpadding=\"0\" id=\"\" class=\"table table-bordered\">\n<thead>\n<tr>\n<td width=\"33%\"><b>Terme<\/b><\/td>\n<td><b>Taux<\/b><\/td>\n<td width=\"33%\"><b>Commissions<\/b><\/td>\n<\/tr>\n<\/thead>\n<tbody>\n<tr>\n<td width=\"33%\">1 AN *<\/td>\n<td width=\"33%\">3,99 %<\/td>\n<td width=\"33%\">50 pdb<\/td>\n<\/tr>\n<tr>\n<td width=\"33%\">2 ANS *<\/td>\n<td width=\"33%\">3,54 %<\/td>\n<td width=\"33%\">50 pdb<\/td>\n<\/tr>\n<tr>\n<td width=\"33%\">3 ANS<\/td>\n<td width=\"33%\">3,79 %<\/td>\n<td width=\"33%\">60 pdb<\/td>\n<\/tr>\n<tr>\n<td width=\"33%\">4 ANS<\/td>\n<td width=\"33%\">3,84 %<\/td>\n<td width=\"33%\">60 pdb<\/td>\n<\/tr>\n<tr>\n<td width=\"33%\">5 ANS<\/td>\n<td width=\"33%\">2,64 %<\/td>\n<td width=\"33%\">80 pdb<\/td>\n<\/tr>\n<\/tbody>\n<\/table>\n<p>        <small>Les taux sont sujets &#xe0; changement en tout temps. <br \/>Taux valide 120 jours pour les transactions approuv&#xe9;es.<br \/>Le facteur d&#8217;admissibilit&#xe9; pour les transactions est le plus &#xe9;lev&#xe9; entre le taux &#xe0; 5 ans de la Banque du Canada et le taux contractuel de Home Trust. <br \/>Cote beacon minimale de 640 pour tous les demandeurs.<br \/>Pour tous les programmes &#xe0; documentation simplifi&#xe9;e, le client est responsable des primes de la SCHL et de Genworth sur les pr&#xea;ts dont le RPV d&#xe9;passe 65 %.<br \/>* Les primes d&#8217;assurance de la SCHL et de Genworth sont aux frais du client.<br \/><\/small>\n    <\/div>\n<p>    <!-- Accelerator Variable Mortgage Rates --><\/p>\n<div style=\"margin-bottom: 30px;\">\n<h2  style=\"font-size:17px; font-weight:bold; margin-bottom: 5px;\">Hypoth&eacute;que &agrave; Taux R&eacute;visable<\/h2>\n<p><strong>En vigueur: 28 juin 2018<\/strong><\/p>\n<table cellspacing=\"0\" cellpadding=\"0\" id=\"Table1\" class=\"table table-bordered\">\n<thead>\n<tr>\n<td width=\"33%\"><b>Terme<\/b><\/td>\n<td width=\"33%\"><b>Taux<\/b><\/td>\n<td width=\"33%\"><b>Commissions<\/b><\/td>\n<\/tr>\n<\/thead>\n<tbody>\n<tr>\n<td width=\"33%\">5 ANS<\/td>\n<td width=\"33%\">Prime &#8211; 0,95 %<\/td>\n<td width=\"33%\">80 bps<\/td>\n<\/tr>\n<\/tbody>\n<\/table>\n<p>          <small>Le taux est sujet &#xe0; changement en tout temps.<br \/>\nLe facteur d&#8217;admissibilit&#xe9; pour les transactions est le plus &#xe9;lev&#xe9; entre le taux &#xe0; 5 ans de la Banque du Canada et le taux contractuel de Home Trust. <br \/>Le taux pr&#xe9;f&#xe9;rentiel est &#xe9;tabli en fonction du taux pr&#xe9;f&#xe9;rentiel de la Banque Royale.<br \/>Cote beacon minimale de 640 pour tous les demandeurs. <br \/><\/small>\n        <\/div>\n<p>    <!-- Accelerator Quick Close Mortgage Rates --><\/p>\n<div style=\"margin-bottom: 30px;\">\n<h2 style=\"font-size:17px; font-weight:bold; margin-bottom: 5px;\">Fermeture Rapide Taux<\/h2>\n<p><strong>En vigueur: 22 juillet 2019<\/strong><\/p>\n<table cellspacing=\"0\" cellpadding=\"0\" id=\"Table2\" class=\"table table-bordered\">\n<thead>\n<tr>\n<td width=\"33%\"><b>Terme<\/b><\/td>\n<td width=\"33%\"><b>Taux<\/b><\/td>\n<td width=\"33%\"><b>Commissions<\/b><\/td>\n<\/tr>\n<\/thead>\n<tbody>\n<tr>\n<td width=\"33%\">5 ANS<\/td>\n<td width=\"33%\">2,79 %<\/td>\n<td width=\"33%\">80 pdb<\/td>\n<\/tr>\n<\/tbody>\n<\/table>\n<p>          <small>Le taux est sujet &#xe0; changement en tout temps. <br \/>Taux garanti 60 jours apr&#xe8;s la date de la demande &#8211; Toute transaction conclue apr&#xe8;s la p&#xe9;riode de 60 jours recevra le taux affich&#xe9; au programme Acc&#xe9;l&#xe9;rateur. <br \/>Le facteur d&#8217;admissibilit&#xe9; pour les transactions est le plus &#xe9;lev&#xe9; entre le taux &#xe0; 5 ans de la Banque du Canada et le taux contractuel de Home Trust.<br \/>Cote beacon minimale de 640 pour tous les demandeurs. <br \/>Valeur &#xe9;lev&#xe9;e seulement &#8211; Ne s&#8217;applique pas aux programmes &#xe0; documentation simplifi&#xe9;e.<br \/><\/small>\n    <\/div>\n<\/div>\n","protected":false},"excerpt":{"rendered":"<p>Taux Hypoth&eacute;caires En vigueur: 28 octobre 2018 Terme Taux1 1 AN 3,64 % 2 ANS 3,89 % 3 ANS 4,45 % 4 ANS 4,99 % 5 ANS [&hellip;]<\/p>\n","protected":false},"author":2,"featured_media":0,"parent":1715,"menu_order":0,"comment_status":"closed","ping_status":"closed","template":"broker-page.php","meta":[],"yoast_head":"<!-- This site is optimized with the Yoast SEO Premium plugin v16.6 (Yoast SEO v16.6.1) - https:\/\/yoast.com\/wordpress\/plugins\/seo\/ -->\r\n<title>Taux - Home Trust<\/title>\r\n<meta name=\"robots\" content=\"index, follow, max-snippet:-1, max-image-preview:large, max-video-preview:-1\" \/>\r\n<link rel=\"canonical\" href=\"https:\/\/www.hometrust.ca\/brokerlogin\/rates\/\" \/>\r\n<meta property=\"og:locale\" content=\"en_US\" \/>\r\n<meta property=\"og:type\" content=\"article\" \/>\r\n<meta property=\"og:title\" content=\"Taux\" \/>\r\n<meta property=\"og:description\" content=\"Taux Hypoth&eacute;caires En vigueur: 28 octobre 2018 Terme Taux1 1 AN 3,64 % 2 ANS 3,89 % 3 ANS 4,45 % 4 ANS 4,99 % 5 ANS [&hellip;]\" \/>\r\n<meta property=\"og:url\" content=\"https:\/\/www.hometrust.ca\/fr-ca\/brokerlogin\/rates\/\" \/>\r\n<meta property=\"og:site_name\" content=\"Home Trust\" \/>\r\n<meta property=\"article:modified_time\" content=\"2019-11-08T17:42:36+00:00\" \/>\r\n<meta name=\"twitter:card\" content=\"summary_large_image\" \/>\r\n<meta name=\"twitter:label1\" content=\"Est. reading time\" \/>\n\t<meta name=\"twitter:data1\" content=\"2 minutes\" \/>\r\n<script type=\"application\/ld+json\" class=\"yoast-schema-graph\">{\"@context\":\"https:\/\/schema.org\",\"@graph\":[{\"@type\":\"WebSite\",\"@id\":\"https:\/\/hometrust.ca\/#website\",\"url\":\"https:\/\/hometrust.ca\/\",\"name\":\"Home Trust\",\"description\":\"\",\"potentialAction\":[{\"@type\":\"SearchAction\",\"target\":{\"@type\":\"EntryPoint\",\"urlTemplate\":\"https:\/\/hometrust.ca\/?s={search_term_string}\"},\"query-input\":\"required name=search_term_string\"}],\"inLanguage\":\"en-US\"},{\"@type\":\"WebPage\",\"@id\":\"https:\/\/www.hometrust.ca\/fr-ca\/brokerlogin\/rates\/#webpage\",\"url\":\"https:\/\/www.hometrust.ca\/fr-ca\/brokerlogin\/rates\/\",\"name\":\"Taux - Home Trust\",\"isPartOf\":{\"@id\":\"https:\/\/hometrust.ca\/#website\"},\"datePublished\":\"2018-08-15T05:27:53+00:00\",\"dateModified\":\"2019-11-08T17:42:36+00:00\",\"breadcrumb\":{\"@id\":\"https:\/\/www.hometrust.ca\/fr-ca\/brokerlogin\/rates\/#breadcrumb\"},\"inLanguage\":\"en-US\",\"potentialAction\":[{\"@type\":\"ReadAction\",\"target\":[\"https:\/\/www.hometrust.ca\/fr-ca\/brokerlogin\/rates\/\"]}]},{\"@type\":\"BreadcrumbList\",\"@id\":\"https:\/\/www.hometrust.ca\/fr-ca\/brokerlogin\/rates\/#breadcrumb\",\"itemListElement\":[{\"@type\":\"ListItem\",\"position\":1,\"name\":\"Home\",\"item\":\"https:\/\/www.hometrust.ca\/\"},{\"@type\":\"ListItem\",\"position\":2,\"name\":\"Connexion des courtiers en hypoth\\u00e8ques\",\"item\":\"https:\/\/www.hometrust.ca\/fr-ca\/brokerlogin\/\"},{\"@type\":\"ListItem\",\"position\":3,\"name\":\"Taux\"}]}]}<\/script>\r\n<!-- \/ Yoast SEO Premium plugin. -->","_links":{"self":[{"href":"https:\/\/www.hometrust.ca\/fr-ca\/wp-json\/wp\/v2\/pages\/1772\/"}],"collection":[{"href":"https:\/\/www.hometrust.ca\/fr-ca\/wp-json\/wp\/v2\/pages\/"}],"about":[{"href":"https:\/\/www.hometrust.ca\/fr-ca\/wp-json\/wp\/v2\/types\/page\/"}],"author":[{"embeddable":true,"href":"https:\/\/www.hometrust.ca\/fr-ca\/wp-json\/wp\/v2\/users\/2\/"}],"replies":[{"embeddable":true,"href":"https:\/\/www.hometrust.ca\/fr-ca\/wp-json\/wp\/v2\/comments\/?post=1772"}],"version-history":[{"count":24,"href":"https:\/\/www.hometrust.ca\/fr-ca\/wp-json\/wp\/v2\/pages\/1772\/revisions\/"}],"predecessor-version":[{"id":4624,"href":"https:\/\/www.hometrust.ca\/fr-ca\/wp-json\/wp\/v2\/pages\/1772\/revisions\/4624\/"}],"up":[{"embeddable":true,"href":"https:\/\/www.hometrust.ca\/fr-ca\/wp-json\/wp\/v2\/pages\/1715\/"}],"wp:attachment":[{"href":"https:\/\/www.hometrust.ca\/fr-ca\/wp-json\/wp\/v2\/media\/?parent=1772"}],"curies":[{"name":"wp","href":"https:\/\/api.w.org\/{rel}","templated":true}]}}