{"id":1946,"date":"2018-08-23T20:00:41","date_gmt":"2018-08-23T20:00:41","guid":{"rendered":"https:\/\/www.hometrust.ca\/?page_id=1946"},"modified":"2021-09-21T12:27:50","modified_gmt":"2021-09-21T12:27:50","slug":"lafatca","status":"publish","type":"page","link":"https:\/\/www.hometrust.ca\/fr-ca\/lafatca\/","title":{"rendered":"La Foreign Account Compliance Act"},"content":{"rendered":"<p>[vc_row][vc_column][vc_column_text]La loi <em>Foreign Account Tax Compliance Act (FATCA)<\/em>\u00a0est une loi fiscale qui a \u00e9t\u00e9 adopt\u00e9e par les \u00c9tats-Unis (\u00c9.-U.) en mars\u00a02010. La loi, administr\u00e9e par l\u2019Internal Revenue Service (IRS), vise \u00e0 emp\u00eacher les personnes am\u00e9ricaines d\u2019utiliser des comptes d\u00e9tenus \u00e0 l\u2019ext\u00e9rieur des \u00c9tats-Unis pour frauder le fisc. Le 5\u00a0f\u00e9vrier\u00a02014, le gouvernement du Canada a annonc\u00e9 la conclusion d\u2019une entente intergouvernementale avec le gouvernement des \u00c9tats-Unis en vertu de la Convention fiscale Canada-\u00c9-U. existante, d\u2019autres directives gouvernementales \u00e9tant attendues sous peu.<\/p>\n<p>La loi FATCA et, dans certains pays, des r\u00e8glements locaux connexes exigeront que les institutions financi\u00e8res d\u00e9clarent annuellement les comptes sp\u00e9cifiques d\u00e9tenus \u00e0 l\u2019ext\u00e9rieur des \u00c9tats-Unis par des personnes am\u00e9ricaines. Ce rapport sera mis \u00e0 la disposition de l\u2019IRS, directement ou par l\u2019entremise des organismes de r\u00e9glementation locaux.<\/p>\n<p><strong>1. Quand la loi FATCA entre-t-elle en vigueur?<\/strong><\/p>\n<p>La loi FATCA entre en vigueur le 1<sup>er<\/sup>\u00a0juillet\u00a02014.<\/p>\n<p><strong>2. Qui est touch\u00e9 par la FATCA?<\/strong><\/p>\n<p>Les institutions financi\u00e8res non am\u00e9ricaines devront identifier et d\u00e9clarer tous les comptes financiers (d\u00e9p\u00f4ts de la Compagnie Home Trust) des personnes am\u00e9ricaines sp\u00e9cifi\u00e9es.<\/p>\n<p><strong>3. Quelle est la d\u00e9finition d\u2019une personne am\u00e9ricaine?<\/strong><\/p>\n<p>En vertu de la loi fiscale am\u00e9ricaine, vous \u00eates consid\u00e9r\u00e9 comme une personne am\u00e9ricaine si vous \u00eates\u00a0:<\/p>\n<ul>\n<li>un citoyen des \u00c9tats-Unis (notamment les personnes n\u00e9es aux \u00c9tats-Unis qui r\u00e9sident au Canada ou dans un autre pays et qui n\u2019ont pas renonc\u00e9 \u00e0 leur citoyennet\u00e9 am\u00e9ricaine)<\/li>\n<li>un r\u00e9sident permanent des \u00c9tats-Unis<\/li>\n<li>un d\u00e9tenteur d\u2019une carte verte des \u00c9tats-Unis<\/li>\n<\/ul>\n<p>Vous pouvez \u00e9galement \u00eatre consid\u00e9r\u00e9 comme une personne am\u00e9ricaine si vous passez beaucoup de temps aux \u00c9tats-Unis dans une ann\u00e9e ou sur une p\u00e9riode d\u2019ann\u00e9es.<\/p>\n<p>Les soci\u00e9t\u00e9s, les successions, les fiducies et les partenariats am\u00e9ricains sont \u00e9galement des personnes am\u00e9ricaines.<\/p>\n<p><strong>4. Les institutions financi\u00e8res sont-elles toutes touch\u00e9es par la loi FATCA?<\/strong><\/p>\n<p>Toutes les institutions financi\u00e8res non am\u00e9ricaines \u00e0 l\u2019\u00e9chelle mondiale doivent se conformer \u00e0 la loi FATCA et \u00eatre potentiellement assujetties \u00e0 une retenue d\u2019imp\u00f4t de 30\u00a0% sur tous les revenus provenant de sources am\u00e9ricaines (certaines exemptions s\u2019appliquent).<\/p>\n<p><strong>5. La Compagnie Home Trust se conformera-t-elle \u00e0 la loi FATCA?<\/strong><\/p>\n<p>De grandes incertitudes demeurent quant aux obligations auxquelles les institutions financi\u00e8res canadiennes seront confront\u00e9es en vertu de la loi FATCA; cependant, la Compagnie Home Trust se conformera \u00e0 toutes les lois et r\u00e9glementations applicables dans les territoires o\u00f9 la Compagnie Home Trust exerce ses activit\u00e9s.<\/p>\n<p><strong>6. Quels types de comptes seront touch\u00e9s?<\/strong><\/p>\n<p>Seuls les comptes \u00e9trangers non enregistr\u00e9s de plus de 50\u00a0000\u00a0$ feront l\u2019objet d\u2019une d\u00e9claration dans le cadre de la loi FATCA.<\/p>\n<p>Ce document est destin\u00e9 \u00e0 fournir des renseignements seulement et ne doit pas \u00eatre interpr\u00e9t\u00e9 comme un conseil juridique, financier ou fiscal. Pour obtenir de plus amples renseignements sur la loi FATCA, veuillez consulter le site\u00a0<a href=\"http:\/\/www.irs.gov\/Businesses\/Corporations\/Foreign-Account-Tax-Compliance-Act-FATCA\" target=\"_blank\" rel=\"noopener\">www.irs.gov\/FATCA<\/a>\u00a0ou communiquer avec votre conseiller financier.[\/vc_column_text][vc_empty_space][\/vc_column][\/vc_row]<\/p>\n","protected":false},"excerpt":{"rendered":"<p>[vc_row][vc_column][vc_column_text]La loi Foreign Account Tax Compliance Act (FATCA)\u00a0est une loi fiscale qui a \u00e9t\u00e9 adopt\u00e9e par les \u00c9tats-Unis (\u00c9.-U.) en mars\u00a02010. La loi, administr\u00e9e par l\u2019Internal Revenue [&hellip;]<\/p>\n","protected":false},"author":2,"featured_media":0,"parent":0,"menu_order":0,"comment_status":"closed","ping_status":"closed","template":"","meta":[],"yoast_head":"<!-- This site is optimized with the Yoast SEO Premium plugin v16.6 (Yoast SEO v16.6.1) - https:\/\/yoast.com\/wordpress\/plugins\/seo\/ -->\r\n<title>La Foreign Account Compliance Act - Home Trust<\/title>\r\n<meta name=\"robots\" content=\"index, follow, max-snippet:-1, max-image-preview:large, max-video-preview:-1\" \/>\r\n<link rel=\"canonical\" href=\"https:\/\/www.hometrust.ca\/lafatca\/\" \/>\r\n<meta property=\"og:locale\" content=\"en_US\" \/>\r\n<meta property=\"og:type\" content=\"article\" \/>\r\n<meta property=\"og:title\" content=\"La Foreign Account Compliance Act\" \/>\r\n<meta property=\"og:description\" content=\"[vc_row][vc_column][vc_column_text]La loi Foreign Account Tax Compliance Act (FATCA)\u00a0est une loi fiscale qui a \u00e9t\u00e9 adopt\u00e9e par les \u00c9tats-Unis (\u00c9.-U.) en mars\u00a02010. La loi, administr\u00e9e par l\u2019Internal Revenue [&hellip;]\" \/>\r\n<meta property=\"og:url\" content=\"https:\/\/www.hometrust.ca\/fr-ca\/lafatca\/\" \/>\r\n<meta property=\"og:site_name\" content=\"Home Trust\" \/>\r\n<meta property=\"article:modified_time\" content=\"2021-09-21T12:27:50+00:00\" \/>\r\n<meta name=\"twitter:card\" content=\"summary_large_image\" \/>\r\n<meta name=\"twitter:label1\" content=\"Est. reading time\" \/>\n\t<meta name=\"twitter:data1\" content=\"3 minutes\" \/>\r\n<script type=\"application\/ld+json\" class=\"yoast-schema-graph\">{\"@context\":\"https:\/\/schema.org\",\"@graph\":[{\"@type\":\"WebSite\",\"@id\":\"https:\/\/hometrust.ca\/#website\",\"url\":\"https:\/\/hometrust.ca\/\",\"name\":\"Home Trust\",\"description\":\"\",\"potentialAction\":[{\"@type\":\"SearchAction\",\"target\":{\"@type\":\"EntryPoint\",\"urlTemplate\":\"https:\/\/hometrust.ca\/?s={search_term_string}\"},\"query-input\":\"required name=search_term_string\"}],\"inLanguage\":\"en-US\"},{\"@type\":\"WebPage\",\"@id\":\"https:\/\/www.hometrust.ca\/fr-ca\/lafatca\/#webpage\",\"url\":\"https:\/\/www.hometrust.ca\/fr-ca\/lafatca\/\",\"name\":\"La Foreign Account Compliance Act - Home Trust\",\"isPartOf\":{\"@id\":\"https:\/\/hometrust.ca\/#website\"},\"datePublished\":\"2018-08-23T20:00:41+00:00\",\"dateModified\":\"2021-09-21T12:27:50+00:00\",\"breadcrumb\":{\"@id\":\"https:\/\/www.hometrust.ca\/fr-ca\/lafatca\/#breadcrumb\"},\"inLanguage\":\"en-US\",\"potentialAction\":[{\"@type\":\"ReadAction\",\"target\":[\"https:\/\/www.hometrust.ca\/fr-ca\/lafatca\/\"]}]},{\"@type\":\"BreadcrumbList\",\"@id\":\"https:\/\/www.hometrust.ca\/fr-ca\/lafatca\/#breadcrumb\",\"itemListElement\":[{\"@type\":\"ListItem\",\"position\":1,\"name\":\"Home\",\"item\":\"https:\/\/www.hometrust.ca\/\"},{\"@type\":\"ListItem\",\"position\":2,\"name\":\"La Foreign Account Compliance Act\"}]}]}<\/script>\r\n<!-- \/ Yoast SEO Premium plugin. -->","_links":{"self":[{"href":"https:\/\/www.hometrust.ca\/fr-ca\/wp-json\/wp\/v2\/pages\/1946\/"}],"collection":[{"href":"https:\/\/www.hometrust.ca\/fr-ca\/wp-json\/wp\/v2\/pages\/"}],"about":[{"href":"https:\/\/www.hometrust.ca\/fr-ca\/wp-json\/wp\/v2\/types\/page\/"}],"author":[{"embeddable":true,"href":"https:\/\/www.hometrust.ca\/fr-ca\/wp-json\/wp\/v2\/users\/2\/"}],"replies":[{"embeddable":true,"href":"https:\/\/www.hometrust.ca\/fr-ca\/wp-json\/wp\/v2\/comments\/?post=1946"}],"version-history":[{"count":4,"href":"https:\/\/www.hometrust.ca\/fr-ca\/wp-json\/wp\/v2\/pages\/1946\/revisions\/"}],"predecessor-version":[{"id":7774,"href":"https:\/\/www.hometrust.ca\/fr-ca\/wp-json\/wp\/v2\/pages\/1946\/revisions\/7774\/"}],"wp:attachment":[{"href":"https:\/\/www.hometrust.ca\/fr-ca\/wp-json\/wp\/v2\/media\/?parent=1946"}],"curies":[{"name":"wp","href":"https:\/\/api.w.org\/{rel}","templated":true}]}}