{"id":2008,"date":"2018-08-27T14:44:25","date_gmt":"2018-08-27T14:44:25","guid":{"rendered":"https:\/\/www.hometrust.ca\/?page_id=2008"},"modified":"2025-05-10T23:55:24","modified_gmt":"2025-05-10T23:55:24","slug":"public-accountability","status":"publish","type":"page","link":"https:\/\/www.hometrust.ca\/fr-ca\/about\/public-accountability\/","title":{"rendered":"D\u00e9claration annuelle"},"content":{"rendered":"<p>[vc_row][vc_column][vc_column_text]Home Trust s\u2019engage \u00e0 exercer ses activit\u00e9s de fa\u00e7on responsable et continue. Nous investissons dans des causes qui mobilisent nos employ\u00e9s, consolident notre gouvernance et redonnent \u00e0 nos communaut\u00e9s. Nous nous effor\u00e7ons de faire de Home Trust un endroit o\u00f9 il fait bon travailler pour nos plus de 750 employ\u00e9s et \u00e9quipes partout au Canada, et nous aspirons \u00e0 \u00eatre une bonne entreprise citoyenne dans le soutien de nos employ\u00e9s, de nos partenaires, de nos clients et des communaut\u00e9s que nous servons.<\/p>\n<p>Notre d\u00e9claration de responsabilit\u00e9 publique montre comment nous honorons notre engagement \u00e0 servir chaque ann\u00e9e les communaut\u00e9s dans lesquelles nous vivons et travaillons.[\/vc_column_text][vc_raw_html]JTNDc3R5bGUlM0UlMEElMEEuaGlnaGxpZ2h0cyUyMCU3QiUwQSUyMCUyMCUyMCUyMG92ZXJmbG93JTNBJTIwaGlkZGVuJTNCJTBBJTIwJTIwJTIwJTIwdGV4dC1hbGlnbiUzQSUyMGNlbnRlciUzQiUwQSUyMCUyMCUyMCUyMGZvbnQtd2VpZ2h0JTNBJTIwYm9sZCUzQiUwQSUyMCUyMCUyMCUyMGZvbnQtc2l6ZSUzQSUyMDIwcHglM0IlMEElN0QlMEElMEEuaGlnaGxpZ2h0cyUzQWJlZm9yZSUyQyUwQS5oaWdobGlnaHRzJTNBYWZ0ZXIlMjAlN0IlMEFiYWNrZ3JvdW5kLWNvbG9yJTNBJTIwJTIzMDA0Njc3JTNCJTBBY29udGVudCUzQSUyMCUyMiUyMiUzQiUwQWRpc3BsYXklM0ElMjBpbmxpbmUtYmxvY2slM0IlMEFoZWlnaHQlM0ElMjAycHglM0IlMEFwb3NpdGlvbiUzQSUyMHJlbGF0aXZlJTNCJTBBdmVydGljYWwtYWxpZ24lM0ElMjBtaWRkbGUlM0IlMEF3aWR0aCUzQSUyMDUwJTI1JTNCJTBBJTdEJTBBJTBBLmhpZ2hsaWdodHMlM0FiZWZvcmUlMjAlN0IlMEFyaWdodCUzQSUyMDAuNWVtJTNCJTBBbWFyZ2luLWxlZnQlM0ElMjAtNTAlMjUlM0IlMEElN0QlMEElMEEuaGlnaGxpZ2h0cyUzQWFmdGVyJTIwJTdCJTBBbGVmdCUzQSUyMDAuNWVtJTNCJTBBbWFyZ2luLXJpZ2h0JTNBJTIwLTUwJTI1JTNCJTBBJTdEJTBBLmNhcmQtaG9sZGVyJTdCJTBBJTIwJTIwJTIwJTIwZGlzcGxheSUzQSUyMGZsZXglM0IlMEElMjAlMjAlMjAlMjBmbGV4LWRpcmVjdGlvbiUzQSUyMGNvbHVtbiUzQiUwQSUyMCUyMCUyMCUyMGFsaWduLWl0ZW1zJTNBJTIwY2VudGVyJTNCJTBBJTIwJTIwJTIwJTIwbWFyZ2luLXRvcCUzQSUyMDIwcHglM0IlMEElMjAlMjAlMjAlMjBtYXJnaW4tYm90dG9tJTNBJTIwMjBweCUzQiUwQSU3RCUwQS5jYXJkLWhvbGRlciUyMC5oZWFkZXIlN0IlMEElMjAlMjAlMjAlMjBmb250LXNpemUlM0EyMHB4JTNCJTBBJTIwJTIwJTIwJTIwZm9udC13ZWlnaHQlM0Fib2xkJTNCJTBBJTIwJTIwJTIwJTIwbWFyZ2luJTNBJTIwMTVweCUyMDAlMjAxMHB4JTIwMCUzQiUwQSU3RCUwQS5jYXJkLWhvbGRlciUyMGltZyU3QiUwQSUyMCUyMCUyMCUyMGhlaWdodCUzQTEwMHB4JTNCJTBBJTdEJTBBLmNhcmQtaG9sZGVyJTIwLnRleHQlN0IlMEElMjAlMjAlMjAlMjBjb2xvciUzQSUyMzAwNDY3NyUzQiUwQSUyMCUyMCUyMCUyMHRleHQtYWxpZ24lM0ElMjBjZW50ZXIlM0IlMEElN0QlMEEucGEtaW1hZ2UtY29udGFpbmVyJTdCJTBBJTIwJTIwJTIwJTIwcG9zaXRpb24lM0FyZWxhdGl2ZSUzQiUwQSU3RCUwQS5wYS1pbWFnZSU3QiUwQSUyMCUyMCUyMCUyMHdpZHRoJTNBMTAwJTI1JTBBJTdEJTBBLnBhLWltYWdlLXN2ZyU3QiUwQSUyMCUyMCUyMCUyMHBvc2l0aW9uJTNBYWJzb2x1dGUlM0IlMEElMjAlMjAlMjAlMjB0b3AlM0ExMCUyNSUzQiUwQSUyMCUyMCUyMCUyMGhlaWdodCUzQTgwJTI1JTNCJTBBJTIwJTIwJTIwJTIwbWF4LXdpZHRoJTNBJTIwMzUwcHglM0IlMEElN0QlMEElNDBtZWRpYSUyMCUyOG1pbi13aWR0aCUzQSUyMDcyMHB4JTI5JTdCJTBBLnBhLWltYWdlLXN2ZyU3QiUwQSUyMCUyMCUyMCUyMHRvcCUzQTIwJTI1JTNCJTBBJTIwJTIwJTIwJTIwaGVpZ2h0JTNBNjAlMjUlM0IlMEElN0QlMEElN0QlMEEucmVsYXRpdmUlN0IlMEElMjAlMjAlMjAlMjBwb3NpdGlvbiUzQXJlbGF0aXZlJTNCJTBBJTIwJTIwJTIwJTIwei1pbmRleCUzQSUyMDAlM0IlMEElMjAlMjAlMjAlMjBoZWlnaHQlM0ExMDAlMjUlM0IlMEElMjAlMjAlMjAlMjBkaXNwbGF5JTNBJTIwZmxleCUzQiUwQSUyMCUyMCUyMCUyMGFsaWduLWl0ZW1zJTNBJTIwY2VudGVyJTNCJTBBJTdEJTBBLnBvbHlnb24lN0IlMEElMjAlMjAlMjAlMjBwb3NpdGlvbiUzQWFic29sdXRlJTNCJTBBJTIwJTIwJTIwJTIwdG9wJTNBMCUzQiUwQSUyMCUyMCUyMCUyMGZpbGwlM0ElMjMwMDQ2NzclM0IlMEElMjAlMjAlMjAlMjB6LWluZGV4JTNBJTIwLTElM0IlMEElMjAlMjAlMjAlMjBoZWlnaHQlM0ElMjAxMDAlMjUlM0IlMEElMjAlMjAlMjAlMjB3aWR0aCUzQSUyMDEwMCUyNSUzQiUwQSUyMCUyMCUyMCUyMGRpc3BsYXklM0ElMjBibG9jayUzQiUwQSU3RCUwQS5yZWFkLW5vdyU3QiUwQSUyMCUyMCUyMCUyMHotaW5kZXglM0ElMjAxJTNCJTBBJTIwJTIwJTIwJTIwY29sb3IlM0F3aGl0ZSUzQiUwQSUyMCUyMCUyMCUyMHBhZGRpbmclM0EyMHB4JTIwNDBweCUzQiUwQSUyMCUyMCUyMCUyMGZvbnQtc2l6ZSUzQTIycHglM0IlMEElN0QlMEElMEEub3ZlcmxheSU3QiUwQSUyMCUyMCUyMCUyMGRpc3BsYXklM0ElMjBub25lJTNCJTBBJTIwJTIwJTIwJTIwYmFja2dyb3VuZC1jb2xvciUzQXJnYmElMjgxNyUyQzcxJTJDMTE3JTJDMC40NSUyOSUzQiUwQSUyMCUyMCUyMCUyMHBvc2l0aW9uJTNBYWJzb2x1dGUlM0IlMEElMjAlMjAlMjAlMjB0b3AlM0EwJTNCJTBBJTIwJTIwJTIwJTIwbGVmdCUzQTAlM0IlMEElMjAlMjAlMjAlMjB3aWR0aCUzQTEwMCUyNSUzQiUwQSUyMCUyMCUyMCUyMGhlaWdodCUzQTEwMCUyNSUzQiUwQSU3RCUwQSU0MG1lZGlhJTIwJTI4bWluLXdpZHRoJTNBJTIwNjQwcHglMjklN0IlMEElMjAlMjAlMjAlMjBodG1sJTJDJTIwYm9keSUyMCU3QiUwQSUyMCUyMCUyMCUyMCUyMCUyMCUyMCUyMG1pbi13aWR0aCUzQSUyMDY0MHB4JTNCJTBBJTIwJTIwJTIwJTIwJTdEJTBBJTdEJTBBJTQwbWVkaWElMjAlMjhtYXgtd2lkdGglM0E5OTFweCUyOSU3QiUwQSUyMCUyMCUyMCUyMC5wYS1pbWFnZS1zdmclN0IlMEElMjAlMjAlMjAlMjAlMjAlMjAlMjAlMjBtYXgtd2lkdGglM0ExMDAlMjUlM0IlMEElMjAlMjAlMjAlMjAlN0QlMEElMjAlMjAlMjAlMjAucG9seWdvbiU3QiUwQSUyMCUyMCUyMCUyMCUyMCUyMCUyMCUyMGRpc3BsYXklM0ElMjBub25lJTNCJTBBJTIwJTIwJTIwJTIwJTdEJTBBJTIwJTIwJTIwJTIwLm92ZXJsYXklN0IlMEElMjAlMjAlMjAlMjAlMjAlMjAlMjAlMjBkaXNwbGF5JTNBYmxvY2slM0IlMEElMjAlMjAlMjAlMjAlN0QlMEElMEElN0QlMEEucmVhZC1ub3clMjBhJTdCJTBBJTIwJTIwJTIwJTIwdGV4dC1kZWNvcmF0aW9uJTNBdW5kZXJsaW5lJTNCJTBBJTIwJTIwJTIwJTIwY29sb3IlM0F3aGl0ZSUzQiUwQSUyMCUyMCUyMCUyMGZvbnQtc2l6ZSUzQTE4cHglM0IlMEElMjAlMjAlMjAlMjBmb250LXdlaWdodCUzQWJvbGQlM0IlMEElN0QlMEEubm8tcGFkZGluZyU3QiUwQSUyMCUyMCUyMCUyMHBhZGRpbmclM0EwJTIxaW1wb3J0YW50JTNCJTBBJTdEJTBBJTIwJTIwJTIwJTIwJTNDJTJGc3R5bGUlM0UlMEElMEElMEElM0NkaXYlMjBjbGFzcyUzRCUyMmhpZ2hsaWdodHMlMjIlM0VGQUlUUyUyMFNBSUxMQU5UUyUyMERFJTIwMjAyNCUzQyUyRmRpdiUzRSUwQSUzQ2RpdiUyMGNsYXNzJTNEJTIycm93JTIyJTIwc3R5bGUlM0QlMjIlMEElMjAlMjAlMjAlMjBkaXNwbGF5JTNBJTIwZmxleCUzQiUwQSUyMCUyMCUyMCUyMGp1c3RpZnktY29udGVudCUzQSUyMHNwYWNlLWFyb3VuZCUzQiUwQSUyMCUyMCUyMCUyMGZsZXgtd3JhcCUzQSUyMHdyYXAlM0IlMEElMjIlM0UlMEElMEElMjAlMjAlMjAlMjAlM0NkaXYlMjBjbGFzcyUzRCUyMmNvbC14cy00JTIwY29sLW1kLTIlMjBjYXJkLWhvbGRlciUyMiUzRSUwQSUyMCUyMCUyMCUyMCUyMCUyMCUyMCUyMCUzQ2ltZyUyMHNyYyUzRCUyMiUyRndwLWNvbnRlbnQlMkZ1cGxvYWRzJTJGMjAyMSUyRjA4JTJGUEFTLVBhZ2UtSWNvbnMtMDEucG5nJTIyJTIwYWx0JTNEJTIyJTIyJTNFJTBBJTIwJTIwJTIwJTIwJTIwJTIwJTIwJTIwJTNDZGl2JTIwY2xhc3MlM0QlMjJoZWFkZXIlMjIlM0U0MjglMjAwMDAlMjAlMjQlM0MlMkZkaXYlM0UlMEElMjAlMjAlMjAlMjAlMjAlMjAlMjAlMjAlM0NkaXYlMjBjbGFzcyUzRCUyMnRleHQlMjIlM0VhdSUyMHRvdGFsJTIwZW4lMjBkb25zJTIwZXQlMjBlbiUyMGNvbW1hbmRpdGVzJTNDJTJGZGl2JTNFJTBBJTIwJTIwJTIwJTIwJTNDJTJGZGl2JTNFJTBBJTIwJTIwJTIwJTIwJTNDZGl2JTIwY2xhc3MlM0QlMjJjb2wteHMtNCUyMGNvbC1tZC0yJTIwY2FyZC1ob2xkZXIlMjIlM0UlMEElMjAlMjAlMjAlMjAlMjAlMjAlMjAlMjAlM0NpbWclMjBzcmMlM0QlMjIlMkZ3cC1jb250ZW50JTJGdXBsb2FkcyUyRjIwMjElMkYwOCUyRlBBUy1QYWdlLUljb25zLTA0LnBuZyUyMiUyMGFsdCUzRCUyMiUyMiUzRSUwQSUyMCUyMCUyMCUyMCUyMCUyMCUyMCUyMCUzQ2RpdiUyMGNsYXNzJTNEJTIyaGVhZGVyJTIyJTNFMTAwJTIwMDAwJTIwJTI0JTNDJTJGZGl2JTNFJTBBJTIwJTIwJTIwJTIwJTIwJTIwJTIwJTIwJTNDZGl2JTIwY2xhc3MlM0QlMjJ0ZXh0JTIyJTNFYW1hc3MlQzMlQTlzJTIwcG91ciUyMGwlRTIlODAlOTlBc3NvY2lhdGlvbiUyMGNhbmFkaWVubmUlMjBwb3VyJTIwbGElMjBzYW50JUMzJUE5JTIwbWVudGFsZSUzQyUyRmRpdiUzRSUwQSUyMCUyMCUyMCUyMCUzQyUyRmRpdiUzRSUwQSUyMCUyMCUyMCUyMCUzQ2RpdiUyMGNsYXNzJTNEJTIyY29sLXhzLTQlMjBjb2wtbWQtMiUyMGNhcmQtaG9sZGVyJTIyJTNFJTBBJTIwJTIwJTIwJTIwJTIwJTIwJTIwJTIwJTNDaW1nJTIwc3JjJTNEJTIyJTJGd3AtY29udGVudCUyRnVwbG9hZHMlMkYyMDIyJTJGMDUlMkZQQVMtUGFnZS1JY29ucy0wOC5wbmclMjIlMjBhbHQlM0QlMjIlMjIlM0UlMEElMjAlMjAlMjAlMjAlMjAlMjAlMjAlMjAlM0NkaXYlMjBjbGFzcyUzRCUyMmhlYWRlciUyMiUzRTUwJTIwMDAwJTIwJTI0JTNDJTJGZGl2JTNFJTBBJTIwJTIwJTIwJTIwJTIwJTIwJTIwJTIwJTNDZGl2JTIwY2xhc3MlM0QlMjJ0ZXh0JTIyJTNFZW4lMjBkb24lMjAlQzMlQTAlMjBGaWJyb3NlJTIwa3lzdGlxdWUlMjBDYW5hZGElM0MlMkZkaXYlM0UlMEElMjAlMjAlMjAlMjAlM0MlMkZkaXYlM0UlMEElMjAlMjAlMjAlMjAlM0NkaXYlMjBjbGFzcyUzRCUyMmNvbC14cy00JTIwY29sLW1kLTIlMjBjYXJkLWhvbGRlciUyMiUzRSUwQSUyMCUyMCUyMCUyMCUyMCUyMCUyMCUyMCUzQ2ltZyUyMHNyYyUzRCUyMiUyRndwLWNvbnRlbnQlMkZ1cGxvYWRzJTJGMjAyMSUyRjA4JTJGUEFTLVBhZ2UtSWNvbnMtMDIucG5nJTIyJTIwYWx0JTNEJTIyJTIyJTNFJTBBJTIwJTIwJTIwJTIwJTIwJTIwJTIwJTIwJTNDZGl2JTIwY2xhc3MlM0QlMjJoZWFkZXIlMjIlM0U3MiUyMDAwMCUyMCUyNCUzQyUyRmRpdiUzRSUwQSUyMCUyMCUyMCUyMCUyMCUyMCUyMCUyMCUzQ2RpdiUyMGNsYXNzJTNEJTIydGV4dCUyMiUzRWVuJTIwYm91cnNlcyUyMGFjY29yZCVDMyVBOWVzJTNDJTJGZGl2JTNFJTBBJTIwJTIwJTIwJTIwJTNDJTJGZGl2JTNFJTBBJTIwJTIwJTIwJTIwJTNDZGl2JTIwY2xhc3MlM0QlMjJjb2wteHMtNCUyMGNvbC1tZC0yJTIwY2FyZC1ob2xkZXIlMjIlM0UlMEElMjAlMjAlMjAlMjAlMjAlMjAlMjAlMjAlM0NpbWclMjBzcmMlM0QlMjIlMkZ3cC1jb250ZW50JTJGdXBsb2FkcyUyRjIwMjElMkYwOCUyRlBBUy1QYWdlLUljb25zLTA1LnBuZyUyMiUyMGFsdCUzRCUyMiUyMiUzRSUwQSUyMCUyMCUyMCUyMCUyMCUyMCUyMCUyMCUzQ2RpdiUyMGNsYXNzJTNEJTIyaGVhZGVyJTIyJTNFUGx1cyUyMGRlJTIwNzUwJTNDJTJGZGl2JTNFJTBBJTIwJTIwJTIwJTIwJTIwJTIwJTIwJTIwJTNDZGl2JTIwY2xhc3MlM0QlMjJ0ZXh0JTIyJTNFZW1wbG95JUMzJUE5cyUzQyUyRmRpdiUzRSUwQSUyMCUyMCUyMCUyMCUzQyUyRmRpdiUzRSUwQSUzQyUyRmRpdiUzRSUwQSUzQ2RpdiUyMGNsYXNzJTNEJTIyY29udGFpbmVyJTIwbm8tcGFkZGluZyUyMiUyMHN0eWxlJTNEJTIybWFyZ2luLWJvdHRvbSUzQTQwcHglMjIlM0UlMEElM0NhJTIwdGFyZ2V0JTNEJTIyX2JsYW5rJTIyJTIwaHJlZiUzRCUyMiUyRndwLWNvbnRlbnQlMkZ1cGxvYWRzJTJGMjAyNSUyRjA1JTJGMjAyNF9fUEFTLVJlcG9ydF9GUl9BcHIuMzAuMjAyNS5wZGYlMjIlM0UlMEElMjAlMjAlMjAlMjAlM0NpbWclMjBjbGFzcyUzRCUyMnBhLWltYWdlJTIyJTIwc3R5bGUlM0QlMjJib3JkZXIlM0EycHglMjBzb2xpZCUyMGdyZXklMjIlMjBzcmMlM0QlMjIlMkZ3cC1jb250ZW50JTJGdXBsb2FkcyUyRjIwMjUlMkYwNSUyRjIwMjRfQkFOTkVSU18xMjQwLXgtMzU2X1BBUy1TdGF0ZW1lbnRfRlJfSG9tZVRydXN0X3dlYi5qcGclMjIlMjBhbHQlM0QlMjIlMjIlM0UlMEElMDklM0MlMkZhJTNFJTBBJTBBJTNDJTJGZGl2JTNF[\/vc_raw_html][vc_column_text]<\/p>\n<h2><strong>Archives<\/strong><\/h2>\n<p><a style=\"text-decoration: none;\" href=\"\/wp-content\/uploads\/2024\/05\/3.May_.2024__ESG_Public-Accountablilty-Statement_FR.pdf\" target=\"_blank\" rel=\"noopener\">2023 D\u00e9claration annuelle<\/a><br \/>\n<a style=\"text-decoration: none;\" href=\"\/wp-content\/uploads\/2023\/06\/9402_Home_Capital_ESG_2023_PAS_v2_FR-CA.pdf\" target=\"_blank\" rel=\"noopener\">2022 D\u00e9claration annuelle<\/a><br \/>\n<a style=\"text-decoration: none;\" href=\"\/wp-content\/uploads\/2022\/05\/HT_Public-Accountability-Statement-2022_FR_FINAL.pdf\" target=\"_blank\" rel=\"noopener\">2021 D\u00e9claration annuelle<\/a><br \/>\n<a style=\"text-decoration: none;\" href=\"\/wp-content\/uploads\/2021\/05\/HT_Public-Accountability-Statement-2020_FR_FINAL.pdf\" target=\"_blank\" rel=\"noopener\">2020 D\u00e9claration annuelle<\/a><br \/>\n<a style=\"text-decoration: none;\" href=\"\/wp-content\/uploads\/2020\/05\/HT_Public_Accountability_Statement_2019_FR_final.pdf\" target=\"_blank\" rel=\"noopener\">2019 D\u00e9claration annuelle<\/a><br \/>\n<a style=\"text-decoration: none;\" href=\"\/documents_fr\/2018_Declaration_Annuelle.pdf\" target=\"_blank\" rel=\"noopener\">2018 D\u00e9claration annuelle<\/a><br \/>\n<a style=\"text-decoration: none;\" href=\"\/documents_fr\/2017_Declaration_Annuelle.pdf\" target=\"_blank\" rel=\"noopener\">2017 D\u00e9claration annuelle<\/a><br \/>\n<a style=\"text-decoration: none;\" href=\"\/documents_fr\/2016_Declaration_Annuelle.pdf\" target=\"_blank\" rel=\"noopener\">2016 D\u00e9claration annuelle<\/a><br \/>\n<a style=\"text-decoration: none;\" href=\"\/documents_fr\/HomeTrust_2015report_May6_FR.pdf\" target=\"_blank\" rel=\"noopener\">2015 D\u00e9claration annuelle<\/a><br \/>\n<a style=\"text-decoration: none;\" href=\"\/documents_fr\/2014 Declaration annuelle.pdf\" target=\"_blank\" rel=\"noopener\">2014 D\u00e9claration annuelle<\/a><br \/>\n<a style=\"text-decoration: none;\" href=\"\/documents_fr\/2013 Declaration annuelle.pdf\" target=\"_blank\" rel=\"noopener\">2013 D\u00e9claration annuelle<\/a>[\/vc_column_text][\/vc_column][\/vc_row]<\/p>\n","protected":false},"excerpt":{"rendered":"<p>[vc_row][vc_column][vc_column_text]Home Trust s\u2019engage \u00e0 exercer ses activit\u00e9s de fa\u00e7on responsable et continue. Nous investissons dans des causes qui mobilisent nos employ\u00e9s, consolident notre gouvernance et redonnent \u00e0 [&hellip;]<\/p>\n","protected":false},"author":2,"featured_media":0,"parent":1535,"menu_order":0,"comment_status":"closed","ping_status":"closed","template":"","meta":[],"yoast_head":"<!-- This site is optimized with the Yoast SEO Premium plugin v16.6 (Yoast SEO v16.6.1) - https:\/\/yoast.com\/wordpress\/plugins\/seo\/ -->\r\n<title>D\u00e9claration annuelle - Home Trust<\/title>\r\n<meta name=\"robots\" content=\"index, follow, max-snippet:-1, max-image-preview:large, max-video-preview:-1\" \/>\r\n<link rel=\"canonical\" href=\"https:\/\/www.hometrust.ca\/about\/public-accountability\/\" \/>\r\n<meta property=\"og:locale\" content=\"en_US\" \/>\r\n<meta property=\"og:type\" content=\"article\" \/>\r\n<meta property=\"og:title\" content=\"D\u00e9claration annuelle\" \/>\r\n<meta property=\"og:description\" content=\"[vc_row][vc_column][vc_column_text]Home Trust s\u2019engage \u00e0 exercer ses activit\u00e9s de fa\u00e7on responsable et continue. Nous investissons dans des causes qui mobilisent nos employ\u00e9s, consolident notre gouvernance et redonnent \u00e0 [&hellip;]\" \/>\r\n<meta property=\"og:url\" content=\"https:\/\/www.hometrust.ca\/fr-ca\/about\/public-accountability\/\" \/>\r\n<meta property=\"og:site_name\" content=\"Home Trust\" \/>\r\n<meta property=\"article:modified_time\" content=\"2025-05-10T23:55:24+00:00\" \/>\r\n<meta name=\"twitter:card\" content=\"summary_large_image\" \/>\r\n<meta name=\"twitter:label1\" content=\"Est. reading time\" \/>\n\t<meta name=\"twitter:data1\" content=\"1 minute\" \/>\r\n<script type=\"application\/ld+json\" class=\"yoast-schema-graph\">{\"@context\":\"https:\/\/schema.org\",\"@graph\":[{\"@type\":\"WebSite\",\"@id\":\"https:\/\/hometrust.ca\/#website\",\"url\":\"https:\/\/hometrust.ca\/\",\"name\":\"Home Trust\",\"description\":\"\",\"potentialAction\":[{\"@type\":\"SearchAction\",\"target\":{\"@type\":\"EntryPoint\",\"urlTemplate\":\"https:\/\/hometrust.ca\/?s={search_term_string}\"},\"query-input\":\"required name=search_term_string\"}],\"inLanguage\":\"en-US\"},{\"@type\":\"WebPage\",\"@id\":\"https:\/\/www.hometrust.ca\/fr-ca\/about\/public-accountability\/#webpage\",\"url\":\"https:\/\/www.hometrust.ca\/fr-ca\/about\/public-accountability\/\",\"name\":\"D\\u00e9claration annuelle - Home Trust\",\"isPartOf\":{\"@id\":\"https:\/\/hometrust.ca\/#website\"},\"datePublished\":\"2018-08-27T14:44:25+00:00\",\"dateModified\":\"2025-05-10T23:55:24+00:00\",\"breadcrumb\":{\"@id\":\"https:\/\/www.hometrust.ca\/fr-ca\/about\/public-accountability\/#breadcrumb\"},\"inLanguage\":\"en-US\",\"potentialAction\":[{\"@type\":\"ReadAction\",\"target\":[\"https:\/\/www.hometrust.ca\/fr-ca\/about\/public-accountability\/\"]}]},{\"@type\":\"BreadcrumbList\",\"@id\":\"https:\/\/www.hometrust.ca\/fr-ca\/about\/public-accountability\/#breadcrumb\",\"itemListElement\":[{\"@type\":\"ListItem\",\"position\":1,\"name\":\"Home\",\"item\":\"https:\/\/www.hometrust.ca\/\"},{\"@type\":\"ListItem\",\"position\":2,\"name\":\"\\u00c0 propos\",\"item\":\"https:\/\/www.hometrust.ca\/fr-ca\/about\/\"},{\"@type\":\"ListItem\",\"position\":3,\"name\":\"D\\u00e9claration annuelle\"}]}]}<\/script>\r\n<!-- \/ Yoast SEO Premium plugin. -->","_links":{"self":[{"href":"https:\/\/www.hometrust.ca\/fr-ca\/wp-json\/wp\/v2\/pages\/2008\/"}],"collection":[{"href":"https:\/\/www.hometrust.ca\/fr-ca\/wp-json\/wp\/v2\/pages\/"}],"about":[{"href":"https:\/\/www.hometrust.ca\/fr-ca\/wp-json\/wp\/v2\/types\/page\/"}],"author":[{"embeddable":true,"href":"https:\/\/www.hometrust.ca\/fr-ca\/wp-json\/wp\/v2\/users\/2\/"}],"replies":[{"embeddable":true,"href":"https:\/\/www.hometrust.ca\/fr-ca\/wp-json\/wp\/v2\/comments\/?post=2008"}],"version-history":[{"count":21,"href":"https:\/\/www.hometrust.ca\/fr-ca\/wp-json\/wp\/v2\/pages\/2008\/revisions\/"}],"predecessor-version":[{"id":11478,"href":"https:\/\/www.hometrust.ca\/fr-ca\/wp-json\/wp\/v2\/pages\/2008\/revisions\/11478\/"}],"up":[{"embeddable":true,"href":"https:\/\/www.hometrust.ca\/fr-ca\/wp-json\/wp\/v2\/pages\/1535\/"}],"wp:attachment":[{"href":"https:\/\/www.hometrust.ca\/fr-ca\/wp-json\/wp\/v2\/media\/?parent=2008"}],"curies":[{"name":"wp","href":"https:\/\/api.w.org\/{rel}","templated":true}]}}