{"id":2982,"date":"2018-10-04T15:51:27","date_gmt":"2018-10-04T15:51:27","guid":{"rendered":"https:\/\/www.hometrust.ca\/?page_id=2982"},"modified":"2018-10-09T20:20:03","modified_gmt":"2018-10-09T20:20:03","slug":"home-bank-contact","status":"publish","type":"page","link":"https:\/\/www.hometrust.ca\/fr-ca\/home-bank-contact\/","title":{"rendered":"Contactez nous"},"content":{"rendered":"<p>[vc_row full_width=&#8221;stretch_row&#8221; css=&#8221;.vc_custom_1538669873427{padding-top: 30px !important;padding-bottom: 30px !important;background: #f7f9fb url(https:\/\/www.hometrust.ca\/wp-content\/uploads\/2018\/09\/homebank-bg-2.jpg?id=2227) !important;background-position: center !important;background-repeat: no-repeat !important;background-size: cover !important;}&#8221;][vc_column css=&#8221;.vc_custom_1538422589388{padding-top: 90px !important;padding-bottom: 90px !important;}&#8221;][vc_column_text]<\/p>\n<h1 class=\"separator_off\" style=\"color: #ffffff; font-weight: 300;\">Contactez nous<\/h1>\n<p>[\/vc_column_text][\/vc_column][\/vc_row][vc_row full_width=&#8221;stretch_row&#8221; css=&#8221;.vc_custom_1538161591793{padding-top: 40px !important;padding-bottom: 40px !important;background-color: #ffffff !important;}&#8221;][vc_column width=&#8221;1\/2&#8243;]<header class=\"kd-section-title col-lg-12 text-left solid-line sep-border-width-2    \" ><h2 class=\"separator_on\" style=\"font-size: 24px;\"> Enqu\u00eates hypoth\u00e9caires r\u00e9sidentielles<\/h2><div class=\"kd-separator below_title\" ><div class=\"kd-separator-line\" ><\/div><\/div><\/header>[vc_column_text]<\/p>\n<table style=\"font-size: 16px;\">\n<tbody>\n<tr>\n<td width=\"100px\">Heures:<\/td>\n<td>Lundi au vendredi, 9:00am \u2013 6:00pm ET<\/td>\n<\/tr>\n<tr>\n<td>T\u00e9l\u00e9phone:<\/td>\n<td>855-767-3031<\/td>\n<\/tr>\n<tr>\n<td>Courriel:<\/td>\n<td><a href=\"mailto:customerservice@homebank.ca\">customerservice@homebank.ca<\/a><\/td>\n<\/tr>\n<tr>\n<td>T\u00e9l\u00e9copieur:<\/td>\n<td>855-263-2236<\/td>\n<\/tr>\n<\/tbody>\n<\/table>\n<p>[\/vc_column_text][\/vc_column][vc_column width=&#8221;1\/2&#8243;]<header class=\"kd-section-title col-lg-12 text-left solid-line sep-border-width-2    \" ><h2 class=\"separator_on\" style=\"font-size: 24px;\">Compagnie Home Trust<\/h2><div class=\"kd-separator below_title\" ><div class=\"kd-separator-line\" ><\/div><\/div><\/header>[vc_column_text]<\/p>\n<table style=\"font-size: 16px;\">\n<tbody>\n<tr>\n<td width=\"100px\">Adresse postale:<\/td>\n<td>145, rue King Ouest, bureau 2300, Toronto (Ontario) M5H 1J8<\/td>\n<\/tr>\n<tr>\n<td>T\u00e9l\u00e9phone:<\/td>\n<td>855-263-2265<\/td>\n<\/tr>\n<tr>\n<td>T\u00e9l\u00e9copieur:<\/td>\n<td>855-999-4954<\/td>\n<\/tr>\n<\/tbody>\n<\/table>\n<p>[\/vc_column_text][\/vc_column][\/vc_row][vc_row full_width=&#8221;stretch_row&#8221; css=&#8221;.vc_custom_1538162246030{padding-top: 40px !important;padding-bottom: 40px !important;background-color: #eaeaea !important;background-position: center !important;background-repeat: no-repeat !important;background-size: cover !important;}&#8221;][vc_column css=&#8221;.vc_custom_1516095677887{padding-right: 0px !important;padding-left: 0px !important;}&#8221;][vc_row_inner css=&#8221;.vc_custom_1538161005837{padding-top: 0px !important;padding-bottom: 0px !important;}&#8221;][vc_column_inner width=&#8221;1\/2&#8243; css=&#8221;.vc_custom_1522244863267{padding-left: 15px !important;}&#8221; offset=&#8221;vc_col-lg-6 vc_col-md-12&#8243;]<header class=\"kd-section-title col-lg-12 text-left solid-line sep-border-width-2    \" ><h2 class=\"separator_on\" style=\"font-size: 24px;\">Envoie-nous un message<\/h2><div class=\"kd-separator below_title\" ><div class=\"kd-separator-line\" ><\/div><\/div><h6 class=\"subtitle \" style=\"font-size: 14px;\">L'exp\u00e9rience client est une priorit\u00e9 chez Home Bank. Notre objectif est de vous fournir un service personnalis\u00e9, efficace et engag\u00e9.<\/h6><\/header><div class=\"kd-contact-form full-width-cf  \"><div role=\"form\" class=\"wpcf7\" id=\"wpcf7-f2998-o1\" lang=\"en-US\" dir=\"ltr\">\n<div class=\"screen-reader-response\" aria-live=\"polite\"><\/div>\n<form action=\"\/fr-ca\/wp-json\/wp\/v2\/pages\/2982\/#wpcf7-f2998-o1\" method=\"post\" class=\"wpcf7-form\" novalidate=\"novalidate\">\n<div style=\"display: none;\">\n<input type=\"hidden\" name=\"_wpcf7\" value=\"2998\" \/>\n<input type=\"hidden\" name=\"_wpcf7_version\" value=\"5.1.9\" \/>\n<input type=\"hidden\" name=\"_wpcf7_locale\" value=\"en_US\" \/>\n<input type=\"hidden\" name=\"_wpcf7_unit_tag\" value=\"wpcf7-f2998-o1\" \/>\n<input type=\"hidden\" name=\"_wpcf7_container_post\" value=\"0\" \/>\n<input type=\"hidden\" name=\"g-recaptcha-response\" value=\"\" \/>\n<\/div>\n<p><label style=\"\"> Nom*<br \/>\n    <span class=\"wpcf7-form-control-wrap your-name\"><input type=\"text\" name=\"your-name\" value=\"\" size=\"40\" class=\"wpcf7-form-control wpcf7-text wpcf7-validates-as-required\" aria-required=\"true\" aria-invalid=\"false\" \/><\/span> <\/label><\/p>\n<p><label style=\"\"> Courriel*<br \/>\n    <span class=\"wpcf7-form-control-wrap your-email\"><input type=\"email\" name=\"your-email\" value=\"\" size=\"40\" class=\"wpcf7-form-control wpcf7-text wpcf7-email wpcf7-validates-as-required wpcf7-validates-as-email\" aria-required=\"true\" aria-invalid=\"false\" \/><\/span> <\/label><\/p>\n<p><label style=\"\"> Confirmer Courriel*<br \/>\n    <span class=\"wpcf7-form-control-wrap confirm-email\"><input type=\"email\" name=\"confirm-email\" value=\"\" size=\"40\" class=\"wpcf7-form-control wpcf7-text wpcf7-email wpcf7-validates-as-required wpcf7-validates-as-email\" aria-required=\"true\" aria-invalid=\"false\" \/><\/span> <\/label><\/p>\n<p><label style=\"\">T\u00e9l\u00e9phone*<br \/>\n    <span class=\"wpcf7-form-control-wrap your-phone\"><input type=\"tel\" name=\"your-phone\" value=\"\" size=\"40\" class=\"wpcf7-form-control wpcf7-text wpcf7-tel wpcf7-validates-as-required wpcf7-validates-as-tel\" aria-required=\"true\" aria-invalid=\"false\" \/><\/span><\/label><\/p>\n<p><label style=\"\"> Message*<br \/>\n    <span class=\"wpcf7-form-control-wrap your-message\"><textarea name=\"your-message\" cols=\"40\" rows=\"10\" class=\"wpcf7-form-control wpcf7-textarea\" aria-invalid=\"false\"><\/textarea><\/span> <\/label><\/p>\n<p><input type=\"submit\" value=\"Commencer aujourd&#039;hui\" class=\"wpcf7-form-control wpcf7-submit\" \/><\/p>\n<div class=\"wpcf7-response-output wpcf7-display-none\" aria-hidden=\"true\"><\/div><\/form><\/div><\/div>[\/vc_column_inner][vc_column_inner width=&#8221;1\/2&#8243; css=&#8221;.vc_custom_1522244871070{padding-right: 15px !important;padding-left: 80px !important;}&#8221; offset=&#8221;vc_col-lg-6 vc_col-md-12&#8243;]<script>\n\n                    function initKdMap_kd69e7bb93721cd() {\n                      var map_kd69e7bb93721cd;\n        \t\t\t\t\t\t\tvar gmap_location_kd69e7bb93721cd = new google.maps.LatLng(43.6474734, -79.3839517);\n        \t\t\t\t\t\t\tvar GMAP_MODULE_kd69e7bb93721cd = \"customMap\";\n      \t\t\t\t\t\t\t\tvar featureOpts = [\n      \t\t\t\t\t\t\t\t\t\t\t{\n      \t\t\t\t\t\t\t\t\t\t\t  stylers: [\n      \t\t\t\t\t\t\t\t\t\t\t\t{ \"visibility\": \"on\" },\n      \t\t\t\t\t\t\t\t\t\t\t\t{ \"weight\": 1.1 },\n      \t\t\t\t\t\t\t\t\t\t\t\t{ \"saturation\": 1 },\n      \t\t\t\t\t\t\t\t\t\t\t\t{ \"lightness\": 1 },\n      \t\t\t\t\t\t\t\t\t\t\t\t{ \"gamma\": 1 }\n      \t\t\t\t\t\t\t\t\t\t\t  ]\n      \t\t\t\t\t\t\t\t\t\t\t}, {\n                                featureType: \"poi\",\n                                stylers: [\n                                  { visibility: \"off\" }\n                                ]\n                            }\n      \t\t\t\t\t\t\t\t\t\t];\n      \t\t\t\t\t\t\t\tvar mapOptions = {\n      \t\t\t\t\t\t\t\t\tzoom: 15,\n      \t\t\t\t\t\t\t\t\tcenter: gmap_location_kd69e7bb93721cd,\n                        scrollwheel: false,\n      \t\t\t\t\t\t\t\t\tmapTypeControlOptions: {\n      \t\t\t\t\t\t\t\t\t\tmapTypeIds: [google.maps.MapTypeId.ROADMAP, GMAP_MODULE_kd69e7bb93721cd]\n      \t\t\t\t\t\t\t\t\t},\n      \t\t\t\t\t\t\t\t\tmapTypeId: GMAP_MODULE_kd69e7bb93721cd\n      \t\t\t\t\t\t\t\t};\n      \t\t\t\t\t\t\t\tmap_kd69e7bb93721cd = new google.maps.Map(document.getElementById(\"kd69e7bb93721cd\"), mapOptions);\n      \t\t\t\t\t\t\t\tmarker_kd69e7bb93721cd = new google.maps.Marker({\n      \t\t\t\t\t\t\t\t\tmap: map_kd69e7bb93721cd,\n      \t\t\t\t\t\t\t\t\tdraggable: false,\n      \t\t\t\t\t\t\t\t\tanimation: google.maps.Animation.DROP,\n      \t\t\t\t\t\t\t\t\tposition: gmap_location_kd69e7bb93721cd,\n      \t\t\t\t\t\t\t\t\ticon: \"https:\/\/www.leadengine-wp.com\/static\/wp-content\/uploads\/sites\/37\/2018\/02\/map-marker-1.png\"\n      \t\t\t\t\t\t\t\t  });\n      \t\t\t\t\t\t\t\tgoogle.maps.event.addListener(marker_kd69e7bb93721cd, \"click\", function() {\n      \t\t\t\t\t\t\t\t\tif (marker_kd69e7bb93721cd.getAnimation() != null) {\n      \t\t\t\t\t\t\t\t\t\tmarker_kd69e7bb93721cd.setAnimation(null);\n      \t\t\t\t\t\t\t\t\t} else {\n      \t\t\t\t\t\t\t\t\t\tmarker_kd69e7bb93721cd.setAnimation(google.maps.Animation.BOUNCE);\n      \t\t\t\t\t\t\t\t\t}\n      \t\t\t\t\t\t\t\t});\n      \t\t\t\t\t\t\t\tvar styledMapOptions = {\n      \t\t\t\t\t\t\t\t\tname: \"Si\u00e8ge social\"\n      \t\t\t\t\t\t\t\t};\n      \t\t\t\t\t\t\t\tvar customMapType_kd69e7bb93721cd = new google.maps.StyledMapType(featureOpts, styledMapOptions);\n      \t\t\t\t\t\t\t\tmap_kd69e7bb93721cd.mapTypes.set(GMAP_MODULE_kd69e7bb93721cd, customMapType_kd69e7bb93721cd);\n                      }\n                      jQuery(window).load(function() {\n                        initKdMap_kd69e7bb93721cd();\n                      });\n      \t\t\t\t\t\t<\/script><div class=\"contact-map-container hidden_info_panel\" style=\"height: 500px;\"><div id=\"kd69e7bb93721cd\" class=\"kd_map\" style=\"height: 500px;\"><\/div>\n\n            <\/div>[\/vc_column_inner][\/vc_row_inner][\/vc_column][\/vc_row][vc_row full_width=&#8221;stretch_row&#8221; css=&#8221;.vc_custom_1538162131687{padding-top: 40px !important;padding-bottom: 10px !important;background-color: #ffffff !important;}&#8221;][vc_column]<header class=\"kd-section-title col-lg-12 text-left solid-line sep-border-width-2    \" ><h2 class=\"separator_on\" style=\"font-size: 24px;\">Ordonnances alimentaires et dispositions alimentaires<\/h2><div class=\"kd-separator below_title\" ><div class=\"kd-separator-line\" ><\/div><\/div><h6 class=\"subtitle \" style=\"font-size: 14px;\">Conform\u00e9ment au R\u00e8glement sur les ordonnances alimentaires et les dispositions alimentaires (banques et banques \u00e9trang\u00e8res autoris\u00e9es), les bureaux qui suivent ont \u00e9t\u00e9 d\u00e9sign\u00e9s par la Banque Home aux fins de signification des avis d\u2019ex\u00e9cution dans les provinces suivantes:<\/h6><\/header>[\/vc_column][\/vc_row][vc_row full_width=&#8221;stretch_row&#8221; css=&#8221;.vc_custom_1538161706264{padding-top: 10px !important;padding-bottom: 50px !important;background-color: #ffffff !important;}&#8221;][vc_column width=&#8221;1\/3&#8243;]<div class=\"key-icon-box icon-default  cont-left   kd-animated fadeInUp\" style=\"background-color: transparent; \" ><h4 class=\"service-heading\" >Alberta<\/h4><p >517-10th Avenue SW<br \/>\nCalgary, Alberta<br \/>\nT2R 0A8<br \/>\n<span style=\"color: #f7f9fb;\">.<\/span><\/p><\/div><div class=\"key-icon-box icon-default  cont-left   kd-animated fadeInUp\" style=\"background-color: transparent; \" ><h4 class=\"service-heading\" >Nouvelle \u00c9cosse<\/h4><p >1949, rue Upper Water, bureau 101<br \/>\nHalifax (Nouvelle \u00c9cosse)<br \/>\nB3J 3N3<br \/>\n<span style=\"color: #f7f9fb;\">.<\/span><\/p><\/div>[\/vc_column][vc_column width=&#8221;1\/3&#8243;]<div class=\"key-icon-box icon-default  cont-left   kd-animated fadeInUp\" style=\"background-color: transparent; \" ><h4 class=\"service-heading\" >Colombie Britannique<\/h4><p >200, rue Granville, bureau 1288<br \/>\nVancouver, (Colombie Britannique)<br \/>\nV6C 1S4<br \/>\n<span style=\"color: #f7f9fb;\">.<\/span><\/p><\/div><div class=\"key-icon-box icon-default  cont-left   kd-animated fadeInUp\" style=\"background-color: transparent; \" ><h4 class=\"service-heading\" >Qu\u00e9bec<\/h4><p >2020, boulevard Robert-Bourassa, bureau 2420<br \/>\nMontr\u00e9al (Qu\u00e9bec)<br \/>\nH3A 2A5<br \/>\n<span style=\"color: #f7f9fb;\">.<\/span><\/p><\/div>[\/vc_column][vc_column width=&#8221;1\/3&#8243;]<div class=\"key-icon-box icon-default  cont-left   kd-animated fadeInUp\" style=\"background-color: transparent; \" data-animation-delay=200><h4 class=\"service-heading\" >Manitoba<\/h4><p >201, avenue Portage, bureau 830<br \/>\nWinnipeg, Manitoba<br \/>\nR3B 3K6<br \/>\n<span style=\"color: #f7f9fb;\">.<\/span><\/p><\/div><div class=\"key-icon-box icon-default  cont-left   kd-animated fadeInUp\" style=\"background-color: transparent; \" data-animation-delay=200><h4 class=\"service-heading\" >Autres provinces et territoires<\/h4><p >145, rue King Ouest, bureau 2300<br \/>\nToronto (Ontario)<br \/>\nM5H 1J8<br \/>\n<span style=\"color: #f7f9fb;\">.<\/span><\/p><\/div>[\/vc_column][\/vc_row]<\/p>\n","protected":false},"excerpt":{"rendered":"<p>[vc_row full_width=&#8221;stretch_row&#8221; css=&#8221;.vc_custom_1538669873427{padding-top: 30px !important;padding-bottom: 30px !important;background: #f7f9fb url(https:\/\/www.hometrust.ca\/wp-content\/uploads\/2018\/09\/homebank-bg-2.jpg?id=2227) !important;background-position: center !important;background-repeat: no-repeat !important;background-size: cover !important;}&#8221;][vc_column css=&#8221;.vc_custom_1538422589388{padding-top: 90px !important;padding-bottom: 90px !important;}&#8221;][vc_column_text] Contactez nous [\/vc_column_text][\/vc_column][\/vc_row][vc_row full_width=&#8221;stretch_row&#8221; css=&#8221;.vc_custom_1538161591793{padding-top: 40px [&hellip;]<\/p>\n","protected":false},"author":13,"featured_media":0,"parent":0,"menu_order":0,"comment_status":"closed","ping_status":"closed","template":"","meta":[],"yoast_head":"<!-- This site is optimized with the Yoast SEO Premium plugin v16.6 (Yoast SEO v16.6.1) - https:\/\/yoast.com\/wordpress\/plugins\/seo\/ -->\r\n<title>Contactez nous - Home Trust<\/title>\r\n<meta name=\"robots\" content=\"index, follow, max-snippet:-1, max-image-preview:large, max-video-preview:-1\" \/>\r\n<link rel=\"canonical\" href=\"https:\/\/www.hometrust.ca\/home-bank-contact\/\" \/>\r\n<meta property=\"og:locale\" content=\"en_US\" \/>\r\n<meta property=\"og:type\" content=\"article\" \/>\r\n<meta property=\"og:title\" content=\"Contactez nous\" \/>\r\n<meta property=\"og:description\" content=\"[vc_row full_width=&#8221;stretch_row&#8221; css=&#8221;.vc_custom_1538669873427{padding-top: 30px !important;padding-bottom: 30px !important;background: #f7f9fb url(https:\/\/www.hometrust.ca\/wp-content\/uploads\/2018\/09\/homebank-bg-2.jpg?id=2227) !important;background-position: center !important;background-repeat: no-repeat !important;background-size: cover !important;}&#8221;][vc_column css=&#8221;.vc_custom_1538422589388{padding-top: 90px !important;padding-bottom: 90px !important;}&#8221;][vc_column_text] Contactez nous [\/vc_column_text][\/vc_column][\/vc_row][vc_row full_width=&#8221;stretch_row&#8221; css=&#8221;.vc_custom_1538161591793{padding-top: 40px [&hellip;]\" \/>\r\n<meta property=\"og:url\" content=\"https:\/\/www.hometrust.ca\/fr-ca\/home-bank-contact\/\" \/>\r\n<meta property=\"og:site_name\" content=\"Home Trust\" \/>\r\n<meta property=\"article:modified_time\" content=\"2018-10-09T20:20:03+00:00\" \/>\r\n<meta name=\"twitter:card\" content=\"summary_large_image\" \/>\r\n<meta name=\"twitter:label1\" content=\"Est. reading time\" \/>\n\t<meta name=\"twitter:data1\" content=\"4 minutes\" \/>\r\n<script type=\"application\/ld+json\" class=\"yoast-schema-graph\">{\"@context\":\"https:\/\/schema.org\",\"@graph\":[{\"@type\":\"WebSite\",\"@id\":\"https:\/\/hometrust.ca\/#website\",\"url\":\"https:\/\/hometrust.ca\/\",\"name\":\"Home Trust\",\"description\":\"\",\"potentialAction\":[{\"@type\":\"SearchAction\",\"target\":{\"@type\":\"EntryPoint\",\"urlTemplate\":\"https:\/\/hometrust.ca\/?s={search_term_string}\"},\"query-input\":\"required name=search_term_string\"}],\"inLanguage\":\"en-US\"},{\"@type\":\"WebPage\",\"@id\":\"https:\/\/www.hometrust.ca\/fr-ca\/home-bank-contact\/#webpage\",\"url\":\"https:\/\/www.hometrust.ca\/fr-ca\/home-bank-contact\/\",\"name\":\"Contactez nous - Home Trust\",\"isPartOf\":{\"@id\":\"https:\/\/hometrust.ca\/#website\"},\"datePublished\":\"2018-10-04T15:51:27+00:00\",\"dateModified\":\"2018-10-09T20:20:03+00:00\",\"breadcrumb\":{\"@id\":\"https:\/\/www.hometrust.ca\/fr-ca\/home-bank-contact\/#breadcrumb\"},\"inLanguage\":\"en-US\",\"potentialAction\":[{\"@type\":\"ReadAction\",\"target\":[\"https:\/\/www.hometrust.ca\/fr-ca\/home-bank-contact\/\"]}]},{\"@type\":\"BreadcrumbList\",\"@id\":\"https:\/\/www.hometrust.ca\/fr-ca\/home-bank-contact\/#breadcrumb\",\"itemListElement\":[{\"@type\":\"ListItem\",\"position\":1,\"name\":\"Home\",\"item\":\"https:\/\/www.hometrust.ca\/\"},{\"@type\":\"ListItem\",\"position\":2,\"name\":\"Contactez nous\"}]}]}<\/script>\r\n<!-- \/ Yoast SEO Premium plugin. -->","_links":{"self":[{"href":"https:\/\/www.hometrust.ca\/fr-ca\/wp-json\/wp\/v2\/pages\/2982\/"}],"collection":[{"href":"https:\/\/www.hometrust.ca\/fr-ca\/wp-json\/wp\/v2\/pages\/"}],"about":[{"href":"https:\/\/www.hometrust.ca\/fr-ca\/wp-json\/wp\/v2\/types\/page\/"}],"author":[{"embeddable":true,"href":"https:\/\/www.hometrust.ca\/fr-ca\/wp-json\/wp\/v2\/users\/13\/"}],"replies":[{"embeddable":true,"href":"https:\/\/www.hometrust.ca\/fr-ca\/wp-json\/wp\/v2\/comments\/?post=2982"}],"version-history":[{"count":13,"href":"https:\/\/www.hometrust.ca\/fr-ca\/wp-json\/wp\/v2\/pages\/2982\/revisions\/"}],"predecessor-version":[{"id":3054,"href":"https:\/\/www.hometrust.ca\/fr-ca\/wp-json\/wp\/v2\/pages\/2982\/revisions\/3054\/"}],"wp:attachment":[{"href":"https:\/\/www.hometrust.ca\/fr-ca\/wp-json\/wp\/v2\/media\/?parent=2982"}],"curies":[{"name":"wp","href":"https:\/\/api.w.org\/{rel}","templated":true}]}}