{"id":3523,"date":"2018-12-13T01:45:17","date_gmt":"2018-12-13T01:45:17","guid":{"rendered":"https:\/\/www.hometrust.ca\/?page_id=3523"},"modified":"2026-01-06T19:39:24","modified_gmt":"2026-01-06T19:39:24","slug":"deposits","status":"publish","type":"page","link":"https:\/\/www.hometrust.ca\/fr-ca\/deposits\/","title":{"rendered":"D\u00e9p\u00f4ts"},"content":{"rendered":"<p>[vc_row css=&#8221;.vc_custom_1546445387023{margin-bottom: 15px !important;}&#8221;][vc_column width=&#8221;2\/3&#8243; css=&#8221;.vc_custom_1546445244231{margin-bottom: 15px !important;padding-right: 50px !important;}&#8221;][vc_column_text]<\/p>\n<h3>Aidez vos clients \u00e0 atteindre leurs objectifs de placement avec nos solutions \u00e9prouv\u00e9es.<\/h3>\n<p>[\/vc_column_text][vc_empty_space height=&#8221;20px&#8221;][vc_column_text]Avec notre vaste gamme de d\u00e9p\u00f4ts, notre service rapide et personnalis\u00e9 et nos prix comp\u00e9titifs, Home Trust est l\u00e0 pour vous fournir les solutions de placement qui r\u00e9pondre aux objectifs \u00e0 court et \u00e0 long terme de vos clients. Home Trust offre une vari\u00e9t\u00e9 de placements s\u00fbrs et garantis pour aider vos clients \u00e0 diversifier leur portefeuille et \u00e0 minimiser les effets de la volatilit\u00e9 des march\u00e9s.[\/vc_column_text][vc_row_inner css=&#8221;.vc_custom_1544205987685{padding-top: 20px !important;padding-bottom: 20px !important;}&#8221; el_class=&#8221;deposits_broker_client_icon_box&#8221;][vc_column_inner width=&#8221;1\/2&#8243; css=&#8221;.vc_custom_1546010805684{padding-left: 0px !important;}&#8221;]<div class=\"key-icon-box icon-default icon-top cont-center with-border box-bg-color  deposits_key_icon_boxes\" style=\"background-color: transparent; border: 1px solid #2c2b36;\" ><div class=\"ib-wrapper\"><i class=\"la la-user fa\" style=\"font-size: 3.5em; color: #ea7600;\"><\/i> <h6 class=\"service-heading\" style=\"color: #000000;\">Courtier en d\u00e9p\u00f4t<\/h6><p class=\"ib-link \"><a href=\"https:\/\/www.hometrust.ca\/fr-ca\/deposits\/become-a-broker\/\" target=\"_self\" style=\"color: #0092bc;\">En savoir plus<\/a><\/p><\/div><\/div>[\/vc_column_inner][vc_column_inner width=&#8221;1\/2&#8243;]<div class=\"key-icon-box icon-default icon-top cont-center with-border box-bg-color  deposits_key_icon_boxes\" style=\"background-color: transparent; border: 1px solid #2c2b36;\" ><div class=\"ib-wrapper\"><i class=\"la la-upload fa\" style=\"font-size: 3.5em; color: #ea7600;\"><\/i> <h6 class=\"service-heading\" style=\"color: #000000;\">Clients de Home Trust<\/h6><p class=\"ib-link \"><a href=\"https:\/\/www.hometrust.ca\/fr-ca\/deposits\/hisa\/\" target=\"_self\" style=\"color: #0092bc;\">En savoir plus<\/a><\/p><\/div><\/div>[\/vc_column_inner][\/vc_row_inner][vc_column_text][\/vc_column_text][\/vc_column][vc_column width=&#8221;1\/3&#8243; css=&#8221;.vc_custom_1546445185313{background-color: #e5e5e5 !important;}&#8221; el_class=&#8221;deposits_landing_deposit_protection_column&#8221;][vc_empty_space height=&#8221;20px&#8221;][vc_raw_html]JTNDcCUyMHN0eWxlJTNEJTIybWFyZ2luLWJvdHRvbSUzQSUyMDAlM0IlMjIlM0UlM0NzdHJvbmclM0VQcm90ZWN0aW9uJTIwZGVzJTIwZCVDMyVBOXAlQzMlQjR0cyUzQyUyRnN0cm9uZyUzRSUzQyUyRnAlM0U=[\/vc_raw_html][vc_column_text]La Compagnie Home Trust et la Banque Home sont des membres distincts de la Soci\u00e9t\u00e9 d\u2019assurance-d\u00e9p\u00f4ts du Canada. Pour obtenir de plus amples renseignements sur ce qui est prot\u00e9g\u00e9 et sur la fa\u00e7on dont cela fonctionne, veuillez cliquer sur le bouton ci-dessous.[\/vc_column_text][vc_row_inner el_class=&#8221;deposits_landing_deposit_protection_column_cdic_image&#8221;][vc_column_inner width=&#8221;1\/2&#8243;][vc_single_image image=&#8221;1923&#8243; img_size=&#8221;140&#215;63&#8243; onclick=&#8221;custom_link&#8221; img_link_target=&#8221;_blank&#8221; link=&#8221;http:\/\/www.cdic.ca\/fr\/Pages\/default.aspx&#8221; el_class=&#8221;deposits_protection_image_logo&#8221;][\/vc_column_inner][vc_column_inner width=&#8221;1\/2&#8243; css=&#8221;.vc_custom_1546489970124{padding-bottom: 50px !important;}&#8221;][vc_raw_js]JTNDc2NyaXB0JTIwaWQlM0QlMjJjZGljLW9rLWNoZWNrZXItbWVtYmVyc2hpcC1zaWduJTIyJTIwc3JjJTNEJTIyaHR0cHMlM0ElMkYlMkZ3d3cuc2FkYy5jYSUyRlNpdGVBc3NldHMlMkZvayUyRkNESUNfT2tDaGVja2VyLmpzJTNGdiUzRDElMjZsYW5nJTNEZnIlMjIlMjB0eXBlJTNEJTIydGV4dCUyRmphdmFzY3JpcHQlMjIlM0UlM0MlMkZzY3JpcHQlM0UlMEElM0NzY3JpcHQlM0UlMEFzZXRUaW1lb3V0JTI4ZnVuY3Rpb24lMjglMjklN0IlMEElMjAlMjAlMjAlMjBqUXVlcnklMjglMjclMjNvay1jaGVja2VyLWxpbmslMjclMjkuYXR0ciUyOCUyN3RhcmdldCUyNyUyQyUyN19ibGFuayUyNyUyOSUzQiUwQSU3RCUyQzE1MDAlMjklM0IlMEElM0MlMkZzY3JpcHQlM0U=[\/vc_raw_js][\/vc_column_inner][\/vc_row_inner][\/vc_column][vc_column width=&#8221;1\/3&#8243;][vc_empty_space height=&#8221;20px&#8221;][vc_column_text]<strong>T\u00e9l\u00e9phone des courtiers en d\u00e9p\u00f4t (Home Trust):<\/strong> 416-933-6204<br \/>\n<strong>Sans frais:<\/strong> 1-888-711-7713<br \/>\n<strong>Courriel:<\/strong> depots@hometrust.ca[\/vc_column_text][\/vc_column][\/vc_row][vc_row full_width=&#8221;stretch_row&#8221; css=&#8221;.vc_custom_1544203073960{padding-top: 50px !important;padding-bottom: 50px !important;background-color: #f7f9fb !important;}&#8221; el_class=&#8221;deposits_current_rates_icon_box&#8221;][vc_column][vc_row_inner][vc_column_inner]<header class=\"kd-section-title col-lg-12 text-center    \" ><h2 class=\"separator_off\" >Taux actuels<\/h2><\/header>[\/vc_column_inner][\/vc_row_inner][vc_row_inner][vc_column_inner width=&#8221;1\/3&#8243;]<div class=\"key-icon-box icon-default icon-top cont-center  box-bg-color\" style=\"background-color: #ffffff; border: none;\" ><div class=\"ib-wrapper\"><div class=\"tt-iconbox-customimg img_small_size\"><img src=\"\/wp-content\/uploads\/2018\/12\/Bank.svg\" class=\"attachment-full\" alt=\"\" loading=\"lazy\" \/><\/div><h6 class=\"service-heading\" >CPG de la Banque Home<\/h6><p class=\"ib-link \"><a href=\"https:\/\/www.hometrust.ca\/fr-ca\/deposits\/deposit-rates\/deposit-rates-home-bank\/\" target=\"_self\" style=\"color: #0092bc;\">En savoir plus<\/a><\/p><\/div><\/div>[\/vc_column_inner][vc_column_inner width=&#8221;1\/3&#8243;]<div class=\"key-icon-box icon-default icon-top cont-center  box-bg-color\" style=\"background-color: #ffffff; border: none;\" ><div class=\"ib-wrapper\"><div class=\"tt-iconbox-customimg img_small_size\"><img src=\"\/wp-content\/uploads\/2018\/12\/GIC.svg\" class=\"attachment-full\" alt=\"\" loading=\"lazy\" \/><\/div><h6 class=\"service-heading\" >CPG de la Compagnie Home Trust<\/h6><p class=\"ib-link \"><a href=\"https:\/\/www.hometrust.ca\/fr-ca\/deposits\/deposit-rates\/deposit-rates-home-trust\/\" target=\"_self\" style=\"color: #0092bc;\">En savoir plus<\/a><\/p><\/div><\/div>[\/vc_column_inner][vc_column_inner width=&#8221;1\/3&#8243;]<div class=\"key-icon-box icon-default icon-top cont-center  box-bg-color\" style=\"background-color: #ffffff; border: none;\" ><div class=\"ib-wrapper\"><div class=\"tt-iconbox-customimg img_small_size\"><img src=\"\/wp-content\/uploads\/2018\/12\/piggy.svg\" class=\"attachment-full\" alt=\"\" loading=\"lazy\" \/><\/div><h6 class=\"service-heading\" >Compte d\u2019\u00e9pargne \u00e0 int\u00e9r\u00eat \u00e9lev\u00e9 (les deux \u00e9metteurs)<\/h6><p class=\"ib-link \"><a href=\"https:\/\/www.hometrust.ca\/fr-ca\/deposits\/hisa\/\" target=\"_self\" style=\"color: #0092bc;\">En savoir plus<\/a><\/p><\/div><\/div>[\/vc_column_inner][\/vc_row_inner][\/vc_column][\/vc_row][vc_row full_width=&#8221;stretch_row_content_no_spaces&#8221; el_class=&#8221;deposits_deposit_protection_section&#8221;][vc_column width=&#8221;1\/2&#8243; css=&#8221;.vc_custom_1546956975394{padding-top: 0px !important;}&#8221; offset=&#8221;vc_col-lg-6 vc_col-md-12 vc_hidden-sm vc_hidden-xs&#8221;][vc_row_inner css=&#8221;.vc_custom_1546756764916{padding-top: 200px !important;padding-bottom: 200px !important;background-image: url(https:\/\/www.hometrust.ca\/wp-content\/uploads\/2019\/01\/deposits_page_square.jpg?id=3996) !important;background-position: center !important;background-repeat: no-repeat !important;background-size: cover !important;}&#8221; el_class=&#8221;deposit_protection_bg_image&#8221;][vc_column_inner css=&#8221;.vc_custom_1511789291663{padding-top: 0px !important;padding-bottom: 0px !important;}&#8221;][vc_empty_space height=&#8221;100px&#8221;][\/vc_column_inner][\/vc_row_inner][\/vc_column][vc_column width=&#8221;1\/2&#8243; offset=&#8221;vc_col-lg-6 vc_col-md-12&#8243;][vc_row_inner css=&#8221;.vc_custom_1544205569444{padding-top: 50px !important;}&#8221; el_class=&#8221;deposit_protection_title&#8221;][vc_column_inner width=&#8221;1\/4&#8243; offset=&#8221;vc_hidden-xs&#8221;][\/vc_column_inner][vc_column_inner width=&#8221;1\/2&#8243; css=&#8221;.vc_custom_1530204075120{padding-bottom: 50px !important;}&#8221;]<header class=\"kd-section-title col-lg-12 text-left    \" ><h2 class=\"separator_off\" >Ce que nous offrons<\/h2><h6 class=\"subtitle \" >Notre gamme de certificats de placement garanti (CPG) et notre compte d\u2019\u00e9pargne \u00e0 int\u00e9r\u00eat \u00e9lev\u00e9 (CEIE) servent autant \u00e0 combler les besoins personnels que commerciaux et offrent des rendements garantis et des taux concurrentiels. De plus, chaque d\u00e9p\u00f4t est accessible par la Compagnie Home Trust ou par la Banque Home, membres de la Soci\u00e9t\u00e9 d\u2019assurance d\u00e9p\u00f4ts du Canada (SADC).<\/h6><\/header>[vc_column_text]<\/p>\n<p style=\"text-align: left; font-size: 11px;\">Les CPG de la Compagnie Home Trust et de la Banque Home sont admissibles \u00e0 la protection de la Soci\u00e9t\u00e9 d\u2019assurance-d\u00e9p\u00f4ts du Canada (SADC), jusqu\u2019\u00e0 concurrence des limites applicables.<\/p>\n<p>[\/vc_column_text][\/vc_column_inner][vc_column_inner width=&#8221;1\/4&#8243;][\/vc_column_inner][\/vc_row_inner][\/vc_column][\/vc_row]<\/p>\n","protected":false},"excerpt":{"rendered":"<p>[vc_row css=&#8221;.vc_custom_1546445387023{margin-bottom: 15px !important;}&#8221;][vc_column width=&#8221;2\/3&#8243; css=&#8221;.vc_custom_1546445244231{margin-bottom: 15px !important;padding-right: 50px !important;}&#8221;][vc_column_text] Aidez vos clients \u00e0 atteindre leurs objectifs de placement avec nos solutions \u00e9prouv\u00e9es. [\/vc_column_text][vc_empty_space height=&#8221;20px&#8221;][vc_column_text]Avec notre vaste [&hellip;]<\/p>\n","protected":false},"author":2,"featured_media":0,"parent":0,"menu_order":0,"comment_status":"closed","ping_status":"closed","template":"","meta":[],"yoast_head":"<!-- This site is optimized with the Yoast SEO Premium plugin v16.6 (Yoast SEO v16.6.1) - https:\/\/yoast.com\/wordpress\/plugins\/seo\/ -->\r\n<title>D\u00e9p\u00f4ts - Home Trust<\/title>\r\n<meta name=\"robots\" content=\"index, follow, max-snippet:-1, max-image-preview:large, max-video-preview:-1\" \/>\r\n<link rel=\"canonical\" href=\"https:\/\/www.hometrust.ca\/deposits\/\" \/>\r\n<meta property=\"og:locale\" content=\"en_US\" \/>\r\n<meta property=\"og:type\" content=\"article\" \/>\r\n<meta property=\"og:title\" content=\"D\u00e9p\u00f4ts\" \/>\r\n<meta property=\"og:description\" content=\"[vc_row css=&#8221;.vc_custom_1546445387023{margin-bottom: 15px !important;}&#8221;][vc_column width=&#8221;2\/3&#8243; css=&#8221;.vc_custom_1546445244231{margin-bottom: 15px !important;padding-right: 50px !important;}&#8221;][vc_column_text] Aidez vos clients \u00e0 atteindre leurs objectifs de placement avec nos solutions \u00e9prouv\u00e9es. [\/vc_column_text][vc_empty_space height=&#8221;20px&#8221;][vc_column_text]Avec notre vaste [&hellip;]\" \/>\r\n<meta property=\"og:url\" content=\"https:\/\/www.hometrust.ca\/fr-ca\/deposits\/\" \/>\r\n<meta property=\"og:site_name\" content=\"Home Trust\" \/>\r\n<meta property=\"article:modified_time\" content=\"2026-01-06T19:39:24+00:00\" \/>\r\n<meta name=\"twitter:card\" content=\"summary_large_image\" \/>\r\n<meta name=\"twitter:label1\" content=\"Est. reading time\" \/>\n\t<meta name=\"twitter:data1\" content=\"3 minutes\" \/>\r\n<script type=\"application\/ld+json\" class=\"yoast-schema-graph\">{\"@context\":\"https:\/\/schema.org\",\"@graph\":[{\"@type\":\"WebSite\",\"@id\":\"https:\/\/hometrust.ca\/#website\",\"url\":\"https:\/\/hometrust.ca\/\",\"name\":\"Home Trust\",\"description\":\"\",\"potentialAction\":[{\"@type\":\"SearchAction\",\"target\":{\"@type\":\"EntryPoint\",\"urlTemplate\":\"https:\/\/hometrust.ca\/?s={search_term_string}\"},\"query-input\":\"required name=search_term_string\"}],\"inLanguage\":\"en-US\"},{\"@type\":\"WebPage\",\"@id\":\"https:\/\/www.hometrust.ca\/fr-ca\/deposits\/#webpage\",\"url\":\"https:\/\/www.hometrust.ca\/fr-ca\/deposits\/\",\"name\":\"D\\u00e9p\\u00f4ts - Home Trust\",\"isPartOf\":{\"@id\":\"https:\/\/hometrust.ca\/#website\"},\"datePublished\":\"2018-12-13T01:45:17+00:00\",\"dateModified\":\"2026-01-06T19:39:24+00:00\",\"breadcrumb\":{\"@id\":\"https:\/\/www.hometrust.ca\/fr-ca\/deposits\/#breadcrumb\"},\"inLanguage\":\"en-US\",\"potentialAction\":[{\"@type\":\"ReadAction\",\"target\":[\"https:\/\/www.hometrust.ca\/fr-ca\/deposits\/\"]}]},{\"@type\":\"BreadcrumbList\",\"@id\":\"https:\/\/www.hometrust.ca\/fr-ca\/deposits\/#breadcrumb\",\"itemListElement\":[{\"@type\":\"ListItem\",\"position\":1,\"name\":\"Home\",\"item\":\"https:\/\/www.hometrust.ca\/\"},{\"@type\":\"ListItem\",\"position\":2,\"name\":\"D\\u00e9p\\u00f4ts\"}]}]}<\/script>\r\n<!-- \/ Yoast SEO Premium plugin. -->","_links":{"self":[{"href":"https:\/\/www.hometrust.ca\/fr-ca\/wp-json\/wp\/v2\/pages\/3523\/"}],"collection":[{"href":"https:\/\/www.hometrust.ca\/fr-ca\/wp-json\/wp\/v2\/pages\/"}],"about":[{"href":"https:\/\/www.hometrust.ca\/fr-ca\/wp-json\/wp\/v2\/types\/page\/"}],"author":[{"embeddable":true,"href":"https:\/\/www.hometrust.ca\/fr-ca\/wp-json\/wp\/v2\/users\/2\/"}],"replies":[{"embeddable":true,"href":"https:\/\/www.hometrust.ca\/fr-ca\/wp-json\/wp\/v2\/comments\/?post=3523"}],"version-history":[{"count":33,"href":"https:\/\/www.hometrust.ca\/fr-ca\/wp-json\/wp\/v2\/pages\/3523\/revisions\/"}],"predecessor-version":[{"id":11946,"href":"https:\/\/www.hometrust.ca\/fr-ca\/wp-json\/wp\/v2\/pages\/3523\/revisions\/11946\/"}],"wp:attachment":[{"href":"https:\/\/www.hometrust.ca\/fr-ca\/wp-json\/wp\/v2\/media\/?parent=3523"}],"curies":[{"name":"wp","href":"https:\/\/api.w.org\/{rel}","templated":true}]}}