{"id":5553,"date":"2020-05-01T13:45:08","date_gmt":"2020-05-01T13:45:08","guid":{"rendered":"https:\/\/www.hometrust.ca\/?page_id=5553"},"modified":"2020-05-01T14:30:53","modified_gmt":"2020-05-01T14:30:53","slug":"histoires-reelles-page-daccueil","status":"publish","type":"page","link":"https:\/\/www.hometrust.ca\/fr-ca\/histoires-reelles-page-daccueil\/","title":{"rendered":"Histoires r\u00e9elles &#8211; page daccueil"},"content":{"rendered":"<p>&nbsp;<br \/>\n<body id=\"real-story-loading\"><\/p>\n<div class=\"container\">\n<h2>R\u00e9aliser ses r\u00eaves de devenir propri\u00e9taire<\/h2>\n<p>Home Trust prend le temps d\u2019examiner les faits et d\u2019offrir des solutions<br \/>\nhypoth\u00e9caires financi\u00e8rement solides adapt\u00e9es aux circonstances de chaque personne.<br \/>\nAvec des offres comme les pr\u00eats hypoth\u00e9caires Classique et Acc\u00e9l\u00e9rateur,<br \/>\nHome Trust offre le service personnalis\u00e9 dont vous avez besoin pour faire passer<br \/>\nles int\u00e9r\u00eats de vos clients en premier.<\/p>\n<p><a href=\"\/fr-ca\/histoiresreelles\/\" type=\"button\"><br \/>\n<button class=\"btn btn-primary btn-lg\">Lisez les histoires &gt;<\/button><br \/>\n<\/a><\/p>\n<\/div>\n<p> <\/body><br \/>\n&nbsp;<\/p>\n","protected":false},"excerpt":{"rendered":"<p>&nbsp; R\u00e9aliser ses r\u00eaves de devenir propri\u00e9taire Home Trust prend le temps d\u2019examiner les faits et d\u2019offrir des solutions hypoth\u00e9caires financi\u00e8rement solides adapt\u00e9es aux circonstances de chaque [&hellip;]<\/p>\n","protected":false},"author":18,"featured_media":0,"parent":0,"menu_order":0,"comment_status":"closed","ping_status":"closed","template":"real-story-landing.php","meta":[],"yoast_head":"<!-- This site is optimized with the Yoast SEO Premium plugin v16.6 (Yoast SEO v16.6.1) - https:\/\/yoast.com\/wordpress\/plugins\/seo\/ -->\r\n<title>Histoires r\u00e9elles - page daccueil - Home Trust<\/title>\r\n<meta name=\"robots\" content=\"index, follow, max-snippet:-1, max-image-preview:large, max-video-preview:-1\" \/>\r\n<link rel=\"canonical\" href=\"https:\/\/www.hometrust.ca\/histoires-reelles-page-daccueil\/\" \/>\r\n<meta property=\"og:locale\" content=\"en_US\" \/>\r\n<meta property=\"og:type\" content=\"article\" \/>\r\n<meta property=\"og:title\" content=\"Histoires r\u00e9elles - page daccueil\" \/>\r\n<meta property=\"og:description\" content=\"&nbsp; R\u00e9aliser ses r\u00eaves de devenir propri\u00e9taire Home Trust prend le temps d\u2019examiner les faits et d\u2019offrir des solutions hypoth\u00e9caires financi\u00e8rement solides adapt\u00e9es aux circonstances de chaque [&hellip;]\" \/>\r\n<meta property=\"og:url\" content=\"https:\/\/www.hometrust.ca\/fr-ca\/histoires-reelles-page-daccueil\/\" \/>\r\n<meta property=\"og:site_name\" content=\"Home Trust\" \/>\r\n<meta property=\"article:modified_time\" content=\"2020-05-01T14:30:53+00:00\" \/>\r\n<meta name=\"twitter:card\" content=\"summary_large_image\" \/>\r\n<script type=\"application\/ld+json\" class=\"yoast-schema-graph\">{\"@context\":\"https:\/\/schema.org\",\"@graph\":[{\"@type\":\"WebSite\",\"@id\":\"https:\/\/hometrust.ca\/#website\",\"url\":\"https:\/\/hometrust.ca\/\",\"name\":\"Home Trust\",\"description\":\"\",\"potentialAction\":[{\"@type\":\"SearchAction\",\"target\":{\"@type\":\"EntryPoint\",\"urlTemplate\":\"https:\/\/hometrust.ca\/?s={search_term_string}\"},\"query-input\":\"required name=search_term_string\"}],\"inLanguage\":\"en-US\"},{\"@type\":\"WebPage\",\"@id\":\"https:\/\/www.hometrust.ca\/fr-ca\/histoires-reelles-page-daccueil\/#webpage\",\"url\":\"https:\/\/www.hometrust.ca\/fr-ca\/histoires-reelles-page-daccueil\/\",\"name\":\"Histoires r\\u00e9elles - page daccueil - Home Trust\",\"isPartOf\":{\"@id\":\"https:\/\/hometrust.ca\/#website\"},\"datePublished\":\"2020-05-01T13:45:08+00:00\",\"dateModified\":\"2020-05-01T14:30:53+00:00\",\"breadcrumb\":{\"@id\":\"https:\/\/www.hometrust.ca\/fr-ca\/histoires-reelles-page-daccueil\/#breadcrumb\"},\"inLanguage\":\"en-US\",\"potentialAction\":[{\"@type\":\"ReadAction\",\"target\":[\"https:\/\/www.hometrust.ca\/fr-ca\/histoires-reelles-page-daccueil\/\"]}]},{\"@type\":\"BreadcrumbList\",\"@id\":\"https:\/\/www.hometrust.ca\/fr-ca\/histoires-reelles-page-daccueil\/#breadcrumb\",\"itemListElement\":[{\"@type\":\"ListItem\",\"position\":1,\"name\":\"Home\",\"item\":\"https:\/\/www.hometrust.ca\/\"},{\"@type\":\"ListItem\",\"position\":2,\"name\":\"Histoires r\\u00e9elles &#8211; page daccueil\"}]}]}<\/script>\r\n<!-- \/ Yoast SEO Premium plugin. -->","_links":{"self":[{"href":"https:\/\/www.hometrust.ca\/fr-ca\/wp-json\/wp\/v2\/pages\/5553\/"}],"collection":[{"href":"https:\/\/www.hometrust.ca\/fr-ca\/wp-json\/wp\/v2\/pages\/"}],"about":[{"href":"https:\/\/www.hometrust.ca\/fr-ca\/wp-json\/wp\/v2\/types\/page\/"}],"author":[{"embeddable":true,"href":"https:\/\/www.hometrust.ca\/fr-ca\/wp-json\/wp\/v2\/users\/18\/"}],"replies":[{"embeddable":true,"href":"https:\/\/www.hometrust.ca\/fr-ca\/wp-json\/wp\/v2\/comments\/?post=5553"}],"version-history":[{"count":2,"href":"https:\/\/www.hometrust.ca\/fr-ca\/wp-json\/wp\/v2\/pages\/5553\/revisions\/"}],"predecessor-version":[{"id":5558,"href":"https:\/\/www.hometrust.ca\/fr-ca\/wp-json\/wp\/v2\/pages\/5553\/revisions\/5558\/"}],"wp:attachment":[{"href":"https:\/\/www.hometrust.ca\/fr-ca\/wp-json\/wp\/v2\/media\/?parent=5553"}],"curies":[{"name":"wp","href":"https:\/\/api.w.org\/{rel}","templated":true}]}}