{"id":7193,"date":"2021-05-19T15:22:09","date_gmt":"2021-05-19T15:22:09","guid":{"rendered":"https:\/\/www.hometrust.ca\/?page_id=7193"},"modified":"2025-08-27T21:17:40","modified_gmt":"2025-08-27T21:17:40","slug":"mortgage-brokers","status":"publish","type":"page","link":"https:\/\/www.hometrust.ca\/fr-ca\/business-partners\/mortgage-brokers\/","title":{"rendered":"Mortgage Brokers"},"content":{"rendered":"<p>[vc_row full_width=&#8221;stretch_row&#8221; css=&#8221;.vc_custom_1580156904252{padding-bottom: 50px !important;}&#8221;][vc_column css=&#8221;.vc_custom_1486646964506{padding-right: 90px !important;}&#8221;][vc_raw_html]JTNDc3R5bGUlM0UlMEEua2V5LWljb24tYm94Lmljb24tZGVmYXVsdC5pY29uLXRvcCUyMGklMkMlMjAua2V5LWljb24tYm94Lmljb24tZGVmYXVsdC5pY29uLXRvcCUyMC5uYy1pY29uLW91dGxpbmUlMkMlMjAua2V5LWljb24tYm94Lmljb24tZGVmYXVsdC5pY29uLXRvcCUyMC50dC1pY29uYm94LWN1c3RvbWltZyUyMCU3QiUwQSUyMCUyMCUyMCUyMHdpZHRoJTNBJTIwMTAwJTI1JTNCJTBBJTIwJTIwJTIwJTIwbWluLWhlaWdodCUzQSUyMDcycHglM0IlMEElMjAlMjAlMjAlMjBkaXNwbGF5JTNBJTIwZmxleCUzQiUwQSUyMCUyMCUyMCUyMGFsaWduLWl0ZW1zJTNBJTIwY2VudGVyJTNCJTBBJTIwJTIwJTIwJTIwanVzdGlmeS1jb250ZW50JTNBJTIwY2VudGVyJTNCJTBBJTdEJTBBLm1vcnRnYWdlX2Jyb2tlcnNfc2xpZGluZ19ib3glMjAlN0IlMEElMjAlMjAlMjAlMjBwYWRkaW5nLXJpZ2h0JTNBJTIwMTBweCUzQiUwQSU3RCUwQSUzQyUyRnN0eWxlJTNF[\/vc_raw_html]<header class=\"kd-section-title col-lg-8 vc_col-sm-8 text-center     vc_custom_1619694951095\" ><h2 class=\"separator_off\" style=\"color: #0b2f54;\">Pourquoi s\u2019associer \u00e0 Home Trust?<\/h2><h6 class=\"subtitle \" >Home Trust collabore avec un groupe exclusif de courtiers hypoth\u00e9caires pour fournir des pr\u00eats hypoth\u00e9caires Classique et Acc\u00e9l\u00e9rateur. Nous nous diff\u00e9rencions de nos concurrents en offrant des solutions de pr\u00eat sens\u00e9es pour :<\/h6><\/header>[vc_row_inner][vc_column_inner width=&#8221;1\/4&#8243;]<div class=\"key-icon-box icon-default icon-top cont-center    mortgage_brokers_small_icon_box\" style=\"background-color: transparent; \" ><div class=\"tt-iconbox-customimg img_small_size\"><img width=\"91\" height=\"80\" src=\"\/wp-content\/uploads\/2021\/04\/mortgage_broker_icon_9.png\" class=\"attachment-full\" alt=\"\" loading=\"lazy\" \/><\/div><p style=\"color: #004677;\"><strong>les travailleurs autonomes et les travailleurs \u00e0 revenus de commissions<\/strong><\/p><\/div>[\/vc_column_inner][vc_column_inner width=&#8221;1\/4&#8243;]<div class=\"key-icon-box icon-default icon-top cont-center    mortgage_brokers_small_icon_box\" style=\"background-color: transparent; \" ><div class=\"tt-iconbox-customimg img_small_size\"><img width=\"84\" height=\"84\" src=\"\/wp-content\/uploads\/2021\/04\/mortgage_broker_icon_2.png\" class=\"attachment-full\" alt=\"\" loading=\"lazy\" \/><\/div><p style=\"color: #004677;\"><strong>les clients avec une cote de solvabilit\u00e9 compromise ou un historique de cr\u00e9dit limit\u00e9<\/strong><\/p><\/div>[\/vc_column_inner][vc_column_inner width=&#8221;1\/4&#8243;]<div class=\"key-icon-box icon-default icon-top cont-center    mortgage_brokers_small_icon_box\" style=\"background-color: transparent; \" ><div class=\"tt-iconbox-customimg img_small_size\"><img width=\"123\" height=\"80\" src=\"\/wp-content\/uploads\/2021\/04\/mortgage_broker_icon_3.png.png\" class=\"attachment-full\" alt=\"\" loading=\"lazy\" \/><\/div><p style=\"color: #004677;\"><strong>les propri\u00e9t\u00e9s urbaines et de banlieue de grande valeur<\/strong><\/p><\/div>[\/vc_column_inner][vc_column_inner width=&#8221;1\/4&#8243;]<div class=\"key-icon-box icon-default icon-top cont-center    mortgage_brokers_small_icon_box\" style=\"background-color: transparent; \" ><div class=\"tt-iconbox-customimg img_small_size\"><img width=\"89\" height=\"72\" src=\"\/wp-content\/uploads\/2021\/04\/mortgage_broker_icon_4.png.png\" class=\"attachment-full\" alt=\"\" loading=\"lazy\" \/><\/div><p style=\"color: #004677;\"><strong>les condominiums<\/strong><\/p><\/div>[\/vc_column_inner][\/vc_row_inner][vc_row_inner css=&#8221;.vc_custom_1507473687462{margin-top: 40px !important;}&#8221;][vc_column_inner width=&#8221;1\/4&#8243;]<div class=\"key-icon-box icon-default icon-top cont-center    mortgage_brokers_small_icon_box\" style=\"background-color: transparent; \" ><div class=\"tt-iconbox-customimg img_small_size\"><img width=\"87\" height=\"90\" src=\"\/wp-content\/uploads\/2021\/04\/mortgage_broker_icon_5.png.png\" class=\"attachment-full\" alt=\"\" loading=\"lazy\" \/><\/div><p style=\"color: #004677;\"><strong>les immeubles locatifs<\/strong><\/p><\/div>[\/vc_column_inner][vc_column_inner width=&#8221;1\/4&#8243;]<div class=\"key-icon-box icon-default icon-top cont-center    mortgage_brokers_small_icon_box\" style=\"background-color: transparent; \" ><div class=\"tt-iconbox-customimg img_small_size\"><img width=\"85\" height=\"93\" src=\"\/wp-content\/uploads\/2021\/04\/mortgage_broker_icon_6.png.png\" class=\"attachment-full\" alt=\"\" loading=\"lazy\" \/><\/div><p style=\"color: #004677;\"><strong>les clients nouvellement arriv\u00e9s au Canada<\/strong><\/p><\/div>[\/vc_column_inner][\/vc_row_inner][\/vc_column][\/vc_row][vc_row full_width=&#8221;stretch_row&#8221; css=&#8221;.vc_custom_1618863245755{margin-bottom: 20px !important;padding-top: 100px !important;padding-bottom: 100px !important;background-color: #00a9ce !important;}&#8221;][vc_column width=&#8221;1\/3&#8243;][vc_raw_html]JTNDaDMlMjBzdHlsZSUzRCUyMmNvbG9yJTNBJTIwJTIzRkZGRkZGJTNCJTIyJTNFVm91cyUyMCVDMyVBQXRlcyUyMHByJUMzJUFBdCUyMCVDMyVBMCUyMGNvbGxhYm9yZXIlMjBhdmVjJTIwSG9tZSUyMFRydXN0JTNGJTNDJTJGaDMlM0UlMEElM0NwJTIwc3R5bGUlM0QlMjJjb2xvciUzQSUyMCUyM0ZGRkZGRiUzQiUyMiUzRU5vdXMlMjBzb21tZXMlMjBsJUMzJUEwJTIwcG91ciUyMHZvdXMlMjBhaWRlciUyMCVDMyVBMCUyMHRyb3V2ZXIlMjBsYSUyMGJvbm5lJTIwc29sdXRpb24lMjBwb3VyJTIwdm9zJTIwY2xpZW50cy4lM0MlMkZwJTNF[\/vc_raw_html][\/vc_column][vc_column width=&#8221;1\/3&#8243;][vc_row_inner gap=&#8221;15&#8243;][vc_column_inner css=&#8221;.vc_custom_1618575327691{background-color: #ffb549 !important;}&#8221;][vc_raw_html]JTNDZGl2JTIwc3R5bGUlM0QlMjJwYWRkaW5nJTNBJTIwMjBweCUyMDEwcHglM0IlMjIlM0UlMEElM0NwJTIwc3R5bGUlM0QlMjJmb250LXdlaWdodCUzQSUyMGJvbGQlM0IlMjBjb2xvciUzQSUyMCUyM0ZGRkZGRiUzQiUyMiUzRVYlQzMlQTlyaWZpZXolMjBzaSUyMHZvdXMlMjAlQzMlQUF0ZXMlMjBhZG1pc3NpYmxlJTIwJUMzJUEwJTIwZGV2ZW5pciUyMGNvdXJ0aWVyJTIwSG9tZSUyMFRydXN0JTNDJTJGcCUzRSUwQSUzQ3AlMjBzdHlsZSUzRCUyMmZvbnQtd2VpZ2h0JTNBJTIwYm9sZCUzQiUyMGNvbG9yJTNBJTIwJTIzMDA0Njc3JTNCJTIwbWFyZ2luLWJvdHRvbSUzQSUyMDAlM0IlMjIlM0UlM0NhJTIwaHJlZiUzRCUyMmh0dHBzJTNBJTJGJTJGaG9tZXRydXN0LmZvcm1zdGFjay5jb20lMkZmb3JtcyUyRndlbGNvbWVfbW9ydGdhZ2VfYnJva2Vyc19mciUyMiUzRUNsaXF1ZXolMjBpY2klMjAlMjZndCUzQiUzQyUyRmElM0UlM0MlMkZwJTNFJTBBJTNDJTJGZGl2JTNF[\/vc_raw_html][\/vc_column_inner][\/vc_row_inner][\/vc_column][vc_column width=&#8221;1\/3&#8243;][vc_row_inner gap=&#8221;15&#8243;][vc_column_inner css=&#8221;.vc_custom_1618575327691{background-color: #ffb549 !important;}&#8221;][vc_raw_html]JTNDZGl2JTIwc3R5bGUlM0QlMjJwYWRkaW5nJTNBJTIwMjBweCUyMDEwcHglM0JtaW4taGVpZ2h0JTNBMTM1cHglMjIlM0UlMEElM0NwJTIwc3R5bGUlM0QlMjJmb250LXdlaWdodCUzQSUyMGJvbGQlM0IlMjBjb2xvciUzQSUyMCUyM0ZGRkZGRiUzQiUyMiUzRSVDMyU4QXRlcy12b3VzJTIwdW4lMjBjb3VydGllciUyMGRlJTIwSG9tZSUyMFRydXN0JTNGJTNDJTJGcCUzRSUwQSUzQ3AlMjBzdHlsZSUzRCUyMmZvbnQtd2VpZ2h0JTNBJTIwYm9sZCUzQiUyMGNvbG9yJTNBJTIwJTIzMDA0Njc3JTNCJTIwbWFyZ2luLWJvdHRvbSUzQSUyMDAlM0IlMjIlM0UlM0NhJTIwaHJlZiUzRCUyMmh0dHBzJTNBJTJGJTJGd3d3LmhvbWV0cnVzdC5jYSUyRmZyLWNhJTJGYnJva2VybG9naW4lMkYlMjIlM0VPdXZyZXolMjB1bmUlMjBzZXNzaW9uJTIwZGFucyUyMGxlJTIwcG9ydGFpbCUyMGRlcyUyMGNvdXJ0aWVycyUyMCUyNmd0JTNCJTNDJTJGYSUzRSUzQyUyRnAlM0UlMEElM0MlMkZkaXYlM0U=[\/vc_raw_html][\/vc_column_inner][\/vc_row_inner][\/vc_column][\/vc_row][vc_row full_width=&#8221;stretch_row&#8221; css=&#8221;.vc_custom_1604282414206{padding-bottom: 100px !important;background-position: center !important;background-repeat: no-repeat !important;background-size: cover !important;}&#8221;][vc_column css=&#8221;.vc_custom_1516029443670{padding-right: 0px !important;padding-left: 0px !important;}&#8221;]<header class=\"kd-section-title col-lg-8 vc_col-sm-8 text-center solid-line sep-border-width-2     vc_custom_1619707731257\" ><h2 class=\"separator_on\" >Donnez la bonne solution hypoth\u00e9caire \u00e0 vos clients<\/h2><div class=\"kd-separator below_title\" ><div class=\"kd-separator-line\" style=\"border-color:#ffffff\"><\/div><\/div><h6 class=\"subtitle \" >Nous sommes fiers de r\u00e9aliser les r\u00eaves d\u2019accession \u00e0 la propri\u00e9t\u00e9. Home Trust offre notamment des options pour ceux qui doivent surmonter des obstacles ant\u00e9rieurs li\u00e9s au cr\u00e9dit, les travailleurs autonomes ou les nouveaux arrivants au Canada.<\/h6><\/header>\n            <div class=\"sliding_box_parent row kd-slidingbox-69d5ea7317ea8 \"><div class=\"sliding_box_child  mortgage_brokers_sliding_box\">\n                <div class=\"sb-image\"><img width=\"230\" height=\"222\" src=\"\/wp-content\/uploads\/2021\/05\/Group-323.png\" class=\"attachment-full\" alt=\"\" loading=\"lazy\" \/><\/div>\n                <div class=\"sb_content_wrapper\" ><p style=\"color: #000000;\">Nous offrons des tarifs concurrentiels aux clients avis\u00e9s financi\u00e8rement qui ont de solides ant\u00e9c\u00e9dents de cr\u00e9dit, y compris ceux qui doivent financer leur premi\u00e8re maison ou un immeuble locatif, ou qui doivent subroger\/transf\u00e9rer leur pr\u00eat hypoth\u00e9caire actuel.<\/p><\/div>\n            <\/div><div class=\"sliding_box_child  mortgage_brokers_sliding_box\">\n                <div class=\"sb-image\"><img width=\"368\" height=\"278\" src=\"\/wp-content\/uploads\/2021\/05\/Group-324.png\" class=\"attachment-full\" alt=\"\" loading=\"lazy\" srcset=\"\/wp-content\/uploads\/2021\/05\/Group-324.png 368w, \/wp-content\/uploads\/2021\/05\/Group-324-300x227.png 300w\" sizes=\"(max-width: 368px) 100vw, 368px\" \/><\/div>\n                <div class=\"sb_content_wrapper\" ><p style=\"color: #000000;\">Nous comprenons les histoires de clients nouvellement arriv\u00e9s au Canada qui ont de bonnes perspectives d\u2019emploi ou qui se remettent d\u2019un \u00e9v\u00e9nement perturbateur ayant affect\u00e9 leur cote de cr\u00e9dit. Notre \u00e9quipe des ventes et nos souscripteurs sont pr\u00eats \u00e0 fournir les bonnes solutions.<\/p><\/div>\n            <\/div><div class=\"sliding_box_child active-elem mortgage_brokers_sliding_box\">\n                <div class=\"sb-image\"><img width=\"260\" height=\"222\" src=\"\/wp-content\/uploads\/2021\/05\/Group-325.png\" class=\"attachment-full\" alt=\"\" loading=\"lazy\" \/><\/div>\n                <div class=\"sb_content_wrapper\" ><p style=\"color: #000000;\">Nous offrons des solutions pour les entreprises individuelles, les partenariats et les soci\u00e9t\u00e9s. Des contrats, des factures et des relev\u00e9s bancaires peuvent \u00eatre soumis comme documentation prouvant les revenus.<\/p><\/div>\n            <\/div><\/div><script type=\"text\/javascript\">\n              jQuery(document).ready(function($){\n                if ($(\".sliding_box_parent.kd-slidingbox-69d5ea7317ea8\").length) {\n                  $(\".kd-slidingbox-69d5ea7317ea8 .sliding_box_child\").on(\"mouseenter\", function() {\n                    $(\".kd-slidingbox-69d5ea7317ea8 .sliding_box_child\").removeClass(\"active-elem\");\n                    $(this).addClass(\"active-elem\");\n                  });\n                }\n              });\n            <\/script>[\/vc_column][\/vc_row][vc_row][vc_column][vc_raw_js]JTNDc2NyaXB0JTIwdHlwZSUzRCUyMnRleHQlMkZqYXZhc2NyaXB0JTIyJTNFJTBBalF1ZXJ5JTI4ZG9jdW1lbnQlMjkucmVhZHklMjhmdW5jdGlvbiUyOCUyOSUyMCU3QiUwQSUyMCUyMCUyMCUyMCUyNCUyOCUyMiUyM3NlbGVjdENsaWVudCUyMiUyOS5jaGFuZ2UlMjhmdW5jdGlvbiUyOCUyOSU3QiUwQSUyMCUyMCUyMCUyMCUyMCUyMCUyMCUyMCUyNCUyOHRoaXMlMjkuZmluZCUyOCUyMm9wdGlvbiUzQXNlbGVjdGVkJTIyJTI5LmVhY2glMjhmdW5jdGlvbiUyOCUyOSU3QiUwQSUyMCUyMCUyMCUyMCUyMCUyMCUyMCUyMCUyMCUyMCUyMCUyMHZhciUyMG9wdGlvblZhbHVlJTIwJTNEJTIwJTI0JTI4dGhpcyUyOS5hdHRyJTI4JTIydmFsdWUlMjIlMjklM0IlMEElMjAlMjAlMjAlMjAlMjAlMjAlMjAlMjAlMjAlMjAlMjAlMjBpZiUyOG9wdGlvblZhbHVlJTI5JTdCJTBBJTIwJTIwJTIwJTIwJTIwJTIwJTIwJTIwJTIwJTIwJTIwJTIwJTIwJTIwJTIwJTIwJTI0JTI4JTIyLnNlbGVjdGlvbl9ib3glMjIlMjkubm90JTI4JTIyLiUyMiUyMCUyQiUyMG9wdGlvblZhbHVlJTI5LmhpZGUlMjglMjklM0IlMEElMjAlMjAlMjAlMjAlMjAlMjAlMjAlMjAlMjAlMjAlMjAlMjAlMjAlMjAlMjAlMjAlMjQlMjglMjIuJTIyJTIwJTJCJTIwb3B0aW9uVmFsdWUlMjkuc2hvdyUyOCUyOSUzQiUwQSUyMCUyMCUyMCUyMCUyMCUyMCUyMCUyMCUyMCUyMCUyMCUyMCU3RCUyMGVsc2UlN0IlMEElMjAlMjAlMjAlMjAlMjAlMjAlMjAlMjAlMjAlMjAlMjAlMjAlMjAlMjAlMjAlMjAlMjQlMjglMjIuc2VsZWN0aW9uX2JveCUyMiUyOS5oaWRlJTI4JTI5JTNCJTBBJTIwJTIwJTIwJTIwJTIwJTIwJTIwJTIwJTIwJTIwJTIwJTIwJTdEJTBBJTIwJTIwJTIwJTIwJTIwJTIwJTIwJTIwJTdEJTI5JTNCJTBBJTIwJTIwJTIwJTIwJTdEJTI5LmNoYW5nZSUyOCUyOSUzQiUwQSU3RCUyOSUzQiUwQSUzQyUyRnNjcmlwdCUzRQ==[\/vc_raw_js][\/vc_column][\/vc_row]<\/p>\n","protected":false},"excerpt":{"rendered":"<p>[vc_row full_width=&#8221;stretch_row&#8221; css=&#8221;.vc_custom_1580156904252{padding-bottom: 50px !important;}&#8221;][vc_column css=&#8221;.vc_custom_1486646964506{padding-right: 90px !important;}&#8221;][vc_raw_html]JTNDc3R5bGUlM0UlMEEua2V5LWljb24tYm94Lmljb24tZGVmYXVsdC5pY29uLXRvcCUyMGklMkMlMjAua2V5LWljb24tYm94Lmljb24tZGVmYXVsdC5pY29uLXRvcCUyMC5uYy1pY29uLW91dGxpbmUlMkMlMjAua2V5LWljb24tYm94Lmljb24tZGVmYXVsdC5pY29uLXRvcCUyMC50dC1pY29uYm94LWN1c3RvbWltZyUyMCU3QiUwQSUyMCUyMCUyMCUyMHdpZHRoJTNBJTIwMTAwJTI1JTNCJTBBJTIwJTIwJTIwJTIwbWluLWhlaWdodCUzQSUyMDcycHglM0IlMEElMjAlMjAlMjAlMjBkaXNwbGF5JTNBJTIwZmxleCUzQiUwQSUyMCUyMCUyMCUyMGFsaWduLWl0ZW1zJTNBJTIwY2VudGVyJTNCJTBBJTIwJTIwJTIwJTIwanVzdGlmeS1jb250ZW50JTNBJTIwY2VudGVyJTNCJTBBJTdEJTBBLm1vcnRnYWdlX2Jyb2tlcnNfc2xpZGluZ19ib3glMjAlN0IlMEElMjAlMjAlMjAlMjBwYWRkaW5nLXJpZ2h0JTNBJTIwMTBweCUzQiUwQSU3RCUwQSUzQyUyRnN0eWxlJTNF[\/vc_raw_html][vc_row_inner][vc_column_inner width=&#8221;1\/4&#8243;][\/vc_column_inner][vc_column_inner width=&#8221;1\/4&#8243;][\/vc_column_inner][vc_column_inner width=&#8221;1\/4&#8243;][\/vc_column_inner][vc_column_inner width=&#8221;1\/4&#8243;][\/vc_column_inner][\/vc_row_inner][vc_row_inner css=&#8221;.vc_custom_1507473687462{margin-top: 40px !important;}&#8221;][vc_column_inner width=&#8221;1\/4&#8243;][\/vc_column_inner][vc_column_inner width=&#8221;1\/4&#8243;][\/vc_column_inner][\/vc_row_inner][\/vc_column][\/vc_row][vc_row full_width=&#8221;stretch_row&#8221; css=&#8221;.vc_custom_1618863245755{margin-bottom: 20px !important;padding-top: 100px !important;padding-bottom: 100px !important;background-color: #00a9ce !important;}&#8221;][vc_column [&hellip;]<\/p>\n","protected":false},"author":23,"featured_media":0,"parent":3780,"menu_order":0,"comment_status":"closed","ping_status":"closed","template":"","meta":[],"yoast_head":"<!-- This site is optimized with the Yoast SEO Premium plugin v16.6 (Yoast SEO v16.6.1) - https:\/\/yoast.com\/wordpress\/plugins\/seo\/ -->\r\n<title>Mortgage Brokers - Home Trust<\/title>\r\n<meta name=\"robots\" content=\"index, follow, max-snippet:-1, max-image-preview:large, max-video-preview:-1\" \/>\r\n<link rel=\"canonical\" href=\"https:\/\/www.hometrust.ca\/business-partners\/mortgage-brokers\/\" \/>\r\n<meta property=\"og:locale\" content=\"en_US\" \/>\r\n<meta property=\"og:type\" content=\"article\" \/>\r\n<meta property=\"og:title\" content=\"Mortgage Brokers\" \/>\r\n<meta property=\"og:description\" content=\"[vc_row full_width=&#8221;stretch_row&#8221; css=&#8221;.vc_custom_1580156904252{padding-bottom: 50px !important;}&#8221;][vc_column css=&#8221;.vc_custom_1486646964506{padding-right: 90px !important;}&#8221;][vc_raw_html]JTNDc3R5bGUlM0UlMEEua2V5LWljb24tYm94Lmljb24tZGVmYXVsdC5pY29uLXRvcCUyMGklMkMlMjAua2V5LWljb24tYm94Lmljb24tZGVmYXVsdC5pY29uLXRvcCUyMC5uYy1pY29uLW91dGxpbmUlMkMlMjAua2V5LWljb24tYm94Lmljb24tZGVmYXVsdC5pY29uLXRvcCUyMC50dC1pY29uYm94LWN1c3RvbWltZyUyMCU3QiUwQSUyMCUyMCUyMCUyMHdpZHRoJTNBJTIwMTAwJTI1JTNCJTBBJTIwJTIwJTIwJTIwbWluLWhlaWdodCUzQSUyMDcycHglM0IlMEElMjAlMjAlMjAlMjBkaXNwbGF5JTNBJTIwZmxleCUzQiUwQSUyMCUyMCUyMCUyMGFsaWduLWl0ZW1zJTNBJTIwY2VudGVyJTNCJTBBJTIwJTIwJTIwJTIwanVzdGlmeS1jb250ZW50JTNBJTIwY2VudGVyJTNCJTBBJTdEJTBBLm1vcnRnYWdlX2Jyb2tlcnNfc2xpZGluZ19ib3glMjAlN0IlMEElMjAlMjAlMjAlMjBwYWRkaW5nLXJpZ2h0JTNBJTIwMTBweCUzQiUwQSU3RCUwQSUzQyUyRnN0eWxlJTNF[\/vc_raw_html][vc_row_inner][vc_column_inner width=&#8221;1\/4&#8243;][\/vc_column_inner][vc_column_inner width=&#8221;1\/4&#8243;][\/vc_column_inner][vc_column_inner width=&#8221;1\/4&#8243;][\/vc_column_inner][vc_column_inner width=&#8221;1\/4&#8243;][\/vc_column_inner][\/vc_row_inner][vc_row_inner css=&#8221;.vc_custom_1507473687462{margin-top: 40px !important;}&#8221;][vc_column_inner width=&#8221;1\/4&#8243;][\/vc_column_inner][vc_column_inner width=&#8221;1\/4&#8243;][\/vc_column_inner][\/vc_row_inner][\/vc_column][\/vc_row][vc_row full_width=&#8221;stretch_row&#8221; css=&#8221;.vc_custom_1618863245755{margin-bottom: 20px !important;padding-top: 100px !important;padding-bottom: 100px !important;background-color: #00a9ce !important;}&#8221;][vc_column [&hellip;]\" \/>\r\n<meta property=\"og:url\" content=\"https:\/\/www.hometrust.ca\/fr-ca\/business-partners\/mortgage-brokers\/\" \/>\r\n<meta property=\"og:site_name\" content=\"Home Trust\" \/>\r\n<meta property=\"article:modified_time\" content=\"2025-08-27T21:17:40+00:00\" \/>\r\n<meta name=\"twitter:card\" content=\"summary_large_image\" \/>\r\n<meta name=\"twitter:label1\" content=\"Est. reading time\" \/>\n\t<meta name=\"twitter:data1\" content=\"7 minutes\" \/>\r\n<script type=\"application\/ld+json\" class=\"yoast-schema-graph\">{\"@context\":\"https:\/\/schema.org\",\"@graph\":[{\"@type\":\"WebSite\",\"@id\":\"https:\/\/hometrust.ca\/#website\",\"url\":\"https:\/\/hometrust.ca\/\",\"name\":\"Home Trust\",\"description\":\"\",\"potentialAction\":[{\"@type\":\"SearchAction\",\"target\":{\"@type\":\"EntryPoint\",\"urlTemplate\":\"https:\/\/hometrust.ca\/?s={search_term_string}\"},\"query-input\":\"required name=search_term_string\"}],\"inLanguage\":\"en-US\"},{\"@type\":\"WebPage\",\"@id\":\"https:\/\/www.hometrust.ca\/fr-ca\/business-partners\/mortgage-brokers\/#webpage\",\"url\":\"https:\/\/www.hometrust.ca\/fr-ca\/business-partners\/mortgage-brokers\/\",\"name\":\"Mortgage Brokers - Home Trust\",\"isPartOf\":{\"@id\":\"https:\/\/hometrust.ca\/#website\"},\"datePublished\":\"2021-05-19T15:22:09+00:00\",\"dateModified\":\"2025-08-27T21:17:40+00:00\",\"breadcrumb\":{\"@id\":\"https:\/\/www.hometrust.ca\/fr-ca\/business-partners\/mortgage-brokers\/#breadcrumb\"},\"inLanguage\":\"en-US\",\"potentialAction\":[{\"@type\":\"ReadAction\",\"target\":[\"https:\/\/www.hometrust.ca\/fr-ca\/business-partners\/mortgage-brokers\/\"]}]},{\"@type\":\"BreadcrumbList\",\"@id\":\"https:\/\/www.hometrust.ca\/fr-ca\/business-partners\/mortgage-brokers\/#breadcrumb\",\"itemListElement\":[{\"@type\":\"ListItem\",\"position\":1,\"name\":\"Home\",\"item\":\"https:\/\/www.hometrust.ca\/\"},{\"@type\":\"ListItem\",\"position\":2,\"name\":\"Partenaire commercial\",\"item\":\"https:\/\/www.hometrust.ca\/fr-ca\/business-partners\/\"},{\"@type\":\"ListItem\",\"position\":3,\"name\":\"Mortgage Brokers\"}]}]}<\/script>\r\n<!-- \/ Yoast SEO Premium plugin. -->","_links":{"self":[{"href":"https:\/\/www.hometrust.ca\/fr-ca\/wp-json\/wp\/v2\/pages\/7193\/"}],"collection":[{"href":"https:\/\/www.hometrust.ca\/fr-ca\/wp-json\/wp\/v2\/pages\/"}],"about":[{"href":"https:\/\/www.hometrust.ca\/fr-ca\/wp-json\/wp\/v2\/types\/page\/"}],"author":[{"embeddable":true,"href":"https:\/\/www.hometrust.ca\/fr-ca\/wp-json\/wp\/v2\/users\/23\/"}],"replies":[{"embeddable":true,"href":"https:\/\/www.hometrust.ca\/fr-ca\/wp-json\/wp\/v2\/comments\/?post=7193"}],"version-history":[{"count":5,"href":"https:\/\/www.hometrust.ca\/fr-ca\/wp-json\/wp\/v2\/pages\/7193\/revisions\/"}],"predecessor-version":[{"id":11712,"href":"https:\/\/www.hometrust.ca\/fr-ca\/wp-json\/wp\/v2\/pages\/7193\/revisions\/11712\/"}],"up":[{"embeddable":true,"href":"https:\/\/www.hometrust.ca\/fr-ca\/wp-json\/wp\/v2\/pages\/3780\/"}],"wp:attachment":[{"href":"https:\/\/www.hometrust.ca\/fr-ca\/wp-json\/wp\/v2\/media\/?parent=7193"}],"curies":[{"name":"wp","href":"https:\/\/api.w.org\/{rel}","templated":true}]}}