{"id":7743,"date":"2021-09-13T16:00:29","date_gmt":"2021-09-13T16:00:29","guid":{"rendered":"https:\/\/www.hometrust.ca\/?page_id=7743"},"modified":"2021-09-13T16:09:59","modified_gmt":"2021-09-13T16:09:59","slug":"assurance-hypothecaire","status":"publish","type":"page","link":"https:\/\/www.hometrust.ca\/fr-ca\/mortgages\/assurance-hypothecaire\/","title":{"rendered":"Assurance hypoth\u00e9caire"},"content":{"rendered":"<p>[vc_row][vc_column][vc_column_text]<\/p>\n<h2>Aidez \u00e0 prot\u00e9ger votre maison et votre hypoth\u00e8que avec une assurance<\/h2>\n<p>En prenant la d\u00e9cision passionnante d\u2019acheter une maison, vous aurez probablement beaucoup de <a href=\"https:\/\/www.hometrust.ca\/fr-ca\/foire-aux-questions\/\">questions<\/a>, y compris sur les diff\u00e9rents types d\u2019assurance requis ou mis \u00e0 votre disposition, comme l\u2019assurance-pr\u00eat hypoth\u00e9caire, qui peut vous aider \u00e0 acheter une propri\u00e9t\u00e9 plus t\u00f4t; l\u2019assurance titres, qui prot\u00e8ge contre les litiges en mati\u00e8re de propri\u00e9t\u00e9; et l\u2019assurance vie et invalidit\u00e9, qui prot\u00e8ge votre investissement en cas d\u2019impr\u00e9vu.<\/p>\n<h3><span style=\"color: #00a9ce;\">Assurance-pr\u00eat hypoth\u00e9caire<\/span><\/h3>\n<p>L\u2019assurance-pr\u00eat hypoth\u00e9caire, commun\u00e9ment appel\u00e9e \u00ab\u00a0assurance hypoth\u00e9caire\u00a0\u00bb, est une police qui prot\u00e8ge le pr\u00eateur si l\u2019emprunteur n\u2019est pas en mesure d\u2019effectuer des paiements sur le pr\u00eat. Elle aide les Canadiens \u00e0 acheter une propri\u00e9t\u00e9 plus t\u00f4t et avec une mise de fonds initiale moins \u00e9lev\u00e9e. En fait, les emprunteurs qualifi\u00e9s peuvent acheter une maison avec aussi peu que 5\u00a0% de mise de fonds.<\/p>\n<p>Au Canada, l\u2019assurance hypoth\u00e9caire est requise au f\u00e9d\u00e9ral sur les pr\u00eats hypoth\u00e9caires \u00e0 ratio \u00e9lev\u00e9, c\u2019est-\u00e0-dire les pr\u00eats hypoth\u00e9caires avec une mise de fonds initiale de moins de 20\u00a0%. Cette assurance, qui prot\u00e8ge le pr\u00eateur et l\u2019investisseur, et non le propri\u00e9taire en cas de d\u00e9faut de l\u2019emprunteur, donne aux pr\u00eateurs la flexibilit\u00e9 d\u2019offrir aux emprunteurs dont la mise de fonds est peu \u00e9lev\u00e9e les m\u00eames faibles taux d\u2019int\u00e9r\u00eat qu\u2019ils offriraient aux acheteurs de maison avec une valeur nette plus \u00e9lev\u00e9e.<\/p>\n<p>L\u2019assurance hypoth\u00e9caire peut \u00e9galement aider l\u2019emprunteur au cas o\u00f9 il aurait besoin de sauter un paiement hypoth\u00e9caire en raison d\u2019une perte d\u2019emploi. Cela emp\u00eache l\u2019emprunteur de manquer \u00e0 ses obligations hypoth\u00e9caires en raison d\u2019un seul paiement en faute. Pour ceux qui ont un pr\u00eat hypoth\u00e9caire \u00e0 ratio \u00e9lev\u00e9, les emprunteurs peuvent acc\u00e9der \u00e0 d\u2019autres programmes offerts par les assureurs hypoth\u00e9caires pour leur permettre de garder leur maison.<\/p>\n<p><strong>Le co\u00fbt de l\u2019assurance hypoth\u00e9caire d\u00e9pend de deux facteurs\u00a0:<\/strong><\/p>\n<ol>\n<li>Le type de pr\u00eat hypoth\u00e9caire demand\u00e9.<\/li>\n<li>Le montant du versement initial.<\/li>\n<\/ol>\n<p>Le co\u00fbt d\u2019achat d\u2019une assurance hypoth\u00e9caire est connu sous le nom de \u00ab\u00a0prime\u00a0\u00bb. Les primes d\u2019assurance hypoth\u00e9caire sont bas\u00e9es sur le montant du pr\u00eat hypoth\u00e9caire et, bien qu\u2019elles puissent \u00eatre pay\u00e9es sous forme de montant forfaitaire \u00e0 la cl\u00f4ture par le client, elles sont normalement ajout\u00e9es au montant de l\u2019hypoth\u00e8que et incluses dans le paiement hypoth\u00e9caire mensuel.<\/p>\n<p>Tout pr\u00eat hypoth\u00e9caire de Home Trust assorti d\u2019un RPV (ratio pr\u00eat-valeur) de 80\u00a0% ou plus doit \u00eatre assur\u00e9. Cela permet \u00e0 Home Trust de faire des pr\u00eats avec un RPV de plus de 80\u00a0% avec moins de risques, car avec l\u2019assurance hypoth\u00e9caire, Home Trust recevra des paiements hypoth\u00e9caires m\u00eame si le client n\u2019arrive plus \u00e0 rembourser son pr\u00eat hypoth\u00e9caire.[\/vc_column_text][\/vc_column][\/vc_row][vc_row full_width=&#8221;stretch_row&#8221; css=&#8221;.vc_custom_1631138646806{margin-top: 15px !important;padding-top: 20px !important;padding-bottom: 20px !important;background-color: rgba(88,184,206,0.36) !important;*background-color: rgb(88,184,206) !important;}&#8221;][vc_column][vc_column_text]<\/p>\n<h3 class=\"Default\"><span style=\"font-weight: normal; font-family: Arial, sans-serif; color: #114775;\">Il existe trois principaux assureurs hypoth\u00e9caires :<\/span><\/h3>\n<p class=\"Default\" style=\"text-decoration: underline;\"><span style=\"color: #000000; text-decoration: underline;\"><a style=\"color: #000000; text-decoration: underline;\" href=\"https:\/\/www.cmhc-schl.gc.ca\/fr\/\" target=\"_blank\" rel=\"noopener\">Soci\u00e9t\u00e9 canadienne d\u2019hypoth\u00e8ques et de logement (SCHL)<\/a><\/span><br \/>\n<span style=\"color: #000000; text-decoration: underline;\"><a style=\"color: #000000; text-decoration: underline;\" href=\"https:\/\/www.sagen.ca\/fr\/\" target=\"_blank\" rel=\"noopener\">Sagen MI Canada Inc.<\/a><\/span><br \/>\n<span style=\"color: #000000; text-decoration: underline;\"><a style=\"color: #000000; text-decoration: underline;\" href=\"https:\/\/www.canadaguaranty.ca\/fr\/accueil\/\" target=\"_blank\" rel=\"noopener\">Soci\u00e9t\u00e9 Canada Guaranty (CGC)<\/a><\/span><\/p>\n<p>[\/vc_column_text][\/vc_column][\/vc_row][vc_row css=&#8221;.vc_custom_1581606484603{margin-top: 15px !important;}&#8221;][vc_column][vc_column_text]<\/p>\n<h3><span style=\"color: #00a9ce;\">Assurance titres<\/span><\/h3>\n<p>L\u2019assurance titres prot\u00e8ge les acheteurs de biens (assurance titres personnelle) et les pr\u00eateurs hypoth\u00e9caires (assurance titres pr\u00eateur) des d\u00e9fauts ou des probl\u00e8mes li\u00e9s \u00e0 un titre en cas de transfert de propri\u00e9t\u00e9. En cas de litige li\u00e9 au titre pendant le processus de vente, la compagnie d\u2019assurance titres pourrait devoir payer les dommages-int\u00e9r\u00eats juridiques sp\u00e9cifi\u00e9s, selon les conditions de la police.<\/p>\n<h3><span style=\"color: #00a9ce;\">Assurance-vie hypoth\u00e9caire et assurance invalidit\u00e9<\/span><\/h3>\n<p>Lorsque vous achetez une maison, il est naturel de vouloir prot\u00e9ger votre investissement en cas d\u2019impr\u00e9vu. L\u2019impr\u00e9vu peut \u00eatre un accident grave, une incapacit\u00e9 ou m\u00eame la mort.<\/p>\n<p>L\u2019assurance-vie hypoth\u00e9caire et l\u2019assurance invalidit\u00e9 vous offrent, ainsi qu\u2019\u00e0 votre famille, un filet de s\u00e9curit\u00e9. Elle vous permet de rembourser le solde impay\u00e9 de votre hypoth\u00e8que en cas de d\u00e9c\u00e8s ou de verser vos paiements mensuels en cas d\u2019invalidit\u00e9.<\/p>\n<h3 style=\"font-size: 16px;\">Apprenez-en davantage sur le <a href=\"\/fr-ca\/regime-securite\" target=\"_blank\" rel=\"noopener\"><u>R\u00e9gime S\u00e9curit\u00e9 cr\u00e9dit<sup>MC<\/sup> de Manuvie<\/u><\/a>.<\/h3>\n<p>[\/vc_column_text][vc_empty_space height=&#8221;52px&#8221;][\/vc_column][\/vc_row]<\/p>\n","protected":false},"excerpt":{"rendered":"<p>[vc_row][vc_column][vc_column_text] Aidez \u00e0 prot\u00e9ger votre maison et votre hypoth\u00e8que avec une assurance En prenant la d\u00e9cision passionnante d\u2019acheter une maison, vous aurez probablement beaucoup de questions, y [&hellip;]<\/p>\n","protected":false},"author":23,"featured_media":0,"parent":3502,"menu_order":0,"comment_status":"closed","ping_status":"closed","template":"","meta":[],"yoast_head":"<!-- This site is optimized with the Yoast SEO Premium plugin v16.6 (Yoast SEO v16.6.1) - https:\/\/yoast.com\/wordpress\/plugins\/seo\/ -->\r\n<title>Assurance hypoth\u00e9caire - Home Trust<\/title>\r\n<meta name=\"robots\" content=\"index, follow, max-snippet:-1, max-image-preview:large, max-video-preview:-1\" \/>\r\n<link rel=\"canonical\" href=\"https:\/\/www.hometrust.ca\/mortgages\/assurance-hypothecaire\/\" \/>\r\n<meta property=\"og:locale\" content=\"en_US\" \/>\r\n<meta property=\"og:type\" content=\"article\" \/>\r\n<meta property=\"og:title\" content=\"Assurance hypoth\u00e9caire\" \/>\r\n<meta property=\"og:description\" content=\"[vc_row][vc_column][vc_column_text] Aidez \u00e0 prot\u00e9ger votre maison et votre hypoth\u00e8que avec une assurance En prenant la d\u00e9cision passionnante d\u2019acheter une maison, vous aurez probablement beaucoup de questions, y [&hellip;]\" \/>\r\n<meta property=\"og:url\" content=\"https:\/\/www.hometrust.ca\/fr-ca\/mortgages\/assurance-hypothecaire\/\" \/>\r\n<meta property=\"og:site_name\" content=\"Home Trust\" \/>\r\n<meta property=\"article:modified_time\" content=\"2021-09-13T16:09:59+00:00\" \/>\r\n<meta name=\"twitter:card\" content=\"summary_large_image\" \/>\r\n<meta name=\"twitter:label1\" content=\"Est. reading time\" \/>\n\t<meta name=\"twitter:data1\" content=\"3 minutes\" \/>\r\n<script type=\"application\/ld+json\" class=\"yoast-schema-graph\">{\"@context\":\"https:\/\/schema.org\",\"@graph\":[{\"@type\":\"WebSite\",\"@id\":\"https:\/\/hometrust.ca\/#website\",\"url\":\"https:\/\/hometrust.ca\/\",\"name\":\"Home Trust\",\"description\":\"\",\"potentialAction\":[{\"@type\":\"SearchAction\",\"target\":{\"@type\":\"EntryPoint\",\"urlTemplate\":\"https:\/\/hometrust.ca\/?s={search_term_string}\"},\"query-input\":\"required name=search_term_string\"}],\"inLanguage\":\"en-US\"},{\"@type\":\"WebPage\",\"@id\":\"https:\/\/www.hometrust.ca\/fr-ca\/mortgages\/assurance-hypothecaire\/#webpage\",\"url\":\"https:\/\/www.hometrust.ca\/fr-ca\/mortgages\/assurance-hypothecaire\/\",\"name\":\"Assurance hypoth\\u00e9caire - Home Trust\",\"isPartOf\":{\"@id\":\"https:\/\/hometrust.ca\/#website\"},\"datePublished\":\"2021-09-13T16:00:29+00:00\",\"dateModified\":\"2021-09-13T16:09:59+00:00\",\"breadcrumb\":{\"@id\":\"https:\/\/www.hometrust.ca\/fr-ca\/mortgages\/assurance-hypothecaire\/#breadcrumb\"},\"inLanguage\":\"en-US\",\"potentialAction\":[{\"@type\":\"ReadAction\",\"target\":[\"https:\/\/www.hometrust.ca\/fr-ca\/mortgages\/assurance-hypothecaire\/\"]}]},{\"@type\":\"BreadcrumbList\",\"@id\":\"https:\/\/www.hometrust.ca\/fr-ca\/mortgages\/assurance-hypothecaire\/#breadcrumb\",\"itemListElement\":[{\"@type\":\"ListItem\",\"position\":1,\"name\":\"Home\",\"item\":\"https:\/\/www.hometrust.ca\/\"},{\"@type\":\"ListItem\",\"position\":2,\"name\":\"Pr\\u00eats hypoth\\u00e9caires\",\"item\":\"https:\/\/www.hometrust.ca\/fr-ca\/mortgages\/\"},{\"@type\":\"ListItem\",\"position\":3,\"name\":\"Assurance hypoth\\u00e9caire\"}]}]}<\/script>\r\n<!-- \/ Yoast SEO Premium plugin. -->","_links":{"self":[{"href":"https:\/\/www.hometrust.ca\/fr-ca\/wp-json\/wp\/v2\/pages\/7743\/"}],"collection":[{"href":"https:\/\/www.hometrust.ca\/fr-ca\/wp-json\/wp\/v2\/pages\/"}],"about":[{"href":"https:\/\/www.hometrust.ca\/fr-ca\/wp-json\/wp\/v2\/types\/page\/"}],"author":[{"embeddable":true,"href":"https:\/\/www.hometrust.ca\/fr-ca\/wp-json\/wp\/v2\/users\/23\/"}],"replies":[{"embeddable":true,"href":"https:\/\/www.hometrust.ca\/fr-ca\/wp-json\/wp\/v2\/comments\/?post=7743"}],"version-history":[{"count":4,"href":"https:\/\/www.hometrust.ca\/fr-ca\/wp-json\/wp\/v2\/pages\/7743\/revisions\/"}],"predecessor-version":[{"id":7754,"href":"https:\/\/www.hometrust.ca\/fr-ca\/wp-json\/wp\/v2\/pages\/7743\/revisions\/7754\/"}],"up":[{"embeddable":true,"href":"https:\/\/www.hometrust.ca\/fr-ca\/wp-json\/wp\/v2\/pages\/3502\/"}],"wp:attachment":[{"href":"https:\/\/www.hometrust.ca\/fr-ca\/wp-json\/wp\/v2\/media\/?parent=7743"}],"curies":[{"name":"wp","href":"https:\/\/api.w.org\/{rel}","templated":true}]}}