{"id":7750,"date":"2021-09-13T16:06:41","date_gmt":"2021-09-13T16:06:41","guid":{"rendered":"https:\/\/www.hometrust.ca\/?page_id=7750"},"modified":"2021-09-13T16:06:41","modified_gmt":"2021-09-13T16:06:41","slug":"regime-securite","status":"publish","type":"page","link":"https:\/\/www.hometrust.ca\/fr-ca\/regime-securite\/","title":{"rendered":"R\u00e9gime S\u00e9curit\u00e9 cr\u00e9dit de Manuvie"},"content":{"rendered":"<p>[vc_row][vc_column][vc_column_text]Les emprunteurs admissibles* de Home Trust peuvent souscrire une assurance-vie et invalidit\u00e9 hypoth\u00e9caire facultative par l\u2019entremise du R\u00e9gime S\u00e9curit\u00e9 cr\u00e9dit<sup>MC<\/sup> (RSC), souscrit par la Manufacturers Life Insurance Company (Manuvie). Le RSC peut vous aider \u00e0 rembourser le solde impay\u00e9 de votre pr\u00eat hypoth\u00e9caire, en cas de d\u00e9c\u00e8s impr\u00e9vu. Il peut \u00e9galement vous aider \u00e0 couvrir vos paiements hypoth\u00e9caires mensuels si un accident grave ou une maladie vous laisse totalement invalide<a href=\"#_edn1\" name=\"_ednref1\">[i]<\/a> et incapable de travailler pendant au moins 60\u00a0jours.<\/p>\n<p><strong>*Pour \u00eatre admissible \u00e0 la demande, vous devez\u00a0:<\/strong><\/p>\n<ul>\n<li>\u00eatre \u00e2g\u00e9 d\u2019au moins 18\u00a0ans et de moins de 65\u00a0ans;<\/li>\n<li>\u00eatre r\u00e9sident du Canada<a href=\"#_edn2\" name=\"_ednref2\">[ii]<\/a> (sauf du Qu\u00e9bec);<\/li>\n<li>garantir votre pr\u00eat hypoth\u00e9caire \u00e0 l\u2019aide d\u2019une propri\u00e9t\u00e9 situ\u00e9e au Canada, autre qu\u2019au Qu\u00e9bec;<\/li>\n<li>\u00eatre l\u2019emprunteur, le coemprunteur ou le garant d\u2019un pr\u00eat hypoth\u00e9caire de Home Trust de 1\u00a0000\u00a0000\u00a0$ ou moins avec un paiement mensuel inf\u00e9rieur \u00e0 10\u00a0000\u00a0$.<\/li>\n<\/ul>\n<p><strong>Principaux avantages<\/strong><\/p>\n<ul>\n<li>Couverture d\u2019assurance-vie jusqu\u2019\u00e0 concurrence du solde impay\u00e9 de votre pr\u00eat hypoth\u00e9caire Home Trust (sous r\u00e9serve d\u2019un maximum de 1\u00a0million de dollars)<\/li>\n<li>Assurance invalidit\u00e9 (jusqu\u2019\u00e0 10\u00a0000\u00a0$\/mois pendant un maximum de 24\u00a0mois) pour vous prot\u00e9ger en cas d\u2019accident grave ou de maladie qui vous emp\u00eache de travailler<\/li>\n<li>Possibilit\u00e9 de choisir une assurance vie ou invalidit\u00e9, ou une assurance vie et invalidit\u00e9<\/li>\n<li>Approbation de chaque demandeur admissible* pour une certaine couverture, peu importe son \u00e9tat de sant\u00e9<\/li>\n<li>Garantie de remboursement de 60\u00a0jours\u00a0: vous pouvez avoir une couverture en place pendant que vous examinez la couverture et les modalit\u00e9s plus en d\u00e9tail<\/li>\n<li>Assurance facultative\u00a0: si vous \u00eates admissible*, vous pouvez l\u2019ajouter \u00e0 votre pr\u00eat hypoth\u00e9caire ou l\u2019annuler \u00e0 tout moment<\/li>\n<\/ul>\n<p><strong>Fonctionnement<\/strong><\/p>\n<ul>\n<li>Votre prime est bas\u00e9e sur votre \u00e2ge au moment de la demande, le solde du capital de votre pr\u00eat hypoth\u00e9caire et la p\u00e9riode d\u2019amortissement fournie sur votre demande. Votre prime n\u2019augmente pas si votre \u00e9tat de sant\u00e9 change ou parce que vous vieillissez.<a href=\"#_edn3\" name=\"_ednref3\">[iii]<\/a><\/li>\n<li>Pour la plupart des clients, une entrevue t\u00e9l\u00e9phonique est tout ce qu\u2019il faut pour remplir la demande.<a href=\"#_edn4\" name=\"_ednref4\">[iv]<\/a><\/li>\n<li>Votre prestation d\u2019assurance-vie couvre votre dette hypoth\u00e9caire jusqu\u2019au montant d\u00fb sur votre pr\u00eat hypoth\u00e9caire au moment de votre d\u00e9c\u00e8s.<a href=\"#_edn5\" name=\"_ednref5\">[v]<\/a><\/li>\n<li>Votre prestation d\u2019invalidit\u00e9 est bas\u00e9e sur le paiement hypoth\u00e9caire mensuel initial indiqu\u00e9 sur votre demande de RSC et sur la question de savoir si tous les d\u00e9biteurs hypoth\u00e9caires souscrivent le RSC.<a href=\"#_edn6\" name=\"_ednref6\">[vi]<\/a><\/li>\n<li>Les primes d\u2019assurance sont automatiquement per\u00e7ues mensuellement \u00e0 partir du m\u00eame compte bancaire que vos paiements hypoth\u00e9caires, par la Manufacturers Life Insurance Company. Si vous souhaitez modifier le compte bancaire \u00e0 partir duquel les primes sont pr\u00e9lev\u00e9es, veuillez composer le 1\u00a0800\u00a0295-6472.<\/li>\n<li>Vous recevrez une confirmation de votre couverture et de vos primes par la poste.<\/li>\n<li>Home Trust recevra une indemnisation pour chaque certificat de couverture \u00e9mis par le RSC et pour la prestation de certains services administratifs relatifs aux certificats de RSC.<\/li>\n<li>Lisez la brochure pour en savoir plus sur l\u2019assurance, les caract\u00e9ristiques, les avantages et les exclusions de l\u2019assurance du R\u00e9gime S\u00e9curit\u00e9 cr\u00e9dit<sup>MC<\/sup>. Pour plus de d\u00e9tails, vous pouvez \u00e9galement consulter le certificat d\u2019assurance.<\/li>\n<\/ul>\n<p>[\/vc_column_text][\/vc_column][\/vc_row][vc_row full_width=&#8221;stretch_row&#8221; css=&#8221;.vc_custom_1631138646806{margin-top: 15px !important;padding-top: 20px !important;padding-bottom: 20px !important;background-color: rgba(88,184,206,0.36) !important;*background-color: rgb(88,184,206) !important;}&#8221;][vc_column][vc_column_text]<\/p>\n<h3 class=\"Default\"><span style=\"font-weight: normal; font-family: Arial, sans-serif; color: #114775;\">Pour communiquer avec le R\u00e9gime S\u00e9curit\u00e9 cr\u00e9dit<sup>MC<\/sup><\/span><\/h3>\n<p>Composez le 1\u00a0800\u00a0295-6472 ou e<span style=\"color: #000000;\">nvoyez-nous un courriel \u00e0 <a style=\"color: #000000;\" href=\"mailto:service@creditsecurityplan.com\">service@creditsecurityplan.com<\/a><\/span><\/p>\n<p><span style=\"color: #000000;\"><a style=\"color: #000000;\" href=\"https:\/\/www.manuvie.ca\/particuliers.html\" target=\"_blank\" rel=\"noopener\"><span style=\"color: #000000;\">https:\/\/www.manuvie.ca\/particuliers.html<\/span><\/a><\/span>[\/vc_column_text][\/vc_column][\/vc_row][vc_row css=&#8221;.vc_custom_1581606484603{margin-top: 15px !important;}&#8221;][vc_column][vc_column_text]<strong>The Manufacturers Life Insurance Company<\/strong><\/p>\n<p>L\u2019assurance R\u00e9gime S\u00e9curit\u00e9 cr\u00e9dit<sup>MC<\/sup> (\u00ab\u00a0RSC\u00a0\u00bb) est souscrite par la Manufacturers Life Insurance Company (\u00ab\u00a0Manuvie\u00a0\u00bb). Credit Security Insurance Agency Inc. (\u00ab\u00a0CSIA\u00a0\u00bb) et ses agents d\u00e9sign\u00e9s fournissent des services de vente d\u2019assurance. Broker Support Centre Inc. (\u00ab\u00a0BSC\u00a0\u00bb) fournit des services de traitement et d\u2019administration de donn\u00e9es aux pr\u00eateurs dans le cadre de leur offre d\u2019assurance R\u00e9gime S\u00e9curit\u00e9 cr\u00e9dit<sup>MC<\/sup> (\u00ab\u00a0RSC\u00a0\u00bb) \u00e0 leurs clients. BSC et Credit Security Insurance Agency Inc. (\u00ab\u00a0CSIA\u00a0\u00bb) sont des soci\u00e9t\u00e9s affili\u00e9es \u00e0 Manuvie. Manuvie, Manuvie et le M stylis\u00e9, et le M stylis\u00e9 sont des marques de commerce de The Manufacturers Life Insurance Company et sont utilis\u00e9s par elle et par ses soci\u00e9t\u00e9s affili\u00e9es sous licence. Manuvie, C.P. 4213, Sttion. A, Toronto (Ontario)\u00a0 M5W\u00a05M3. \u00a9 2020 The Manufacturers Life Insurance Company. Tous droits r\u00e9serv\u00e9s. Des formats accessibles et des supports de communication sont disponibles sur demande. Visitez Manuvie.ca\/accessibilite pour plus d\u2019information.<\/p>\n<hr \/>\n<p><a href=\"#_ednref1\" name=\"_edn1\"><\/a><\/p>\n<p><a href=\"#_ednref1\" name=\"_edn1\">[i]<\/a> Si vous travaillez au moins 20\u00a0heures par semaine pendant au moins 40\u00a0semaines dans les 12\u00a0mois pr\u00e9c\u00e9dant votre invalidit\u00e9, ou si vous \u00eates employ\u00e9 de fa\u00e7on saisonni\u00e8re et travaillez au moins 20\u00a0heures par semaine pendant 13\u00a0semaines cons\u00e9cutives au cours de cette p\u00e9riode, vous \u00eates alors totalement invalide si vous ne pouvez pas effectuer les t\u00e2ches essentielles de votre emploi normal en raison d\u2019une maladie ou d\u2019une blessure. Sinon, vous \u00eates totalement invalide si vous ne pouvez pas faire au moins deux des activit\u00e9s suivantes de la vie quotidienne sans l\u2019aide d\u2019une autre personne\u00a0: vous habiller, manger, sortir du lit, aller aux toilettes, marcher.<\/p>\n<p><a href=\"#_ednref1\" name=\"_edn1\"><\/a><\/p>\n<p><a href=\"#_ednref2\" name=\"_edn2\">[ii]<\/a> Vous devez \u00eatre un r\u00e9sident du Canada aux fins de l\u2019imp\u00f4t sur le revenu, conform\u00e9ment au folio S5-F1-C1 de l\u2019imp\u00f4t sur le revenu, <a href=\"https:\/\/www.canada.ca\/fr\/agence-revenu\/services\/impot\/renseignements-techniques\/impot-revenu\/folios-impot-revenu\/serie-5-impot-international-residence\/folio-1-residence\/folio-impot-revenu-s5-f1-c1-determination-statut-resident-particulier.html\" target=\"_blank\" rel=\"noopener\">D\u00e9termination du statut de r\u00e9sidence d\u2019une personne<\/a>.<\/p>\n<p><a href=\"#_ednref1\" name=\"_edn1\"><\/a><\/p>\n<p><a href=\"#_ednref3\" name=\"_edn3\">[iii]<\/a> Manuvie se r\u00e9serve le droit de modifier les primes dans des circonstances limit\u00e9es. Pour obtenir des renseignements plus d\u00e9taill\u00e9s, veuillez consulter le certificat d\u2019assurance.<\/p>\n<p><a href=\"#_ednref1\" name=\"_edn1\"><\/a><\/p>\n<p><a href=\"#_ednref4\" name=\"_edn4\">[iv]<\/a> Lorsque vous ferez une demande, on vous posera des questions sur votre sant\u00e9 par t\u00e9l\u00e9phone.\u00a0 Selon vos r\u00e9ponses, d\u2019autres examens m\u00e9dicaux et tests pourraient \u00eatre n\u00e9cessaires. Les r\u00e9sultats de ces examens et tests d\u00e9termineront votre couverture et vos primes.\u00a0 Si vous ne terminez pas l\u2019entrevue t\u00e9l\u00e9phonique ou l\u2019examen et les tests requis dans les 30\u00a0jours suivant la r\u00e9ception de votre demande par Manuvie, la couverture sera limit\u00e9e \u00e0 un d\u00e9c\u00e8s accidentel ou \u00e0 une invalidit\u00e9 accidentelle, selon le cas.<\/p>\n<p><a href=\"#_ednref1\" name=\"_edn1\"><\/a><\/p>\n<p><a href=\"#_ednref5\" name=\"_edn5\">[v]<\/a> Si vous n\u2019avez pas de pr\u00eat hypoth\u00e9caire traditionnel ou si vous \u00eates partiellement assur\u00e9 en vertu de l\u2019assurance RSP, votre assurance-vie pourrait ne pas couvrir votre dette hypoth\u00e9caire totale. Veuillez consulter le certificat pour plus de d\u00e9tails si vous n\u2019avez pas de pr\u00eat hypoth\u00e9caire traditionnel ou si vous \u00eates partiellement assur\u00e9 en vertu de l\u2019assurance RSC, votre assurance-vie pourrait ne pas couvrir votre dette hypoth\u00e9caire totale. Veuillez consulter le certificat pour plus de d\u00e9tails.<\/p>\n<p><a href=\"#_ednref1\" name=\"_edn1\"><\/a><\/p>\n<p><a href=\"#_ednref6\" name=\"_edn6\">[vi]<\/a> Dans certains cas, vos prestations d\u2019invalidit\u00e9 peuvent \u00eatre inf\u00e9rieures \u00e0 votre paiement mensuel r\u00e9el. Par exemple, si vous avez une couverture conjointe, votre part de prestations est de 50\u00a0%. Le partage des prestations est indiqu\u00e9 \u00e0 la page du sommaire de la couverture qui vous a \u00e9t\u00e9 \u00e9mise avec votre certificat.<\/p>\n<p><a href=\"#_ednref1\" name=\"_edn1\"><\/a>[\/vc_column_text][vc_empty_space height=&#8221;52px&#8221;][\/vc_column][\/vc_row]<\/p>\n","protected":false},"excerpt":{"rendered":"<p>[vc_row][vc_column][vc_column_text]Les emprunteurs admissibles* de Home Trust peuvent souscrire une assurance-vie et invalidit\u00e9 hypoth\u00e9caire facultative par l\u2019entremise du R\u00e9gime S\u00e9curit\u00e9 cr\u00e9ditMC (RSC), souscrit par la Manufacturers Life Insurance [&hellip;]<\/p>\n","protected":false},"author":23,"featured_media":0,"parent":0,"menu_order":0,"comment_status":"closed","ping_status":"closed","template":"","meta":[],"yoast_head":"<!-- This site is optimized with the Yoast SEO Premium plugin v16.6 (Yoast SEO v16.6.1) - https:\/\/yoast.com\/wordpress\/plugins\/seo\/ -->\r\n<title>R\u00e9gime S\u00e9curit\u00e9 cr\u00e9dit de Manuvie - Home Trust<\/title>\r\n<meta name=\"robots\" content=\"index, follow, max-snippet:-1, max-image-preview:large, max-video-preview:-1\" \/>\r\n<link rel=\"canonical\" href=\"https:\/\/www.hometrust.ca\/regime-securite\/\" \/>\r\n<meta property=\"og:locale\" content=\"en_US\" \/>\r\n<meta property=\"og:type\" content=\"article\" \/>\r\n<meta property=\"og:title\" content=\"R\u00e9gime S\u00e9curit\u00e9 cr\u00e9dit de Manuvie\" \/>\r\n<meta property=\"og:description\" content=\"[vc_row][vc_column][vc_column_text]Les emprunteurs admissibles* de Home Trust peuvent souscrire une assurance-vie et invalidit\u00e9 hypoth\u00e9caire facultative par l\u2019entremise du R\u00e9gime S\u00e9curit\u00e9 cr\u00e9ditMC (RSC), souscrit par la Manufacturers Life Insurance [&hellip;]\" \/>\r\n<meta property=\"og:url\" content=\"https:\/\/www.hometrust.ca\/fr-ca\/regime-securite\/\" \/>\r\n<meta property=\"og:site_name\" content=\"Home Trust\" \/>\r\n<meta name=\"twitter:card\" content=\"summary_large_image\" \/>\r\n<meta name=\"twitter:label1\" content=\"Est. reading time\" \/>\n\t<meta name=\"twitter:data1\" content=\"7 minutes\" \/>\r\n<script type=\"application\/ld+json\" class=\"yoast-schema-graph\">{\"@context\":\"https:\/\/schema.org\",\"@graph\":[{\"@type\":\"WebSite\",\"@id\":\"https:\/\/hometrust.ca\/#website\",\"url\":\"https:\/\/hometrust.ca\/\",\"name\":\"Home Trust\",\"description\":\"\",\"potentialAction\":[{\"@type\":\"SearchAction\",\"target\":{\"@type\":\"EntryPoint\",\"urlTemplate\":\"https:\/\/hometrust.ca\/?s={search_term_string}\"},\"query-input\":\"required name=search_term_string\"}],\"inLanguage\":\"en-US\"},{\"@type\":\"WebPage\",\"@id\":\"https:\/\/www.hometrust.ca\/fr-ca\/regime-securite\/#webpage\",\"url\":\"https:\/\/www.hometrust.ca\/fr-ca\/regime-securite\/\",\"name\":\"R\\u00e9gime S\\u00e9curit\\u00e9 cr\\u00e9dit de Manuvie - Home Trust\",\"isPartOf\":{\"@id\":\"https:\/\/hometrust.ca\/#website\"},\"datePublished\":\"2021-09-13T16:06:41+00:00\",\"dateModified\":\"2021-09-13T16:06:41+00:00\",\"breadcrumb\":{\"@id\":\"https:\/\/www.hometrust.ca\/fr-ca\/regime-securite\/#breadcrumb\"},\"inLanguage\":\"en-US\",\"potentialAction\":[{\"@type\":\"ReadAction\",\"target\":[\"https:\/\/www.hometrust.ca\/fr-ca\/regime-securite\/\"]}]},{\"@type\":\"BreadcrumbList\",\"@id\":\"https:\/\/www.hometrust.ca\/fr-ca\/regime-securite\/#breadcrumb\",\"itemListElement\":[{\"@type\":\"ListItem\",\"position\":1,\"name\":\"Home\",\"item\":\"https:\/\/www.hometrust.ca\/\"},{\"@type\":\"ListItem\",\"position\":2,\"name\":\"R\\u00e9gime S\\u00e9curit\\u00e9 cr\\u00e9dit de Manuvie\"}]}]}<\/script>\r\n<!-- \/ Yoast SEO Premium plugin. -->","_links":{"self":[{"href":"https:\/\/www.hometrust.ca\/fr-ca\/wp-json\/wp\/v2\/pages\/7750\/"}],"collection":[{"href":"https:\/\/www.hometrust.ca\/fr-ca\/wp-json\/wp\/v2\/pages\/"}],"about":[{"href":"https:\/\/www.hometrust.ca\/fr-ca\/wp-json\/wp\/v2\/types\/page\/"}],"author":[{"embeddable":true,"href":"https:\/\/www.hometrust.ca\/fr-ca\/wp-json\/wp\/v2\/users\/23\/"}],"replies":[{"embeddable":true,"href":"https:\/\/www.hometrust.ca\/fr-ca\/wp-json\/wp\/v2\/comments\/?post=7750"}],"version-history":[{"count":2,"href":"https:\/\/www.hometrust.ca\/fr-ca\/wp-json\/wp\/v2\/pages\/7750\/revisions\/"}],"predecessor-version":[{"id":7752,"href":"https:\/\/www.hometrust.ca\/fr-ca\/wp-json\/wp\/v2\/pages\/7750\/revisions\/7752\/"}],"wp:attachment":[{"href":"https:\/\/www.hometrust.ca\/fr-ca\/wp-json\/wp\/v2\/media\/?parent=7750"}],"curies":[{"name":"wp","href":"https:\/\/api.w.org\/{rel}","templated":true}]}}