{"id":7936,"date":"2021-10-24T11:44:51","date_gmt":"2021-10-24T11:44:51","guid":{"rendered":"https:\/\/www.hometrust.ca\/?page_id=7936"},"modified":"2021-10-26T12:32:25","modified_gmt":"2021-10-26T12:32:25","slug":"matiere-de-divulgation","status":"publish","type":"page","link":"https:\/\/www.hometrust.ca\/fr-ca\/matiere-de-divulgation\/","title":{"rendered":"Mati\u00e8re de divulgation"},"content":{"rendered":"<p>[vc_row][vc_column][vc_column_text]Les exigences en mati\u00e8re de divulgation de la composition des fonds propres de la Compagnie Home Trust sont pr\u00e9sent\u00e9es dans le mod\u00e8le sur la divulgation de la composition des fonds et le mod\u00e8le sur la divulgation au titre du ratio de levier prescrites par le Bureau du surintendant des institutions financi\u00e8res (BSIF) du Canada et peuvent \u00eatre consult\u00e9es en cliquant sur les liens suivants\u00a0:<\/p>\n<p><a href=\"https:\/\/www.hometrust.ca\/regulatory-disclosures\/regulatory-capital-disclosures\/\"><u>Regulatory Capital Disclosure<\/u><\/a> (Disponible en anglais seulement)<\/p>\n<p><a href=\"https:\/\/www.hometrust.ca\/regulatory-disclosures\/leverage-ratio-disclosures\/\"><u>Leverage Ratio Common Disclosure<\/u><\/a> (Disponible en anglais seulement)<\/p>\n<p>D\u2019autres divulgations r\u00e9glementaires requises, telles que les obligations de divulgation du Pilier 3 du Comit\u00e9 de B\u00e2le sur le contr\u00f4le bancaire et les exigences de divulgation d\u00e9crites dans les directives du BSIF sont fournies dans les documents publi\u00e9s suivants de Home Capital Group Inc. (soci\u00e9t\u00e9 m\u00e8re de la Compagnie Home Trust)\u00a0:<\/p>\n<p><a href=\"https:\/\/www.homecapital.com\/investors\/financial-and-regulatory\/financial-reporting\/default.aspx\" target=\"_blank\" rel=\"noopener\"><u>Home Capital Group Inc. Quarterly Reports<\/u><\/a> (Disponible en anglais seulement)<\/p>\n<p><a href=\"https:\/\/www.hometrust.ca\/regulatory-disclosures\/supplementary-financial-information\/\"><u>Home Capital Group Inc. Supplementary Financial Information<\/u><\/a> (Disponible en anglais seulement)<\/p>\n<p><a href=\"https:\/\/s2.q4cdn.com\/668293721\/files\/doc_financials\/2019\/OAR\/index.html\" target=\"_blank\" rel=\"noopener\"><u>Home Capital Group Inc. Annual Reports<\/u><\/a> (Disponible en anglais seulement)<\/p>\n<p><a href=\"https:\/\/s2.q4cdn.com\/668293721\/files\/doc_financials\/annual_meetings\/2019\/Home-Capital-MIC_2018.pdf\" target=\"_blank\" rel=\"noopener\"><u>Home Capital Group Inc. Management Information Circular<\/u><\/a> (Disponible en anglais seulement)<\/p>\n<p>Des renseignements suppl\u00e9mentaires, y compris des rapports mis en archives, sont \u00e9galement disponibles sur les pages Web suivantes de Home Capital Group Inc.\u00a0:<\/p>\n<p><a href=\"http:\/\/www.homecapital.com\/investor_relations.asp\" target=\"_blank\" rel=\"noopener\"><u>Home Capital Group Inc. <\/u><u>Investor Relations<\/u><\/a> (Disponible en anglais seulement)[\/vc_column_text][\/vc_column][\/vc_row]<\/p>\n","protected":false},"excerpt":{"rendered":"<p>[vc_row][vc_column][vc_column_text]Les exigences en mati\u00e8re de divulgation de la composition des fonds propres de la Compagnie Home Trust sont pr\u00e9sent\u00e9es dans le mod\u00e8le sur la divulgation de la [&hellip;]<\/p>\n","protected":false},"author":23,"featured_media":0,"parent":0,"menu_order":0,"comment_status":"closed","ping_status":"closed","template":"","meta":[],"yoast_head":"<!-- This site is optimized with the Yoast SEO Premium plugin v16.6 (Yoast SEO v16.6.1) - https:\/\/yoast.com\/wordpress\/plugins\/seo\/ -->\r\n<title>Mati\u00e8re de divulgation - Home Trust<\/title>\r\n<meta name=\"robots\" content=\"index, follow, max-snippet:-1, max-image-preview:large, max-video-preview:-1\" \/>\r\n<link rel=\"canonical\" href=\"https:\/\/www.hometrust.ca\/matiere-de-divulgation\/\" \/>\r\n<meta property=\"og:locale\" content=\"en_US\" \/>\r\n<meta property=\"og:type\" content=\"article\" \/>\r\n<meta property=\"og:title\" content=\"Mati\u00e8re de divulgation\" \/>\r\n<meta property=\"og:description\" content=\"[vc_row][vc_column][vc_column_text]Les exigences en mati\u00e8re de divulgation de la composition des fonds propres de la Compagnie Home Trust sont pr\u00e9sent\u00e9es dans le mod\u00e8le sur la divulgation de la [&hellip;]\" \/>\r\n<meta property=\"og:url\" content=\"https:\/\/www.hometrust.ca\/fr-ca\/matiere-de-divulgation\/\" \/>\r\n<meta property=\"og:site_name\" content=\"Home Trust\" \/>\r\n<meta property=\"article:modified_time\" content=\"2021-10-26T12:32:25+00:00\" \/>\r\n<meta name=\"twitter:card\" content=\"summary_large_image\" \/>\r\n<meta name=\"twitter:label1\" content=\"Est. reading time\" \/>\n\t<meta name=\"twitter:data1\" content=\"1 minute\" \/>\r\n<script type=\"application\/ld+json\" class=\"yoast-schema-graph\">{\"@context\":\"https:\/\/schema.org\",\"@graph\":[{\"@type\":\"WebSite\",\"@id\":\"https:\/\/hometrust.ca\/#website\",\"url\":\"https:\/\/hometrust.ca\/\",\"name\":\"Home Trust\",\"description\":\"\",\"potentialAction\":[{\"@type\":\"SearchAction\",\"target\":{\"@type\":\"EntryPoint\",\"urlTemplate\":\"https:\/\/hometrust.ca\/?s={search_term_string}\"},\"query-input\":\"required name=search_term_string\"}],\"inLanguage\":\"en-US\"},{\"@type\":\"WebPage\",\"@id\":\"https:\/\/www.hometrust.ca\/fr-ca\/matiere-de-divulgation\/#webpage\",\"url\":\"https:\/\/www.hometrust.ca\/fr-ca\/matiere-de-divulgation\/\",\"name\":\"Mati\\u00e8re de divulgation - Home Trust\",\"isPartOf\":{\"@id\":\"https:\/\/hometrust.ca\/#website\"},\"datePublished\":\"2021-10-24T11:44:51+00:00\",\"dateModified\":\"2021-10-26T12:32:25+00:00\",\"breadcrumb\":{\"@id\":\"https:\/\/www.hometrust.ca\/fr-ca\/matiere-de-divulgation\/#breadcrumb\"},\"inLanguage\":\"en-US\",\"potentialAction\":[{\"@type\":\"ReadAction\",\"target\":[\"https:\/\/www.hometrust.ca\/fr-ca\/matiere-de-divulgation\/\"]}]},{\"@type\":\"BreadcrumbList\",\"@id\":\"https:\/\/www.hometrust.ca\/fr-ca\/matiere-de-divulgation\/#breadcrumb\",\"itemListElement\":[{\"@type\":\"ListItem\",\"position\":1,\"name\":\"Home\",\"item\":\"https:\/\/www.hometrust.ca\/\"},{\"@type\":\"ListItem\",\"position\":2,\"name\":\"Mati\\u00e8re de divulgation\"}]}]}<\/script>\r\n<!-- \/ Yoast SEO Premium plugin. -->","_links":{"self":[{"href":"https:\/\/www.hometrust.ca\/fr-ca\/wp-json\/wp\/v2\/pages\/7936\/"}],"collection":[{"href":"https:\/\/www.hometrust.ca\/fr-ca\/wp-json\/wp\/v2\/pages\/"}],"about":[{"href":"https:\/\/www.hometrust.ca\/fr-ca\/wp-json\/wp\/v2\/types\/page\/"}],"author":[{"embeddable":true,"href":"https:\/\/www.hometrust.ca\/fr-ca\/wp-json\/wp\/v2\/users\/23\/"}],"replies":[{"embeddable":true,"href":"https:\/\/www.hometrust.ca\/fr-ca\/wp-json\/wp\/v2\/comments\/?post=7936"}],"version-history":[{"count":4,"href":"https:\/\/www.hometrust.ca\/fr-ca\/wp-json\/wp\/v2\/pages\/7936\/revisions\/"}],"predecessor-version":[{"id":7973,"href":"https:\/\/www.hometrust.ca\/fr-ca\/wp-json\/wp\/v2\/pages\/7936\/revisions\/7973\/"}],"wp:attachment":[{"href":"https:\/\/www.hometrust.ca\/fr-ca\/wp-json\/wp\/v2\/media\/?parent=7936"}],"curies":[{"name":"wp","href":"https:\/\/api.w.org\/{rel}","templated":true}]}}