{"id":8026,"date":"2021-11-12T15:23:57","date_gmt":"2021-11-12T15:23:57","guid":{"rendered":"https:\/\/www.hometrust.ca\/?page_id=8026"},"modified":"2021-11-12T19:43:34","modified_gmt":"2021-11-12T19:43:34","slug":"enrouteversoui","status":"publish","type":"page","link":"https:\/\/www.hometrust.ca\/fr-ca\/enrouteversoui\/","title":{"rendered":"D\u00e9couvrez toutes les possibilit\u00e9s lorsque vous dites oui"},"content":{"rendered":"<p>[vc_row][vc_column][vc_column_text]<span style=\"color: #003f6f;\">Chez Home Trust, nous croyons fermement que tous ceux qui consid\u00e8rent le Canada comme leur chez-soi m\u00e9ritent l\u2019occasion de r\u00eaver grand. Que ce soit pour l\u2019achat de votre premi\u00e8re maison, pour devenir votre propre patron ou pour d\u00e9buter\u00a0un nouveau chapitre de votre vie, dire \u00ab\u00a0oui\u00a0\u00bb \u00e0 ce qui est possible est la premi\u00e8re \u00e9tape de votre cheminement.\u00a0<\/span><\/p>\n<p><span style=\"color: #003f6f;\"><strong>Cliquez<\/strong> sur la feuille de route pour commencer votre cheminement.<\/span>[\/vc_column_text][\/vc_column][\/vc_row][vc_row][vc_column][vc_column_text]\n<style>\n\t#hotspot-8032 .hotspots-image-container,\n\t#hotspot-8032 .leaflet-container {\n\t\tbackground: #efefef\t}\n\n\t#hotspot-8032 .hotspots-placeholder,\n\t.featherlight .featherlight-content.lightbox-8032 {\n\t\tbackground: #981d97;\n\t\tborder: 0 #981d97 solid;\n\t\tcolor: #ffffff;\n\t}\n\n\t#hotspot-8032 .hotspot-title,\n\t#hotspot-8032 .bc-product__title a,\n\t.featherlight .featherlight-content.lightbox-8032 .hotspot-title,\n\t.featherlight .featherlight-content.lightbox-8032 .bc-product__title a {\n\t\tcolor: #ffffff;\n\t}\n\n\t\t\t#hotspot-8032 .hotspot-style-1 {\n\t\t\tstroke-width: 1;\n\t\t\tfill: #ffffff;\n\t\t\tfill-opacity: 0;\n\t\t\tstroke: #ffffff;\n\t\t\tstroke-opacity: 0;\n\t\t}\n\t\t#hotspot-8032 .hotspot-style-1:hover,\n\t\t#hotspot-8032 .hotspot-style-1:focus,\n\t\t#hotspot-8032 .hotspot-style-1.hotspot-active {\n\t\t\tfill: #ffffff;\n\t\t\tfill-opacity: 0.81;\n\t\t\toutline: none;\n\t\t\tstroke: #ffffff;\n\t\t\tstroke-opacity: 0.81;\n\t\t}\n\t\t\t#hotspot-8032 .hotspot-default {\n\t\t\tstroke-width: 1;\n\t\t\tfill: #ffffff;\n\t\t\tfill-opacity: 0;\n\t\t\tstroke: #ffffff;\n\t\t\tstroke-opacity: 0;\n\t\t}\n\t\t#hotspot-8032 .hotspot-default:hover,\n\t\t#hotspot-8032 .hotspot-default:focus,\n\t\t#hotspot-8032 .hotspot-default.hotspot-active {\n\t\t\tfill: #ffffff;\n\t\t\tfill-opacity: 0.81;\n\t\t\toutline: none;\n\t\t\tstroke: #ffffff;\n\t\t\tstroke-opacity: 0.81;\n\t\t}\n\t\t#hotspot-8032 .leaflet-tooltip,\n\t#hotspot-8032 .leaflet-rrose-content-wrapper {\n\t\tbackground: #981d97;\n\t\tborder-color: #981d97;\n\t\tcolor: #ffffff;\n\t}\n\n\t#hotspot-8032 a.leaflet-rrose-close-button {\n\t\tcolor: #ffffff;\n\t}\n\n\t#hotspot-8032 .leaflet-rrose-tip {\n\t\tbackground: #981d97;\n\t}\n\n\t#hotspot-8032 .leaflet-popup-scrolled {\n\t\tborder-bottom-color: #ffffff;\n\t\tborder-top-color: #ffffff;\n\t}\n\n\t#hotspot-8032 .leaflet-tooltip-top:before {\n\t\tborder-top-color: #981d97;\n\t}\n\n\t#hotspot-8032 .leaflet-tooltip-bottom:before {\n\t\tborder-bottom-color: #981d97;\n\t}\n\t#hotspot-8032 .leaflet-tooltip-left:before {\n\t\tborder-left-color: #981d97;\n\t}\n\t#hotspot-8032 .leaflet-tooltip-right:before {\n\t\tborder-right-color: #981d97;\n\t}\n<\/style>\n\n\n\t<div class=\"hotspots-container  layout-tooltip event-click\" id=\"hotspot-8032\" data-layout=\"tooltip\" data-trigger=\"click\">\n\t\t<div class=\"hotspots-interaction\">\n\t\t\t<div class=\"hotspots-image-container\">\n\t<img\n\t\twidth=\"2300\"\n\t\theight=\"1906\"\n\t\tsrc=\"\/wp-content\/uploads\/2021\/11\/image_fr_v2-1.png\"\n\t\talt=\"Say yes French version\"\n\t\tclass=\"hotspots-image skip-lazy\"\n\t\tusemap=\"#hotspots-image-8032\"\n\t\tdata-image-title=\"Say yes French version\"\n\t\tdata-image-description=\"\"\n\t\tdata-event-trigger=\"click\"\n\t\tdata-always-visible=\"false\"\n\t\tdata-id=\"8032\"\n\t\tdata-no-lazy=\"1\"\n\t\tdata-lazy-src=\"\"\n\t\tdata-lazy=\"false\"\n\t\tloading=\"eager\"\n\t\tdata-skip-lazy=\"1\"\n\t\t>\n<\/div>\t\t<\/div>\n\t\t<map name=\"hotspots-image-8032\" class=\"hotspots-map\">\n\t\t\t\t\t\t\t\t\t\t\t<area\n\t\t\t\t\tshape=\"poly\"\n\t\t\t\t\tcoords=\"952,126,1042,124,1042,206,955,214\"\n\t\t\t\t\thref=\"#hotspot-hotspot-8032-0\"\n\t\t\t\t\trel=\"\"\n\t\t\t\t\ttitle=\"\"\n\t\t\t\t\talt=\"\"\n\t\t\t\t\tdata-action=\"\"\n\t\t\t\t\tdata-color-scheme=\"\"\n\t\t\t\t\tdata-id=\"area-hotspot-8032-0\"\n\t\t\t\t\ttarget=\"\"\n\t\t\t\t\tclass=\"more-info-area\"\n\t\t\t\t\t>\n\t\t\t\t\t\t\t\t\t\t\t<area\n\t\t\t\t\tshape=\"poly\"\n\t\t\t\t\tcoords=\"1945,517,1992,511,2038,517,2038,594,1952,595\"\n\t\t\t\t\thref=\"#hotspot-hotspot-8032-1\"\n\t\t\t\t\trel=\"\"\n\t\t\t\t\ttitle=\"\"\n\t\t\t\t\talt=\"\"\n\t\t\t\t\tdata-action=\"\"\n\t\t\t\t\tdata-color-scheme=\"\"\n\t\t\t\t\tdata-id=\"area-hotspot-8032-1\"\n\t\t\t\t\ttarget=\"\"\n\t\t\t\t\tclass=\"more-info-area\"\n\t\t\t\t\t>\n\t\t\t\t\t\t\t\t\t\t\t<area\n\t\t\t\t\tshape=\"poly\"\n\t\t\t\t\tcoords=\"1094,719,1140,713,1181,721,1183,797,1098,801\"\n\t\t\t\t\thref=\"#hotspot-hotspot-8032-2\"\n\t\t\t\t\trel=\"\"\n\t\t\t\t\ttitle=\"\"\n\t\t\t\t\talt=\"\"\n\t\t\t\t\tdata-action=\"\"\n\t\t\t\t\tdata-color-scheme=\"\"\n\t\t\t\t\tdata-id=\"area-hotspot-8032-2\"\n\t\t\t\t\ttarget=\"\"\n\t\t\t\t\tclass=\"more-info-area\"\n\t\t\t\t\t>\n\t\t\t\t\t\t\t\t\t\t\t<area\n\t\t\t\t\tshape=\"poly\"\n\t\t\t\t\tcoords=\"1160,930,1244,928,1246,1012,1159,1012\"\n\t\t\t\t\thref=\"#hotspot-hotspot-8032-3\"\n\t\t\t\t\trel=\"\"\n\t\t\t\t\ttitle=\"\"\n\t\t\t\t\talt=\"\"\n\t\t\t\t\tdata-action=\"\"\n\t\t\t\t\tdata-color-scheme=\"\"\n\t\t\t\t\tdata-id=\"area-hotspot-8032-3\"\n\t\t\t\t\ttarget=\"\"\n\t\t\t\t\tclass=\"more-info-area\"\n\t\t\t\t\t>\n\t\t\t\t\t\t\t\t\t\t\t<area\n\t\t\t\t\tshape=\"poly\"\n\t\t\t\t\tcoords=\"1900,1021,1989,1020,1989,1104,1903,1106,1902,1059\"\n\t\t\t\t\thref=\"#hotspot-hotspot-8032-4\"\n\t\t\t\t\trel=\"\"\n\t\t\t\t\ttitle=\"\"\n\t\t\t\t\talt=\"\"\n\t\t\t\t\tdata-action=\"\"\n\t\t\t\t\tdata-color-scheme=\"\"\n\t\t\t\t\tdata-id=\"area-hotspot-8032-4\"\n\t\t\t\t\ttarget=\"\"\n\t\t\t\t\tclass=\"more-info-area\"\n\t\t\t\t\t>\n\t\t\t\t\t\t\t\t\t\t\t<area\n\t\t\t\t\tshape=\"poly\"\n\t\t\t\t\tcoords=\"1051,1383,1142,1378,1147,1464,1057,1467\"\n\t\t\t\t\thref=\"#hotspot-hotspot-8032-5\"\n\t\t\t\t\trel=\"\"\n\t\t\t\t\ttitle=\"\"\n\t\t\t\t\talt=\"\"\n\t\t\t\t\tdata-action=\"\"\n\t\t\t\t\tdata-color-scheme=\"\"\n\t\t\t\t\tdata-id=\"area-hotspot-8032-5\"\n\t\t\t\t\ttarget=\"\"\n\t\t\t\t\tclass=\"more-info-area\"\n\t\t\t\t\t>\n\t\t\t\t\t\t\t\t\t\t\t<area\n\t\t\t\t\tshape=\"poly\"\n\t\t\t\t\tcoords=\"1285,1464,1378,1464,1383,1538,1336,1551,1289,1542\"\n\t\t\t\t\thref=\"#hotspot-hotspot-8032-6\"\n\t\t\t\t\trel=\"\"\n\t\t\t\t\ttitle=\"\"\n\t\t\t\t\talt=\"\"\n\t\t\t\t\tdata-action=\"\"\n\t\t\t\t\tdata-color-scheme=\"\"\n\t\t\t\t\tdata-id=\"area-hotspot-8032-6\"\n\t\t\t\t\ttarget=\"\"\n\t\t\t\t\tclass=\"more-info-area\"\n\t\t\t\t\t>\n\t\t\t\t\t\t\t\t\t\t\t<area\n\t\t\t\t\tshape=\"poly\"\n\t\t\t\t\tcoords=\"1567,1573,1666,1576,1674,1634,1647,1662,1578,1653,1648,1655,1574,1652\"\n\t\t\t\t\thref=\"#hotspot-hotspot-8032-7\"\n\t\t\t\t\trel=\"\"\n\t\t\t\t\ttitle=\"\"\n\t\t\t\t\talt=\"\"\n\t\t\t\t\tdata-action=\"\"\n\t\t\t\t\tdata-color-scheme=\"\"\n\t\t\t\t\tdata-id=\"area-hotspot-8032-7\"\n\t\t\t\t\ttarget=\"\"\n\t\t\t\t\tclass=\"more-info-area\"\n\t\t\t\t\t>\n\t\t\t\t\t<\/map>\n\n\t\t\n\t\t\t\t\t\n\t\t\t\t\t\t<div class=\"hotspot-info \" id=\"hotspot-hotspot-8032-0\">\n\t\t\t\t\n\t\t\t\t<h2 class=\"hotspot-title\"><\/h2>\t\t\t\t\t\t\t\t<div class=\"hotspot-content\">\n\t\t\t\t\t<p class=\"MsoNormal\" style=\"margin-bottom: 0in;line-height: normal\"><span lang=\"FR-CA\" style=\"font-size: 12.0pt\">Que ce soit pour l\u2019achat d\u2019une maison, un refinancement\u00a0ou le renouv\u00e8lement de votre pr\u00eat hypoth\u00e9caire, nous avons <b>une solution qui r\u00e9pondra \u00e0 vos besoins<\/b>.<\/span><\/p>\n<p class=\"MsoNormal\" style=\"margin-bottom: 0in;line-height: normal\"><strong><a href=\"https:\/\/www.hometrust.ca\/fr-ca\/mortgages\/\"><span lang=\"FR-CA\" style=\"font-size: 12.0pt;color: #ffb549\">En savoir plus<\/span><\/a><\/strong><\/p>\n\t\t\t\t<\/div>\n\t\t\t<\/div>\n\t\t\t\t\t\n\t\t\t\t\t\t<div class=\"hotspot-info \" id=\"hotspot-hotspot-8032-1\">\n\t\t\t\t\n\t\t\t\t<h2 class=\"hotspot-title\"><\/h2>\t\t\t\t\t\t\t\t<div class=\"hotspot-content\">\n\t\t\t\t\t<p class=\"MsoNormal\" style=\"margin-bottom: 0in;line-height: normal\"><span lang=\"FR-CA\" style=\"font-size: 12.0pt\">Nous offrons <b>une gamme compl\u00e8te de pr\u00eats hypoth\u00e9caires et de produits financiers<\/b> pour r\u00e9pondre \u00e0 vos besoins d\u2019emprunt. <\/span><\/p>\n<p class=\"MsoNormal\" style=\"margin-bottom: 0in;line-height: normal\"><strong><a href=\"https:\/\/www.hometrust.ca\/fr-ca\/mortgages\/\"><span lang=\"FR-CA\" style=\"font-size: 12.0pt;color: #ffb549\">En savoir plus<\/span><\/a><\/strong><\/p>\n\t\t\t\t<\/div>\n\t\t\t<\/div>\n\t\t\t\t\t\n\t\t\t\t\t\t<div class=\"hotspot-info \" id=\"hotspot-hotspot-8032-2\">\n\t\t\t\t\n\t\t\t\t<h2 class=\"hotspot-title\"><\/h2>\t\t\t\t\t\t\t\t<div class=\"hotspot-content\">\n\t\t\t\t\t<p class=\"MsoNormal\" style=\"margin-bottom: 0in;line-height: normal\"><span lang=\"FR-CA\" style=\"font-size: 12.0pt\">Envisagez de d\u00e9m\u00e9nager dans une plus petite demeure pour <b>\u00e9conomiser sur les d\u00e9penses<\/b>.\u00a0<\/span><\/p>\n<p class=\"MsoNormal\" style=\"margin-bottom: 0in;line-height: normal\"><strong><a href=\"https:\/\/www.hometrust.ca\/fr-ca\/blog\/en-route-vers-de-nouveaux-departs-cinq-elements-a-retenir-lorsque-vous-passez-dune-maison-plus-grande-a-une-maison-plus-petite\/\"><span lang=\"FR-CA\" style=\"font-size: 12.0pt;color: #ffb549\">Lire l\u2019article<\/span><\/a><\/strong><\/p>\n\t\t\t\t<\/div>\n\t\t\t<\/div>\n\t\t\t\t\t\n\t\t\t\t\t\t<div class=\"hotspot-info \" id=\"hotspot-hotspot-8032-3\">\n\t\t\t\t\n\t\t\t\t<h2 class=\"hotspot-title\"><\/h2>\t\t\t\t\t\t\t\t<div class=\"hotspot-content\">\n\t\t\t\t\t<p class=\"MsoNormal\" style=\"margin-bottom: 0in;line-height: normal\"><span lang=\"FR-CA\" style=\"font-size: 12.0pt\">Lisez ces cinq conseils pour vous aider \u00e0 <b>\u00e9conomiser<\/b> lors de votre prochain voyage. <\/span><\/p>\n<p class=\"MsoNormal\" style=\"margin-bottom: 0in;line-height: normal\"><strong><a href=\"https:\/\/www.hometrust.ca\/fr-ca\/blog\/cinq-conseils-pour-vous-aider-a-economiser-sur-les-voyages\/\"><span lang=\"FR-CA\" style=\"font-size: 12.0pt;color: #ffb549\">Lire l\u2019article<\/span><\/a><\/strong><\/p>\n\t\t\t\t<\/div>\n\t\t\t<\/div>\n\t\t\t\t\t\n\t\t\t\t\t\t<div class=\"hotspot-info \" id=\"hotspot-hotspot-8032-4\">\n\t\t\t\t\n\t\t\t\t<h2 class=\"hotspot-title\"><\/h2>\t\t\t\t\t\t\t\t<div class=\"hotspot-content\">\n\t\t\t\t\t<p class=\"MsoNormal\" style=\"margin-bottom: 0in;line-height: normal\"><span lang=\"FR-CA\" style=\"font-size: 12.0pt\"><b>Financez votre projet de r\u00e9novation du printemps<\/b> avec ces conseils utiles.<\/span><\/p>\n<p><strong><a href=\"https:\/\/www.hometrust.ca\/fr-ca\/blog\/trois-moyens-de-financer-votre-projet-de-renovation-du-printemps\/\"><span lang=\"FR-CA\" style=\"font-size: 12.0pt;color: #ffb549\">Lire l\u2019article<\/span><\/a><\/strong><\/p>\n\t\t\t\t<\/div>\n\t\t\t<\/div>\n\t\t\t\t\t\n\t\t\t\t\t\t<div class=\"hotspot-info \" id=\"hotspot-hotspot-8032-5\">\n\t\t\t\t\n\t\t\t\t<h2 class=\"hotspot-title\"><\/h2>\t\t\t\t\t\t\t\t<div class=\"hotspot-content\">\n\t\t\t\t\t<p class=\"MsoNormal\" style=\"margin-bottom: 0in;line-height: normal\"><span lang=\"FR-CA\" style=\"font-size: 12.0pt\">Si vos objectifs financiers ont chang\u00e9 depuis que vous avez obtenu votre pr\u00eat hypoth\u00e9caire, c\u2019est peut-\u00eatre le meilleur moment <b>d\u2019envisager de refinancer<\/b> votre pr\u00eat hypoth\u00e9caire.<br \/>\n<\/span><\/p>\n<p class=\"MsoNormal\" style=\"margin-bottom: 0in;line-height: normal\"><strong><a href=\"http:\/\/hometrust.ca\/fr-ca\/mortgages\/renewing-your-mortgage\/\"><span lang=\"FR-CA\" style=\"font-size: 12.0pt;color: #ffb549\">En savoir plus<\/span><\/a><\/strong><\/p>\n\t\t\t\t<\/div>\n\t\t\t<\/div>\n\t\t\t\t\t\n\t\t\t\t\t\t<div class=\"hotspot-info \" id=\"hotspot-hotspot-8032-6\">\n\t\t\t\t\n\t\t\t\t<h2 class=\"hotspot-title\"><\/h2>\t\t\t\t\t\t\t\t<div class=\"hotspot-content\">\n\t\t\t\t\t<p class=\"MsoNormal\" style=\"margin-bottom: 0in;line-height: normal\"><span lang=\"FR-CA\" style=\"font-size: 12.0pt\">Lorsqu\u2019il est effectu\u00e9 de fa\u00e7on responsable, un refinancement vous permet de dire oui \u00e0 la possibilit\u00e9 d\u2019utiliser la valeur nette de votre propri\u00e9t\u00e9 <b>pour atteindre vos objectifs \u00e0 court ou \u00e0 long terme<\/b>.<\/span><\/p>\n<p class=\"MsoNormal\" style=\"margin-bottom: 0in;line-height: normal\"><strong><a href=\"http:\/\/hometrust.ca\/fr-ca\/mortgages\/refinances\/\"><span lang=\"FR-CA\" style=\"font-size: 12.0pt;color: #ffb549\">En savoir plus<\/span><\/a><\/strong><\/p>\n\t\t\t\t<\/div>\n\t\t\t<\/div>\n\t\t\t\t\t\n\t\t\t\t\t\t<div class=\"hotspot-info \" id=\"hotspot-hotspot-8032-7\">\n\t\t\t\t\n\t\t\t\t<h2 class=\"hotspot-title\"><\/h2>\t\t\t\t\t\t\t\t<div class=\"hotspot-content\">\n\t\t\t\t\t<p class=\"MsoNormal\" style=\"margin-bottom: 0in;line-height: normal\"><span lang=\"FR-CA\" style=\"font-size: 12.0pt\">Sept signes que vous pourriez \u00eatre pr\u00eat \u00e0 faire <b>cro\u00eetre votre entreprise<\/b>.<\/span><\/p>\n<p class=\"MsoNormal\" style=\"margin-bottom: 0in;line-height: normal\"><strong><a href=\"https:\/\/www.hometrust.ca\/fr-ca\/blog\/sept-signes-que-vous-pourriez-etre-pret-a-faire-croitre-votre-entreprise\/\"><span lang=\"FR-CA\" style=\"font-size: 12.0pt;color: #ffb549\">Lire l\u2019article<\/span><\/a><\/strong><\/p>\n\t\t\t\t<\/div>\n\t\t\t<\/div>\n\t\t\t<\/div>\n\n[\/vc_column_text][\/vc_column][\/vc_row][vc_row full_width=&#8221;stretch_row&#8221; css=&#8221;.vc_custom_1636120576391{padding-top: 50px !important;padding-bottom: 50px !important;background-color: #922c92 !important;}&#8221;][vc_column]<header class=\"kd-section-title col-lg-12 text-center    \" ><h2 class=\"separator_off\" style=\"color: #ffffff;\">La route vers un avenir meilleur commence par un mot audacieux.<\/h2><\/header>[vc_video link=&#8221;https:\/\/www.youtube.com\/embed\/-SBFa2jLWmI&#8221; el_width=&#8221;60&#8243; align=&#8221;center&#8221; css=&#8221;.vc_custom_1636398955044{margin-top: 30px !important;margin-bottom: 30px !important;}&#8221;][vc_column_text css=&#8221;.vc_custom_1636738802566{margin-top: 30px !important;}&#8221;]<span style=\"color: #ffffff; font-size: 20px;\">Home Trust a \u00e9t\u00e9 fond\u00e9e sur la croyance que tous ceux qui consid\u00e8rent le Canada comme leur chez-soi m\u00e9ritent l\u2019occasion de r\u00eaver grand. Faites ce premier pas et voyez ce qui est possible lorsque vous dites oui.<\/span>[\/vc_column_text][\/vc_column][\/vc_row]<\/p>\n","protected":false},"excerpt":{"rendered":"<p>[vc_row][vc_column][vc_column_text]Chez Home Trust, nous croyons fermement que tous ceux qui consid\u00e8rent le Canada comme leur chez-soi m\u00e9ritent l\u2019occasion de r\u00eaver grand. Que ce soit pour l\u2019achat de [&hellip;]<\/p>\n","protected":false},"author":23,"featured_media":0,"parent":0,"menu_order":0,"comment_status":"closed","ping_status":"closed","template":"","meta":[],"yoast_head":"<!-- This site is optimized with the Yoast SEO Premium plugin v16.6 (Yoast SEO v16.6.1) - https:\/\/yoast.com\/wordpress\/plugins\/seo\/ -->\r\n<title>D\u00e9couvrez toutes les possibilit\u00e9s lorsque vous dites oui - Home Trust<\/title>\r\n<meta name=\"robots\" content=\"index, follow, max-snippet:-1, max-image-preview:large, max-video-preview:-1\" \/>\r\n<link rel=\"canonical\" href=\"https:\/\/www.hometrust.ca\/enrouteversoui\/\" \/>\r\n<meta property=\"og:locale\" content=\"en_US\" \/>\r\n<meta property=\"og:type\" content=\"article\" \/>\r\n<meta property=\"og:title\" content=\"D\u00e9couvrez toutes les possibilit\u00e9s lorsque vous dites oui\" \/>\r\n<meta property=\"og:description\" content=\"[vc_row][vc_column][vc_column_text]Chez Home Trust, nous croyons fermement que tous ceux qui consid\u00e8rent le Canada comme leur chez-soi m\u00e9ritent l\u2019occasion de r\u00eaver grand. Que ce soit pour l\u2019achat de [&hellip;]\" \/>\r\n<meta property=\"og:url\" content=\"https:\/\/www.hometrust.ca\/fr-ca\/enrouteversoui\/\" \/>\r\n<meta property=\"og:site_name\" content=\"Home Trust\" \/>\r\n<meta property=\"article:modified_time\" content=\"2021-11-12T19:43:34+00:00\" \/>\r\n<meta name=\"twitter:card\" content=\"summary_large_image\" \/>\r\n<meta name=\"twitter:label1\" content=\"Est. reading time\" \/>\n\t<meta name=\"twitter:data1\" content=\"1 minute\" \/>\r\n<script type=\"application\/ld+json\" class=\"yoast-schema-graph\">{\"@context\":\"https:\/\/schema.org\",\"@graph\":[{\"@type\":\"WebSite\",\"@id\":\"https:\/\/hometrust.ca\/#website\",\"url\":\"https:\/\/hometrust.ca\/\",\"name\":\"Home Trust\",\"description\":\"\",\"potentialAction\":[{\"@type\":\"SearchAction\",\"target\":{\"@type\":\"EntryPoint\",\"urlTemplate\":\"https:\/\/hometrust.ca\/?s={search_term_string}\"},\"query-input\":\"required name=search_term_string\"}],\"inLanguage\":\"en-US\"},{\"@type\":\"WebPage\",\"@id\":\"https:\/\/www.hometrust.ca\/fr-ca\/enrouteversoui\/#webpage\",\"url\":\"https:\/\/www.hometrust.ca\/fr-ca\/enrouteversoui\/\",\"name\":\"D\\u00e9couvrez toutes les possibilit\\u00e9s lorsque vous dites oui - Home Trust\",\"isPartOf\":{\"@id\":\"https:\/\/hometrust.ca\/#website\"},\"datePublished\":\"2021-11-12T15:23:57+00:00\",\"dateModified\":\"2021-11-12T19:43:34+00:00\",\"breadcrumb\":{\"@id\":\"https:\/\/www.hometrust.ca\/fr-ca\/enrouteversoui\/#breadcrumb\"},\"inLanguage\":\"en-US\",\"potentialAction\":[{\"@type\":\"ReadAction\",\"target\":[\"https:\/\/www.hometrust.ca\/fr-ca\/enrouteversoui\/\"]}]},{\"@type\":\"BreadcrumbList\",\"@id\":\"https:\/\/www.hometrust.ca\/fr-ca\/enrouteversoui\/#breadcrumb\",\"itemListElement\":[{\"@type\":\"ListItem\",\"position\":1,\"name\":\"Home\",\"item\":\"https:\/\/www.hometrust.ca\/\"},{\"@type\":\"ListItem\",\"position\":2,\"name\":\"D\\u00e9couvrez toutes les possibilit\\u00e9s lorsque vous dites oui\"}]}]}<\/script>\r\n<!-- \/ Yoast SEO Premium plugin. -->","_links":{"self":[{"href":"https:\/\/www.hometrust.ca\/fr-ca\/wp-json\/wp\/v2\/pages\/8026\/"}],"collection":[{"href":"https:\/\/www.hometrust.ca\/fr-ca\/wp-json\/wp\/v2\/pages\/"}],"about":[{"href":"https:\/\/www.hometrust.ca\/fr-ca\/wp-json\/wp\/v2\/types\/page\/"}],"author":[{"embeddable":true,"href":"https:\/\/www.hometrust.ca\/fr-ca\/wp-json\/wp\/v2\/users\/23\/"}],"replies":[{"embeddable":true,"href":"https:\/\/www.hometrust.ca\/fr-ca\/wp-json\/wp\/v2\/comments\/?post=8026"}],"version-history":[{"count":6,"href":"https:\/\/www.hometrust.ca\/fr-ca\/wp-json\/wp\/v2\/pages\/8026\/revisions\/"}],"predecessor-version":[{"id":8036,"href":"https:\/\/www.hometrust.ca\/fr-ca\/wp-json\/wp\/v2\/pages\/8026\/revisions\/8036\/"}],"wp:attachment":[{"href":"https:\/\/www.hometrust.ca\/fr-ca\/wp-json\/wp\/v2\/media\/?parent=8026"}],"curies":[{"name":"wp","href":"https:\/\/api.w.org\/{rel}","templated":true}]}}